{"id":9955,"date":"2019-06-03T12:31:36","date_gmt":"2019-06-03T12:31:36","guid":{"rendered":"https:\/\/whsrn.org\/sitios-whsrn\/mapa-de-sitios\/"},"modified":"2024-02-06T23:32:41","modified_gmt":"2024-02-06T23:32:41","slug":"mapa-de-sitios","status":"publish","type":"page","link":"https:\/\/whsrn.org\/es\/sitios-whsrn\/mapa-de-sitios\/","title":{"rendered":"Mapa de Sitios"},"content":{"rendered":"[mk_page_section bg_image=&#8221;https:\/\/whsrn.org\/wp-content\/uploads\/2019\/03\/map-of-sites_header.jpg&#8221; bg_image_portrait=&#8221;https:\/\/whsrn.org\/wp-content\/uploads\/2019\/03\/map-of-sites-header.jpg&#8221; bg_color=&#8221;#5e5e5e&#8221; bg_position=&#8221;center center&#8221; bg_repeat=&#8221;no-repeat&#8221; bg_stretch=&#8221;true&#8221; video_color_mask=&#8221;#cccccc&#8221; video_opacity=&#8221;.3&#8243; min_height=&#8221;325&#8243; sidebar=&#8221;sidebar-1&#8243;][vc_column][mk_padding_divider size=&#8221;120&#8243;][mk_padding_divider size=&#8221;30&#8243; visibility=&#8221;visible-sm&#8221;][mk_fancy_title tag_name=&#8221;h1&#8243; color=&#8221;#ffffff&#8221; size=&#8221;75&#8243; force_font_size=&#8221;true&#8221; size_phone=&#8221;42&#8243; line_height=&#8221;95&#8243; font_weight=&#8221;900&#8243; font_family=&#8221;Roboto+Condensed&#8221; font_type=&#8221;google&#8221; align=&#8221;center&#8221;]Mapa de Sitios[\/mk_fancy_title][\/vc_column][\/mk_page_section][mk_page_section padding_top=&#8221;45&#8243; padding_bottom=&#8221;35&#8243; sidebar=&#8221;sidebar-1&#8243;][vc_column width=&#8221;1\/6&#8243; css=&#8221;.vc_custom_1534796504266{padding-right: 35px !important;}&#8221;][\/vc_column][vc_column width=&#8221;2\/3&#8243;][mk_fancy_title color=&#8221;#005695&#8243; size=&#8221;26&#8243; font_weight=&#8221;300&#8243; txt_transform=&#8221;none&#8221; margin_bottom=&#8221;0&#8243; font_family=&#8221;none&#8221; visibility=&#8221;hidden-sm&#8221;]Explore este mapa interactivo de los sitios WHSRN, o busque Perfiles de Sitios por ubicaci\u00f3n.[\/mk_fancy_title][mk_fancy_title color=&#8221;#005695&#8243; size=&#8221;26&#8243; font_weight=&#8221;300&#8243; txt_transform=&#8221;none&#8221; margin_bottom=&#8221;0&#8243; font_family=&#8221;none&#8221; visibility=&#8221;visible-sm&#8221;]Recomendamos ver este mapa interactivo en una computadora. Vuelva a visitar esta p\u00e1gina en su computadora o busque Perfiles de Sitios por ubicaci\u00f3n aqu\u00ed.[\/mk_fancy_title][mk_button dimension=&#8221;flat&#8221; size=&#8221;large&#8221; letter_spacing=&#8221;2&#8243; url=&#8221;https:\/\/whsrn.org\/whsrn-sites\/&#8221; align=&#8221;center&#8221; margin_top=&#8221;15&#8243; bg_color=&#8221;#005695&#8243; btn_hover_bg=&#8221;#efefef&#8221; btn_hover_txt_color=&#8221;#005695&#8243;]PERFILES DE SITIOS[\/mk_button][\/vc_column][vc_column width=&#8221;1\/6&#8243;][\/vc_column][\/mk_page_section][mk_page_section bg_color=&#8221;#99bbd5&#8243; bg_repeat=&#8221;no-repeat&#8221; video_opacity=&#8221;0.9&#8243; min_height=&#8221;600&#8243; full_width=&#8221;true&#8221; padding_top=&#8221;0&#8243; padding_bottom=&#8221;0&#8243; margin_bottom=&#8221;50&#8243; visibility=&#8221;hidden-sm&#8221; sidebar=&#8221;sidebar-1&#8243;][vc_column][mk_padding_divider size=&#8221;50&#8243;][mk_fancy_title color=&#8221;#005695&#8243; size=&#8221;38&#8243; force_font_size=&#8221;true&#8221; size_phone=&#8221;36&#8243; font_weight=&#8221;300&#8243; txt_transform=&#8221;none&#8221; margin_bottom=&#8221;0&#8243; font_family=&#8221;Roboto+Slab&#8221; font_type=&#8221;google&#8221; align=&#8221;center&#8221;]Sitios WHSRN[\/mk_fancy_title][mk_padding_divider][vc_column_text visibility=&#8221;hidden-sm&#8221; css=&#8221;.vc_custom_1672780990165{margin-bottom: 0px !important;}&#8221;]\n<style>.embed-container {position: relative; padding-bottom: 50%; height: 0; max-width: 100%;} .embed-container iframe, .embed-container object, .embed-container iframe{position: absolute; top: 0; left: 0; width: 100%; height: 100%;} small{position: absolute; z-index: 40; bottom: 0; margin-bottom: -15px;}<\/style>\n<div class=\"embed-container\"><iframe loading=\"lazy\" title=\"WHSRN sites\" src=\"https:\/\/manometinc.maps.arcgis.com\/apps\/webappviewer\/index.html?id=e6f9ade93d7e4af0b48ce69dfe482ecf\" width=\"500\" height=\"250\" frameborder=\"0\" marginwidth=\"0\" marginheight=\"0\" scrolling=\"no\"><\/iframe><\/div>\n[\/vc_column_text][\/vc_column][\/mk_page_section][mk_page_section padding_top=&#8221;45&#8243; padding_bottom=&#8221;35&#8243; sidebar=&#8221;sidebar-1&#8243;][vc_column width=&#8221;1\/6&#8243; css=&#8221;.vc_custom_1534796504266{padding-right: 35px !important;}&#8221;][\/vc_column][vc_column width=&#8221;2\/3&#8243;][mk_fancy_title tag_name=&#8221;span&#8221; color=&#8221;#005695&#8243; size=&#8221;26&#8243; font_weight=&#8221;300&#8243; txt_transform=&#8221;none&#8221; margin_bottom=&#8221;0&#8243; font_family=&#8221;Roboto+Slab&#8221; font_type=&#8221;google&#8221; align=&#8221;center&#8221;]\u00bfNecesita descargar archivos de mapas de los Sitios WHSRN?[\/mk_fancy_title][mk_padding_divider size=&#8221;15&#8243;][vc_column_text align=&#8221;center&#8221; css=&#8221;.vc_custom_1707262357809{margin-bottom: 0px !important;}&#8221;]<strong><a href=\"https:\/\/whsrn.org\/wp-content\/uploads\/2024\/02\/whsrnsites_points_jan2024.zip\">Archivo Google Earth (*kmz) de los Puntos de Sitios WHSRN (.zip)<\/a><\/strong> &#8211; Actualizado en enero de 2024[\/vc_column_text][mk_padding_divider size=&#8221;25&#8243;][mk_fancy_title tag_name=&#8221;h4&#8243; color=&#8221;#669abf&#8221; size=&#8221;16&#8243; line_height=&#8221;120&#8243; font_weight=&#8221;bold&#8221; txt_transform=&#8221;uppercase&#8221; letter_spacing=&#8221;2&#8243; margin_top=&#8221;15&#8243; margin_bottom=&#8221;0&#8243; font_family=&#8221;Roboto&#8221; font_type=&#8221;google&#8221; align=&#8221;center&#8221;]Para todos los dem\u00e1s archivos de mapas, por favor complete el siguiente formulario[\/mk_fancy_title][mk_padding_divider size=&#8221;15&#8243;]<div class=\"wpforms-container wpforms-container-full\" id=\"wpforms-9957\"><form id=\"wpforms-form-9957\" class=\"wpforms-validate wpforms-form\" data-formid=\"9957\" method=\"post\" enctype=\"multipart\/form-data\" action=\"\/es\/wp-json\/wp\/v2\/pages\/9955\" data-token=\"c58fa7f2b91ac30e3d70b02e6cb628b8\" data-token-time=\"1776900680\"><noscript class=\"wpforms-error-noscript\">Por favor, activa JavaScript en tu navegador para completar este formulario.<\/noscript><div class=\"wpforms-field-container\"><div id=\"wpforms-9957-field_9-container\" class=\"wpforms-field wpforms-field-name\" data-field-id=\"9\"><label class=\"wpforms-field-label\">Nombre <span class=\"wpforms-required-label\">*<\/span><\/label><div class=\"wpforms-field-row wpforms-field-medium\"><div class=\"wpforms-field-row-block wpforms-first wpforms-one-half\"><input type=\"text\" id=\"wpforms-9957-field_9\" class=\"wpforms-field-name-first wpforms-field-required\" name=\"wpforms[fields][9][first]\" required><label for=\"wpforms-9957-field_9\" class=\"wpforms-field-sublabel after\">Nombre<\/label><\/div><div class=\"wpforms-field-row-block wpforms-one-half\"><input type=\"text\" id=\"wpforms-9957-field_9-last\" class=\"wpforms-field-name-last wpforms-field-required\" name=\"wpforms[fields][9][last]\" required><label for=\"wpforms-9957-field_9-last\" class=\"wpforms-field-sublabel after\">Apellidos<\/label><\/div><\/div><\/div><div id=\"wpforms-9957-field_2-container\" class=\"wpforms-field wpforms-field-text\" data-field-id=\"2\"><label class=\"wpforms-field-label\" for=\"wpforms-9957-field_2\">Organizaci\u00f3n <span class=\"wpforms-required-label\">*<\/span><\/label><input type=\"text\" id=\"wpforms-9957-field_2\" class=\"wpforms-field-medium wpforms-field-required\" name=\"wpforms[fields][2]\" required><\/div><div id=\"wpforms-9957-field_11-container\" class=\"wpforms-field wpforms-field-text\" data-field-id=\"11\"><label class=\"wpforms-field-label\" for=\"wpforms-9957-field_11\">Pa\u00eds <span class=\"wpforms-required-label\">*<\/span><\/label><input type=\"text\" id=\"wpforms-9957-field_11\" class=\"wpforms-field-medium wpforms-field-required\" name=\"wpforms[fields][11]\" required><\/div><div id=\"wpforms-9957-field_8-container\" class=\"wpforms-field wpforms-field-email\" data-field-id=\"8\"><label class=\"wpforms-field-label\" for=\"wpforms-9957-field_8\">Email <span class=\"wpforms-required-label\">*<\/span><\/label><input type=\"email\" id=\"wpforms-9957-field_8\" class=\"wpforms-field-medium wpforms-field-required\" name=\"wpforms[fields][8]\" spellcheck=\"false\" required><\/div><div id=\"wpforms-9957-field_3-container\" class=\"wpforms-field wpforms-field-textarea\" data-field-id=\"3\"><label class=\"wpforms-field-label\" for=\"wpforms-9957-field_3\">\u00bfC\u00f3mo piensa utilizar los archivos de mapas solicitados? <span class=\"wpforms-required-label\">*<\/span><\/label><textarea id=\"wpforms-9957-field_3\" class=\"wpforms-field-medium wpforms-field-required\" name=\"wpforms[fields][3]\" required><\/textarea><\/div><div id=\"wpforms-9957-field_4-container\" class=\"wpforms-field wpforms-field-radio\" data-field-id=\"4\"><label class=\"wpforms-field-label\">\u00bfSe pondr\u00e1 a disposici\u00f3n del p\u00fablico su proyecto utilizando los datos cartogr\u00e1ficos de WHSRN?  <span class=\"wpforms-required-label\">*<\/span><\/label><ul id=\"wpforms-9957-field_4\" class=\"wpforms-field-required\"><li class=\"choice-1 depth-1\"><input type=\"radio\" id=\"wpforms-9957-field_4_1\" name=\"wpforms[fields][4]\" value=\"S\u00ed\" required ><label class=\"wpforms-field-label-inline\" for=\"wpforms-9957-field_4_1\">S\u00ed<\/label><\/li><li class=\"choice-2 depth-1\"><input type=\"radio\" id=\"wpforms-9957-field_4_2\" name=\"wpforms[fields][4]\" value=\"No\" required ><label class=\"wpforms-field-label-inline\" for=\"wpforms-9957-field_4_2\">No<\/label><\/li><\/ul><\/div><div id=\"wpforms-9957-field_5-container\" class=\"wpforms-field wpforms-field-textarea\" data-field-id=\"5\"><label class=\"wpforms-field-label\" for=\"wpforms-9957-field_5\">\u00bfC\u00f3mo contribuir\u00e1 este proyecto a la investigaci\u00f3n y\/o conservaci\u00f3n de las aves playeras?  <span class=\"wpforms-required-label\">*<\/span><\/label><textarea id=\"wpforms-9957-field_5\" class=\"wpforms-field-medium wpforms-field-required\" name=\"wpforms[fields][5]\" required><\/textarea><\/div><div id=\"wpforms-9957-field_6-container\" class=\"wpforms-field wpforms-field-checkbox\" data-field-id=\"6\"><label class=\"wpforms-field-label\">Compruebe qu\u00e9 archivos de mapa le interesan: <span class=\"wpforms-required-label\">*<\/span><\/label><ul id=\"wpforms-9957-field_6\" class=\"wpforms-field-required\"><li class=\"choice-1 depth-1\"><input type=\"checkbox\" id=\"wpforms-9957-field_6_1\" name=\"wpforms[fields][6][]\" value=\"Shapefile de los puntos de Sitios WHSRN (*shp)\" required ><label class=\"wpforms-field-label-inline\" for=\"wpforms-9957-field_6_1\">Shapefile de los puntos de Sitios WHSRN (*shp)<\/label><\/li><li class=\"choice-2 depth-1\"><input type=\"checkbox\" id=\"wpforms-9957-field_6_2\" name=\"wpforms[fields][6][]\" value=\"Shapefile de los pol\u00edgonos de los l\u00edmites de Sitios WHSRN (*shp)\" required ><label class=\"wpforms-field-label-inline\" for=\"wpforms-9957-field_6_2\">Shapefile de los pol\u00edgonos de los l\u00edmites de Sitios WHSRN (*shp)<\/label><\/li><\/ul><div class=\"wpforms-field-description\">En cualquier momento, usted puede descargar el archivo de Google Earth de los Puntos de Sitios WHSRN (*kmz) sin tener que llenar este formulario (ver arriba).<\/div><\/div><\/div><!-- .wpforms-field-container --><div class=\"wpforms-field wpforms-field-hp\"><label for=\"wpforms-9957-field-hp\" class=\"wpforms-field-label\">Message<\/label><input type=\"text\" name=\"wpforms[hp]\" id=\"wpforms-9957-field-hp\" class=\"wpforms-field-medium\"><\/div><div class=\"wpforms-submit-container\" ><input type=\"hidden\" name=\"wpforms[id]\" value=\"9957\"><input type=\"hidden\" name=\"page_title\" value=\"\"><input type=\"hidden\" name=\"page_url\" value=\"https:\/\/whsrn.org\/es\/wp-json\/wp\/v2\/pages\/9955\"><input type=\"hidden\" name=\"url_referer\" value=\"\"><button type=\"submit\" name=\"wpforms[submit]\" id=\"wpforms-submit-9957\" class=\"wpforms-submit\" data-alt-text=\"Enviando...\" data-submit-text=\"Enviar\" aria-live=\"assertive\" value=\"wpforms-submit\">Enviar<\/button><\/div><\/form><\/div>  <!-- .wpforms-container -->[\/vc_column][vc_column width=&#8221;1\/6&#8243;][\/vc_column][\/mk_page_section][mk_page_section bg_color=&#8221;#f2f2f2&#8243; padding_top=&#8221;80&#8243; sidebar=&#8221;sidebar-1&#8243;][vc_column][mk_fancy_title tag_name=&#8221;h3&#8243; color=&#8221;#53565a&#8221; size=&#8221;18&#8243; line_height=&#8221;80&#8243; font_weight=&#8221;bold&#8221; txt_transform=&#8221;uppercase&#8221; letter_spacing=&#8221;2&#8243; margin_bottom=&#8221;0&#8243; font_family=&#8221;Roboto&#8221; font_type=&#8221;google&#8221; align=&#8221;center&#8221;]NOTICIAS RECIENTES[\/mk_fancy_title][mk_divider style=&#8221;thick_solid&#8221; divider_width=&#8221;custom_width&#8221; custom_width=&#8221;75&#8243; border_color=&#8221;#53565a&#8221; margin_top=&#8221;0&#8243;][mk_blog style=&#8221;grid&#8221; grid_image_height=&#8221;250&#8243; post_count=&#8221;3&#8243; pagination=&#8221;false&#8221; cat=&#8221;526&#8243;][\/vc_column][\/mk_page_section]\n","protected":false},"excerpt":{"rendered":"<p>[mk_page_section bg_image=&#8221;https:\/\/whsrn.org\/wp-content\/uploads\/2019\/03\/map-of-sites_header.jpg&#8221; bg_image_portrait=&#8221;https:\/\/whsrn.org\/wp-content\/uploads\/2019\/03\/map-of-sites-header.jpg&#8221; bg_color=&#8221;#5e5e5e&#8221; bg_position=&#8221;center center&#8221; bg_repeat=&#8221;no-repeat&#8221; bg_stretch=&#8221;true&#8221; video_color_mask=&#8221;#cccccc&#8221; video_opacity=&#8221;.3&#8243; min_height=&#8221;325&#8243; sidebar=&#8221;sidebar-1&#8243;][vc_column][mk_padding_divider size=&#8221;120&#8243;][mk_padding_divider size=&#8221;30&#8243; visibility=&#8221;visible-sm&#8221;][mk_fancy_title tag_name=&#8221;h1&#8243; color=&#8221;#ffffff&#8221; size=&#8221;75&#8243; force_font_size=&#8221;true&#8221; size_phone=&#8221;42&#8243; line_height=&#8221;95&#8243; font_weight=&#8221;900&#8243; font_family=&#8221;Roboto+Condensed&#8221; font_type=&#8221;google&#8221; align=&#8221;center&#8221;]Mapa de Sitios[\/mk_fancy_title][\/vc_column][\/mk_page_section][mk_page_section padding_top=&#8221;45&#8243; padding_bottom=&#8221;35&#8243; sidebar=&#8221;sidebar-1&#8243;][vc_column width=&#8221;1\/6&#8243; css=&#8221;.vc_custom_1534796504266{padding-right: 35px !important;}&#8221;][\/vc_column][vc_column width=&#8221;2\/3&#8243;][mk_fancy_title color=&#8221;#005695&#8243; size=&#8221;26&#8243; font_weight=&#8221;300&#8243; txt_transform=&#8221;none&#8221; margin_bottom=&#8221;0&#8243; font_family=&#8221;none&#8221; visibility=&#8221;hidden-sm&#8221;]Explore este mapa interactivo de los sitios WHSRN, o busque Perfiles de Sitios por [&hellip;]<\/p>\n","protected":false},"author":2,"featured_media":0,"parent":9843,"menu_order":0,"comment_status":"closed","ping_status":"closed","template":"","meta":{"nf_dc_page":"","footnotes":""},"class_list":["post-9955","page","type-page","status-publish","hentry"],"yoast_head":"<!-- This site is optimized with the Yoast SEO plugin v27.2 - https:\/\/yoast.com\/product\/yoast-seo-wordpress\/ -->\n<title>Mapa de Sitios &#8211; WHSRN<\/title>\n<meta name=\"robots\" content=\"index, follow, max-snippet:-1, max-image-preview:large, max-video-preview:-1\" \/>\n<link rel=\"canonical\" href=\"https:\/\/whsrn.org\/es\/sitios-whsrn\/mapa-de-sitios\/\" \/>\n<meta property=\"og:locale\" content=\"es_ES\" \/>\n<meta property=\"og:type\" content=\"article\" \/>\n<meta property=\"og:title\" content=\"Mapa de Sitios &#8211; WHSRN\" \/>\n<meta property=\"og:description\" content=\"Ahora puede explorar los pol\u00edgonos de todos los sitios en la Red, y ver c\u00f3mo se superponen con las \u00c1reas Importantes para la Conservaci\u00f3n de las Aves y la Biodiversidad, los Sitios Ramsar, y las \u00e1reas protegidas designadas.\" \/>\n<meta property=\"og:url\" content=\"https:\/\/whsrn.org\/es\/sitios-whsrn\/mapa-de-sitios\/\" \/>\n<meta property=\"og:site_name\" content=\"WHSRN\" \/>\n<meta property=\"article:publisher\" content=\"https:\/\/www.facebook.com\/WHSRN\" \/>\n<meta property=\"article:modified_time\" content=\"2024-02-06T23:32:41+00:00\" \/>\n<meta property=\"og:image\" content=\"https:\/\/whsrn.org\/wp-content\/uploads\/2020\/01\/mapofsites_fb_image.jpg\" \/>\n\t<meta property=\"og:image:width\" content=\"1200\" \/>\n\t<meta property=\"og:image:height\" content=\"630\" \/>\n\t<meta property=\"og:image:type\" content=\"image\/jpeg\" \/>\n<meta name=\"twitter:card\" content=\"summary_large_image\" \/>\n<meta name=\"twitter:site\" content=\"@WHSRN\" \/>\n<meta name=\"twitter:label1\" content=\"Tiempo de lectura\" \/>\n\t<meta name=\"twitter:data1\" content=\"1 minuto\" \/>\n<script type=\"application\/ld+json\" class=\"yoast-schema-graph\">{\"@context\":\"https:\/\/schema.org\",\"@graph\":[{\"@type\":\"WebPage\",\"@id\":\"https:\/\/whsrn.org\/es\/sitios-whsrn\/mapa-de-sitios\/\",\"url\":\"https:\/\/whsrn.org\/es\/sitios-whsrn\/mapa-de-sitios\/\",\"name\":\"Mapa de Sitios &#8211; WHSRN\",\"isPartOf\":{\"@id\":\"https:\/\/whsrn.org\/es\/#website\"},\"datePublished\":\"2019-06-03T12:31:36+00:00\",\"dateModified\":\"2024-02-06T23:32:41+00:00\",\"breadcrumb\":{\"@id\":\"https:\/\/whsrn.org\/es\/sitios-whsrn\/mapa-de-sitios\/#breadcrumb\"},\"inLanguage\":\"es\",\"potentialAction\":[{\"@type\":\"ReadAction\",\"target\":[\"https:\/\/whsrn.org\/es\/sitios-whsrn\/mapa-de-sitios\/\"]}]},{\"@type\":\"BreadcrumbList\",\"@id\":\"https:\/\/whsrn.org\/es\/sitios-whsrn\/mapa-de-sitios\/#breadcrumb\",\"itemListElement\":[{\"@type\":\"ListItem\",\"position\":1,\"name\":\"Home\",\"item\":\"https:\/\/whsrn.org\/es\/\"},{\"@type\":\"ListItem\",\"position\":2,\"name\":\"Sitios WHSRN\",\"item\":\"https:\/\/whsrn.org\/es\/sitios-whsrn\/\"},{\"@type\":\"ListItem\",\"position\":3,\"name\":\"Mapa de Sitios\"}]},{\"@type\":\"WebSite\",\"@id\":\"https:\/\/whsrn.org\/es\/#website\",\"url\":\"https:\/\/whsrn.org\/es\/\",\"name\":\"WHSRN\",\"description\":\"Western Hemisphere Shorebird Reserve Network\",\"publisher\":{\"@id\":\"https:\/\/whsrn.org\/es\/#organization\"},\"potentialAction\":[{\"@type\":\"SearchAction\",\"target\":{\"@type\":\"EntryPoint\",\"urlTemplate\":\"https:\/\/whsrn.org\/es\/?s={search_term_string}\"},\"query-input\":{\"@type\":\"PropertyValueSpecification\",\"valueRequired\":true,\"valueName\":\"search_term_string\"}}],\"inLanguage\":\"es\"},{\"@type\":\"Organization\",\"@id\":\"https:\/\/whsrn.org\/es\/#organization\",\"name\":\"Western Hemisphere Shorebird Reserve Network\",\"url\":\"https:\/\/whsrn.org\/es\/\",\"logo\":{\"@type\":\"ImageObject\",\"inLanguage\":\"es\",\"@id\":\"https:\/\/whsrn.org\/es\/#\/schema\/logo\/image\/\",\"url\":\"https:\/\/whsrn.org\/wp-content\/uploads\/2021\/01\/whsrn_nostrapline_square.png\",\"contentUrl\":\"https:\/\/whsrn.org\/wp-content\/uploads\/2021\/01\/whsrn_nostrapline_square.png\",\"width\":800,\"height\":800,\"caption\":\"Western Hemisphere Shorebird Reserve Network\"},\"image\":{\"@id\":\"https:\/\/whsrn.org\/es\/#\/schema\/logo\/image\/\"},\"sameAs\":[\"https:\/\/www.facebook.com\/WHSRN\",\"https:\/\/x.com\/WHSRN\",\"https:\/\/www.youtube.com\/channel\/UCDMz2oCsiK8e03UxFhHhdEA\"]}]}<\/script>\n<!-- \/ Yoast SEO plugin. -->","yoast_head_json":{"title":"Mapa de Sitios &#8211; WHSRN","robots":{"index":"index","follow":"follow","max-snippet":"max-snippet:-1","max-image-preview":"max-image-preview:large","max-video-preview":"max-video-preview:-1"},"canonical":"https:\/\/whsrn.org\/es\/sitios-whsrn\/mapa-de-sitios\/","og_locale":"es_ES","og_type":"article","og_title":"Mapa de Sitios &#8211; WHSRN","og_description":"Ahora puede explorar los pol\u00edgonos de todos los sitios en la Red, y ver c\u00f3mo se superponen con las \u00c1reas Importantes para la Conservaci\u00f3n de las Aves y la Biodiversidad, los Sitios Ramsar, y las \u00e1reas protegidas designadas.","og_url":"https:\/\/whsrn.org\/es\/sitios-whsrn\/mapa-de-sitios\/","og_site_name":"WHSRN","article_publisher":"https:\/\/www.facebook.com\/WHSRN","article_modified_time":"2024-02-06T23:32:41+00:00","og_image":[{"width":1200,"height":630,"url":"https:\/\/whsrn.org\/wp-content\/uploads\/2020\/01\/mapofsites_fb_image.jpg","type":"image\/jpeg"}],"twitter_card":"summary_large_image","twitter_site":"@WHSRN","twitter_misc":{"Tiempo de lectura":"1 minuto"},"schema":{"@context":"https:\/\/schema.org","@graph":[{"@type":"WebPage","@id":"https:\/\/whsrn.org\/es\/sitios-whsrn\/mapa-de-sitios\/","url":"https:\/\/whsrn.org\/es\/sitios-whsrn\/mapa-de-sitios\/","name":"Mapa de Sitios &#8211; WHSRN","isPartOf":{"@id":"https:\/\/whsrn.org\/es\/#website"},"datePublished":"2019-06-03T12:31:36+00:00","dateModified":"2024-02-06T23:32:41+00:00","breadcrumb":{"@id":"https:\/\/whsrn.org\/es\/sitios-whsrn\/mapa-de-sitios\/#breadcrumb"},"inLanguage":"es","potentialAction":[{"@type":"ReadAction","target":["https:\/\/whsrn.org\/es\/sitios-whsrn\/mapa-de-sitios\/"]}]},{"@type":"BreadcrumbList","@id":"https:\/\/whsrn.org\/es\/sitios-whsrn\/mapa-de-sitios\/#breadcrumb","itemListElement":[{"@type":"ListItem","position":1,"name":"Home","item":"https:\/\/whsrn.org\/es\/"},{"@type":"ListItem","position":2,"name":"Sitios WHSRN","item":"https:\/\/whsrn.org\/es\/sitios-whsrn\/"},{"@type":"ListItem","position":3,"name":"Mapa de Sitios"}]},{"@type":"WebSite","@id":"https:\/\/whsrn.org\/es\/#website","url":"https:\/\/whsrn.org\/es\/","name":"WHSRN","description":"Western Hemisphere Shorebird Reserve Network","publisher":{"@id":"https:\/\/whsrn.org\/es\/#organization"},"potentialAction":[{"@type":"SearchAction","target":{"@type":"EntryPoint","urlTemplate":"https:\/\/whsrn.org\/es\/?s={search_term_string}"},"query-input":{"@type":"PropertyValueSpecification","valueRequired":true,"valueName":"search_term_string"}}],"inLanguage":"es"},{"@type":"Organization","@id":"https:\/\/whsrn.org\/es\/#organization","name":"Western Hemisphere Shorebird Reserve Network","url":"https:\/\/whsrn.org\/es\/","logo":{"@type":"ImageObject","inLanguage":"es","@id":"https:\/\/whsrn.org\/es\/#\/schema\/logo\/image\/","url":"https:\/\/whsrn.org\/wp-content\/uploads\/2021\/01\/whsrn_nostrapline_square.png","contentUrl":"https:\/\/whsrn.org\/wp-content\/uploads\/2021\/01\/whsrn_nostrapline_square.png","width":800,"height":800,"caption":"Western Hemisphere Shorebird Reserve Network"},"image":{"@id":"https:\/\/whsrn.org\/es\/#\/schema\/logo\/image\/"},"sameAs":["https:\/\/www.facebook.com\/WHSRN","https:\/\/x.com\/WHSRN","https:\/\/www.youtube.com\/channel\/UCDMz2oCsiK8e03UxFhHhdEA"]}]}},"_links":{"self":[{"href":"https:\/\/whsrn.org\/es\/wp-json\/wp\/v2\/pages\/9955","targetHints":{"allow":["GET"]}}],"collection":[{"href":"https:\/\/whsrn.org\/es\/wp-json\/wp\/v2\/pages"}],"about":[{"href":"https:\/\/whsrn.org\/es\/wp-json\/wp\/v2\/types\/page"}],"author":[{"embeddable":true,"href":"https:\/\/whsrn.org\/es\/wp-json\/wp\/v2\/users\/2"}],"replies":[{"embeddable":true,"href":"https:\/\/whsrn.org\/es\/wp-json\/wp\/v2\/comments?post=9955"}],"version-history":[{"count":5,"href":"https:\/\/whsrn.org\/es\/wp-json\/wp\/v2\/pages\/9955\/revisions"}],"predecessor-version":[{"id":25972,"href":"https:\/\/whsrn.org\/es\/wp-json\/wp\/v2\/pages\/9955\/revisions\/25972"}],"up":[{"embeddable":true,"href":"https:\/\/whsrn.org\/es\/wp-json\/wp\/v2\/pages\/9843"}],"wp:attachment":[{"href":"https:\/\/whsrn.org\/es\/wp-json\/wp\/v2\/media?parent=9955"}],"curies":[{"name":"wp","href":"https:\/\/api.w.org\/{rel}","templated":true}]}}