{"id":9772,"date":"2019-05-29T12:03:57","date_gmt":"2019-05-29T12:03:57","guid":{"rendered":"https:\/\/whsrn.org\/acerca-de-whsrn\/oficina-ejecutiva-de-whsrn\/"},"modified":"2022-08-22T21:33:46","modified_gmt":"2022-08-22T21:33:46","slug":"oficina-ejecutiva-de-whsrn","status":"publish","type":"page","link":"https:\/\/whsrn.org\/es\/acerca-de-whsrn\/oficina-ejecutiva-de-whsrn\/","title":{"rendered":"Oficina Ejecutiva de WHSRN"},"content":{"rendered":"[mk_page_section bg_image=&#8221;https:\/\/whsrn.org\/wp-content\/uploads\/2019\/02\/whsrn-eo_header.jpg&#8221; bg_color=&#8221;#5e5e5e&#8221; bg_position=&#8221;center center&#8221; bg_repeat=&#8221;no-repeat&#8221; bg_stretch=&#8221;true&#8221; video_color_mask=&#8221;#cccccc&#8221; video_opacity=&#8221;.4&#8243; min_height=&#8221;325&#8243; sidebar=&#8221;sidebar-1&#8243;][vc_column][mk_padding_divider size=&#8221;120&#8243;][mk_fancy_title tag_name=&#8221;h1&#8243; color=&#8221;#ffffff&#8221; size=&#8221;75&#8243; force_font_size=&#8221;true&#8221; size_phone=&#8221;38&#8243; line_height=&#8221;95&#8243; font_weight=&#8221;900&#8243; font_family=&#8221;Roboto+Condensed&#8221; font_type=&#8221;google&#8221; align=&#8221;center&#8221;]Oficina Ejecutiva de WHSRN[\/mk_fancy_title][\/vc_column][\/mk_page_section][mk_page_section padding_top=&#8221;50&#8243; padding_bottom=&#8221;40&#8243; sidebar=&#8221;sidebar-1&#8243;][vc_column width=&#8221;1\/6&#8243; css=&#8221;.vc_custom_1534796504266{padding-right: 35px !important;}&#8221;][\/vc_column][vc_column width=&#8221;2\/3&#8243;][mk_fancy_title color=&#8221;#005695&#8243; size=&#8221;26&#8243; font_weight=&#8221;300&#8243; txt_transform=&#8221;none&#8221; margin_bottom=&#8221;0&#8243; font_family=&#8221;none&#8221;]WHSRN se coordina por una Oficina Ejecutiva que proporciona <a href=\"https:\/\/whsrn.org\/es\/acerca-de-whsrn\/equipo-de-whsrn\/\" rel=\"noopener noreferrer\">personal<\/a> y servicios b\u00e1sicos a los sitios y socios de la Red, as\u00ed como a los \u00f3rganos de gobierno y comit\u00e9s de apoyo.[\/mk_fancy_title][vc_column_text css=&#8221;.vc_custom_1661204017560{margin-bottom: 0px !important;}&#8221;]Durante la mayor parte de su historia, la Oficina Ejecutiva de WHSRN ha estado ubicada en Manomet, Inc. donde contin\u00faa hasta el d\u00eda de hoy como parte del <a href=\"https:\/\/www.manomet.org\/flyways\/\">Programa de Rutas Migratorias.<\/a>\u00a0Sin embargo, a lo largo de los a\u00f1os, las funciones de la Oficina Ejecutiva tambi\u00e9n han sido alojadas en National Audubon Society, Wetlands for the Americas (un precursor de Wetlands International) y Wildlife Habitat Canada.[\/vc_column_text][\/vc_column][vc_column width=&#8221;1\/6&#8243;][\/vc_column][\/mk_page_section][mk_page_section layout_structure=&#8221;half_left&#8221; bg_image=&#8221;https:\/\/whsrn.org\/wp-content\/uploads\/2018\/11\/ae8r2334.jpg&#8221; bg_color=&#8221;#f2f2f2&#8243; bg_stretch=&#8221;true&#8221; min_height=&#8221;350&#8243; full_width=&#8221;true&#8221; padding_top=&#8221;80&#8243; padding_bottom=&#8221;80&#8243;][vc_column css=&#8221;.vc_custom_1542663852260{padding-right: 70px !important;padding-left: 70px !important;}&#8221;][mk_fancy_title tag_name=&#8221;h3&#8243; color=&#8221;#53565a&#8221; size=&#8221;18&#8243; line_height=&#8221;120&#8243; font_weight=&#8221;bold&#8221; txt_transform=&#8221;uppercase&#8221; letter_spacing=&#8221;2&#8243; margin_bottom=&#8221;0&#8243; font_family=&#8221;Roboto&#8221; font_type=&#8221;google&#8221; align=&#8221;center&#8221;]Estableciendo prioridades[\/mk_fancy_title][mk_divider style=&#8221;thick_solid&#8221; divider_width=&#8221;custom_width&#8221; custom_width=&#8221;75&#8243; border_color=&#8221;#53565a&#8221; margin_top=&#8221;0&#8243;][vc_column_text css=&#8221;.vc_custom_1550848510707{margin-bottom: 0px !important;}&#8221;]La Oficina Ejecutiva de WHSRN ayuda a asegurar que la designaci\u00f3n de sitios y las acciones de conservaci\u00f3n se basen en la mejor informaci\u00f3n disponible, incluyendo el conocimiento ecol\u00f3gico tradicional y local, y se realicen como parte de los esfuerzos de colaboraci\u00f3n a escala local, nacional e internacional.[\/vc_column_text][mk_custom_list style=&#8221;mk-icon-angle-double-right&#8221; margin_bottom=&#8221;35&#8243; align=&#8221;left&#8221;]\n<ul>\n<li>Monitorear el estado de las especies y poblaciones<\/li>\n<li>Facilitar la nominaci\u00f3n de nuevos sitios WHSRN<\/li>\n<li>Apoyar el desarrollo de planes de conservaci\u00f3n y manejo de \u00edndole nacional, regional o espec\u00edfico para cada sitio<\/li>\n<\/ul>\n[\/mk_custom_list][\/vc_column][\/mk_page_section][mk_page_section layout_structure=&#8221;half_right&#8221; bg_image=&#8221;https:\/\/whsrn.org\/wp-content\/uploads\/2019\/02\/foto4.jpg&#8221; bg_color=&#8221;#f2f2f2&#8243; bg_stretch=&#8221;true&#8221; min_height=&#8221;350&#8243; full_width=&#8221;true&#8221; padding_top=&#8221;80&#8243; padding_bottom=&#8221;80&#8243;][vc_column css=&#8221;.vc_custom_1542663852260{padding-right: 70px !important;padding-left: 70px !important;}&#8221;][mk_fancy_title tag_name=&#8221;h3&#8243; color=&#8221;#53565a&#8221; size=&#8221;18&#8243; line_height=&#8221;120&#8243; font_weight=&#8221;bold&#8221; txt_transform=&#8221;uppercase&#8221; letter_spacing=&#8221;2&#8243; margin_bottom=&#8221;0&#8243; font_family=&#8221;Roboto&#8221; font_type=&#8221;google&#8221; align=&#8221;center&#8221;]Construcci\u00f3n de capacidades[\/mk_fancy_title][mk_divider style=&#8221;thick_solid&#8221; divider_width=&#8221;custom_width&#8221; custom_width=&#8221;75&#8243; border_color=&#8221;#53565a&#8221; margin_top=&#8221;0&#8243;][vc_column_text css=&#8221;.vc_custom_1550848560556{margin-bottom: 0px !important;}&#8221;]Con siete miembros del equipo y una estrecha colaboraci\u00f3n con otros colegas dentro del Programa de Recuperaci\u00f3n de Aves Playeras de Manomet, la Oficina Ejecutiva de WHSRN tiene una variedad de habilidades y experiencias para ayudar a construir la capacidad de los socios de sitio.[\/vc_column_text][mk_custom_list style=&#8221;mk-icon-angle-double-right&#8221; margin_bottom=&#8221;35&#8243; align=&#8221;left&#8221;]\n<ul>\n<li><a href=\"https:\/\/whsrn.org\/es\/apoyo-a-los-sitios\/evaluacion-del-sitio\/\">Evaluaci\u00f3n del Sitio<\/a><\/li>\n<li><a href=\"https:\/\/whsrn.org\/es\/apoyo-a-los-sitios\/buena-gobernanza\/\" rel=\"noopener noreferrer\">Buena Gobernanza<\/a><\/li>\n<li><a href=\"https:\/\/whsrn.org\/es\/apoyo-a-los-sitios\/involucramiento-comunitario\/\" rel=\"noopener noreferrer\">Involucramiento Comunitario<\/a><\/li>\n<li><a href=\"https:\/\/whsrn.org\/es\/apoyo-a-los-sitios\/servicios-ecosistemicos\/\">Servicios Ecosist\u00e9micos<\/a><\/li>\n<li><a href=\"https:\/\/www.manomet.org\/project\/habitats-for-shorebirds\/\" target=\"_blank\" rel=\"noopener noreferrer\">Manejo del H\u00e1bitat a trav\u00e9s del Proyecto H\u00e1bitat para Aves Playeras de Manomet<\/a><\/li>\n<li>Promoci\u00f3n de la Conservaci\u00f3n<\/li>\n<li><a href=\"https:\/\/whsrn.org\/es\/acerca-de-las-aves-playeras\/monitoreo-de-aves-playeras\/\" rel=\"noopener noreferrer\">Monitoreo de Especies<\/a><\/li>\n<li>Recaudaci\u00f3n de Fondos \/ Recursos<\/li>\n<\/ul>\n[\/mk_custom_list][\/vc_column][\/mk_page_section][mk_page_section layout_structure=&#8221;half_left&#8221; bg_image=&#8221;https:\/\/whsrn.org\/wp-content\/uploads\/2019\/06\/chiloe_007.jpg&#8221; bg_color=&#8221;#f2f2f2&#8243; bg_stretch=&#8221;true&#8221; min_height=&#8221;350&#8243; full_width=&#8221;true&#8221; padding_top=&#8221;80&#8243; padding_bottom=&#8221;80&#8243;][vc_column css=&#8221;.vc_custom_1542663852260{padding-right: 70px !important;padding-left: 70px !important;}&#8221;][mk_fancy_title tag_name=&#8221;h3&#8243; color=&#8221;#53565a&#8221; size=&#8221;18&#8243; line_height=&#8221;120&#8243; font_weight=&#8221;bold&#8221; txt_transform=&#8221;uppercase&#8221; letter_spacing=&#8221;2&#8243; margin_bottom=&#8221;0&#8243; font_family=&#8221;Roboto&#8221; font_type=&#8221;google&#8221; align=&#8221;center&#8221;]Sitios focales[\/mk_fancy_title][mk_divider style=&#8221;thick_solid&#8221; divider_width=&#8221;custom_width&#8221; custom_width=&#8221;75&#8243; border_color=&#8221;#53565a&#8221; margin_top=&#8221;0&#8243;][vc_column_text css=&#8221;.vc_custom_1550788035217{margin-bottom: 0px !important;}&#8221;]En la actualidad, el personal de la Oficina Ejecutiva est\u00e1 trabajando en el terreno con socios locales en cuatro sitios focales, utilizando las lecciones aprendidas en estos sitios para crear herramientas que pueden aplicarse a todos los sitios.[\/vc_column_text][mk_custom_list style=&#8221;mk-icon-angle-double-right&#8221; margin_bottom=&#8221;35&#8243; align=&#8221;left&#8221;]\n<ul>\n<li>Humedales Orientales de Chilo\u00e9<\/li>\n<li>Bah\u00eda de Delaware<\/li>\n<li>Golfo de Fonseca<\/li>\n<li>Lagoa do Peixe<\/li>\n<\/ul>\n[\/mk_custom_list][\/vc_column][\/mk_page_section][mk_page_section layout_structure=&#8221;half_right&#8221; bg_image=&#8221;https:\/\/whsrn.org\/wp-content\/uploads\/2019\/02\/handmaker_ensenada_salinas.jpg&#8221; bg_color=&#8221;#f2f2f2&#8243; bg_stretch=&#8221;true&#8221; min_height=&#8221;350&#8243; full_width=&#8221;true&#8221; padding_top=&#8221;80&#8243; padding_bottom=&#8221;80&#8243;][vc_column css=&#8221;.vc_custom_1542663852260{padding-right: 70px !important;padding-left: 70px !important;}&#8221;][mk_fancy_title tag_name=&#8221;h3&#8243; color=&#8221;#53565a&#8221; size=&#8221;18&#8243; line_height=&#8221;120&#8243; font_weight=&#8221;bold&#8221; txt_transform=&#8221;uppercase&#8221; letter_spacing=&#8221;2&#8243; margin_bottom=&#8221;0&#8243; font_family=&#8221;Roboto&#8221; font_type=&#8221;google&#8221; align=&#8221;center&#8221;]Construyendo alianzas[\/mk_fancy_title][mk_divider style=&#8221;thick_solid&#8221; divider_width=&#8221;custom_width&#8221; custom_width=&#8221;75&#8243; border_color=&#8221;#53565a&#8221; margin_top=&#8221;0&#8243;][vc_column_text css=&#8221;.vc_custom_1550848588835{margin-bottom: 0px !important;}&#8221;]Las alianzas son fundamentales para establecer una red eficaz y alcanzar objetivos comunes de conservaci\u00f3n y desarrollo sostenible. La Oficina Ejecutiva de WHSRN ayuda a los socios locales a:[\/vc_column_text][mk_custom_list style=&#8221;mk-icon-angle-double-right&#8221; margin_bottom=&#8221;35&#8243; align=&#8221;left&#8221;]\n<ul>\n<li>Aumentar y mantener el compromiso con las partes interesadas no tradicionales (como las empresas)<\/li>\n<li>Trabajar con iniciativas globales y regionales clave para asegurar una colaboraci\u00f3n efectiva en temas comunes<\/li>\n<\/ul>\n[\/mk_custom_list][\/vc_column][\/mk_page_section][mk_page_section layout_structure=&#8221;half_left&#8221; bg_image=&#8221;https:\/\/whsrn.org\/wp-content\/uploads\/2019\/02\/iglecia_whsrn-event.jpg&#8221; bg_color=&#8221;#f2f2f2&#8243; bg_stretch=&#8221;true&#8221; min_height=&#8221;350&#8243; full_width=&#8221;true&#8221; padding_top=&#8221;80&#8243; padding_bottom=&#8221;60&#8243;][vc_column css=&#8221;.vc_custom_1542663852260{padding-right: 70px !important;padding-left: 70px !important;}&#8221;][mk_fancy_title tag_name=&#8221;h3&#8243; color=&#8221;#53565a&#8221; size=&#8221;18&#8243; line_height=&#8221;120&#8243; font_weight=&#8221;bold&#8221; txt_transform=&#8221;uppercase&#8221; letter_spacing=&#8221;2&#8243; margin_bottom=&#8221;0&#8243; font_family=&#8221;Roboto&#8221; font_type=&#8221;google&#8221; align=&#8221;center&#8221;]Comunicaciones[\/mk_fancy_title][mk_divider style=&#8221;thick_solid&#8221; divider_width=&#8221;custom_width&#8221; custom_width=&#8221;75&#8243; border_color=&#8221;#53565a&#8221; margin_top=&#8221;0&#8243;][vc_column_text css=&#8221;.vc_custom_1550788120363{margin-bottom: 0px !important;}&#8221;]La Oficina Ejecutiva de WHSRN ayuda a mantener a los Socios de Sitio y de la Red conectados con las actividades, el desarrollo de capacidades, la recaudaci\u00f3n de fondos conjunta y la planificaci\u00f3n. Para facilitar el intercambio y la colaboraci\u00f3n entre los socios, la Oficina Ejecutiva de WHSRN mantiene:[\/vc_column_text][mk_custom_list style=&#8221;mk-icon-angle-double-right&#8221; margin_bottom=&#8221;35&#8243; align=&#8221;left&#8221;]\n<ul>\n<li>Bolet\u00edn Biling\u00fce Mensual<\/li>\n<li>Redes Sociales<\/li>\n<li>Recursos de Divulgaci\u00f3n<\/li>\n<li>Intercambios de Sitios e Iniciativas de Vinculaci\u00f3n de Sitios<\/li>\n<\/ul>\n[\/mk_custom_list][\/vc_column][\/mk_page_section][vc_row][vc_column][mk_padding_divider size=&#8221;75&#8243;][mk_button dimension=&#8221;flat&#8221; size=&#8221;large&#8221; letter_spacing=&#8221;2&#8243; url=&#8221;https:\/\/whsrn.org\/about-whsrn\/whsrn-staff\/&#8221; align=&#8221;center&#8221; bg_color=&#8221;#005695&#8243; btn_hover_bg=&#8221;#f2f2f2&#8243; btn_hover_txt_color=&#8221;#005695&#8243;]Equipo Oficina Ejecutiva[\/mk_button][mk_padding_divider size=&#8221;75&#8243;][\/vc_column][\/vc_row][vc_row][vc_column][mk_padding_divider size=&#8221;50&#8243;][mk_fancy_title tag_name=&#8221;span&#8221; color=&#8221;#3d4045&#8243; size=&#8221;12&#8243; font_weight=&#8221;400&#8243; font_family=&#8221;none&#8221;]<strong>Foto de Portada: Ostrero Americano (<em>Haematopus palliatus<\/em>). <em>Foto: Maina Handmaker.<\/em><\/strong><\/p>\n<p><strong>Fotos de arriba para abajo: <em>Brad Winn, <\/em><em>Diego Luna Quevedo<\/em>, <em>Diego Luna Quevedo, <\/em><em>Maina Handmaker, <\/em><em>Monica Iglecia.<\/em><\/strong>[\/mk_fancy_title][\/vc_column][\/vc_row]\n","protected":false},"excerpt":{"rendered":"<p>[mk_page_section bg_image=&#8221;https:\/\/whsrn.org\/wp-content\/uploads\/2019\/02\/whsrn-eo_header.jpg&#8221; bg_color=&#8221;#5e5e5e&#8221; bg_position=&#8221;center center&#8221; bg_repeat=&#8221;no-repeat&#8221; bg_stretch=&#8221;true&#8221; video_color_mask=&#8221;#cccccc&#8221; video_opacity=&#8221;.4&#8243; min_height=&#8221;325&#8243; sidebar=&#8221;sidebar-1&#8243;][vc_column][mk_padding_divider size=&#8221;120&#8243;][mk_fancy_title tag_name=&#8221;h1&#8243; color=&#8221;#ffffff&#8221; size=&#8221;75&#8243; force_font_size=&#8221;true&#8221; size_phone=&#8221;38&#8243; line_height=&#8221;95&#8243; font_weight=&#8221;900&#8243; font_family=&#8221;Roboto+Condensed&#8221; font_type=&#8221;google&#8221; align=&#8221;center&#8221;]Oficina Ejecutiva de WHSRN[\/mk_fancy_title][\/vc_column][\/mk_page_section][mk_page_section padding_top=&#8221;50&#8243; padding_bottom=&#8221;40&#8243; sidebar=&#8221;sidebar-1&#8243;][vc_column width=&#8221;1\/6&#8243; css=&#8221;.vc_custom_1534796504266{padding-right: 35px !important;}&#8221;][\/vc_column][vc_column width=&#8221;2\/3&#8243;][mk_fancy_title color=&#8221;#005695&#8243; size=&#8221;26&#8243; font_weight=&#8221;300&#8243; txt_transform=&#8221;none&#8221; margin_bottom=&#8221;0&#8243; font_family=&#8221;none&#8221;]WHSRN se coordina por una Oficina Ejecutiva que proporciona personal y servicios b\u00e1sicos a los sitios y [&hellip;]<\/p>\n","protected":false},"author":3,"featured_media":0,"parent":9690,"menu_order":0,"comment_status":"closed","ping_status":"closed","template":"","meta":{"nf_dc_page":"","footnotes":""},"class_list":["post-9772","page","type-page","status-publish","hentry"],"yoast_head":"<!-- This site is optimized with the Yoast SEO plugin v27.2 - https:\/\/yoast.com\/product\/yoast-seo-wordpress\/ -->\n<title>Oficina Ejecutiva de WHSRN &#8211; WHSRN<\/title>\n<meta name=\"robots\" content=\"index, follow, max-snippet:-1, max-image-preview:large, max-video-preview:-1\" \/>\n<link rel=\"canonical\" href=\"https:\/\/whsrn.org\/es\/acerca-de-whsrn\/oficina-ejecutiva-de-whsrn\/\" \/>\n<meta property=\"og:locale\" content=\"es_ES\" \/>\n<meta property=\"og:type\" content=\"article\" \/>\n<meta property=\"og:title\" content=\"Oficina Ejecutiva de WHSRN &#8211; WHSRN\" \/>\n<meta property=\"og:description\" content=\"[mk_page_section bg_image=&#8221;https:\/\/whsrn.org\/wp-content\/uploads\/2019\/02\/whsrn-eo_header.jpg&#8221; bg_color=&#8221;#5e5e5e&#8221; bg_position=&#8221;center center&#8221; bg_repeat=&#8221;no-repeat&#8221; bg_stretch=&#8221;true&#8221; video_color_mask=&#8221;#cccccc&#8221; video_opacity=&#8221;.4&#8243; min_height=&#8221;325&#8243; sidebar=&#8221;sidebar-1&#8243;][vc_column][mk_padding_divider size=&#8221;120&#8243;][mk_fancy_title tag_name=&#8221;h1&#8243; color=&#8221;#ffffff&#8221; size=&#8221;75&#8243; force_font_size=&#8221;true&#8221; size_phone=&#8221;38&#8243; line_height=&#8221;95&#8243; font_weight=&#8221;900&#8243; font_family=&#8221;Roboto+Condensed&#8221; font_type=&#8221;google&#8221; align=&#8221;center&#8221;]Oficina Ejecutiva de WHSRN[\/mk_fancy_title][\/vc_column][\/mk_page_section][mk_page_section padding_top=&#8221;50&#8243; padding_bottom=&#8221;40&#8243; sidebar=&#8221;sidebar-1&#8243;][vc_column width=&#8221;1\/6&#8243; css=&#8221;.vc_custom_1534796504266{padding-right: 35px !important;}&#8221;][\/vc_column][vc_column width=&#8221;2\/3&#8243;][mk_fancy_title color=&#8221;#005695&#8243; size=&#8221;26&#8243; font_weight=&#8221;300&#8243; txt_transform=&#8221;none&#8221; margin_bottom=&#8221;0&#8243; font_family=&#8221;none&#8221;]WHSRN se coordina por una Oficina Ejecutiva que proporciona personal y servicios b\u00e1sicos a los sitios y [&hellip;]\" \/>\n<meta property=\"og:url\" content=\"https:\/\/whsrn.org\/es\/acerca-de-whsrn\/oficina-ejecutiva-de-whsrn\/\" \/>\n<meta property=\"og:site_name\" content=\"WHSRN\" \/>\n<meta property=\"article:publisher\" content=\"https:\/\/www.facebook.com\/WHSRN\" \/>\n<meta property=\"article:modified_time\" content=\"2022-08-22T21:33:46+00:00\" \/>\n<meta name=\"twitter:card\" content=\"summary_large_image\" \/>\n<meta name=\"twitter:site\" content=\"@WHSRN\" \/>\n<meta name=\"twitter:label1\" content=\"Tiempo de lectura\" \/>\n\t<meta name=\"twitter:data1\" content=\"7 minutos\" \/>\n<script type=\"application\/ld+json\" class=\"yoast-schema-graph\">{\"@context\":\"https:\/\/schema.org\",\"@graph\":[{\"@type\":\"WebPage\",\"@id\":\"https:\/\/whsrn.org\/es\/acerca-de-whsrn\/oficina-ejecutiva-de-whsrn\/\",\"url\":\"https:\/\/whsrn.org\/es\/acerca-de-whsrn\/oficina-ejecutiva-de-whsrn\/\",\"name\":\"Oficina Ejecutiva de WHSRN &#8211; WHSRN\",\"isPartOf\":{\"@id\":\"https:\/\/whsrn.org\/es\/#website\"},\"datePublished\":\"2019-05-29T12:03:57+00:00\",\"dateModified\":\"2022-08-22T21:33:46+00:00\",\"breadcrumb\":{\"@id\":\"https:\/\/whsrn.org\/es\/acerca-de-whsrn\/oficina-ejecutiva-de-whsrn\/#breadcrumb\"},\"inLanguage\":\"es\",\"potentialAction\":[{\"@type\":\"ReadAction\",\"target\":[\"https:\/\/whsrn.org\/es\/acerca-de-whsrn\/oficina-ejecutiva-de-whsrn\/\"]}]},{\"@type\":\"BreadcrumbList\",\"@id\":\"https:\/\/whsrn.org\/es\/acerca-de-whsrn\/oficina-ejecutiva-de-whsrn\/#breadcrumb\",\"itemListElement\":[{\"@type\":\"ListItem\",\"position\":1,\"name\":\"Home\",\"item\":\"https:\/\/whsrn.org\/es\/\"},{\"@type\":\"ListItem\",\"position\":2,\"name\":\"Acerca de WHSRN\",\"item\":\"https:\/\/whsrn.org\/es\/acerca-de-whsrn\/\"},{\"@type\":\"ListItem\",\"position\":3,\"name\":\"Oficina Ejecutiva de WHSRN\"}]},{\"@type\":\"WebSite\",\"@id\":\"https:\/\/whsrn.org\/es\/#website\",\"url\":\"https:\/\/whsrn.org\/es\/\",\"name\":\"WHSRN\",\"description\":\"Western Hemisphere Shorebird Reserve Network\",\"publisher\":{\"@id\":\"https:\/\/whsrn.org\/es\/#organization\"},\"potentialAction\":[{\"@type\":\"SearchAction\",\"target\":{\"@type\":\"EntryPoint\",\"urlTemplate\":\"https:\/\/whsrn.org\/es\/?s={search_term_string}\"},\"query-input\":{\"@type\":\"PropertyValueSpecification\",\"valueRequired\":true,\"valueName\":\"search_term_string\"}}],\"inLanguage\":\"es\"},{\"@type\":\"Organization\",\"@id\":\"https:\/\/whsrn.org\/es\/#organization\",\"name\":\"Western Hemisphere Shorebird Reserve Network\",\"url\":\"https:\/\/whsrn.org\/es\/\",\"logo\":{\"@type\":\"ImageObject\",\"inLanguage\":\"es\",\"@id\":\"https:\/\/whsrn.org\/es\/#\/schema\/logo\/image\/\",\"url\":\"https:\/\/whsrn.org\/wp-content\/uploads\/2021\/01\/whsrn_nostrapline_square.png\",\"contentUrl\":\"https:\/\/whsrn.org\/wp-content\/uploads\/2021\/01\/whsrn_nostrapline_square.png\",\"width\":800,\"height\":800,\"caption\":\"Western Hemisphere Shorebird Reserve Network\"},\"image\":{\"@id\":\"https:\/\/whsrn.org\/es\/#\/schema\/logo\/image\/\"},\"sameAs\":[\"https:\/\/www.facebook.com\/WHSRN\",\"https:\/\/x.com\/WHSRN\",\"https:\/\/www.youtube.com\/channel\/UCDMz2oCsiK8e03UxFhHhdEA\"]}]}<\/script>\n<!-- \/ Yoast SEO plugin. -->","yoast_head_json":{"title":"Oficina Ejecutiva de WHSRN &#8211; WHSRN","robots":{"index":"index","follow":"follow","max-snippet":"max-snippet:-1","max-image-preview":"max-image-preview:large","max-video-preview":"max-video-preview:-1"},"canonical":"https:\/\/whsrn.org\/es\/acerca-de-whsrn\/oficina-ejecutiva-de-whsrn\/","og_locale":"es_ES","og_type":"article","og_title":"Oficina Ejecutiva de WHSRN &#8211; WHSRN","og_description":"[mk_page_section bg_image=&#8221;https:\/\/whsrn.org\/wp-content\/uploads\/2019\/02\/whsrn-eo_header.jpg&#8221; bg_color=&#8221;#5e5e5e&#8221; bg_position=&#8221;center center&#8221; bg_repeat=&#8221;no-repeat&#8221; bg_stretch=&#8221;true&#8221; video_color_mask=&#8221;#cccccc&#8221; video_opacity=&#8221;.4&#8243; min_height=&#8221;325&#8243; sidebar=&#8221;sidebar-1&#8243;][vc_column][mk_padding_divider size=&#8221;120&#8243;][mk_fancy_title tag_name=&#8221;h1&#8243; color=&#8221;#ffffff&#8221; size=&#8221;75&#8243; force_font_size=&#8221;true&#8221; size_phone=&#8221;38&#8243; line_height=&#8221;95&#8243; font_weight=&#8221;900&#8243; font_family=&#8221;Roboto+Condensed&#8221; font_type=&#8221;google&#8221; align=&#8221;center&#8221;]Oficina Ejecutiva de WHSRN[\/mk_fancy_title][\/vc_column][\/mk_page_section][mk_page_section padding_top=&#8221;50&#8243; padding_bottom=&#8221;40&#8243; sidebar=&#8221;sidebar-1&#8243;][vc_column width=&#8221;1\/6&#8243; css=&#8221;.vc_custom_1534796504266{padding-right: 35px !important;}&#8221;][\/vc_column][vc_column width=&#8221;2\/3&#8243;][mk_fancy_title color=&#8221;#005695&#8243; size=&#8221;26&#8243; font_weight=&#8221;300&#8243; txt_transform=&#8221;none&#8221; margin_bottom=&#8221;0&#8243; font_family=&#8221;none&#8221;]WHSRN se coordina por una Oficina Ejecutiva que proporciona personal y servicios b\u00e1sicos a los sitios y [&hellip;]","og_url":"https:\/\/whsrn.org\/es\/acerca-de-whsrn\/oficina-ejecutiva-de-whsrn\/","og_site_name":"WHSRN","article_publisher":"https:\/\/www.facebook.com\/WHSRN","article_modified_time":"2022-08-22T21:33:46+00:00","twitter_card":"summary_large_image","twitter_site":"@WHSRN","twitter_misc":{"Tiempo de lectura":"7 minutos"},"schema":{"@context":"https:\/\/schema.org","@graph":[{"@type":"WebPage","@id":"https:\/\/whsrn.org\/es\/acerca-de-whsrn\/oficina-ejecutiva-de-whsrn\/","url":"https:\/\/whsrn.org\/es\/acerca-de-whsrn\/oficina-ejecutiva-de-whsrn\/","name":"Oficina Ejecutiva de WHSRN &#8211; WHSRN","isPartOf":{"@id":"https:\/\/whsrn.org\/es\/#website"},"datePublished":"2019-05-29T12:03:57+00:00","dateModified":"2022-08-22T21:33:46+00:00","breadcrumb":{"@id":"https:\/\/whsrn.org\/es\/acerca-de-whsrn\/oficina-ejecutiva-de-whsrn\/#breadcrumb"},"inLanguage":"es","potentialAction":[{"@type":"ReadAction","target":["https:\/\/whsrn.org\/es\/acerca-de-whsrn\/oficina-ejecutiva-de-whsrn\/"]}]},{"@type":"BreadcrumbList","@id":"https:\/\/whsrn.org\/es\/acerca-de-whsrn\/oficina-ejecutiva-de-whsrn\/#breadcrumb","itemListElement":[{"@type":"ListItem","position":1,"name":"Home","item":"https:\/\/whsrn.org\/es\/"},{"@type":"ListItem","position":2,"name":"Acerca de WHSRN","item":"https:\/\/whsrn.org\/es\/acerca-de-whsrn\/"},{"@type":"ListItem","position":3,"name":"Oficina Ejecutiva de WHSRN"}]},{"@type":"WebSite","@id":"https:\/\/whsrn.org\/es\/#website","url":"https:\/\/whsrn.org\/es\/","name":"WHSRN","description":"Western Hemisphere Shorebird Reserve Network","publisher":{"@id":"https:\/\/whsrn.org\/es\/#organization"},"potentialAction":[{"@type":"SearchAction","target":{"@type":"EntryPoint","urlTemplate":"https:\/\/whsrn.org\/es\/?s={search_term_string}"},"query-input":{"@type":"PropertyValueSpecification","valueRequired":true,"valueName":"search_term_string"}}],"inLanguage":"es"},{"@type":"Organization","@id":"https:\/\/whsrn.org\/es\/#organization","name":"Western Hemisphere Shorebird Reserve Network","url":"https:\/\/whsrn.org\/es\/","logo":{"@type":"ImageObject","inLanguage":"es","@id":"https:\/\/whsrn.org\/es\/#\/schema\/logo\/image\/","url":"https:\/\/whsrn.org\/wp-content\/uploads\/2021\/01\/whsrn_nostrapline_square.png","contentUrl":"https:\/\/whsrn.org\/wp-content\/uploads\/2021\/01\/whsrn_nostrapline_square.png","width":800,"height":800,"caption":"Western Hemisphere Shorebird Reserve Network"},"image":{"@id":"https:\/\/whsrn.org\/es\/#\/schema\/logo\/image\/"},"sameAs":["https:\/\/www.facebook.com\/WHSRN","https:\/\/x.com\/WHSRN","https:\/\/www.youtube.com\/channel\/UCDMz2oCsiK8e03UxFhHhdEA"]}]}},"_links":{"self":[{"href":"https:\/\/whsrn.org\/es\/wp-json\/wp\/v2\/pages\/9772","targetHints":{"allow":["GET"]}}],"collection":[{"href":"https:\/\/whsrn.org\/es\/wp-json\/wp\/v2\/pages"}],"about":[{"href":"https:\/\/whsrn.org\/es\/wp-json\/wp\/v2\/types\/page"}],"author":[{"embeddable":true,"href":"https:\/\/whsrn.org\/es\/wp-json\/wp\/v2\/users\/3"}],"replies":[{"embeddable":true,"href":"https:\/\/whsrn.org\/es\/wp-json\/wp\/v2\/comments?post=9772"}],"version-history":[{"count":14,"href":"https:\/\/whsrn.org\/es\/wp-json\/wp\/v2\/pages\/9772\/revisions"}],"predecessor-version":[{"id":18161,"href":"https:\/\/whsrn.org\/es\/wp-json\/wp\/v2\/pages\/9772\/revisions\/18161"}],"up":[{"embeddable":true,"href":"https:\/\/whsrn.org\/es\/wp-json\/wp\/v2\/pages\/9690"}],"wp:attachment":[{"href":"https:\/\/whsrn.org\/es\/wp-json\/wp\/v2\/media?parent=9772"}],"curies":[{"name":"wp","href":"https:\/\/api.w.org\/{rel}","templated":true}]}}