{"id":9714,"date":"2019-05-23T15:14:57","date_gmt":"2019-05-23T15:14:57","guid":{"rendered":"https:\/\/whsrn.org\/mi-sitio-es-elegible\/"},"modified":"2023-11-07T20:01:55","modified_gmt":"2023-11-07T20:01:55","slug":"mi-sitio-es-elegible","status":"publish","type":"page","link":"https:\/\/whsrn.org\/es\/por-que-whsrn\/mi-sitio-es-elegible\/","title":{"rendered":"Mi sitio es elegible?"},"content":{"rendered":"[vc_row][vc_column][vc_column_text]\n[\/vc_column_text][\/vc_column][\/vc_row][mk_page_section bg_image=&#8221;https:\/\/whsrn.org\/wp-content\/uploads\/2018\/12\/ismysiteeligible_header.jpg&#8221; bg_image_portrait=&#8221;https:\/\/whsrn.org\/wp-content\/uploads\/2019\/03\/is-my-site-eligible-header.jpg&#8221; bg_color=&#8221;#5e5e5e&#8221; bg_position=&#8221;center center&#8221; bg_repeat=&#8221;no-repeat&#8221; bg_stretch=&#8221;true&#8221; video_color_mask=&#8221;#cccccc&#8221; video_opacity=&#8221;.4&#8243; min_height=&#8221;325&#8243; sidebar=&#8221;sidebar-1&#8243;][vc_column][mk_padding_divider size=&#8221;120&#8243;][mk_padding_divider size=&#8221;10&#8243; visibility=&#8221;visible-sm&#8221;][mk_fancy_title tag_name=&#8221;h1&#8243; color=&#8221;#ffffff&#8221; size=&#8221;75&#8243; force_font_size=&#8221;true&#8221; size_phone=&#8221;42&#8243; line_height=&#8221;110&#8243; font_weight=&#8221;900&#8243; font_family=&#8221;Roboto+Condensed&#8221; font_type=&#8221;google&#8221; align=&#8221;center&#8221;]Mi sitio es elegible?[\/mk_fancy_title][\/vc_column][\/mk_page_section][mk_page_section full_width=&#8221;true&#8221; padding_top=&#8221;45&#8243; padding_bottom=&#8221;35&#8243; sidebar=&#8221;sidebar-1&#8243;][vc_column width=&#8221;1\/6&#8243; css=&#8221;.vc_custom_1534796504266{padding-right: 35px !important;}&#8221;][\/vc_column][vc_column width=&#8221;2\/3&#8243;][mk_fancy_title color=&#8221;#005695&#8243; size=&#8221;26&#8243; font_weight=&#8221;300&#8243; txt_transform=&#8221;none&#8221; margin_bottom=&#8221;25&#8243; font_family=&#8221;none&#8221;]\n<p style=\"text-align: center;\">Un sitio puede calificar para unirse a la Red si cumple con dos criterios:<\/p>\n[\/mk_fancy_title][mk_fancy_title tag_name=&#8221;h4&#8243; color=&#8221;#53565a&#8221; size=&#8221;18&#8243; line_height=&#8221;120&#8243; font_weight=&#8221;bold&#8221; txt_transform=&#8221;uppercase&#8221; letter_spacing=&#8221;2&#8243; margin_bottom=&#8221;0&#8243; font_family=&#8221;Roboto&#8221; font_type=&#8221;google&#8221; align=&#8221;center&#8221;]\n<p style=\"text-align: center;\">(1) Importancia demostrada para aves playeras<\/p>\n<p style=\"text-align: center;\">(2) Acuerdo de la instancia responsable<\/p>\n[\/mk_fancy_title][\/vc_column][vc_column width=&#8221;1\/6&#8243;][\/vc_column][\/mk_page_section][mk_page_section layout_structure=&#8221;half_left&#8221; bg_image=&#8221;https:\/\/whsrn.org\/wp-content\/uploads\/2018\/11\/ae8r2334.jpg&#8221; bg_color=&#8221;#f2f2f2&#8243; bg_stretch=&#8221;true&#8221; min_height=&#8221;350&#8243; full_width=&#8221;true&#8221; padding_top=&#8221;80&#8243; padding_bottom=&#8221;80&#8243;][vc_column css=&#8221;.vc_custom_1542663852260{padding-right: 70px !important;padding-left: 70px !important;}&#8221;][mk_fancy_title tag_name=&#8221;h4&#8243; color=&#8221;#53565a&#8221; size=&#8221;18&#8243; font_weight=&#8221;bold&#8221; txt_transform=&#8221;uppercase&#8221; letter_spacing=&#8221;2&#8243; margin_bottom=&#8221;0&#8243; font_family=&#8221;Roboto&#8221; font_type=&#8221;google&#8221; align=&#8221;center&#8221;]Importancia demostrada para aves playeras[\/mk_fancy_title][mk_divider style=&#8221;thick_solid&#8221; divider_width=&#8221;custom_width&#8221; custom_width=&#8221;75&#8243; border_color=&#8221;#53565a&#8221; margin_top=&#8221;0&#8243;][vc_column_text css=&#8221;.vc_custom_1545053911608{margin-bottom: 0px !important;}&#8221;]<strong>La importancia de un sitio para las aves playeras se basa en el conteo m\u00e1ximo de especies o en las tasas calculadas de recambio. Un sitio puede calificar cumpliendo los criterios biol\u00f3gicos en una de tres categor\u00edas:<\/strong>[\/vc_column_text][vc_column_text css=&#8221;.vc_custom_1650662133061{margin-bottom: 0px !important;}&#8221;]* WHSRN cre\u00f3 la categor\u00eda &#8220;Paisaje&#8221; para dar cabida a vastas \u00e1reas o complejos de h\u00e1bitats donde no es posible definir un &#8220;sitio&#8221;. Estas \u00e1reas a menudo abarcan una multitud de propietarios de tierras que est\u00e1n representados por una entidad general que presenta la nominaci\u00f3n para ser sitio WHSRN.[\/vc_column_text][mk_custom_list style=&#8221;mk-icon-angle-double-right&#8221; margin_bottom=&#8221;35&#8243; align=&#8221;left&#8221;]\n<ul>\n<li><strong>Sitios\/Paisajes de Importancia Hemisf\u00e9rica:<\/strong><br \/>\nAl menos 500,000 aves playeras al a\u00f1o; Y \/ o<br \/>\nAl menos el 30% de la poblaci\u00f3n biogeogr\u00e1fica de una especie<\/li>\n<li><strong>Sitios de Importancia Internacional:<br \/>\n<\/strong>Al menos 100,000 aves playeras al a\u00f1o; Y \/ o<br \/>\nAl menos el 10% de la poblaci\u00f3n biogeogr\u00e1fica de una especie<\/li>\n<li><strong>Sitios de Importancia Regional:<br \/>\n<\/strong>Al menos 20,000 aves playeras al a\u00f1o; Y \/ o<br \/>\nAl menos el 1% de la poblaci\u00f3n biogeogr\u00e1fica de una especie<\/li>\n<\/ul>\n[\/mk_custom_list][vc_column_text css=&#8221;.vc_custom_1699387311200{margin-bottom: 0px !important;}&#8221;]<strong><a href=\"https:\/\/whsrn.org\/es\/whsrn_thresholds_v2017_2020upd_espanol-2\/\">Haga clic aqu\u00ed<\/a> para descargar una lista de las estimaciones actuales de poblaciones de especies de aves playeras en las Am\u00e9ricas y el umbral m\u00ednimo de cada especie para calificar como un Sitio WHSRN.<\/strong>[\/vc_column_text][\/vc_column][\/mk_page_section][mk_page_section layout_structure=&#8221;half_right&#8221; bg_image=&#8221;https:\/\/whsrn.org\/wp-content\/uploads\/2018\/08\/humadales-fade.jpg&#8221; bg_color=&#8221;#f2f2f2&#8243; bg_stretch=&#8221;true&#8221; min_height=&#8221;350&#8243; full_width=&#8221;true&#8221; padding_top=&#8221;80&#8243; padding_bottom=&#8221;80&#8243;][vc_column css=&#8221;.vc_custom_1542663852260{padding-right: 70px !important;padding-left: 70px !important;}&#8221;][mk_fancy_title tag_name=&#8221;h4&#8243; color=&#8221;#53565a&#8221; size=&#8221;18&#8243; font_weight=&#8221;bold&#8221; txt_transform=&#8221;uppercase&#8221; letter_spacing=&#8221;2&#8243; margin_bottom=&#8221;0&#8243; font_family=&#8221;Roboto&#8221; font_type=&#8221;google&#8221; align=&#8221;center&#8221;]Acuerdo de Instancia Responsable[\/mk_fancy_title][mk_divider style=&#8221;thick_solid&#8221; divider_width=&#8221;custom_width&#8221; custom_width=&#8221;75&#8243; border_color=&#8221;#53565a&#8221; margin_top=&#8221;0&#8243;][vc_column_text css=&#8221;.vc_custom_1650662304102{margin-bottom: 0px !important;}&#8221;]Para los sitios WHSRN\/RHRAP, se requiere una carta de buena voluntad de la instancia responsable con los siguientes tres compromisos que son fundamentales para el proceso de designaci\u00f3n.<\/p>\n<p>Para los paisajes WHSRN\/RHRAP, la instancia responsable trabajar\u00e1 con otros propietarios de tierras, administradores y otras partes interesadas para mantener el mismo compromiso de buena fe.<\/p>\n<p><strong>\u00a0La instancia responsable debe aceptar por escrito:<\/strong>[\/vc_column_text][mk_custom_list style=&#8221;mk-icon-angle-double-right&#8221; margin_bottom=&#8221;35&#8243; align=&#8221;left&#8221;]\n<ul>\n<li>Incluir la conservaci\u00f3n de las aves playeras como una de sus prioridades principales;<\/li>\n<li>Participar en pr\u00e1cticas de manejo que protejan, mantengan o mejoren el h\u00e1bitat de las aves playeras y el uso continuo del sitio por parte de las aves playeras;<\/li>\n<li>Actualizar a la Oficina Ejecutiva de WHSRN\/RHRAP sobre los cambios en los l\u00edmites, el grado de protecci\u00f3n o el punto de contacto del sitio o del paisaje.<\/li>\n<\/ul>\n[\/mk_custom_list][\/vc_column][\/mk_page_section][mk_page_section layout_structure=&#8221;half_left&#8221; bg_image=&#8221;https:\/\/whsrn.org\/wp-content\/uploads\/2022\/04\/monitoreo_riomaipo_mhandmaker.jpg&#8221; bg_color=&#8221;#f2f2f2&#8243; bg_stretch=&#8221;true&#8221; min_height=&#8221;350&#8243; full_width=&#8221;true&#8221; padding_top=&#8221;80&#8243; padding_bottom=&#8221;80&#8243;][vc_column css=&#8221;.vc_custom_1542663852260{padding-right: 70px !important;padding-left: 70px !important;}&#8221;][mk_fancy_title tag_name=&#8221;h4&#8243; color=&#8221;#53565a&#8221; size=&#8221;18&#8243; font_weight=&#8221;bold&#8221; txt_transform=&#8221;uppercase&#8221; letter_spacing=&#8221;2&#8243; margin_bottom=&#8221;0&#8243; font_family=&#8221;Roboto&#8221; font_type=&#8221;google&#8221; align=&#8221;center&#8221;]\u00bfQu\u00e9 es una Instancia Responsable?[\/mk_fancy_title][mk_divider style=&#8221;thick_solid&#8221; divider_width=&#8221;custom_width&#8221; custom_width=&#8221;75&#8243; border_color=&#8221;#53565a&#8221; margin_top=&#8221;0&#8243;][vc_column_text css=&#8221;.vc_custom_1650663134707{margin-bottom: 0px !important;}&#8221;]Una instancia responsable es una instituci\u00f3n o individuo que tiene poder de decisi\u00f3n sobre el manejo de los ecosistemas en cuesti\u00f3n.<\/p>\n<p>Una instancia responsable incluye:[\/vc_column_text][mk_custom_list style=&#8221;mk-icon-angle-double-right&#8221; margin_bottom=&#8221;35&#8243; align=&#8221;left&#8221;]\n<ul>\n<li>Ministerio, agencia federal o nacional<\/li>\n<li>Ministerio o agencia sub-nacional<\/li>\n<li>Manejo delegado por el gobierno, ej. a una ONG<\/li>\n<li>Junta de manejo conjunto, ej: Pastizales<\/li>\n<li>Propietarios individuales<\/li>\n<li>Administradores, propietarios o arrendatarios con fines de lucro\/corporativos<\/li>\n<li>\u00c1reas protegidas y territorios de pueblos ind\u00edgenas, o establecidos y administrados por pueblos ind\u00edgenas<\/li>\n<li>\u00c1reas comunitarias conservadas: administradas por comunidades locales<\/li>\n<\/ul>\n[\/mk_custom_list][\/vc_column][\/mk_page_section][vc_row][vc_column][mk_padding_divider][\/vc_column][\/vc_row][mk_page_section bg_color=&#8221;#ffffff&#8221; padding_top=&#8221;35&#8243; padding_bottom=&#8221;35&#8243; margin_bottom=&#8221;50&#8243; sidebar=&#8221;sidebar-1&#8243;][vc_column width=&#8221;1\/6&#8243; css=&#8221;.vc_custom_1534796504266{padding-right: 35px !important;}&#8221;][\/vc_column][vc_column width=&#8221;2\/3&#8243;][mk_fancy_title tag_name=&#8221;h4&#8243; color=&#8221;#005695&#8243; size=&#8221;18&#8243; font_weight=&#8221;400&#8243; txt_transform=&#8221;none&#8221; margin_top=&#8221;10&#8243; margin_bottom=&#8221;0&#8243; font_family=&#8221;none&#8221; align=&#8221;center&#8221;]<b>Si su sitio cumple con estos criterios, obtenga m\u00e1s informaci\u00f3n sobre el Proceso de Nominaci\u00f3n.<\/b>[\/mk_fancy_title][mk_button dimension=&#8221;flat&#8221; size=&#8221;large&#8221; letter_spacing=&#8221;2&#8243; url=&#8221;https:\/\/whsrn.org\/es\/por-que-whsrn\/proceso-de-nominacion\/&#8221; align=&#8221;center&#8221; margin_top=&#8221;25&#8243; bg_color=&#8221;#005695&#8243; btn_hover_bg=&#8221;#f2f2f2&#8243; btn_hover_txt_color=&#8221;#005695&#8243;]PROCESO DE NOMINACI\u00d3N[\/mk_button][\/vc_column][vc_column width=&#8221;1\/6&#8243;][\/vc_column][\/mk_page_section][vc_row][vc_column][vc_column_text]\n[\/vc_column_text][\/vc_column][\/vc_row]\n","protected":false},"excerpt":{"rendered":"<p>[vc_row][vc_column][vc_column_text] [\/vc_column_text][\/vc_column][\/vc_row][mk_page_section bg_image=&#8221;https:\/\/whsrn.org\/wp-content\/uploads\/2018\/12\/ismysiteeligible_header.jpg&#8221; bg_image_portrait=&#8221;https:\/\/whsrn.org\/wp-content\/uploads\/2019\/03\/is-my-site-eligible-header.jpg&#8221; bg_color=&#8221;#5e5e5e&#8221; bg_position=&#8221;center center&#8221; bg_repeat=&#8221;no-repeat&#8221; bg_stretch=&#8221;true&#8221; video_color_mask=&#8221;#cccccc&#8221; video_opacity=&#8221;.4&#8243; min_height=&#8221;325&#8243; sidebar=&#8221;sidebar-1&#8243;][vc_column][mk_padding_divider size=&#8221;120&#8243;][mk_padding_divider size=&#8221;10&#8243; visibility=&#8221;visible-sm&#8221;][mk_fancy_title tag_name=&#8221;h1&#8243; color=&#8221;#ffffff&#8221; size=&#8221;75&#8243; force_font_size=&#8221;true&#8221; size_phone=&#8221;42&#8243; line_height=&#8221;110&#8243; font_weight=&#8221;900&#8243; font_family=&#8221;Roboto+Condensed&#8221; font_type=&#8221;google&#8221; align=&#8221;center&#8221;]Mi sitio es elegible?[\/mk_fancy_title][\/vc_column][\/mk_page_section][mk_page_section full_width=&#8221;true&#8221; padding_top=&#8221;45&#8243; padding_bottom=&#8221;35&#8243; sidebar=&#8221;sidebar-1&#8243;][vc_column width=&#8221;1\/6&#8243; css=&#8221;.vc_custom_1534796504266{padding-right: 35px !important;}&#8221;][\/vc_column][vc_column width=&#8221;2\/3&#8243;][mk_fancy_title color=&#8221;#005695&#8243; size=&#8221;26&#8243; font_weight=&#8221;300&#8243; txt_transform=&#8221;none&#8221; margin_bottom=&#8221;25&#8243; font_family=&#8221;none&#8221;] Un sitio puede calificar para unirse a la Red si cumple [&hellip;]<\/p>\n","protected":false},"author":3,"featured_media":0,"parent":9738,"menu_order":0,"comment_status":"closed","ping_status":"closed","template":"","meta":{"nf_dc_page":"","footnotes":""},"class_list":["post-9714","page","type-page","status-publish","hentry"],"yoast_head":"<!-- This site is optimized with the Yoast SEO plugin v27.2 - https:\/\/yoast.com\/product\/yoast-seo-wordpress\/ -->\n<title>Mi sitio es elegible? &#8211; WHSRN<\/title>\n<meta name=\"robots\" content=\"index, follow, max-snippet:-1, max-image-preview:large, max-video-preview:-1\" \/>\n<link rel=\"canonical\" href=\"https:\/\/whsrn.org\/es\/por-que-whsrn\/mi-sitio-es-elegible\/\" \/>\n<meta property=\"og:locale\" content=\"es_ES\" \/>\n<meta property=\"og:type\" content=\"article\" \/>\n<meta property=\"og:title\" content=\"Mi sitio es elegible? &#8211; WHSRN\" \/>\n<meta property=\"og:description\" content=\"[vc_row][vc_column][vc_column_text] [\/vc_column_text][\/vc_column][\/vc_row][mk_page_section bg_image=&#8221;https:\/\/whsrn.org\/wp-content\/uploads\/2018\/12\/ismysiteeligible_header.jpg&#8221; bg_image_portrait=&#8221;https:\/\/whsrn.org\/wp-content\/uploads\/2019\/03\/is-my-site-eligible-header.jpg&#8221; bg_color=&#8221;#5e5e5e&#8221; bg_position=&#8221;center center&#8221; bg_repeat=&#8221;no-repeat&#8221; bg_stretch=&#8221;true&#8221; video_color_mask=&#8221;#cccccc&#8221; video_opacity=&#8221;.4&#8243; min_height=&#8221;325&#8243; sidebar=&#8221;sidebar-1&#8243;][vc_column][mk_padding_divider size=&#8221;120&#8243;][mk_padding_divider size=&#8221;10&#8243; visibility=&#8221;visible-sm&#8221;][mk_fancy_title tag_name=&#8221;h1&#8243; color=&#8221;#ffffff&#8221; size=&#8221;75&#8243; force_font_size=&#8221;true&#8221; size_phone=&#8221;42&#8243; line_height=&#8221;110&#8243; font_weight=&#8221;900&#8243; font_family=&#8221;Roboto+Condensed&#8221; font_type=&#8221;google&#8221; align=&#8221;center&#8221;]Mi sitio es elegible?[\/mk_fancy_title][\/vc_column][\/mk_page_section][mk_page_section full_width=&#8221;true&#8221; padding_top=&#8221;45&#8243; padding_bottom=&#8221;35&#8243; sidebar=&#8221;sidebar-1&#8243;][vc_column width=&#8221;1\/6&#8243; css=&#8221;.vc_custom_1534796504266{padding-right: 35px !important;}&#8221;][\/vc_column][vc_column width=&#8221;2\/3&#8243;][mk_fancy_title color=&#8221;#005695&#8243; size=&#8221;26&#8243; font_weight=&#8221;300&#8243; txt_transform=&#8221;none&#8221; margin_bottom=&#8221;25&#8243; font_family=&#8221;none&#8221;] Un sitio puede calificar para unirse a la Red si cumple [&hellip;]\" \/>\n<meta property=\"og:url\" content=\"https:\/\/whsrn.org\/es\/por-que-whsrn\/mi-sitio-es-elegible\/\" \/>\n<meta property=\"og:site_name\" content=\"WHSRN\" \/>\n<meta property=\"article:publisher\" content=\"https:\/\/www.facebook.com\/WHSRN\" \/>\n<meta property=\"article:modified_time\" content=\"2023-11-07T20:01:55+00:00\" \/>\n<meta name=\"twitter:card\" content=\"summary_large_image\" \/>\n<meta name=\"twitter:site\" content=\"@WHSRN\" \/>\n<meta name=\"twitter:label1\" content=\"Tiempo de lectura\" \/>\n\t<meta name=\"twitter:data1\" content=\"3 minutos\" \/>\n<script type=\"application\/ld+json\" class=\"yoast-schema-graph\">{\"@context\":\"https:\/\/schema.org\",\"@graph\":[{\"@type\":\"WebPage\",\"@id\":\"https:\/\/whsrn.org\/es\/por-que-whsrn\/mi-sitio-es-elegible\/\",\"url\":\"https:\/\/whsrn.org\/es\/por-que-whsrn\/mi-sitio-es-elegible\/\",\"name\":\"Mi sitio es elegible? &#8211; WHSRN\",\"isPartOf\":{\"@id\":\"https:\/\/whsrn.org\/es\/#website\"},\"datePublished\":\"2019-05-23T15:14:57+00:00\",\"dateModified\":\"2023-11-07T20:01:55+00:00\",\"breadcrumb\":{\"@id\":\"https:\/\/whsrn.org\/es\/por-que-whsrn\/mi-sitio-es-elegible\/#breadcrumb\"},\"inLanguage\":\"es\",\"potentialAction\":[{\"@type\":\"ReadAction\",\"target\":[\"https:\/\/whsrn.org\/es\/por-que-whsrn\/mi-sitio-es-elegible\/\"]}]},{\"@type\":\"BreadcrumbList\",\"@id\":\"https:\/\/whsrn.org\/es\/por-que-whsrn\/mi-sitio-es-elegible\/#breadcrumb\",\"itemListElement\":[{\"@type\":\"ListItem\",\"position\":1,\"name\":\"Home\",\"item\":\"https:\/\/whsrn.org\/es\/\"},{\"@type\":\"ListItem\",\"position\":2,\"name\":\"Por Qu\u00e9 WHSRN?\",\"item\":\"https:\/\/whsrn.org\/es\/por-que-whsrn\/\"},{\"@type\":\"ListItem\",\"position\":3,\"name\":\"Mi sitio es elegible?\"}]},{\"@type\":\"WebSite\",\"@id\":\"https:\/\/whsrn.org\/es\/#website\",\"url\":\"https:\/\/whsrn.org\/es\/\",\"name\":\"WHSRN\",\"description\":\"Western Hemisphere Shorebird Reserve Network\",\"publisher\":{\"@id\":\"https:\/\/whsrn.org\/es\/#organization\"},\"potentialAction\":[{\"@type\":\"SearchAction\",\"target\":{\"@type\":\"EntryPoint\",\"urlTemplate\":\"https:\/\/whsrn.org\/es\/?s={search_term_string}\"},\"query-input\":{\"@type\":\"PropertyValueSpecification\",\"valueRequired\":true,\"valueName\":\"search_term_string\"}}],\"inLanguage\":\"es\"},{\"@type\":\"Organization\",\"@id\":\"https:\/\/whsrn.org\/es\/#organization\",\"name\":\"Western Hemisphere Shorebird Reserve Network\",\"url\":\"https:\/\/whsrn.org\/es\/\",\"logo\":{\"@type\":\"ImageObject\",\"inLanguage\":\"es\",\"@id\":\"https:\/\/whsrn.org\/es\/#\/schema\/logo\/image\/\",\"url\":\"https:\/\/whsrn.org\/wp-content\/uploads\/2021\/01\/whsrn_nostrapline_square.png\",\"contentUrl\":\"https:\/\/whsrn.org\/wp-content\/uploads\/2021\/01\/whsrn_nostrapline_square.png\",\"width\":800,\"height\":800,\"caption\":\"Western Hemisphere Shorebird Reserve Network\"},\"image\":{\"@id\":\"https:\/\/whsrn.org\/es\/#\/schema\/logo\/image\/\"},\"sameAs\":[\"https:\/\/www.facebook.com\/WHSRN\",\"https:\/\/x.com\/WHSRN\",\"https:\/\/www.youtube.com\/channel\/UCDMz2oCsiK8e03UxFhHhdEA\"]}]}<\/script>\n<!-- \/ Yoast SEO plugin. -->","yoast_head_json":{"title":"Mi sitio es elegible? &#8211; WHSRN","robots":{"index":"index","follow":"follow","max-snippet":"max-snippet:-1","max-image-preview":"max-image-preview:large","max-video-preview":"max-video-preview:-1"},"canonical":"https:\/\/whsrn.org\/es\/por-que-whsrn\/mi-sitio-es-elegible\/","og_locale":"es_ES","og_type":"article","og_title":"Mi sitio es elegible? &#8211; WHSRN","og_description":"[vc_row][vc_column][vc_column_text] [\/vc_column_text][\/vc_column][\/vc_row][mk_page_section bg_image=&#8221;https:\/\/whsrn.org\/wp-content\/uploads\/2018\/12\/ismysiteeligible_header.jpg&#8221; bg_image_portrait=&#8221;https:\/\/whsrn.org\/wp-content\/uploads\/2019\/03\/is-my-site-eligible-header.jpg&#8221; bg_color=&#8221;#5e5e5e&#8221; bg_position=&#8221;center center&#8221; bg_repeat=&#8221;no-repeat&#8221; bg_stretch=&#8221;true&#8221; video_color_mask=&#8221;#cccccc&#8221; video_opacity=&#8221;.4&#8243; min_height=&#8221;325&#8243; sidebar=&#8221;sidebar-1&#8243;][vc_column][mk_padding_divider size=&#8221;120&#8243;][mk_padding_divider size=&#8221;10&#8243; visibility=&#8221;visible-sm&#8221;][mk_fancy_title tag_name=&#8221;h1&#8243; color=&#8221;#ffffff&#8221; size=&#8221;75&#8243; force_font_size=&#8221;true&#8221; size_phone=&#8221;42&#8243; line_height=&#8221;110&#8243; font_weight=&#8221;900&#8243; font_family=&#8221;Roboto+Condensed&#8221; font_type=&#8221;google&#8221; align=&#8221;center&#8221;]Mi sitio es elegible?[\/mk_fancy_title][\/vc_column][\/mk_page_section][mk_page_section full_width=&#8221;true&#8221; padding_top=&#8221;45&#8243; padding_bottom=&#8221;35&#8243; sidebar=&#8221;sidebar-1&#8243;][vc_column width=&#8221;1\/6&#8243; css=&#8221;.vc_custom_1534796504266{padding-right: 35px !important;}&#8221;][\/vc_column][vc_column width=&#8221;2\/3&#8243;][mk_fancy_title color=&#8221;#005695&#8243; size=&#8221;26&#8243; font_weight=&#8221;300&#8243; txt_transform=&#8221;none&#8221; margin_bottom=&#8221;25&#8243; font_family=&#8221;none&#8221;] Un sitio puede calificar para unirse a la Red si cumple [&hellip;]","og_url":"https:\/\/whsrn.org\/es\/por-que-whsrn\/mi-sitio-es-elegible\/","og_site_name":"WHSRN","article_publisher":"https:\/\/www.facebook.com\/WHSRN","article_modified_time":"2023-11-07T20:01:55+00:00","twitter_card":"summary_large_image","twitter_site":"@WHSRN","twitter_misc":{"Tiempo de lectura":"3 minutos"},"schema":{"@context":"https:\/\/schema.org","@graph":[{"@type":"WebPage","@id":"https:\/\/whsrn.org\/es\/por-que-whsrn\/mi-sitio-es-elegible\/","url":"https:\/\/whsrn.org\/es\/por-que-whsrn\/mi-sitio-es-elegible\/","name":"Mi sitio es elegible? &#8211; WHSRN","isPartOf":{"@id":"https:\/\/whsrn.org\/es\/#website"},"datePublished":"2019-05-23T15:14:57+00:00","dateModified":"2023-11-07T20:01:55+00:00","breadcrumb":{"@id":"https:\/\/whsrn.org\/es\/por-que-whsrn\/mi-sitio-es-elegible\/#breadcrumb"},"inLanguage":"es","potentialAction":[{"@type":"ReadAction","target":["https:\/\/whsrn.org\/es\/por-que-whsrn\/mi-sitio-es-elegible\/"]}]},{"@type":"BreadcrumbList","@id":"https:\/\/whsrn.org\/es\/por-que-whsrn\/mi-sitio-es-elegible\/#breadcrumb","itemListElement":[{"@type":"ListItem","position":1,"name":"Home","item":"https:\/\/whsrn.org\/es\/"},{"@type":"ListItem","position":2,"name":"Por Qu\u00e9 WHSRN?","item":"https:\/\/whsrn.org\/es\/por-que-whsrn\/"},{"@type":"ListItem","position":3,"name":"Mi sitio es elegible?"}]},{"@type":"WebSite","@id":"https:\/\/whsrn.org\/es\/#website","url":"https:\/\/whsrn.org\/es\/","name":"WHSRN","description":"Western Hemisphere Shorebird Reserve Network","publisher":{"@id":"https:\/\/whsrn.org\/es\/#organization"},"potentialAction":[{"@type":"SearchAction","target":{"@type":"EntryPoint","urlTemplate":"https:\/\/whsrn.org\/es\/?s={search_term_string}"},"query-input":{"@type":"PropertyValueSpecification","valueRequired":true,"valueName":"search_term_string"}}],"inLanguage":"es"},{"@type":"Organization","@id":"https:\/\/whsrn.org\/es\/#organization","name":"Western Hemisphere Shorebird Reserve Network","url":"https:\/\/whsrn.org\/es\/","logo":{"@type":"ImageObject","inLanguage":"es","@id":"https:\/\/whsrn.org\/es\/#\/schema\/logo\/image\/","url":"https:\/\/whsrn.org\/wp-content\/uploads\/2021\/01\/whsrn_nostrapline_square.png","contentUrl":"https:\/\/whsrn.org\/wp-content\/uploads\/2021\/01\/whsrn_nostrapline_square.png","width":800,"height":800,"caption":"Western Hemisphere Shorebird Reserve Network"},"image":{"@id":"https:\/\/whsrn.org\/es\/#\/schema\/logo\/image\/"},"sameAs":["https:\/\/www.facebook.com\/WHSRN","https:\/\/x.com\/WHSRN","https:\/\/www.youtube.com\/channel\/UCDMz2oCsiK8e03UxFhHhdEA"]}]}},"_links":{"self":[{"href":"https:\/\/whsrn.org\/es\/wp-json\/wp\/v2\/pages\/9714","targetHints":{"allow":["GET"]}}],"collection":[{"href":"https:\/\/whsrn.org\/es\/wp-json\/wp\/v2\/pages"}],"about":[{"href":"https:\/\/whsrn.org\/es\/wp-json\/wp\/v2\/types\/page"}],"author":[{"embeddable":true,"href":"https:\/\/whsrn.org\/es\/wp-json\/wp\/v2\/users\/3"}],"replies":[{"embeddable":true,"href":"https:\/\/whsrn.org\/es\/wp-json\/wp\/v2\/comments?post=9714"}],"version-history":[{"count":7,"href":"https:\/\/whsrn.org\/es\/wp-json\/wp\/v2\/pages\/9714\/revisions"}],"predecessor-version":[{"id":25605,"href":"https:\/\/whsrn.org\/es\/wp-json\/wp\/v2\/pages\/9714\/revisions\/25605"}],"up":[{"embeddable":true,"href":"https:\/\/whsrn.org\/es\/wp-json\/wp\/v2\/pages\/9738"}],"wp:attachment":[{"href":"https:\/\/whsrn.org\/es\/wp-json\/wp\/v2\/media?parent=9714"}],"curies":[{"name":"wp","href":"https:\/\/api.w.org\/{rel}","templated":true}]}}