{"id":9680,"date":"2019-05-22T19:14:02","date_gmt":"2019-05-22T19:14:02","guid":{"rendered":"https:\/\/whsrn.org\/organos-de-gobierno\/comite-de-los-estados-unidos\/"},"modified":"2020-04-02T16:14:29","modified_gmt":"2020-04-02T16:14:29","slug":"comite-de-los-estados-unidos","status":"publish","type":"page","link":"https:\/\/whsrn.org\/es\/acerca-de-whsrn\/organos-de-gobierno\/comite-de-los-estados-unidos\/","title":{"rendered":"Comit\u00e9 de los Estados Unidos"},"content":{"rendered":"[mk_page_section bg_image=&#8221;https:\/\/whsrn.org\/wp-content\/uploads\/2019\/03\/governingbodies_header-1.jpg&#8221; bg_color=&#8221;#5e5e5e&#8221; bg_position=&#8221;center center&#8221; bg_repeat=&#8221;no-repeat&#8221; bg_stretch=&#8221;true&#8221; video_color_mask=&#8221;#cccccc&#8221; video_opacity=&#8221;.3&#8243; min_height=&#8221;325&#8243; sidebar=&#8221;sidebar-1&#8243;][vc_column][mk_padding_divider size=&#8221;120&#8243;][mk_padding_divider size=&#8221;30&#8243; visibility=&#8221;visible-sm&#8221;][mk_fancy_title tag_name=&#8221;h1&#8243; color=&#8221;#ffffff&#8221; size=&#8221;75&#8243; force_font_size=&#8221;true&#8221; size_phone=&#8221;42&#8243; font_weight=&#8221;900&#8243; font_family=&#8221;Roboto+Condensed&#8221; font_type=&#8221;google&#8221; align=&#8221;center&#8221;]<span class=\"color_35\">\u00d3rganos de Gobernanza<br \/>\n<\/span>[\/mk_fancy_title][\/vc_column][\/mk_page_section][mk_page_section bg_color=&#8221;#f2f2f2&#8243; padding_top=&#8221;25&#8243; sidebar=&#8221;sidebar-1&#8243;][vc_column css=&#8221;.vc_custom_1534796504266{padding-right: 35px !important;}&#8221;][mk_fancy_title color=&#8221;#53565a&#8221; size=&#8221;38&#8243; force_font_size=&#8221;true&#8221; size_phone=&#8221;26&#8243; line_height=&#8221;120&#8243; font_weight=&#8221;300&#8243; txt_transform=&#8221;none&#8221; margin_bottom=&#8221;0&#8243; font_family=&#8221;Roboto&#8221; font_type=&#8221;google&#8221; responsive_align=&#8221;left&#8221;]Consejos Nacionales[\/mk_fancy_title][vc_column_text css=&#8221;.vc_custom_1550856759201{margin-bottom: 0px !important;}&#8221;]Los Consejos Nacionales dise\u00f1an e implementan actividades pertinentes que apoyan a los Socios de Sitio y que contribuyen al logro de la misi\u00f3n de la Red para su regi\u00f3n o pa\u00eds.[\/vc_column_text][\/vc_column][\/mk_page_section][mk_page_section section_layout=&#8221;right&#8221; padding_top=&#8221;25&#8243; padding_bottom=&#8221;0&#8243; sidebar=&#8221;sidebar-23&#8243;][vc_column border_color=&#8221;#ffffff&#8221; css=&#8221;.vc_custom_1542639941640{margin-right: 0px !important;margin-left: 0px !important;border-top-width: 0px !important;border-right-width: 0px !important;border-bottom-width: 0px !important;border-left-width: 0px !important;padding-right: 4px !important;padding-left: 0px !important;border-left-color: #ffffff !important;border-right-color: #ffffff !important;border-top-color: #ffffff !important;border-bottom-color: #ffffff !important;}&#8221;][mk_fancy_title color=&#8221;#005695&#8243; size=&#8221;38&#8243; force_font_size=&#8221;true&#8221; size_phone=&#8221;36&#8243; line_height=&#8221;120&#8243; font_weight=&#8221;300&#8243; txt_transform=&#8221;none&#8221; margin_bottom=&#8221;0&#8243; font_family=&#8221;Roboto+Slab&#8221; font_type=&#8221;google&#8221; responsive_align=&#8221;left&#8221;]Comit\u00e9 de los Estados Unidos[\/mk_fancy_title][vc_column_text css=&#8221;.vc_custom_1552660331287{margin-bottom: 0px !important;}&#8221;]El Comit\u00e9 de WHSRN de Estados Unidos opera bajo el Consejo del Plan de Aves Playeras de los Estados Unidos, para garantizar la implementaci\u00f3n coordinada del plan estrat\u00e9gico de WHSRN y el Plan de Conservaci\u00f3n de Aves Playeras de los Estados Unidos. Para facilitar la comunicaci\u00f3n y la acci\u00f3n a tiempo, las funciones y responsabilidades se dividen entre aquellas tomadas directamente por el Comit\u00e9 WHSRN de los Estados Unidos, en colaboraci\u00f3n con la Oficina Ejecutiva de WHSRN, y aquellas tomadas por, o a trav\u00e9s del Consejo del Plan de Aves Playeras.<\/p>\n<p>En 2017, el Comit\u00e9 WHSRN de los Estados Unidos se revitaliz\u00f3 para apoyar a los socios de sitio de WHSRN en Estados Unidos, identificar nuevos sitios WHSRN en Estados Unidos, desarrollar e implementar programas de trabajo y promover la Red entre los socios de sitio.[\/vc_column_text][mk_fancy_title tag_name=&#8221;h4&#8243; color=&#8221;#669abf&#8221; size=&#8221;16&#8243; line_height=&#8221;120&#8243; font_weight=&#8221;bold&#8221; txt_transform=&#8221;uppercase&#8221; letter_spacing=&#8221;2&#8243; margin_top=&#8221;15&#8243; margin_bottom=&#8221;0&#8243; font_family=&#8221;Roboto&#8221; font_type=&#8221;google&#8221; responsive_align=&#8221;left&#8221;]Roles del Comit\u00e9 WHSRN de los Estados Unidos[\/mk_fancy_title][mk_custom_list style=&#8221;mk-icon-angle-double-right&#8221;]\n<ul>\n<li>Desarrollar un plan de trabajo anual que est\u00e9 coordinado y sea coherente con el plan estrat\u00e9gico general de WHSRN.<\/li>\n<li>Identificar los sitios prioritarios de aves playeras y solicitar nominaciones de nuevos sitios en los Estados Unidos.<\/li>\n<li>Revisar las nominaciones de sitios en los Estados Unidos, y proporcionar a la Oficina Ejecutiva recomendaciones sobre la aceptaci\u00f3n en la Red.<\/li>\n<li>Identificar oportunidades de colaboraci\u00f3n y garantizar la comunicaci\u00f3n y la coordinaci\u00f3n entre los sitios miembros y los socios.<\/li>\n<\/ul>\n[\/mk_custom_list][mk_fancy_title tag_name=&#8221;h4&#8243; color=&#8221;#669abf&#8221; size=&#8221;16&#8243; line_height=&#8221;120&#8243; font_weight=&#8221;bold&#8221; txt_transform=&#8221;uppercase&#8221; letter_spacing=&#8221;2&#8243; margin_top=&#8221;15&#8243; margin_bottom=&#8221;0&#8243; font_family=&#8221;Roboto&#8221; font_type=&#8221;google&#8221; responsive_align=&#8221;left&#8221;]Consejo del Plan de Conservaci\u00f3n de Aves Playeras de los Estados Unidos[\/mk_fancy_title][mk_custom_list style=&#8221;mk-icon-angle-double-right&#8221;]\n<ul>\n<li>Continuar identificando los desaf\u00edos para la conservaci\u00f3n de las aves playeras, especialmente aquellos espec\u00edficos a los Estados Unidos.<\/li>\n<li>Aprobar y apoyar la implementaci\u00f3n del plan de trabajo anual.<\/li>\n<li>Nominar representantes del Consejo WHSRN de los Estados Unidos al Consejo Hemisf\u00e9rico.<\/li>\n<li>Aprobar la membres\u00eda, incluidos los presidentes, del Comit\u00e9 WHSRN de los Estados Unidos.<\/li>\n<\/ul>\n[\/mk_custom_list][mk_image src=&#8221;https:\/\/whsrn.org\/wp-content\/uploads\/2019\/02\/handmaker_stsa_cropped.jpg&#8221; image_size=&#8221;full&#8221;][mk_fancy_title tag_name=&#8221;span&#8221; color=&#8221;#53565a&#8221; size=&#8221;12&#8243; font_weight=&#8221;400&#8243; margin_bottom=&#8221;0&#8243; font_family=&#8221;none&#8221; align=&#8221;center&#8221;]Calidris himantopus en el Sitio WHSRN Cheyenne Bottoms, estado de Kansas, Estados Unidos. <em>Foto: Maina Handmaker.<\/em>[\/mk_fancy_title][mk_fancy_title tag_name=&#8221;span&#8221; color=&#8221;#005695&#8243; size=&#8221;26&#8243; font_weight=&#8221;300&#8243; txt_transform=&#8221;none&#8221; margin_bottom=&#8221;0&#8243; font_family=&#8221;Roboto+Slab&#8221; font_type=&#8221;google&#8221; responsive_align=&#8221;left&#8221;]Documentos del Consejo[\/mk_fancy_title][mk_custom_list style=&#8221;mk-icon-angle-double-right&#8221;]\n<ul>\n<li><a href=\"https:\/\/www.shorebirdplan.org\/shorebird-habitat-management\/whsrn-us-committee\/\" target=\"_blank\" rel=\"noopener noreferrer\">Plan de Implementaci\u00f3n<\/a><\/li>\n<\/ul>\n[\/mk_custom_list][mk_fancy_title tag_name=&#8221;span&#8221; color=&#8221;#005695&#8243; size=&#8221;26&#8243; font_weight=&#8221;300&#8243; txt_transform=&#8221;none&#8221; margin_bottom=&#8221;0&#8243; font_family=&#8221;Roboto+Slab&#8221; font_type=&#8221;google&#8221; responsive_align=&#8221;left&#8221;]Miembros[\/mk_fancy_title][mk_custom_list style=&#8221;mk-icon-angle-right&#8221;]\n<ul>\n<li><strong>Brad Andres (personal)<\/strong> &#8211; USFWS, USSCP<\/li>\n<li><strong>Joe Buchanan <\/strong>&#8211; Washington DFW<\/li>\n<li><strong>Glen Hensley <\/strong>&#8211; USFWS &#8211; Salt Plains NWR<\/li>\n<li><strong>Monica Iglecia<\/strong> &#8211; Manomet &#8211; Proyecto de H\u00e1bitat para Aves Playeras<\/li>\n<li><strong>Stephanie Koch<\/strong> &#8211; USFWS &#8211; Monomoy NWR<\/li>\n<li><strong>Rob Penner (Presidente) <\/strong>&#8211; TNC &#8211; Flint Hills\/Cheyenne Bottoms<\/li>\n<li><strong>Khara Strum<\/strong> &#8211; Audubon California<\/li>\n<li><strong>Darrin Welchert<\/strong> &#8211; USFWS &#8211; Loess Bluffs NWR<\/li>\n<li><strong>Alex<\/strong> <strong>Wilke<\/strong> &#8211; TNC &#8211; Virginia Coast Reserve<\/li>\n<li><strong>Laura Chamberlin<\/strong> &#8211; Oficina Ejecutiva de WHSRN<\/li>\n<\/ul>\n[\/mk_custom_list][mk_padding_divider size=&#8221;50&#8243;][vc_column_text css=&#8221;.vc_custom_1551116992705{margin-bottom: 0px !important;}&#8221;]Para mayor informaci\u00f3n de WHSRN en los Estados Unidos, contactar a <a href=\"mailto:rpenner@tnc.org\">Robert Penner<\/a> o <a href=\"mailto:brad_andres@fws.gov\">Brad Andres<\/a>.<\/p>\n<p><a href=\"https:\/\/www.shorebirdplan.org\/\" target=\"_blank\" rel=\"noopener noreferrer\">Haga clic aqu\u00ed para obtener m\u00e1s informaci\u00f3n sobre el Plan de Conservaci\u00f3n de Aves Playeras de los Estados Unidos.<\/a>[\/vc_column_text][\/vc_column][\/mk_page_section][vc_row][vc_column][mk_fancy_title tag_name=&#8221;span&#8221; color=&#8221;#3d4045&#8243; size=&#8221;12&#8243; font_weight=&#8221;400&#8243; font_family=&#8221;none&#8221;]<strong>Foto de Portada: Playero de Baird <em>(Calidris bairdii).<\/em> <em>Foto: Maina Handmaker.<\/em><\/strong>[\/mk_fancy_title][\/vc_column][\/vc_row]\n","protected":false},"excerpt":{"rendered":"<p>[mk_page_section bg_image=&#8221;https:\/\/whsrn.org\/wp-content\/uploads\/2019\/03\/governingbodies_header-1.jpg&#8221; bg_color=&#8221;#5e5e5e&#8221; bg_position=&#8221;center center&#8221; bg_repeat=&#8221;no-repeat&#8221; bg_stretch=&#8221;true&#8221; video_color_mask=&#8221;#cccccc&#8221; video_opacity=&#8221;.3&#8243; min_height=&#8221;325&#8243; sidebar=&#8221;sidebar-1&#8243;][vc_column][mk_padding_divider size=&#8221;120&#8243;][mk_padding_divider size=&#8221;30&#8243; visibility=&#8221;visible-sm&#8221;][mk_fancy_title tag_name=&#8221;h1&#8243; color=&#8221;#ffffff&#8221; size=&#8221;75&#8243; force_font_size=&#8221;true&#8221; size_phone=&#8221;42&#8243; font_weight=&#8221;900&#8243; font_family=&#8221;Roboto+Condensed&#8221; font_type=&#8221;google&#8221; align=&#8221;center&#8221;]\u00d3rganos de Gobernanza [\/mk_fancy_title][\/vc_column][\/mk_page_section][mk_page_section bg_color=&#8221;#f2f2f2&#8243; padding_top=&#8221;25&#8243; sidebar=&#8221;sidebar-1&#8243;][vc_column css=&#8221;.vc_custom_1534796504266{padding-right: 35px !important;}&#8221;][mk_fancy_title color=&#8221;#53565a&#8221; size=&#8221;38&#8243; force_font_size=&#8221;true&#8221; size_phone=&#8221;26&#8243; line_height=&#8221;120&#8243; font_weight=&#8221;300&#8243; txt_transform=&#8221;none&#8221; margin_bottom=&#8221;0&#8243; font_family=&#8221;Roboto&#8221; font_type=&#8221;google&#8221; responsive_align=&#8221;left&#8221;]Consejos Nacionales[\/mk_fancy_title][vc_column_text css=&#8221;.vc_custom_1550856759201{margin-bottom: 0px !important;}&#8221;]Los Consejos Nacionales dise\u00f1an e implementan actividades pertinentes que [&hellip;]<\/p>\n","protected":false},"author":3,"featured_media":0,"parent":9678,"menu_order":0,"comment_status":"closed","ping_status":"closed","template":"","meta":{"nf_dc_page":"","footnotes":""},"class_list":["post-9680","page","type-page","status-publish","hentry"],"yoast_head":"<!-- This site is optimized with the Yoast SEO plugin v27.5 - https:\/\/yoast.com\/product\/yoast-seo-wordpress\/ -->\n<title>Comit\u00e9 de los Estados Unidos &#8211; WHSRN<\/title>\n<meta name=\"robots\" content=\"index, follow, max-snippet:-1, max-image-preview:large, max-video-preview:-1\" \/>\n<link rel=\"canonical\" href=\"https:\/\/whsrn.org\/es\/acerca-de-whsrn\/organos-de-gobierno\/comite-de-los-estados-unidos\/\" \/>\n<meta property=\"og:locale\" content=\"es_ES\" \/>\n<meta property=\"og:type\" content=\"article\" \/>\n<meta property=\"og:title\" content=\"Comit\u00e9 de los Estados Unidos &#8211; WHSRN\" \/>\n<meta property=\"og:description\" content=\"[mk_page_section bg_image=&#8221;https:\/\/whsrn.org\/wp-content\/uploads\/2019\/03\/governingbodies_header-1.jpg&#8221; bg_color=&#8221;#5e5e5e&#8221; bg_position=&#8221;center center&#8221; bg_repeat=&#8221;no-repeat&#8221; bg_stretch=&#8221;true&#8221; video_color_mask=&#8221;#cccccc&#8221; video_opacity=&#8221;.3&#8243; min_height=&#8221;325&#8243; sidebar=&#8221;sidebar-1&#8243;][vc_column][mk_padding_divider size=&#8221;120&#8243;][mk_padding_divider size=&#8221;30&#8243; visibility=&#8221;visible-sm&#8221;][mk_fancy_title tag_name=&#8221;h1&#8243; color=&#8221;#ffffff&#8221; size=&#8221;75&#8243; force_font_size=&#8221;true&#8221; size_phone=&#8221;42&#8243; font_weight=&#8221;900&#8243; font_family=&#8221;Roboto+Condensed&#8221; font_type=&#8221;google&#8221; align=&#8221;center&#8221;]\u00d3rganos de Gobernanza [\/mk_fancy_title][\/vc_column][\/mk_page_section][mk_page_section bg_color=&#8221;#f2f2f2&#8243; padding_top=&#8221;25&#8243; sidebar=&#8221;sidebar-1&#8243;][vc_column css=&#8221;.vc_custom_1534796504266{padding-right: 35px !important;}&#8221;][mk_fancy_title color=&#8221;#53565a&#8221; size=&#8221;38&#8243; force_font_size=&#8221;true&#8221; size_phone=&#8221;26&#8243; line_height=&#8221;120&#8243; font_weight=&#8221;300&#8243; txt_transform=&#8221;none&#8221; margin_bottom=&#8221;0&#8243; font_family=&#8221;Roboto&#8221; font_type=&#8221;google&#8221; responsive_align=&#8221;left&#8221;]Consejos Nacionales[\/mk_fancy_title][vc_column_text css=&#8221;.vc_custom_1550856759201{margin-bottom: 0px !important;}&#8221;]Los Consejos Nacionales dise\u00f1an e implementan actividades pertinentes que [&hellip;]\" \/>\n<meta property=\"og:url\" content=\"https:\/\/whsrn.org\/es\/acerca-de-whsrn\/organos-de-gobierno\/comite-de-los-estados-unidos\/\" \/>\n<meta property=\"og:site_name\" content=\"WHSRN\" \/>\n<meta property=\"article:publisher\" content=\"https:\/\/www.facebook.com\/WHSRN\" \/>\n<meta property=\"article:modified_time\" content=\"2020-04-02T16:14:29+00:00\" \/>\n<meta name=\"twitter:card\" content=\"summary_large_image\" \/>\n<meta name=\"twitter:site\" content=\"@WHSRN\" \/>\n<meta name=\"twitter:label1\" content=\"Tiempo de lectura\" \/>\n\t<meta name=\"twitter:data1\" content=\"5 minutos\" \/>\n<script type=\"application\/ld+json\" class=\"yoast-schema-graph\">{\"@context\":\"https:\\\/\\\/schema.org\",\"@graph\":[{\"@type\":\"WebPage\",\"@id\":\"https:\\\/\\\/whsrn.org\\\/es\\\/acerca-de-whsrn\\\/organos-de-gobierno\\\/comite-de-los-estados-unidos\\\/\",\"url\":\"https:\\\/\\\/whsrn.org\\\/es\\\/acerca-de-whsrn\\\/organos-de-gobierno\\\/comite-de-los-estados-unidos\\\/\",\"name\":\"Comit\u00e9 de los Estados Unidos &#8211; WHSRN\",\"isPartOf\":{\"@id\":\"https:\\\/\\\/whsrn.org\\\/es\\\/#website\"},\"datePublished\":\"2019-05-22T19:14:02+00:00\",\"dateModified\":\"2020-04-02T16:14:29+00:00\",\"breadcrumb\":{\"@id\":\"https:\\\/\\\/whsrn.org\\\/es\\\/acerca-de-whsrn\\\/organos-de-gobierno\\\/comite-de-los-estados-unidos\\\/#breadcrumb\"},\"inLanguage\":\"es\",\"potentialAction\":[{\"@type\":\"ReadAction\",\"target\":[\"https:\\\/\\\/whsrn.org\\\/es\\\/acerca-de-whsrn\\\/organos-de-gobierno\\\/comite-de-los-estados-unidos\\\/\"]}]},{\"@type\":\"BreadcrumbList\",\"@id\":\"https:\\\/\\\/whsrn.org\\\/es\\\/acerca-de-whsrn\\\/organos-de-gobierno\\\/comite-de-los-estados-unidos\\\/#breadcrumb\",\"itemListElement\":[{\"@type\":\"ListItem\",\"position\":1,\"name\":\"Home\",\"item\":\"https:\\\/\\\/whsrn.org\\\/es\\\/\"},{\"@type\":\"ListItem\",\"position\":2,\"name\":\"Acerca de WHSRN\",\"item\":\"https:\\\/\\\/whsrn.org\\\/es\\\/acerca-de-whsrn\\\/\"},{\"@type\":\"ListItem\",\"position\":3,\"name\":\"\u00d3rganos de Gobernanza\",\"item\":\"https:\\\/\\\/whsrn.org\\\/es\\\/acerca-de-whsrn\\\/organos-de-gobierno\\\/\"},{\"@type\":\"ListItem\",\"position\":4,\"name\":\"Comit\u00e9 de los Estados Unidos\"}]},{\"@type\":\"WebSite\",\"@id\":\"https:\\\/\\\/whsrn.org\\\/es\\\/#website\",\"url\":\"https:\\\/\\\/whsrn.org\\\/es\\\/\",\"name\":\"WHSRN\",\"description\":\"Western Hemisphere Shorebird Reserve Network\",\"publisher\":{\"@id\":\"https:\\\/\\\/whsrn.org\\\/es\\\/#organization\"},\"potentialAction\":[{\"@type\":\"SearchAction\",\"target\":{\"@type\":\"EntryPoint\",\"urlTemplate\":\"https:\\\/\\\/whsrn.org\\\/es\\\/?s={search_term_string}\"},\"query-input\":{\"@type\":\"PropertyValueSpecification\",\"valueRequired\":true,\"valueName\":\"search_term_string\"}}],\"inLanguage\":\"es\"},{\"@type\":\"Organization\",\"@id\":\"https:\\\/\\\/whsrn.org\\\/es\\\/#organization\",\"name\":\"Western Hemisphere Shorebird Reserve Network\",\"url\":\"https:\\\/\\\/whsrn.org\\\/es\\\/\",\"logo\":{\"@type\":\"ImageObject\",\"inLanguage\":\"es\",\"@id\":\"https:\\\/\\\/whsrn.org\\\/es\\\/#\\\/schema\\\/logo\\\/image\\\/\",\"url\":\"https:\\\/\\\/whsrn.org\\\/wp-content\\\/uploads\\\/2021\\\/01\\\/whsrn_nostrapline_square.png\",\"contentUrl\":\"https:\\\/\\\/whsrn.org\\\/wp-content\\\/uploads\\\/2021\\\/01\\\/whsrn_nostrapline_square.png\",\"width\":800,\"height\":800,\"caption\":\"Western Hemisphere Shorebird Reserve Network\"},\"image\":{\"@id\":\"https:\\\/\\\/whsrn.org\\\/es\\\/#\\\/schema\\\/logo\\\/image\\\/\"},\"sameAs\":[\"https:\\\/\\\/www.facebook.com\\\/WHSRN\",\"https:\\\/\\\/x.com\\\/WHSRN\",\"https:\\\/\\\/www.youtube.com\\\/channel\\\/UCDMz2oCsiK8e03UxFhHhdEA\"]}]}<\/script>\n<!-- \/ Yoast SEO plugin. -->","yoast_head_json":{"title":"Comit\u00e9 de los Estados Unidos &#8211; WHSRN","robots":{"index":"index","follow":"follow","max-snippet":"max-snippet:-1","max-image-preview":"max-image-preview:large","max-video-preview":"max-video-preview:-1"},"canonical":"https:\/\/whsrn.org\/es\/acerca-de-whsrn\/organos-de-gobierno\/comite-de-los-estados-unidos\/","og_locale":"es_ES","og_type":"article","og_title":"Comit\u00e9 de los Estados Unidos &#8211; WHSRN","og_description":"[mk_page_section bg_image=&#8221;https:\/\/whsrn.org\/wp-content\/uploads\/2019\/03\/governingbodies_header-1.jpg&#8221; bg_color=&#8221;#5e5e5e&#8221; bg_position=&#8221;center center&#8221; bg_repeat=&#8221;no-repeat&#8221; bg_stretch=&#8221;true&#8221; video_color_mask=&#8221;#cccccc&#8221; video_opacity=&#8221;.3&#8243; min_height=&#8221;325&#8243; sidebar=&#8221;sidebar-1&#8243;][vc_column][mk_padding_divider size=&#8221;120&#8243;][mk_padding_divider size=&#8221;30&#8243; visibility=&#8221;visible-sm&#8221;][mk_fancy_title tag_name=&#8221;h1&#8243; color=&#8221;#ffffff&#8221; size=&#8221;75&#8243; force_font_size=&#8221;true&#8221; size_phone=&#8221;42&#8243; font_weight=&#8221;900&#8243; font_family=&#8221;Roboto+Condensed&#8221; font_type=&#8221;google&#8221; align=&#8221;center&#8221;]\u00d3rganos de Gobernanza [\/mk_fancy_title][\/vc_column][\/mk_page_section][mk_page_section bg_color=&#8221;#f2f2f2&#8243; padding_top=&#8221;25&#8243; sidebar=&#8221;sidebar-1&#8243;][vc_column css=&#8221;.vc_custom_1534796504266{padding-right: 35px !important;}&#8221;][mk_fancy_title color=&#8221;#53565a&#8221; size=&#8221;38&#8243; force_font_size=&#8221;true&#8221; size_phone=&#8221;26&#8243; line_height=&#8221;120&#8243; font_weight=&#8221;300&#8243; txt_transform=&#8221;none&#8221; margin_bottom=&#8221;0&#8243; font_family=&#8221;Roboto&#8221; font_type=&#8221;google&#8221; responsive_align=&#8221;left&#8221;]Consejos Nacionales[\/mk_fancy_title][vc_column_text css=&#8221;.vc_custom_1550856759201{margin-bottom: 0px !important;}&#8221;]Los Consejos Nacionales dise\u00f1an e implementan actividades pertinentes que [&hellip;]","og_url":"https:\/\/whsrn.org\/es\/acerca-de-whsrn\/organos-de-gobierno\/comite-de-los-estados-unidos\/","og_site_name":"WHSRN","article_publisher":"https:\/\/www.facebook.com\/WHSRN","article_modified_time":"2020-04-02T16:14:29+00:00","twitter_card":"summary_large_image","twitter_site":"@WHSRN","twitter_misc":{"Tiempo de lectura":"5 minutos"},"schema":{"@context":"https:\/\/schema.org","@graph":[{"@type":"WebPage","@id":"https:\/\/whsrn.org\/es\/acerca-de-whsrn\/organos-de-gobierno\/comite-de-los-estados-unidos\/","url":"https:\/\/whsrn.org\/es\/acerca-de-whsrn\/organos-de-gobierno\/comite-de-los-estados-unidos\/","name":"Comit\u00e9 de los Estados Unidos &#8211; WHSRN","isPartOf":{"@id":"https:\/\/whsrn.org\/es\/#website"},"datePublished":"2019-05-22T19:14:02+00:00","dateModified":"2020-04-02T16:14:29+00:00","breadcrumb":{"@id":"https:\/\/whsrn.org\/es\/acerca-de-whsrn\/organos-de-gobierno\/comite-de-los-estados-unidos\/#breadcrumb"},"inLanguage":"es","potentialAction":[{"@type":"ReadAction","target":["https:\/\/whsrn.org\/es\/acerca-de-whsrn\/organos-de-gobierno\/comite-de-los-estados-unidos\/"]}]},{"@type":"BreadcrumbList","@id":"https:\/\/whsrn.org\/es\/acerca-de-whsrn\/organos-de-gobierno\/comite-de-los-estados-unidos\/#breadcrumb","itemListElement":[{"@type":"ListItem","position":1,"name":"Home","item":"https:\/\/whsrn.org\/es\/"},{"@type":"ListItem","position":2,"name":"Acerca de WHSRN","item":"https:\/\/whsrn.org\/es\/acerca-de-whsrn\/"},{"@type":"ListItem","position":3,"name":"\u00d3rganos de Gobernanza","item":"https:\/\/whsrn.org\/es\/acerca-de-whsrn\/organos-de-gobierno\/"},{"@type":"ListItem","position":4,"name":"Comit\u00e9 de los Estados Unidos"}]},{"@type":"WebSite","@id":"https:\/\/whsrn.org\/es\/#website","url":"https:\/\/whsrn.org\/es\/","name":"WHSRN","description":"Western Hemisphere Shorebird Reserve Network","publisher":{"@id":"https:\/\/whsrn.org\/es\/#organization"},"potentialAction":[{"@type":"SearchAction","target":{"@type":"EntryPoint","urlTemplate":"https:\/\/whsrn.org\/es\/?s={search_term_string}"},"query-input":{"@type":"PropertyValueSpecification","valueRequired":true,"valueName":"search_term_string"}}],"inLanguage":"es"},{"@type":"Organization","@id":"https:\/\/whsrn.org\/es\/#organization","name":"Western Hemisphere Shorebird Reserve Network","url":"https:\/\/whsrn.org\/es\/","logo":{"@type":"ImageObject","inLanguage":"es","@id":"https:\/\/whsrn.org\/es\/#\/schema\/logo\/image\/","url":"https:\/\/whsrn.org\/wp-content\/uploads\/2021\/01\/whsrn_nostrapline_square.png","contentUrl":"https:\/\/whsrn.org\/wp-content\/uploads\/2021\/01\/whsrn_nostrapline_square.png","width":800,"height":800,"caption":"Western Hemisphere Shorebird Reserve Network"},"image":{"@id":"https:\/\/whsrn.org\/es\/#\/schema\/logo\/image\/"},"sameAs":["https:\/\/www.facebook.com\/WHSRN","https:\/\/x.com\/WHSRN","https:\/\/www.youtube.com\/channel\/UCDMz2oCsiK8e03UxFhHhdEA"]}]}},"_links":{"self":[{"href":"https:\/\/whsrn.org\/es\/wp-json\/wp\/v2\/pages\/9680","targetHints":{"allow":["GET"]}}],"collection":[{"href":"https:\/\/whsrn.org\/es\/wp-json\/wp\/v2\/pages"}],"about":[{"href":"https:\/\/whsrn.org\/es\/wp-json\/wp\/v2\/types\/page"}],"author":[{"embeddable":true,"href":"https:\/\/whsrn.org\/es\/wp-json\/wp\/v2\/users\/3"}],"replies":[{"embeddable":true,"href":"https:\/\/whsrn.org\/es\/wp-json\/wp\/v2\/comments?post=9680"}],"version-history":[{"count":5,"href":"https:\/\/whsrn.org\/es\/wp-json\/wp\/v2\/pages\/9680\/revisions"}],"predecessor-version":[{"id":12914,"href":"https:\/\/whsrn.org\/es\/wp-json\/wp\/v2\/pages\/9680\/revisions\/12914"}],"up":[{"embeddable":true,"href":"https:\/\/whsrn.org\/es\/wp-json\/wp\/v2\/pages\/9678"}],"wp:attachment":[{"href":"https:\/\/whsrn.org\/es\/wp-json\/wp\/v2\/media?parent=9680"}],"curies":[{"name":"wp","href":"https:\/\/api.w.org\/{rel}","templated":true}]}}