{"id":9616,"date":"2019-05-16T20:14:06","date_gmt":"2019-05-16T20:14:06","guid":{"rendered":"https:\/\/whsrn.org\/modificacion-de-sitios\/"},"modified":"2022-04-23T00:37:25","modified_gmt":"2022-04-23T00:37:25","slug":"modificacion-de-sitios","status":"publish","type":"page","link":"https:\/\/whsrn.org\/es\/por-que-whsrn\/modificacion-de-sitios\/","title":{"rendered":"Modificaci\u00f3n de Sitios"},"content":{"rendered":"[mk_page_section bg_image=&#8221;https:\/\/whsrn.org\/wp-content\/uploads\/2019\/03\/sitemodification_header-1.jpg&#8221; bg_color=&#8221;#5e5e5e&#8221; bg_position=&#8221;center center&#8221; bg_repeat=&#8221;no-repeat&#8221; bg_stretch=&#8221;true&#8221; video_color_mask=&#8221;#cccccc&#8221; video_opacity=&#8221;.4&#8243; min_height=&#8221;325&#8243; sidebar=&#8221;sidebar-1&#8243;][vc_column][mk_padding_divider size=&#8221;120&#8243;][mk_padding_divider size=&#8221;30&#8243;][mk_fancy_title tag_name=&#8221;h1&#8243; color=&#8221;#ffffff&#8221; size=&#8221;75&#8243; force_font_size=&#8221;true&#8221; size_phone=&#8221;42&#8243; line_height=&#8221;95&#8243; font_weight=&#8221;900&#8243; font_family=&#8221;Roboto+Condensed&#8221; font_type=&#8221;google&#8221; align=&#8221;center&#8221;]Modificaci\u00f3n de Sitios[\/mk_fancy_title][\/vc_column][\/mk_page_section][mk_page_section padding_top=&#8221;45&#8243; padding_bottom=&#8221;35&#8243; sidebar=&#8221;sidebar-1&#8243;][vc_column width=&#8221;1\/6&#8243; css=&#8221;.vc_custom_1534796504266{padding-right: 35px !important;}&#8221;][\/vc_column][vc_column width=&#8221;2\/3&#8243;][mk_fancy_title color=&#8221;#005695&#8243; size=&#8221;26&#8243; font_weight=&#8221;300&#8243; txt_transform=&#8221;none&#8221; margin_bottom=&#8221;0&#8243; font_family=&#8221;none&#8221; responsive_align=&#8221;left&#8221;]Criterios para Modificar Sitios[\/mk_fancy_title][vc_column_text css=&#8221;.vc_custom_1543618746520{margin-bottom: 0px !important;}&#8221;]Proponer una modificaci\u00f3n a un sitio WHSRN existente \u2013 como l\u00edmite, categor\u00eda, propietario\/ autoridad de manejo, o nombre del sitio es bastante simple, y no requiere completar un Formulario de Nominaci\u00f3n. Complete el Formulario de Modificaci\u00f3n del Sitio y prepare los materiales de apoyo requeridos para la modificaci\u00f3n propuesta. La solicitud de modificaci\u00f3n ser\u00e1 revisada por revisores externos y debe ser aprobada por el Consejo Hemisf\u00e9rico.[\/vc_column_text][\/vc_column][vc_column width=&#8221;1\/6&#8243;][\/vc_column][\/mk_page_section][mk_page_section bg_stretch=&#8221;true&#8221; padding_top=&#8221;20&#8243; padding_bottom=&#8221;50&#8243; sidebar=&#8221;sidebar-1&#8243;][vc_column css=&#8221;.vc_custom_1534952339599{padding-right: 35px !important;padding-left: 35px !important;}&#8221;][mk_circle_image src=&#8221;https:\/\/whsrn.org\/wp-content\/uploads\/2018\/03\/medalandbbsa_feature.jpg&#8221; image_diameter=&#8221;200&#8243;][mk_fancy_title tag_name=&#8221;h4&#8243; color=&#8221;#53565a&#8221; size=&#8221;18&#8243; line_height=&#8221;80&#8243; font_weight=&#8221;bold&#8221; txt_transform=&#8221;uppercase&#8221; letter_spacing=&#8221;2&#8243; margin_top=&#8221;50&#8243; margin_bottom=&#8221;0&#8243; font_family=&#8221;Roboto&#8221; font_type=&#8221;google&#8221; align=&#8221;center&#8221;]Lista de Verificaci\u00f3n[\/mk_fancy_title][mk_divider style=&#8221;thick_solid&#8221; divider_width=&#8221;custom_width&#8221; custom_width=&#8221;75&#8243; border_color=&#8221;#53565a&#8221; margin_top=&#8221;0&#8243; margin_bottom=&#8221;0&#8243;][\/vc_column][\/mk_page_section][vc_row attached=&#8221;true&#8221; column_padding=&#8221;5&#8243;][vc_column width=&#8221;1\/2&#8243;][mk_custom_list]<strong>Para modificaci\u00f3n de L\u00edmites: <\/strong><\/p>\n<ul>\n<li>Mapa (imagen) mostrando claramente los l\u00edmites actuales y nuevos<\/li>\n<li>Los archivos SIG o Google Earth con nuevos l\u00edmites<\/li>\n<li>Cartas de compromiso de cualquier nuevo propietario\/administrador<\/li>\n<li>Cartas de apoyo de los interesados (si corresponde)<\/li>\n<\/ul>\n<p>&nbsp;<\/p>\n<p><strong>Para modificaciones de Categor\u00eda:<\/strong><\/p>\n<ul>\n<li>Datos espec\u00edficos de las especies actualizados usando la tabla proporcionada<\/li>\n<li>Cartas de compromiso de propietarios\/administradores<\/li>\n<li>Cartas de apoyo de los interesados (si corresponde)<\/li>\n<\/ul>\n[\/mk_custom_list][\/vc_column][vc_column width=&#8221;1\/2&#8243;][mk_custom_list]<strong>Para modificaciones de Escala:<\/strong><\/p>\n<ul>\n<li>Cartas de compromiso de propietarios\/administradores<\/li>\n<li>Cartas de apoyo de los interesados (si corresponde)<\/li>\n<\/ul>\n<p>&nbsp;<\/p>\n<p><strong>Para las modificaciones de Propietarios o Autoridad de Manejo:<\/strong><\/p>\n<ul>\n<li>Cartas de compromiso de propietarios\/administradores<\/li>\n<\/ul>\n<p>&nbsp;<\/p>\n<p><strong>Para modificaciones del Nombre de Sitio:<\/strong><\/p>\n<ul>\n<li>Cartas de apoyo de propietarios\/administradores, y cualquier interesado pertinente (si corresponde).<\/li>\n<\/ul>\n[\/mk_custom_list][\/vc_column][\/vc_row][mk_page_section bg_color=&#8221;#ffffff&#8221; padding_bottom=&#8221;80&#8243; sidebar=&#8221;sidebar-1&#8243;][vc_column width=&#8221;1\/6&#8243; css=&#8221;.vc_custom_1534796504266{padding-right: 35px !important;}&#8221;][\/vc_column][vc_column width=&#8221;2\/3&#8243;][mk_button dimension=&#8221;flat&#8221; size=&#8221;large&#8221; letter_spacing=&#8221;2&#8243; url=&#8221;https:\/\/whsrn.org\/wp-content\/uploads\/2022\/04\/site_modification_requestform_04.2022_es.pdf&#8221; align=&#8221;center&#8221; margin_top=&#8221;25&#8243; bg_color=&#8221;#005695&#8243; btn_hover_bg=&#8221;#f2f2f2&#8243; btn_hover_txt_color=&#8221;#005695&#8243;]FORMULARIO DE MODIFICACI\u00d3N DEL SITIO[\/mk_button][\/vc_column][vc_column width=&#8221;1\/6&#8243;][\/vc_column][\/mk_page_section][vc_row][vc_column][mk_fancy_title tag_name=&#8221;span&#8221; color=&#8221;#3d4045&#8243; size=&#8221;12&#8243; font_weight=&#8221;400&#8243; font_family=&#8221;none&#8221;]<strong>Foto de Portada: Alcarav\u00e1n Venezolano (<em>Burhinus bistriatus<\/em>). Foto: <em>Maina Handmaker<\/em><\/strong>[\/mk_fancy_title][\/vc_column][\/vc_row]\n","protected":false},"excerpt":{"rendered":"<p>[mk_page_section bg_image=&#8221;https:\/\/whsrn.org\/wp-content\/uploads\/2019\/03\/sitemodification_header-1.jpg&#8221; bg_color=&#8221;#5e5e5e&#8221; bg_position=&#8221;center center&#8221; bg_repeat=&#8221;no-repeat&#8221; bg_stretch=&#8221;true&#8221; video_color_mask=&#8221;#cccccc&#8221; video_opacity=&#8221;.4&#8243; min_height=&#8221;325&#8243; sidebar=&#8221;sidebar-1&#8243;][vc_column][mk_padding_divider size=&#8221;120&#8243;][mk_padding_divider size=&#8221;30&#8243;][mk_fancy_title tag_name=&#8221;h1&#8243; color=&#8221;#ffffff&#8221; size=&#8221;75&#8243; force_font_size=&#8221;true&#8221; size_phone=&#8221;42&#8243; line_height=&#8221;95&#8243; font_weight=&#8221;900&#8243; font_family=&#8221;Roboto+Condensed&#8221; font_type=&#8221;google&#8221; align=&#8221;center&#8221;]Modificaci\u00f3n de Sitios[\/mk_fancy_title][\/vc_column][\/mk_page_section][mk_page_section padding_top=&#8221;45&#8243; padding_bottom=&#8221;35&#8243; sidebar=&#8221;sidebar-1&#8243;][vc_column width=&#8221;1\/6&#8243; css=&#8221;.vc_custom_1534796504266{padding-right: 35px !important;}&#8221;][\/vc_column][vc_column width=&#8221;2\/3&#8243;][mk_fancy_title color=&#8221;#005695&#8243; size=&#8221;26&#8243; font_weight=&#8221;300&#8243; txt_transform=&#8221;none&#8221; margin_bottom=&#8221;0&#8243; font_family=&#8221;none&#8221; responsive_align=&#8221;left&#8221;]Criterios para Modificar Sitios[\/mk_fancy_title][vc_column_text css=&#8221;.vc_custom_1543618746520{margin-bottom: 0px !important;}&#8221;]Proponer una modificaci\u00f3n a un sitio WHSRN existente \u2013 como [&hellip;]<\/p>\n","protected":false},"author":3,"featured_media":0,"parent":9738,"menu_order":0,"comment_status":"closed","ping_status":"closed","template":"","meta":{"nf_dc_page":"","footnotes":""},"class_list":["post-9616","page","type-page","status-publish","hentry"],"yoast_head":"<!-- This site is optimized with the Yoast SEO plugin v27.2 - https:\/\/yoast.com\/product\/yoast-seo-wordpress\/ -->\n<title>Modificaci\u00f3n de Sitios &#8211; WHSRN<\/title>\n<meta name=\"robots\" content=\"index, follow, max-snippet:-1, max-image-preview:large, max-video-preview:-1\" \/>\n<link rel=\"canonical\" href=\"https:\/\/whsrn.org\/es\/por-que-whsrn\/modificacion-de-sitios\/\" \/>\n<meta property=\"og:locale\" content=\"es_ES\" \/>\n<meta property=\"og:type\" content=\"article\" \/>\n<meta property=\"og:title\" content=\"Modificaci\u00f3n de Sitios &#8211; WHSRN\" \/>\n<meta property=\"og:description\" content=\"[mk_page_section bg_image=&#8221;https:\/\/whsrn.org\/wp-content\/uploads\/2019\/03\/sitemodification_header-1.jpg&#8221; bg_color=&#8221;#5e5e5e&#8221; bg_position=&#8221;center center&#8221; bg_repeat=&#8221;no-repeat&#8221; bg_stretch=&#8221;true&#8221; video_color_mask=&#8221;#cccccc&#8221; video_opacity=&#8221;.4&#8243; min_height=&#8221;325&#8243; sidebar=&#8221;sidebar-1&#8243;][vc_column][mk_padding_divider size=&#8221;120&#8243;][mk_padding_divider size=&#8221;30&#8243;][mk_fancy_title tag_name=&#8221;h1&#8243; color=&#8221;#ffffff&#8221; size=&#8221;75&#8243; force_font_size=&#8221;true&#8221; size_phone=&#8221;42&#8243; line_height=&#8221;95&#8243; font_weight=&#8221;900&#8243; font_family=&#8221;Roboto+Condensed&#8221; font_type=&#8221;google&#8221; align=&#8221;center&#8221;]Modificaci\u00f3n de Sitios[\/mk_fancy_title][\/vc_column][\/mk_page_section][mk_page_section padding_top=&#8221;45&#8243; padding_bottom=&#8221;35&#8243; sidebar=&#8221;sidebar-1&#8243;][vc_column width=&#8221;1\/6&#8243; css=&#8221;.vc_custom_1534796504266{padding-right: 35px !important;}&#8221;][\/vc_column][vc_column width=&#8221;2\/3&#8243;][mk_fancy_title color=&#8221;#005695&#8243; size=&#8221;26&#8243; font_weight=&#8221;300&#8243; txt_transform=&#8221;none&#8221; margin_bottom=&#8221;0&#8243; font_family=&#8221;none&#8221; responsive_align=&#8221;left&#8221;]Criterios para Modificar Sitios[\/mk_fancy_title][vc_column_text css=&#8221;.vc_custom_1543618746520{margin-bottom: 0px !important;}&#8221;]Proponer una modificaci\u00f3n a un sitio WHSRN existente \u2013 como [&hellip;]\" \/>\n<meta property=\"og:url\" content=\"https:\/\/whsrn.org\/es\/por-que-whsrn\/modificacion-de-sitios\/\" \/>\n<meta property=\"og:site_name\" content=\"WHSRN\" \/>\n<meta property=\"article:publisher\" content=\"https:\/\/www.facebook.com\/WHSRN\" \/>\n<meta property=\"article:modified_time\" content=\"2022-04-23T00:37:25+00:00\" \/>\n<meta name=\"twitter:card\" content=\"summary_large_image\" \/>\n<meta name=\"twitter:site\" content=\"@WHSRN\" \/>\n<meta name=\"twitter:label1\" content=\"Tiempo de lectura\" \/>\n\t<meta name=\"twitter:data1\" content=\"3 minutos\" \/>\n<script type=\"application\/ld+json\" class=\"yoast-schema-graph\">{\"@context\":\"https:\/\/schema.org\",\"@graph\":[{\"@type\":\"WebPage\",\"@id\":\"https:\/\/whsrn.org\/es\/por-que-whsrn\/modificacion-de-sitios\/\",\"url\":\"https:\/\/whsrn.org\/es\/por-que-whsrn\/modificacion-de-sitios\/\",\"name\":\"Modificaci\u00f3n de Sitios &#8211; WHSRN\",\"isPartOf\":{\"@id\":\"https:\/\/whsrn.org\/es\/#website\"},\"datePublished\":\"2019-05-16T20:14:06+00:00\",\"dateModified\":\"2022-04-23T00:37:25+00:00\",\"breadcrumb\":{\"@id\":\"https:\/\/whsrn.org\/es\/por-que-whsrn\/modificacion-de-sitios\/#breadcrumb\"},\"inLanguage\":\"es\",\"potentialAction\":[{\"@type\":\"ReadAction\",\"target\":[\"https:\/\/whsrn.org\/es\/por-que-whsrn\/modificacion-de-sitios\/\"]}]},{\"@type\":\"BreadcrumbList\",\"@id\":\"https:\/\/whsrn.org\/es\/por-que-whsrn\/modificacion-de-sitios\/#breadcrumb\",\"itemListElement\":[{\"@type\":\"ListItem\",\"position\":1,\"name\":\"Home\",\"item\":\"https:\/\/whsrn.org\/es\/\"},{\"@type\":\"ListItem\",\"position\":2,\"name\":\"Por Qu\u00e9 WHSRN?\",\"item\":\"https:\/\/whsrn.org\/es\/por-que-whsrn\/\"},{\"@type\":\"ListItem\",\"position\":3,\"name\":\"Modificaci\u00f3n de Sitios\"}]},{\"@type\":\"WebSite\",\"@id\":\"https:\/\/whsrn.org\/es\/#website\",\"url\":\"https:\/\/whsrn.org\/es\/\",\"name\":\"WHSRN\",\"description\":\"Western Hemisphere Shorebird Reserve Network\",\"publisher\":{\"@id\":\"https:\/\/whsrn.org\/es\/#organization\"},\"potentialAction\":[{\"@type\":\"SearchAction\",\"target\":{\"@type\":\"EntryPoint\",\"urlTemplate\":\"https:\/\/whsrn.org\/es\/?s={search_term_string}\"},\"query-input\":{\"@type\":\"PropertyValueSpecification\",\"valueRequired\":true,\"valueName\":\"search_term_string\"}}],\"inLanguage\":\"es\"},{\"@type\":\"Organization\",\"@id\":\"https:\/\/whsrn.org\/es\/#organization\",\"name\":\"Western Hemisphere Shorebird Reserve Network\",\"url\":\"https:\/\/whsrn.org\/es\/\",\"logo\":{\"@type\":\"ImageObject\",\"inLanguage\":\"es\",\"@id\":\"https:\/\/whsrn.org\/es\/#\/schema\/logo\/image\/\",\"url\":\"https:\/\/whsrn.org\/wp-content\/uploads\/2021\/01\/whsrn_nostrapline_square.png\",\"contentUrl\":\"https:\/\/whsrn.org\/wp-content\/uploads\/2021\/01\/whsrn_nostrapline_square.png\",\"width\":800,\"height\":800,\"caption\":\"Western Hemisphere Shorebird Reserve Network\"},\"image\":{\"@id\":\"https:\/\/whsrn.org\/es\/#\/schema\/logo\/image\/\"},\"sameAs\":[\"https:\/\/www.facebook.com\/WHSRN\",\"https:\/\/x.com\/WHSRN\",\"https:\/\/www.youtube.com\/channel\/UCDMz2oCsiK8e03UxFhHhdEA\"]}]}<\/script>\n<!-- \/ Yoast SEO plugin. -->","yoast_head_json":{"title":"Modificaci\u00f3n de Sitios &#8211; WHSRN","robots":{"index":"index","follow":"follow","max-snippet":"max-snippet:-1","max-image-preview":"max-image-preview:large","max-video-preview":"max-video-preview:-1"},"canonical":"https:\/\/whsrn.org\/es\/por-que-whsrn\/modificacion-de-sitios\/","og_locale":"es_ES","og_type":"article","og_title":"Modificaci\u00f3n de Sitios &#8211; WHSRN","og_description":"[mk_page_section bg_image=&#8221;https:\/\/whsrn.org\/wp-content\/uploads\/2019\/03\/sitemodification_header-1.jpg&#8221; bg_color=&#8221;#5e5e5e&#8221; bg_position=&#8221;center center&#8221; bg_repeat=&#8221;no-repeat&#8221; bg_stretch=&#8221;true&#8221; video_color_mask=&#8221;#cccccc&#8221; video_opacity=&#8221;.4&#8243; min_height=&#8221;325&#8243; sidebar=&#8221;sidebar-1&#8243;][vc_column][mk_padding_divider size=&#8221;120&#8243;][mk_padding_divider size=&#8221;30&#8243;][mk_fancy_title tag_name=&#8221;h1&#8243; color=&#8221;#ffffff&#8221; size=&#8221;75&#8243; force_font_size=&#8221;true&#8221; size_phone=&#8221;42&#8243; line_height=&#8221;95&#8243; font_weight=&#8221;900&#8243; font_family=&#8221;Roboto+Condensed&#8221; font_type=&#8221;google&#8221; align=&#8221;center&#8221;]Modificaci\u00f3n de Sitios[\/mk_fancy_title][\/vc_column][\/mk_page_section][mk_page_section padding_top=&#8221;45&#8243; padding_bottom=&#8221;35&#8243; sidebar=&#8221;sidebar-1&#8243;][vc_column width=&#8221;1\/6&#8243; css=&#8221;.vc_custom_1534796504266{padding-right: 35px !important;}&#8221;][\/vc_column][vc_column width=&#8221;2\/3&#8243;][mk_fancy_title color=&#8221;#005695&#8243; size=&#8221;26&#8243; font_weight=&#8221;300&#8243; txt_transform=&#8221;none&#8221; margin_bottom=&#8221;0&#8243; font_family=&#8221;none&#8221; responsive_align=&#8221;left&#8221;]Criterios para Modificar Sitios[\/mk_fancy_title][vc_column_text css=&#8221;.vc_custom_1543618746520{margin-bottom: 0px !important;}&#8221;]Proponer una modificaci\u00f3n a un sitio WHSRN existente \u2013 como [&hellip;]","og_url":"https:\/\/whsrn.org\/es\/por-que-whsrn\/modificacion-de-sitios\/","og_site_name":"WHSRN","article_publisher":"https:\/\/www.facebook.com\/WHSRN","article_modified_time":"2022-04-23T00:37:25+00:00","twitter_card":"summary_large_image","twitter_site":"@WHSRN","twitter_misc":{"Tiempo de lectura":"3 minutos"},"schema":{"@context":"https:\/\/schema.org","@graph":[{"@type":"WebPage","@id":"https:\/\/whsrn.org\/es\/por-que-whsrn\/modificacion-de-sitios\/","url":"https:\/\/whsrn.org\/es\/por-que-whsrn\/modificacion-de-sitios\/","name":"Modificaci\u00f3n de Sitios &#8211; WHSRN","isPartOf":{"@id":"https:\/\/whsrn.org\/es\/#website"},"datePublished":"2019-05-16T20:14:06+00:00","dateModified":"2022-04-23T00:37:25+00:00","breadcrumb":{"@id":"https:\/\/whsrn.org\/es\/por-que-whsrn\/modificacion-de-sitios\/#breadcrumb"},"inLanguage":"es","potentialAction":[{"@type":"ReadAction","target":["https:\/\/whsrn.org\/es\/por-que-whsrn\/modificacion-de-sitios\/"]}]},{"@type":"BreadcrumbList","@id":"https:\/\/whsrn.org\/es\/por-que-whsrn\/modificacion-de-sitios\/#breadcrumb","itemListElement":[{"@type":"ListItem","position":1,"name":"Home","item":"https:\/\/whsrn.org\/es\/"},{"@type":"ListItem","position":2,"name":"Por Qu\u00e9 WHSRN?","item":"https:\/\/whsrn.org\/es\/por-que-whsrn\/"},{"@type":"ListItem","position":3,"name":"Modificaci\u00f3n de Sitios"}]},{"@type":"WebSite","@id":"https:\/\/whsrn.org\/es\/#website","url":"https:\/\/whsrn.org\/es\/","name":"WHSRN","description":"Western Hemisphere Shorebird Reserve Network","publisher":{"@id":"https:\/\/whsrn.org\/es\/#organization"},"potentialAction":[{"@type":"SearchAction","target":{"@type":"EntryPoint","urlTemplate":"https:\/\/whsrn.org\/es\/?s={search_term_string}"},"query-input":{"@type":"PropertyValueSpecification","valueRequired":true,"valueName":"search_term_string"}}],"inLanguage":"es"},{"@type":"Organization","@id":"https:\/\/whsrn.org\/es\/#organization","name":"Western Hemisphere Shorebird Reserve Network","url":"https:\/\/whsrn.org\/es\/","logo":{"@type":"ImageObject","inLanguage":"es","@id":"https:\/\/whsrn.org\/es\/#\/schema\/logo\/image\/","url":"https:\/\/whsrn.org\/wp-content\/uploads\/2021\/01\/whsrn_nostrapline_square.png","contentUrl":"https:\/\/whsrn.org\/wp-content\/uploads\/2021\/01\/whsrn_nostrapline_square.png","width":800,"height":800,"caption":"Western Hemisphere Shorebird Reserve Network"},"image":{"@id":"https:\/\/whsrn.org\/es\/#\/schema\/logo\/image\/"},"sameAs":["https:\/\/www.facebook.com\/WHSRN","https:\/\/x.com\/WHSRN","https:\/\/www.youtube.com\/channel\/UCDMz2oCsiK8e03UxFhHhdEA"]}]}},"_links":{"self":[{"href":"https:\/\/whsrn.org\/es\/wp-json\/wp\/v2\/pages\/9616","targetHints":{"allow":["GET"]}}],"collection":[{"href":"https:\/\/whsrn.org\/es\/wp-json\/wp\/v2\/pages"}],"about":[{"href":"https:\/\/whsrn.org\/es\/wp-json\/wp\/v2\/types\/page"}],"author":[{"embeddable":true,"href":"https:\/\/whsrn.org\/es\/wp-json\/wp\/v2\/users\/3"}],"replies":[{"embeddable":true,"href":"https:\/\/whsrn.org\/es\/wp-json\/wp\/v2\/comments?post=9616"}],"version-history":[{"count":7,"href":"https:\/\/whsrn.org\/es\/wp-json\/wp\/v2\/pages\/9616\/revisions"}],"predecessor-version":[{"id":17560,"href":"https:\/\/whsrn.org\/es\/wp-json\/wp\/v2\/pages\/9616\/revisions\/17560"}],"up":[{"embeddable":true,"href":"https:\/\/whsrn.org\/es\/wp-json\/wp\/v2\/pages\/9738"}],"wp:attachment":[{"href":"https:\/\/whsrn.org\/es\/wp-json\/wp\/v2\/media?parent=9616"}],"curies":[{"name":"wp","href":"https:\/\/api.w.org\/{rel}","templated":true}]}}