{"id":9598,"date":"2019-05-16T13:32:31","date_gmt":"2019-05-16T13:32:31","guid":{"rendered":"https:\/\/whsrn.org\/monitoreo-de-aves-playeras\/"},"modified":"2019-08-21T14:22:05","modified_gmt":"2019-08-21T14:22:05","slug":"monitoreo-de-aves-playeras","status":"publish","type":"page","link":"https:\/\/whsrn.org\/es\/acerca-de-las-aves-playeras\/monitoreo-de-aves-playeras\/","title":{"rendered":"Monitoreo de Aves Playeras"},"content":{"rendered":"[mk_page_section bg_image=&#8221;https:\/\/whsrn.org\/wp-content\/uploads\/2018\/12\/monitoring_header-1.jpg&#8221; bg_image_portrait=&#8221;https:\/\/whsrn.org\/wp-content\/uploads\/2019\/03\/shirebird-monitoring-header.jpg&#8221; bg_color=&#8221;#5e5e5e&#8221; bg_position=&#8221;center center&#8221; bg_repeat=&#8221;no-repeat&#8221; bg_stretch=&#8221;true&#8221; video_color_mask=&#8221;#cccccc&#8221; video_opacity=&#8221;.4&#8243; min_height=&#8221;325&#8243; sidebar=&#8221;sidebar-1&#8243;][vc_column][mk_padding_divider size=&#8221;120&#8243;][mk_padding_divider size=&#8221;10&#8243; visibility=&#8221;visible-sm&#8221;][mk_fancy_title tag_name=&#8221;h1&#8243; color=&#8221;#ffffff&#8221; size=&#8221;75&#8243; force_font_size=&#8221;true&#8221; size_phone=&#8221;42&#8243; line_height=&#8221;110&#8243; font_weight=&#8221;900&#8243; font_family=&#8221;Roboto+Condensed&#8221; font_type=&#8221;google&#8221; align=&#8221;center&#8221;]Monitoreo de Aves Playeras[\/mk_fancy_title][\/vc_column][\/mk_page_section][mk_page_section padding_top=&#8221;45&#8243; padding_bottom=&#8221;35&#8243; sidebar=&#8221;sidebar-1&#8243;][vc_column width=&#8221;1\/6&#8243; css=&#8221;.vc_custom_1534796504266{padding-right: 35px !important;}&#8221;][\/vc_column][vc_column width=&#8221;2\/3&#8243;][mk_fancy_title color=&#8221;#005695&#8243; size=&#8221;26&#8243; font_weight=&#8221;300&#8243; txt_transform=&#8221;none&#8221; margin_bottom=&#8221;0&#8243; font_family=&#8221;none&#8221; responsive_align=&#8221;left&#8221;]El monitoreo proporciona informaci\u00f3n clave para cuantificar la importancia de un sitio para las aves playeras y guiar los esfuerzos de conservaci\u00f3n a largo plazo.[\/mk_fancy_title][vc_column_text css=&#8221;.vc_custom_1551463981205{margin-bottom: 0px !important;}&#8221;]A trav\u00e9s del monitoreo regular, podemos entender el estado de las poblaciones de aves playeras y la condici\u00f3n de los h\u00e1bitats que usan. Las aves son excelentes indicadores de la salud de un ecosistema, y estos datos de monitoreo se utilizan para establecer prioridades de conservaci\u00f3n. Los cambios en la forma en que las aves playeras utilizan un sitio pueden indicar si las condiciones de h\u00e1bitat son deficientes o cambiantes.<\/p>\n<p>Estimaciones de las poblaciones de aves playeras y sus tendencias tambi\u00e9n se basan en programas de monitoreo a largo plazo. La realizaci\u00f3n de censos peri\u00f3dicos durante la temporada no reproductiva, cuando las aves playeras est\u00e1n mayormente concentradas y son m\u00e1s f\u00e1ciles de contar, pueden revelar si los n\u00fameros est\u00e1n cambiando de un a\u00f1o a otro. Si estos censos se llevan a cabo en sitios a lo largo de la distribuci\u00f3n no reproductiva de una especie, se pueden utilizar para estimar el tama\u00f1o poblacional de la especie. La combinaci\u00f3n de varios a\u00f1os de monitoreo proporcionar\u00e1 informaci\u00f3n sobre la tendencia de una poblaci\u00f3n. Estas tendencias se pueden utilizar para evaluar el estado de una especie. <strong>Con base en d\u00e9cadas de datos de monitoreo, muchas especies de aves playeras <a href=\"https:\/\/whsrn.org\/es\/acerca-de-las-aves-playeras\/estado-de-las-aves-playeras\/\" rel=\"noopener noreferrer\">presentan una tendencia poblacional decreciente<\/a>.<\/strong>[\/vc_column_text][\/vc_column][vc_column width=&#8221;1\/6&#8243;][\/vc_column][\/mk_page_section][mk_page_section padding_top=&#8221;0&#8243; padding_bottom=&#8221;35&#8243; sidebar=&#8221;sidebar-1&#8243;][vc_column width=&#8221;1\/6&#8243; css=&#8221;.vc_custom_1534796504266{padding-right: 35px !important;}&#8221;][\/vc_column][vc_column width=&#8221;2\/3&#8243;][mk_fancy_title color=&#8221;#005695&#8243; size=&#8221;26&#8243; font_weight=&#8221;300&#8243; txt_transform=&#8221;none&#8221; margin_bottom=&#8221;0&#8243; font_family=&#8221;none&#8221; responsive_align=&#8221;left&#8221;]Los sitios WHSRN son designados con base en datos de monitoreo.[\/mk_fancy_title][vc_column_text css=&#8221;.vc_custom_1551463992269{margin-bottom: 0px !important;}&#8221;]Cuando un sitio se convierte en parte de WHSRN, ha sido identificado como clave para la conservaci\u00f3n de aves playeras con base en la presencia significativa de aves playeras. Esta significancia es expresada en n\u00fameros, que son, o bien un recuento total superando al menos 20.000 individuos por a\u00f1o, o al menos el 1% de la poblaci\u00f3n biogeogr\u00e1fica de una especie. Estos n\u00fameros provienen de programas de monitoreo, que pueden ser recuentos locales o parte de un programa de monitoreo regional o internacional. <strong>Una vez establecidos estos n\u00fameros, se puede determinar si un sitio es <a href=\"https:\/\/whsrn.org\/es\/por-que-whsrn\/mi-sitio-es-elegible\/\" rel=\"noopener noreferrer\">elegible para unirse a la Red.<\/a><\/strong>[\/vc_column_text][vc_column_text css=&#8221;.vc_custom_1566397320307{margin-bottom: 0px !important;}&#8221;]<strong><a href=\"https:\/\/whsrn.org\/wp-content\/uploads\/2019\/08\/whsrn_thresholds_v2017_08.19_espanol.pdf\">Haga clic aqu\u00ed<\/a> para descargar una lista de las estimaciones actuales de poblaciones de especies de aves playeras en las Am\u00e9ricas y el umbral m\u00ednimo de cada especie para calificar como un Sitio WHSRN.<\/strong>[\/vc_column_text][\/vc_column][vc_column width=&#8221;1\/6&#8243;][\/vc_column][\/mk_page_section][mk_page_section layout_structure=&#8221;half_left&#8221; bg_image=&#8221;https:\/\/whsrn.org\/wp-content\/uploads\/2018\/12\/handmaker_field-trip-to-caulin3.jpg&#8221; bg_color=&#8221;#f2f2f2&#8243; bg_stretch=&#8221;true&#8221; min_height=&#8221;350&#8243; full_width=&#8221;true&#8221; padding_top=&#8221;100&#8243; padding_bottom=&#8221;100&#8243;][vc_column css=&#8221;.vc_custom_1542663852260{padding-right: 70px !important;padding-left: 70px !important;}&#8221;][mk_fancy_title tag_name=&#8221;h3&#8243; color=&#8221;#53565a&#8221; size=&#8221;18&#8243; line_height=&#8221;120&#8243; font_weight=&#8221;bold&#8221; txt_transform=&#8221;uppercase&#8221; letter_spacing=&#8221;2&#8243; margin_bottom=&#8221;0&#8243; font_family=&#8221;Roboto&#8221; font_type=&#8221;google&#8221; align=&#8221;center&#8221;]Programas de monitoreo en el Hemisferio Occidental[\/mk_fancy_title][mk_divider style=&#8221;thick_solid&#8221; divider_width=&#8221;custom_width&#8221; custom_width=&#8221;75&#8243; border_color=&#8221;#53565a&#8221; margin_top=&#8221;0&#8243;][vc_column_text css=&#8221;.vc_custom_1550873683927{margin-bottom: 0px !important;}&#8221;]En el hemisferio occidental, hay varios programas de monitoreo que han estado funcionando durante muchos a\u00f1os, y cada uno ha jugado un papel en muchas decisiones de conservaci\u00f3n y gesti\u00f3n.<\/p>\n<p>El <strong>Programa de Monitoreo Regional e Internacional de Aves Playeras (PRISM)<\/strong>, proporciona un conjunto unificado de est\u00e1ndares para dise\u00f1ar e implementar programas y proyectos de monitoreo de aves playeras no reproductivas en todo el hemisferio occidental (<a href=\"https:\/\/www.shorebirdplan.org\/science\/program-for-regional-and-international-shorebird-monitoring\/\" target=\"_blank\" rel=\"noopener noreferrer\">PRISM 2018<\/a>).[\/vc_column_text][\/vc_column][\/mk_page_section][mk_page_section layout_structure=&#8221;half_right&#8221; bg_image=&#8221;https:\/\/whsrn.org\/wp-content\/uploads\/2018\/12\/saavedra_araucana_feb2014.jpg&#8221; bg_color=&#8221;#f2f2f2&#8243; bg_stretch=&#8221;true&#8221; min_height=&#8221;350&#8243; full_width=&#8221;true&#8221; padding_top=&#8221;80&#8243; padding_bottom=&#8221;80&#8243;][vc_column css=&#8221;.vc_custom_1542663852260{padding-right: 70px !important;padding-left: 70px !important;}&#8221;][mk_fancy_title tag_name=&#8221;h3&#8243; color=&#8221;#53565a&#8221; size=&#8221;18&#8243; line_height=&#8221;120&#8243; font_weight=&#8221;bold&#8221; txt_transform=&#8221;uppercase&#8221; letter_spacing=&#8221;2&#8243; margin_bottom=&#8221;0&#8243; font_family=&#8221;Roboto&#8221; font_type=&#8221;google&#8221; align=&#8221;center&#8221;]Programas de monitoreo destacados[\/mk_fancy_title][mk_divider style=&#8221;thick_solid&#8221; divider_width=&#8221;custom_width&#8221; custom_width=&#8221;75&#8243; border_color=&#8221;#53565a&#8221; margin_top=&#8221;0&#8243;][mk_custom_list style=&#8221;mk-icon-angle-double-right&#8221; margin_bottom=&#8221;35&#8243; align=&#8221;left&#8221;]\n<ul>\n<li><a href=\"https:\/\/www.manomet.org\/project\/international-shorebird-survey\/\" target=\"_blank\" rel=\"noopener noreferrer\">Censo Internacional de Aves Playeras (ISS)<\/a><\/li>\n<li><a href=\"http:\/\/www.migratoryshorebirdproject.org\/en\/home\" target=\"_blank\" rel=\"noopener noreferrer\">Proyecto de Aves Playeras Migratorias (MSP)<\/a><\/li>\n<li><a href=\"https:\/\/www.canada.ca\/en\/environment-climate-change\/services\/bird-surveys\/shorebird\/atlantic.html\" target=\"_blank\" rel=\"noopener noreferrer\">Censo de Aves Playeras del Atl\u00e1ntico de Canad\u00e1 (ACSS)<\/a><\/li>\n<li><a href=\"https:\/\/www.canada.ca\/en\/environment-climate-change\/services\/bird-surveys\/shorebird\/ontario.html\" target=\"_blank\" rel=\"noopener noreferrer\">Censo de Aves Playeras de Ontario (OSS)<\/a><\/li>\n<li><a href=\"https:\/\/iwmmprogram.org\/\" target=\"_blank\" rel=\"noopener noreferrer\">Manejo y Monitoreo Integrado de Aves Acu\u00e1ticas (IWMM)<\/a><\/li>\n<li><a href=\"https:\/\/lac.wetlands.org\/nuestro-enfoque\/humedales-y-naturaleza-saludables\/censo-neotropical-de-aves-acuaticas\/#read-more\" target=\"_blank\" rel=\"noopener noreferrer\">Censo Neotropical de Aves Acu\u00e1ticas (CNAA)<\/a><\/li>\n<li><a href=\"https:\/\/lac.wetlands.org\/nuestro-enfoque\/humedales-y-naturaleza-saludables\/censo-centroamericano-de-aves-acuaticas\/#english\" target=\"_blank\" rel=\"noopener noreferrer\">Censo Centroamericano de Aves Acu\u00e1ticas (CCAA)<\/a><\/li>\n<li><a href=\"https:\/\/www.birdscaribbean.org\/our-work\/caribbean-waterbird-census-program\/\">Censo de Aves Acu\u00e1ticas del Caribe (CWC)<\/a><\/li>\n<li><a href=\"http:\/\/www.alianzadelpastizal.org\/en\" target=\"_blank\" rel=\"noopener noreferrer\">Censo de Chorlos de Pastizal del Cono Sur<\/a><\/li>\n<li><a href=\"https:\/\/www.canada.ca\/en\/environment-climate-change\/services\/bird-surveys\/shorebird\/arctic-program-regional-international-monitoring.html\" target=\"_blank\" rel=\"noopener noreferrer\">Programa \u00c1rtico para el Monitoreo Regional e Internacional de Aves Playeras (Arctic PRISM)<\/a><\/li>\n<li>Censo Costero de Aves Playeras &#8211; <a href=\"https:\/\/whsrn.org\/wp-content\/uploads\/2019\/05\/coastalshorebirdsurvey_manual_latam_english.pdf\" target=\"_blank\" rel=\"noopener noreferrer\">English<\/a> \/ <a href=\"https:\/\/whsrn.org\/wp-content\/uploads\/2019\/05\/coastalshorebirdsurvey_manual_latam_spanish.pdf\" target=\"_blank\" rel=\"noopener noreferrer\">Espa\u00f1ol<\/a><\/li>\n<\/ul>\n[\/mk_custom_list][\/vc_column][\/mk_page_section][mk_page_section padding_top=&#8221;50&#8243; padding_bottom=&#8221;20&#8243; sidebar=&#8221;sidebar-1&#8243;][vc_column css=&#8221;.vc_custom_1534796504266{padding-right: 35px !important;}&#8221;][mk_fancy_title tag_name=&#8221;span&#8221; color=&#8221;#3d4045&#8243; size=&#8221;12&#8243; font_weight=&#8221;400&#8243; font_family=&#8221;none&#8221;]<strong>Foto de portada: <i>Maina Handmaker.<\/i><\/strong><\/p>\n<p><strong>Fotos de la p\u00e1gina de arriba para abajo: <em>Maina Handmaker, Arne Lesterhuis.<\/em><\/strong>[\/mk_fancy_title][\/vc_column][\/mk_page_section]\n","protected":false},"excerpt":{"rendered":"<p>[mk_page_section bg_image=&#8221;https:\/\/whsrn.org\/wp-content\/uploads\/2018\/12\/monitoring_header-1.jpg&#8221; bg_image_portrait=&#8221;https:\/\/whsrn.org\/wp-content\/uploads\/2019\/03\/shirebird-monitoring-header.jpg&#8221; bg_color=&#8221;#5e5e5e&#8221; bg_position=&#8221;center center&#8221; bg_repeat=&#8221;no-repeat&#8221; bg_stretch=&#8221;true&#8221; video_color_mask=&#8221;#cccccc&#8221; video_opacity=&#8221;.4&#8243; min_height=&#8221;325&#8243; sidebar=&#8221;sidebar-1&#8243;][vc_column][mk_padding_divider size=&#8221;120&#8243;][mk_padding_divider size=&#8221;10&#8243; visibility=&#8221;visible-sm&#8221;][mk_fancy_title tag_name=&#8221;h1&#8243; color=&#8221;#ffffff&#8221; size=&#8221;75&#8243; force_font_size=&#8221;true&#8221; size_phone=&#8221;42&#8243; line_height=&#8221;110&#8243; font_weight=&#8221;900&#8243; font_family=&#8221;Roboto+Condensed&#8221; font_type=&#8221;google&#8221; align=&#8221;center&#8221;]Monitoreo de Aves Playeras[\/mk_fancy_title][\/vc_column][\/mk_page_section][mk_page_section padding_top=&#8221;45&#8243; padding_bottom=&#8221;35&#8243; sidebar=&#8221;sidebar-1&#8243;][vc_column width=&#8221;1\/6&#8243; css=&#8221;.vc_custom_1534796504266{padding-right: 35px !important;}&#8221;][\/vc_column][vc_column width=&#8221;2\/3&#8243;][mk_fancy_title color=&#8221;#005695&#8243; size=&#8221;26&#8243; font_weight=&#8221;300&#8243; txt_transform=&#8221;none&#8221; margin_bottom=&#8221;0&#8243; font_family=&#8221;none&#8221; responsive_align=&#8221;left&#8221;]El monitoreo proporciona informaci\u00f3n clave para cuantificar la importancia de un sitio para [&hellip;]<\/p>\n","protected":false},"author":3,"featured_media":0,"parent":9620,"menu_order":0,"comment_status":"closed","ping_status":"closed","template":"","meta":{"nf_dc_page":"","footnotes":""},"class_list":["post-9598","page","type-page","status-publish","hentry"],"yoast_head":"<!-- This site is optimized with the Yoast SEO plugin v27.2 - https:\/\/yoast.com\/product\/yoast-seo-wordpress\/ -->\n<title>Monitoreo de Aves Playeras &#8211; WHSRN<\/title>\n<meta name=\"robots\" content=\"index, follow, max-snippet:-1, max-image-preview:large, max-video-preview:-1\" \/>\n<link rel=\"canonical\" href=\"https:\/\/whsrn.org\/es\/acerca-de-las-aves-playeras\/monitoreo-de-aves-playeras\/\" \/>\n<meta property=\"og:locale\" content=\"es_ES\" \/>\n<meta property=\"og:type\" content=\"article\" \/>\n<meta property=\"og:title\" content=\"Monitoreo de Aves Playeras &#8211; WHSRN\" \/>\n<meta property=\"og:description\" content=\"[mk_page_section bg_image=&#8221;https:\/\/whsrn.org\/wp-content\/uploads\/2018\/12\/monitoring_header-1.jpg&#8221; bg_image_portrait=&#8221;https:\/\/whsrn.org\/wp-content\/uploads\/2019\/03\/shirebird-monitoring-header.jpg&#8221; bg_color=&#8221;#5e5e5e&#8221; bg_position=&#8221;center center&#8221; bg_repeat=&#8221;no-repeat&#8221; bg_stretch=&#8221;true&#8221; video_color_mask=&#8221;#cccccc&#8221; video_opacity=&#8221;.4&#8243; min_height=&#8221;325&#8243; sidebar=&#8221;sidebar-1&#8243;][vc_column][mk_padding_divider size=&#8221;120&#8243;][mk_padding_divider size=&#8221;10&#8243; visibility=&#8221;visible-sm&#8221;][mk_fancy_title tag_name=&#8221;h1&#8243; color=&#8221;#ffffff&#8221; size=&#8221;75&#8243; force_font_size=&#8221;true&#8221; size_phone=&#8221;42&#8243; line_height=&#8221;110&#8243; font_weight=&#8221;900&#8243; font_family=&#8221;Roboto+Condensed&#8221; font_type=&#8221;google&#8221; align=&#8221;center&#8221;]Monitoreo de Aves Playeras[\/mk_fancy_title][\/vc_column][\/mk_page_section][mk_page_section padding_top=&#8221;45&#8243; padding_bottom=&#8221;35&#8243; sidebar=&#8221;sidebar-1&#8243;][vc_column width=&#8221;1\/6&#8243; css=&#8221;.vc_custom_1534796504266{padding-right: 35px !important;}&#8221;][\/vc_column][vc_column width=&#8221;2\/3&#8243;][mk_fancy_title color=&#8221;#005695&#8243; size=&#8221;26&#8243; font_weight=&#8221;300&#8243; txt_transform=&#8221;none&#8221; margin_bottom=&#8221;0&#8243; font_family=&#8221;none&#8221; responsive_align=&#8221;left&#8221;]El monitoreo proporciona informaci\u00f3n clave para cuantificar la importancia de un sitio para [&hellip;]\" \/>\n<meta property=\"og:url\" content=\"https:\/\/whsrn.org\/es\/acerca-de-las-aves-playeras\/monitoreo-de-aves-playeras\/\" \/>\n<meta property=\"og:site_name\" content=\"WHSRN\" \/>\n<meta property=\"article:publisher\" content=\"https:\/\/www.facebook.com\/WHSRN\" \/>\n<meta property=\"article:modified_time\" content=\"2019-08-21T14:22:05+00:00\" \/>\n<meta name=\"twitter:card\" content=\"summary_large_image\" \/>\n<meta name=\"twitter:site\" content=\"@WHSRN\" \/>\n<meta name=\"twitter:label1\" content=\"Tiempo de lectura\" \/>\n\t<meta name=\"twitter:data1\" content=\"5 minutos\" \/>\n<script type=\"application\/ld+json\" class=\"yoast-schema-graph\">{\"@context\":\"https:\/\/schema.org\",\"@graph\":[{\"@type\":\"WebPage\",\"@id\":\"https:\/\/whsrn.org\/es\/acerca-de-las-aves-playeras\/monitoreo-de-aves-playeras\/\",\"url\":\"https:\/\/whsrn.org\/es\/acerca-de-las-aves-playeras\/monitoreo-de-aves-playeras\/\",\"name\":\"Monitoreo de Aves Playeras &#8211; WHSRN\",\"isPartOf\":{\"@id\":\"https:\/\/whsrn.org\/es\/#website\"},\"datePublished\":\"2019-05-16T13:32:31+00:00\",\"dateModified\":\"2019-08-21T14:22:05+00:00\",\"breadcrumb\":{\"@id\":\"https:\/\/whsrn.org\/es\/acerca-de-las-aves-playeras\/monitoreo-de-aves-playeras\/#breadcrumb\"},\"inLanguage\":\"es\",\"potentialAction\":[{\"@type\":\"ReadAction\",\"target\":[\"https:\/\/whsrn.org\/es\/acerca-de-las-aves-playeras\/monitoreo-de-aves-playeras\/\"]}]},{\"@type\":\"BreadcrumbList\",\"@id\":\"https:\/\/whsrn.org\/es\/acerca-de-las-aves-playeras\/monitoreo-de-aves-playeras\/#breadcrumb\",\"itemListElement\":[{\"@type\":\"ListItem\",\"position\":1,\"name\":\"Home\",\"item\":\"https:\/\/whsrn.org\/es\/\"},{\"@type\":\"ListItem\",\"position\":2,\"name\":\"Acerca de las Aves Playeras\",\"item\":\"https:\/\/whsrn.org\/es\/acerca-de-las-aves-playeras\/\"},{\"@type\":\"ListItem\",\"position\":3,\"name\":\"Monitoreo de Aves Playeras\"}]},{\"@type\":\"WebSite\",\"@id\":\"https:\/\/whsrn.org\/es\/#website\",\"url\":\"https:\/\/whsrn.org\/es\/\",\"name\":\"WHSRN\",\"description\":\"Western Hemisphere Shorebird Reserve Network\",\"publisher\":{\"@id\":\"https:\/\/whsrn.org\/es\/#organization\"},\"potentialAction\":[{\"@type\":\"SearchAction\",\"target\":{\"@type\":\"EntryPoint\",\"urlTemplate\":\"https:\/\/whsrn.org\/es\/?s={search_term_string}\"},\"query-input\":{\"@type\":\"PropertyValueSpecification\",\"valueRequired\":true,\"valueName\":\"search_term_string\"}}],\"inLanguage\":\"es\"},{\"@type\":\"Organization\",\"@id\":\"https:\/\/whsrn.org\/es\/#organization\",\"name\":\"Western Hemisphere Shorebird Reserve Network\",\"url\":\"https:\/\/whsrn.org\/es\/\",\"logo\":{\"@type\":\"ImageObject\",\"inLanguage\":\"es\",\"@id\":\"https:\/\/whsrn.org\/es\/#\/schema\/logo\/image\/\",\"url\":\"https:\/\/whsrn.org\/wp-content\/uploads\/2021\/01\/whsrn_nostrapline_square.png\",\"contentUrl\":\"https:\/\/whsrn.org\/wp-content\/uploads\/2021\/01\/whsrn_nostrapline_square.png\",\"width\":800,\"height\":800,\"caption\":\"Western Hemisphere Shorebird Reserve Network\"},\"image\":{\"@id\":\"https:\/\/whsrn.org\/es\/#\/schema\/logo\/image\/\"},\"sameAs\":[\"https:\/\/www.facebook.com\/WHSRN\",\"https:\/\/x.com\/WHSRN\",\"https:\/\/www.youtube.com\/channel\/UCDMz2oCsiK8e03UxFhHhdEA\"]}]}<\/script>\n<!-- \/ Yoast SEO plugin. -->","yoast_head_json":{"title":"Monitoreo de Aves Playeras &#8211; WHSRN","robots":{"index":"index","follow":"follow","max-snippet":"max-snippet:-1","max-image-preview":"max-image-preview:large","max-video-preview":"max-video-preview:-1"},"canonical":"https:\/\/whsrn.org\/es\/acerca-de-las-aves-playeras\/monitoreo-de-aves-playeras\/","og_locale":"es_ES","og_type":"article","og_title":"Monitoreo de Aves Playeras &#8211; WHSRN","og_description":"[mk_page_section bg_image=&#8221;https:\/\/whsrn.org\/wp-content\/uploads\/2018\/12\/monitoring_header-1.jpg&#8221; bg_image_portrait=&#8221;https:\/\/whsrn.org\/wp-content\/uploads\/2019\/03\/shirebird-monitoring-header.jpg&#8221; bg_color=&#8221;#5e5e5e&#8221; bg_position=&#8221;center center&#8221; bg_repeat=&#8221;no-repeat&#8221; bg_stretch=&#8221;true&#8221; video_color_mask=&#8221;#cccccc&#8221; video_opacity=&#8221;.4&#8243; min_height=&#8221;325&#8243; sidebar=&#8221;sidebar-1&#8243;][vc_column][mk_padding_divider size=&#8221;120&#8243;][mk_padding_divider size=&#8221;10&#8243; visibility=&#8221;visible-sm&#8221;][mk_fancy_title tag_name=&#8221;h1&#8243; color=&#8221;#ffffff&#8221; size=&#8221;75&#8243; force_font_size=&#8221;true&#8221; size_phone=&#8221;42&#8243; line_height=&#8221;110&#8243; font_weight=&#8221;900&#8243; font_family=&#8221;Roboto+Condensed&#8221; font_type=&#8221;google&#8221; align=&#8221;center&#8221;]Monitoreo de Aves Playeras[\/mk_fancy_title][\/vc_column][\/mk_page_section][mk_page_section padding_top=&#8221;45&#8243; padding_bottom=&#8221;35&#8243; sidebar=&#8221;sidebar-1&#8243;][vc_column width=&#8221;1\/6&#8243; css=&#8221;.vc_custom_1534796504266{padding-right: 35px !important;}&#8221;][\/vc_column][vc_column width=&#8221;2\/3&#8243;][mk_fancy_title color=&#8221;#005695&#8243; size=&#8221;26&#8243; font_weight=&#8221;300&#8243; txt_transform=&#8221;none&#8221; margin_bottom=&#8221;0&#8243; font_family=&#8221;none&#8221; responsive_align=&#8221;left&#8221;]El monitoreo proporciona informaci\u00f3n clave para cuantificar la importancia de un sitio para [&hellip;]","og_url":"https:\/\/whsrn.org\/es\/acerca-de-las-aves-playeras\/monitoreo-de-aves-playeras\/","og_site_name":"WHSRN","article_publisher":"https:\/\/www.facebook.com\/WHSRN","article_modified_time":"2019-08-21T14:22:05+00:00","twitter_card":"summary_large_image","twitter_site":"@WHSRN","twitter_misc":{"Tiempo de lectura":"5 minutos"},"schema":{"@context":"https:\/\/schema.org","@graph":[{"@type":"WebPage","@id":"https:\/\/whsrn.org\/es\/acerca-de-las-aves-playeras\/monitoreo-de-aves-playeras\/","url":"https:\/\/whsrn.org\/es\/acerca-de-las-aves-playeras\/monitoreo-de-aves-playeras\/","name":"Monitoreo de Aves Playeras &#8211; WHSRN","isPartOf":{"@id":"https:\/\/whsrn.org\/es\/#website"},"datePublished":"2019-05-16T13:32:31+00:00","dateModified":"2019-08-21T14:22:05+00:00","breadcrumb":{"@id":"https:\/\/whsrn.org\/es\/acerca-de-las-aves-playeras\/monitoreo-de-aves-playeras\/#breadcrumb"},"inLanguage":"es","potentialAction":[{"@type":"ReadAction","target":["https:\/\/whsrn.org\/es\/acerca-de-las-aves-playeras\/monitoreo-de-aves-playeras\/"]}]},{"@type":"BreadcrumbList","@id":"https:\/\/whsrn.org\/es\/acerca-de-las-aves-playeras\/monitoreo-de-aves-playeras\/#breadcrumb","itemListElement":[{"@type":"ListItem","position":1,"name":"Home","item":"https:\/\/whsrn.org\/es\/"},{"@type":"ListItem","position":2,"name":"Acerca de las Aves Playeras","item":"https:\/\/whsrn.org\/es\/acerca-de-las-aves-playeras\/"},{"@type":"ListItem","position":3,"name":"Monitoreo de Aves Playeras"}]},{"@type":"WebSite","@id":"https:\/\/whsrn.org\/es\/#website","url":"https:\/\/whsrn.org\/es\/","name":"WHSRN","description":"Western Hemisphere Shorebird Reserve Network","publisher":{"@id":"https:\/\/whsrn.org\/es\/#organization"},"potentialAction":[{"@type":"SearchAction","target":{"@type":"EntryPoint","urlTemplate":"https:\/\/whsrn.org\/es\/?s={search_term_string}"},"query-input":{"@type":"PropertyValueSpecification","valueRequired":true,"valueName":"search_term_string"}}],"inLanguage":"es"},{"@type":"Organization","@id":"https:\/\/whsrn.org\/es\/#organization","name":"Western Hemisphere Shorebird Reserve Network","url":"https:\/\/whsrn.org\/es\/","logo":{"@type":"ImageObject","inLanguage":"es","@id":"https:\/\/whsrn.org\/es\/#\/schema\/logo\/image\/","url":"https:\/\/whsrn.org\/wp-content\/uploads\/2021\/01\/whsrn_nostrapline_square.png","contentUrl":"https:\/\/whsrn.org\/wp-content\/uploads\/2021\/01\/whsrn_nostrapline_square.png","width":800,"height":800,"caption":"Western Hemisphere Shorebird Reserve Network"},"image":{"@id":"https:\/\/whsrn.org\/es\/#\/schema\/logo\/image\/"},"sameAs":["https:\/\/www.facebook.com\/WHSRN","https:\/\/x.com\/WHSRN","https:\/\/www.youtube.com\/channel\/UCDMz2oCsiK8e03UxFhHhdEA"]}]}},"_links":{"self":[{"href":"https:\/\/whsrn.org\/es\/wp-json\/wp\/v2\/pages\/9598","targetHints":{"allow":["GET"]}}],"collection":[{"href":"https:\/\/whsrn.org\/es\/wp-json\/wp\/v2\/pages"}],"about":[{"href":"https:\/\/whsrn.org\/es\/wp-json\/wp\/v2\/types\/page"}],"author":[{"embeddable":true,"href":"https:\/\/whsrn.org\/es\/wp-json\/wp\/v2\/users\/3"}],"replies":[{"embeddable":true,"href":"https:\/\/whsrn.org\/es\/wp-json\/wp\/v2\/comments?post=9598"}],"version-history":[{"count":7,"href":"https:\/\/whsrn.org\/es\/wp-json\/wp\/v2\/pages\/9598\/revisions"}],"predecessor-version":[{"id":10884,"href":"https:\/\/whsrn.org\/es\/wp-json\/wp\/v2\/pages\/9598\/revisions\/10884"}],"up":[{"embeddable":true,"href":"https:\/\/whsrn.org\/es\/wp-json\/wp\/v2\/pages\/9620"}],"wp:attachment":[{"href":"https:\/\/whsrn.org\/es\/wp-json\/wp\/v2\/media?parent=9598"}],"curies":[{"name":"wp","href":"https:\/\/api.w.org\/{rel}","templated":true}]}}