{"id":9509,"date":"2019-05-13T21:13:18","date_gmt":"2019-05-13T21:13:18","guid":{"rendered":"https:\/\/whsrn.org\/conectando-sitios-conectando-comunidades\/"},"modified":"2019-05-13T21:33:23","modified_gmt":"2019-05-13T21:33:23","slug":"conectando-sitios-conectando-comunidades","status":"publish","type":"page","link":"https:\/\/whsrn.org\/es\/conectando-sitios-conectando-comunidades\/","title":{"rendered":"Conectando Sitios, Conectando Comunidades"},"content":{"rendered":"[mk_page_section bg_image=&#8221;https:\/\/whsrn.org\/wp-content\/uploads\/2018\/08\/news-3.jpg&#8221; bg_color=&#8221;#5e5e5e&#8221; bg_position=&#8221;center center&#8221; bg_repeat=&#8221;no-repeat&#8221; bg_stretch=&#8221;true&#8221; video_color_mask=&#8221;#cccccc&#8221; video_opacity=&#8221;.7&#8243; min_height=&#8221;325&#8243; sidebar=&#8221;sidebar-1&#8243;][vc_column][mk_padding_divider size=&#8221;120&#8243;][mk_fancy_title tag_name=&#8221;h1&#8243; color=&#8221;#ffffff&#8221; size=&#8221;75&#8243; force_font_size=&#8221;true&#8221; size_phone=&#8221;42&#8243; font_weight=&#8221;900&#8243; font_family=&#8221;Roboto+Condensed&#8221; font_type=&#8221;google&#8221; align=&#8221;center&#8221;]<span class=\"color_35\">Conectando Sitios, Conectando Comunidades<\/span>[\/mk_fancy_title][\/vc_column][\/mk_page_section][mk_page_section bg_color=&#8221;#f2f2f2&#8243; padding_top=&#8221;25&#8243; sidebar=&#8221;sidebar-1&#8243;][vc_column css=&#8221;.vc_custom_1534796504266{padding-right: 35px !important;}&#8221;][mk_fancy_title color=&#8221;#53565a&#8221; size=&#8221;38&#8243; force_font_size=&#8221;true&#8221; size_phone=&#8221;36&#8243; line_height=&#8221;120&#8243; font_weight=&#8221;300&#8243; txt_transform=&#8221;none&#8221; margin_bottom=&#8221;0&#8243; font_family=&#8221;Roboto&#8221; font_type=&#8221;google&#8221; responsive_align=&#8221;left&#8221;]Descripci\u00f3n General[\/mk_fancy_title][\/vc_column][\/mk_page_section][mk_page_section section_layout=&#8221;right&#8221; padding_top=&#8221;25&#8243; padding_bottom=&#8221;0&#8243; margin_bottom=&#8221;30&#8243; sidebar=&#8221;sidebar-19&#8243;][vc_column border_color=&#8221;#ffffff&#8221; css=&#8221;.vc_custom_1542639941640{margin-right: 0px !important;margin-left: 0px !important;border-top-width: 0px !important;border-right-width: 0px !important;border-bottom-width: 0px !important;border-left-width: 0px !important;padding-right: 4px !important;padding-left: 0px !important;border-left-color: #ffffff !important;border-right-color: #ffffff !important;border-top-color: #ffffff !important;border-bottom-color: #ffffff !important;}&#8221;][mk_fancy_title color=&#8221;#005695&#8243; size=&#8221;38&#8243; force_font_size=&#8221;true&#8221; size_phone=&#8221;36&#8243; line_height=&#8221;80&#8243; font_weight=&#8221;300&#8243; txt_transform=&#8221;none&#8221; margin_bottom=&#8221;0&#8243; font_family=&#8221;Roboto+Slab&#8221; font_type=&#8221;google&#8221; responsive_align=&#8221;left&#8221;]\n<p>Conectando Sitios<\/p>\n[\/mk_fancy_title][mk_padding_divider size=&#8221;25&#8243;][vc_column_text css=&#8221;.vc_custom_1556720687641{margin-bottom: 0px !important;}&#8221;]Los sitios comparten aves, pero tambi\u00e9n comparten muchos de los mismos valores, metas y desaf\u00edos. Con m\u00e1s de 100 sitios en la Red, una gran cantidad de informaci\u00f3n y lecciones est\u00e1n disponibles para los socios. Conectar los sitios permite que aprendan unos de otros, colaboren en las actividades de conservaci\u00f3n e investigaci\u00f3n, y desarrollen conexiones comunitarias a trav\u00e9s de la educaci\u00f3n.[\/vc_column_text][mk_fancy_title tag_name=&#8221;h4&#8243; color=&#8221;#669abf&#8221; size=&#8221;16&#8243; line_height=&#8221;120&#8243; font_weight=&#8221;bold&#8221; txt_transform=&#8221;uppercase&#8221; letter_spacing=&#8221;2&#8243; margin_top=&#8221;15&#8243; margin_bottom=&#8221;0&#8243; font_family=&#8221;Roboto&#8221; font_type=&#8221;google&#8221; responsive_align=&#8221;left&#8221;]\u00bfCu\u00e1les son los tipos de intercambios?[\/mk_fancy_title][mk_custom_list style=&#8221;mk-icon-angle-double-right&#8221;]\n<ul>\n<li><em>En curso:<\/em> un grupo de sitios con valores compartidos, aves o metas desarrollan relaciones s\u00f3lidas y mantienen una comunicaci\u00f3n regular, compartiendo lecciones aprendidas, desaf\u00edos e ideas para la acci\u00f3n. Estos sitios conectados desarrollan proyectos objetivos para la colaboraci\u00f3n. Unos intercambios ocasionales en persona ayudan a fortalecer las relaciones y expandir las alianzas y el aprendizaje.<\/li>\n<li><em>Un evento \u00fanico, en persona:<\/em>un grupo de socios puede visitar un sitio para conocer acciones particulares en este sitio para mejorar habilidades espec\u00edficas y generar inspiraci\u00f3n para el trabajo en su propio sitio. Si bien puede haber un seguimiento inmediato para compartir detalles de los proyectos, la comunicaci\u00f3n a largo plazo no se mantiene, pero el beneficio se logr\u00f3 a trav\u00e9s del desarrollo de capacidades.<\/li>\n<li><em>Virtual:<\/em>No siempre es realista tener un intercambio en persona o en curso entre sitios. Existen oportunidades para dialogar con socios a trav\u00e9s de seminarios web, el Foro de Aves Playeras, correos electr\u00f3nicos y llamadas regulares.<\/li>\n<\/ul>\n[\/mk_custom_list][mk_fancy_title tag_name=&#8221;h4&#8243; color=&#8221;#669abf&#8221; size=&#8221;16&#8243; line_height=&#8221;120&#8243; font_weight=&#8221;bold&#8221; txt_transform=&#8221;uppercase&#8221; letter_spacing=&#8221;2&#8243; margin_top=&#8221;15&#8243; margin_bottom=&#8221;0&#8243; font_family=&#8221;Roboto&#8221; font_type=&#8221;google&#8221; responsive_align=&#8221;left&#8221;]\u00bfCu\u00e1les son los componentes de un intercambio exitoso?[\/mk_fancy_title][vc_column_text css=&#8221;.vc_custom_1556720790714{margin-bottom: 0px !important;}&#8221;]Un intercambio fruct\u00edfero tendr\u00e1 valores y objetivos compartidos entre los sitios para facilitar la discusi\u00f3n de informaci\u00f3n e ideas. El intercambio debe centrarse en las relaciones, no solo en las aves costeras o los humedales. El intercambio es para crear capacidad e inspirar nuevas acciones, pero esto solo puede suceder a trav\u00e9s de relaciones s\u00f3lidas que fomenten la colaboraci\u00f3n y la participaci\u00f3n. Si el objetivo es tener un intercambio continuo a largo plazo, los campeones locales que est\u00e9n motivados para fomentar estas conexiones ser\u00e1n necesarios en cada sitio. Idealmente, estos campeones locales ser\u00edan a trav\u00e9s de una organizaci\u00f3n o agencia para institucionalizar las relaciones. Los temas pueden incluir investigaci\u00f3n, festivales, acciones de conservaci\u00f3n, ecoturismo y educaci\u00f3n.[\/vc_column_text][vc_column_text css=&#8221;.vc_custom_1556720651204{margin-bottom: 0px !important;}&#8221;]<strong>Explore la barra lateral a la derecha para obtener m\u00e1s informaci\u00f3n sobre las iniciativas actuales para conectar sitios.<\/strong>[\/vc_column_text][mk_padding_divider size=&#8221;25&#8243;][mk_image src=&#8221;https:\/\/whsrn.org\/wp-content\/uploads\/2019\/03\/linkingsites_landingpage_credit-lc-1.jpg&#8221; image_size=&#8221;full&#8221;][mk_fancy_title tag_name=&#8221;span&#8221; color=&#8221;#53565a&#8221; size=&#8221;12&#8243; font_weight=&#8221;400&#8243; margin_bottom=&#8221;0&#8243; font_family=&#8221;none&#8221; align=&#8221;center&#8221;]Socios del Sitio WHSRN Bah\u00eda de Fundy, Canada. <em>Foto: Laura Chamberlin.<\/em>[\/mk_fancy_title][mk_padding_divider][vc_column_text css=&#8221;.vc_custom_1545238591086{margin-bottom: 0px !important;}&#8221;]\n<p>Si est\u00e1 interesado en conectarse con otro sitio, contacte <a href=\"mailto:whsrn@manomet.org\">whsrn@manomet.org.<\/a><\/p>\n[\/vc_column_text][\/vc_column][\/mk_page_section]\n","protected":false},"excerpt":{"rendered":"<p>[mk_page_section bg_image=&#8221;https:\/\/whsrn.org\/wp-content\/uploads\/2018\/08\/news-3.jpg&#8221; bg_color=&#8221;#5e5e5e&#8221; bg_position=&#8221;center center&#8221; bg_repeat=&#8221;no-repeat&#8221; bg_stretch=&#8221;true&#8221; video_color_mask=&#8221;#cccccc&#8221; video_opacity=&#8221;.7&#8243; min_height=&#8221;325&#8243; sidebar=&#8221;sidebar-1&#8243;][vc_column][mk_padding_divider size=&#8221;120&#8243;][mk_fancy_title tag_name=&#8221;h1&#8243; color=&#8221;#ffffff&#8221; size=&#8221;75&#8243; force_font_size=&#8221;true&#8221; size_phone=&#8221;42&#8243; font_weight=&#8221;900&#8243; font_family=&#8221;Roboto+Condensed&#8221; font_type=&#8221;google&#8221; align=&#8221;center&#8221;]Conectando Sitios, Conectando Comunidades[\/mk_fancy_title][\/vc_column][\/mk_page_section][mk_page_section bg_color=&#8221;#f2f2f2&#8243; padding_top=&#8221;25&#8243; sidebar=&#8221;sidebar-1&#8243;][vc_column css=&#8221;.vc_custom_1534796504266{padding-right: 35px !important;}&#8221;][mk_fancy_title color=&#8221;#53565a&#8221; size=&#8221;38&#8243; force_font_size=&#8221;true&#8221; size_phone=&#8221;36&#8243; line_height=&#8221;120&#8243; font_weight=&#8221;300&#8243; txt_transform=&#8221;none&#8221; margin_bottom=&#8221;0&#8243; font_family=&#8221;Roboto&#8221; font_type=&#8221;google&#8221; responsive_align=&#8221;left&#8221;]Descripci\u00f3n General[\/mk_fancy_title][\/vc_column][\/mk_page_section][mk_page_section section_layout=&#8221;right&#8221; padding_top=&#8221;25&#8243; padding_bottom=&#8221;0&#8243; margin_bottom=&#8221;30&#8243; sidebar=&#8221;sidebar-19&#8243;][vc_column border_color=&#8221;#ffffff&#8221; css=&#8221;.vc_custom_1542639941640{margin-right: 0px !important;margin-left: 0px !important;border-top-width: 0px !important;border-right-width: [&hellip;]<\/p>\n","protected":false},"author":2,"featured_media":0,"parent":0,"menu_order":0,"comment_status":"closed","ping_status":"closed","template":"","meta":{"nf_dc_page":"","footnotes":""},"class_list":["post-9509","page","type-page","status-publish","hentry"],"yoast_head":"<!-- This site is optimized with the Yoast SEO plugin v27.2 - https:\/\/yoast.com\/product\/yoast-seo-wordpress\/ -->\n<title>Conectando Sitios, Conectando Comunidades &#8211; WHSRN<\/title>\n<meta name=\"robots\" content=\"index, follow, max-snippet:-1, max-image-preview:large, max-video-preview:-1\" \/>\n<link rel=\"canonical\" href=\"https:\/\/whsrn.org\/es\/conectando-sitios-conectando-comunidades\/\" \/>\n<meta property=\"og:locale\" content=\"es_ES\" \/>\n<meta property=\"og:type\" content=\"article\" \/>\n<meta property=\"og:title\" content=\"Conectando Sitios, Conectando Comunidades &#8211; WHSRN\" \/>\n<meta property=\"og:description\" content=\"[mk_page_section bg_image=&#8221;https:\/\/whsrn.org\/wp-content\/uploads\/2018\/08\/news-3.jpg&#8221; bg_color=&#8221;#5e5e5e&#8221; bg_position=&#8221;center center&#8221; bg_repeat=&#8221;no-repeat&#8221; bg_stretch=&#8221;true&#8221; video_color_mask=&#8221;#cccccc&#8221; video_opacity=&#8221;.7&#8243; min_height=&#8221;325&#8243; sidebar=&#8221;sidebar-1&#8243;][vc_column][mk_padding_divider size=&#8221;120&#8243;][mk_fancy_title tag_name=&#8221;h1&#8243; color=&#8221;#ffffff&#8221; size=&#8221;75&#8243; force_font_size=&#8221;true&#8221; size_phone=&#8221;42&#8243; font_weight=&#8221;900&#8243; font_family=&#8221;Roboto+Condensed&#8221; font_type=&#8221;google&#8221; align=&#8221;center&#8221;]Conectando Sitios, Conectando Comunidades[\/mk_fancy_title][\/vc_column][\/mk_page_section][mk_page_section bg_color=&#8221;#f2f2f2&#8243; padding_top=&#8221;25&#8243; sidebar=&#8221;sidebar-1&#8243;][vc_column css=&#8221;.vc_custom_1534796504266{padding-right: 35px !important;}&#8221;][mk_fancy_title color=&#8221;#53565a&#8221; size=&#8221;38&#8243; force_font_size=&#8221;true&#8221; size_phone=&#8221;36&#8243; line_height=&#8221;120&#8243; font_weight=&#8221;300&#8243; txt_transform=&#8221;none&#8221; margin_bottom=&#8221;0&#8243; font_family=&#8221;Roboto&#8221; font_type=&#8221;google&#8221; responsive_align=&#8221;left&#8221;]Descripci\u00f3n General[\/mk_fancy_title][\/vc_column][\/mk_page_section][mk_page_section section_layout=&#8221;right&#8221; padding_top=&#8221;25&#8243; padding_bottom=&#8221;0&#8243; margin_bottom=&#8221;30&#8243; sidebar=&#8221;sidebar-19&#8243;][vc_column border_color=&#8221;#ffffff&#8221; css=&#8221;.vc_custom_1542639941640{margin-right: 0px !important;margin-left: 0px !important;border-top-width: 0px !important;border-right-width: [&hellip;]\" \/>\n<meta property=\"og:url\" content=\"https:\/\/whsrn.org\/es\/conectando-sitios-conectando-comunidades\/\" \/>\n<meta property=\"og:site_name\" content=\"WHSRN\" \/>\n<meta property=\"article:publisher\" content=\"https:\/\/www.facebook.com\/WHSRN\" \/>\n<meta property=\"article:modified_time\" content=\"2019-05-13T21:33:23+00:00\" \/>\n<meta name=\"twitter:card\" content=\"summary_large_image\" \/>\n<meta name=\"twitter:site\" content=\"@WHSRN\" \/>\n<meta name=\"twitter:label1\" content=\"Tiempo de lectura\" \/>\n\t<meta name=\"twitter:data1\" content=\"4 minutos\" \/>\n<script type=\"application\/ld+json\" class=\"yoast-schema-graph\">{\"@context\":\"https:\/\/schema.org\",\"@graph\":[{\"@type\":\"WebPage\",\"@id\":\"https:\/\/whsrn.org\/es\/conectando-sitios-conectando-comunidades\/\",\"url\":\"https:\/\/whsrn.org\/es\/conectando-sitios-conectando-comunidades\/\",\"name\":\"Conectando Sitios, Conectando Comunidades &#8211; WHSRN\",\"isPartOf\":{\"@id\":\"https:\/\/whsrn.org\/es\/#website\"},\"datePublished\":\"2019-05-13T21:13:18+00:00\",\"dateModified\":\"2019-05-13T21:33:23+00:00\",\"breadcrumb\":{\"@id\":\"https:\/\/whsrn.org\/es\/conectando-sitios-conectando-comunidades\/#breadcrumb\"},\"inLanguage\":\"es\",\"potentialAction\":[{\"@type\":\"ReadAction\",\"target\":[\"https:\/\/whsrn.org\/es\/conectando-sitios-conectando-comunidades\/\"]}]},{\"@type\":\"BreadcrumbList\",\"@id\":\"https:\/\/whsrn.org\/es\/conectando-sitios-conectando-comunidades\/#breadcrumb\",\"itemListElement\":[{\"@type\":\"ListItem\",\"position\":1,\"name\":\"Home\",\"item\":\"https:\/\/whsrn.org\/es\/\"},{\"@type\":\"ListItem\",\"position\":2,\"name\":\"Conectando Sitios, Conectando Comunidades\"}]},{\"@type\":\"WebSite\",\"@id\":\"https:\/\/whsrn.org\/es\/#website\",\"url\":\"https:\/\/whsrn.org\/es\/\",\"name\":\"WHSRN\",\"description\":\"Western Hemisphere Shorebird Reserve Network\",\"publisher\":{\"@id\":\"https:\/\/whsrn.org\/es\/#organization\"},\"potentialAction\":[{\"@type\":\"SearchAction\",\"target\":{\"@type\":\"EntryPoint\",\"urlTemplate\":\"https:\/\/whsrn.org\/es\/?s={search_term_string}\"},\"query-input\":{\"@type\":\"PropertyValueSpecification\",\"valueRequired\":true,\"valueName\":\"search_term_string\"}}],\"inLanguage\":\"es\"},{\"@type\":\"Organization\",\"@id\":\"https:\/\/whsrn.org\/es\/#organization\",\"name\":\"Western Hemisphere Shorebird Reserve Network\",\"url\":\"https:\/\/whsrn.org\/es\/\",\"logo\":{\"@type\":\"ImageObject\",\"inLanguage\":\"es\",\"@id\":\"https:\/\/whsrn.org\/es\/#\/schema\/logo\/image\/\",\"url\":\"https:\/\/whsrn.org\/wp-content\/uploads\/2021\/01\/whsrn_nostrapline_square.png\",\"contentUrl\":\"https:\/\/whsrn.org\/wp-content\/uploads\/2021\/01\/whsrn_nostrapline_square.png\",\"width\":800,\"height\":800,\"caption\":\"Western Hemisphere Shorebird Reserve Network\"},\"image\":{\"@id\":\"https:\/\/whsrn.org\/es\/#\/schema\/logo\/image\/\"},\"sameAs\":[\"https:\/\/www.facebook.com\/WHSRN\",\"https:\/\/x.com\/WHSRN\",\"https:\/\/www.youtube.com\/channel\/UCDMz2oCsiK8e03UxFhHhdEA\"]}]}<\/script>\n<!-- \/ Yoast SEO plugin. -->","yoast_head_json":{"title":"Conectando Sitios, Conectando Comunidades &#8211; WHSRN","robots":{"index":"index","follow":"follow","max-snippet":"max-snippet:-1","max-image-preview":"max-image-preview:large","max-video-preview":"max-video-preview:-1"},"canonical":"https:\/\/whsrn.org\/es\/conectando-sitios-conectando-comunidades\/","og_locale":"es_ES","og_type":"article","og_title":"Conectando Sitios, Conectando Comunidades &#8211; WHSRN","og_description":"[mk_page_section bg_image=&#8221;https:\/\/whsrn.org\/wp-content\/uploads\/2018\/08\/news-3.jpg&#8221; bg_color=&#8221;#5e5e5e&#8221; bg_position=&#8221;center center&#8221; bg_repeat=&#8221;no-repeat&#8221; bg_stretch=&#8221;true&#8221; video_color_mask=&#8221;#cccccc&#8221; video_opacity=&#8221;.7&#8243; min_height=&#8221;325&#8243; sidebar=&#8221;sidebar-1&#8243;][vc_column][mk_padding_divider size=&#8221;120&#8243;][mk_fancy_title tag_name=&#8221;h1&#8243; color=&#8221;#ffffff&#8221; size=&#8221;75&#8243; force_font_size=&#8221;true&#8221; size_phone=&#8221;42&#8243; font_weight=&#8221;900&#8243; font_family=&#8221;Roboto+Condensed&#8221; font_type=&#8221;google&#8221; align=&#8221;center&#8221;]Conectando Sitios, Conectando Comunidades[\/mk_fancy_title][\/vc_column][\/mk_page_section][mk_page_section bg_color=&#8221;#f2f2f2&#8243; padding_top=&#8221;25&#8243; sidebar=&#8221;sidebar-1&#8243;][vc_column css=&#8221;.vc_custom_1534796504266{padding-right: 35px !important;}&#8221;][mk_fancy_title color=&#8221;#53565a&#8221; size=&#8221;38&#8243; force_font_size=&#8221;true&#8221; size_phone=&#8221;36&#8243; line_height=&#8221;120&#8243; font_weight=&#8221;300&#8243; txt_transform=&#8221;none&#8221; margin_bottom=&#8221;0&#8243; font_family=&#8221;Roboto&#8221; font_type=&#8221;google&#8221; responsive_align=&#8221;left&#8221;]Descripci\u00f3n General[\/mk_fancy_title][\/vc_column][\/mk_page_section][mk_page_section section_layout=&#8221;right&#8221; padding_top=&#8221;25&#8243; padding_bottom=&#8221;0&#8243; margin_bottom=&#8221;30&#8243; sidebar=&#8221;sidebar-19&#8243;][vc_column border_color=&#8221;#ffffff&#8221; css=&#8221;.vc_custom_1542639941640{margin-right: 0px !important;margin-left: 0px !important;border-top-width: 0px !important;border-right-width: [&hellip;]","og_url":"https:\/\/whsrn.org\/es\/conectando-sitios-conectando-comunidades\/","og_site_name":"WHSRN","article_publisher":"https:\/\/www.facebook.com\/WHSRN","article_modified_time":"2019-05-13T21:33:23+00:00","twitter_card":"summary_large_image","twitter_site":"@WHSRN","twitter_misc":{"Tiempo de lectura":"4 minutos"},"schema":{"@context":"https:\/\/schema.org","@graph":[{"@type":"WebPage","@id":"https:\/\/whsrn.org\/es\/conectando-sitios-conectando-comunidades\/","url":"https:\/\/whsrn.org\/es\/conectando-sitios-conectando-comunidades\/","name":"Conectando Sitios, Conectando Comunidades &#8211; WHSRN","isPartOf":{"@id":"https:\/\/whsrn.org\/es\/#website"},"datePublished":"2019-05-13T21:13:18+00:00","dateModified":"2019-05-13T21:33:23+00:00","breadcrumb":{"@id":"https:\/\/whsrn.org\/es\/conectando-sitios-conectando-comunidades\/#breadcrumb"},"inLanguage":"es","potentialAction":[{"@type":"ReadAction","target":["https:\/\/whsrn.org\/es\/conectando-sitios-conectando-comunidades\/"]}]},{"@type":"BreadcrumbList","@id":"https:\/\/whsrn.org\/es\/conectando-sitios-conectando-comunidades\/#breadcrumb","itemListElement":[{"@type":"ListItem","position":1,"name":"Home","item":"https:\/\/whsrn.org\/es\/"},{"@type":"ListItem","position":2,"name":"Conectando Sitios, Conectando Comunidades"}]},{"@type":"WebSite","@id":"https:\/\/whsrn.org\/es\/#website","url":"https:\/\/whsrn.org\/es\/","name":"WHSRN","description":"Western Hemisphere Shorebird Reserve Network","publisher":{"@id":"https:\/\/whsrn.org\/es\/#organization"},"potentialAction":[{"@type":"SearchAction","target":{"@type":"EntryPoint","urlTemplate":"https:\/\/whsrn.org\/es\/?s={search_term_string}"},"query-input":{"@type":"PropertyValueSpecification","valueRequired":true,"valueName":"search_term_string"}}],"inLanguage":"es"},{"@type":"Organization","@id":"https:\/\/whsrn.org\/es\/#organization","name":"Western Hemisphere Shorebird Reserve Network","url":"https:\/\/whsrn.org\/es\/","logo":{"@type":"ImageObject","inLanguage":"es","@id":"https:\/\/whsrn.org\/es\/#\/schema\/logo\/image\/","url":"https:\/\/whsrn.org\/wp-content\/uploads\/2021\/01\/whsrn_nostrapline_square.png","contentUrl":"https:\/\/whsrn.org\/wp-content\/uploads\/2021\/01\/whsrn_nostrapline_square.png","width":800,"height":800,"caption":"Western Hemisphere Shorebird Reserve Network"},"image":{"@id":"https:\/\/whsrn.org\/es\/#\/schema\/logo\/image\/"},"sameAs":["https:\/\/www.facebook.com\/WHSRN","https:\/\/x.com\/WHSRN","https:\/\/www.youtube.com\/channel\/UCDMz2oCsiK8e03UxFhHhdEA"]}]}},"_links":{"self":[{"href":"https:\/\/whsrn.org\/es\/wp-json\/wp\/v2\/pages\/9509","targetHints":{"allow":["GET"]}}],"collection":[{"href":"https:\/\/whsrn.org\/es\/wp-json\/wp\/v2\/pages"}],"about":[{"href":"https:\/\/whsrn.org\/es\/wp-json\/wp\/v2\/types\/page"}],"author":[{"embeddable":true,"href":"https:\/\/whsrn.org\/es\/wp-json\/wp\/v2\/users\/2"}],"replies":[{"embeddable":true,"href":"https:\/\/whsrn.org\/es\/wp-json\/wp\/v2\/comments?post=9509"}],"version-history":[{"count":1,"href":"https:\/\/whsrn.org\/es\/wp-json\/wp\/v2\/pages\/9509\/revisions"}],"predecessor-version":[{"id":9510,"href":"https:\/\/whsrn.org\/es\/wp-json\/wp\/v2\/pages\/9509\/revisions\/9510"}],"wp:attachment":[{"href":"https:\/\/whsrn.org\/es\/wp-json\/wp\/v2\/media?parent=9509"}],"curies":[{"name":"wp","href":"https:\/\/api.w.org\/{rel}","templated":true}]}}