{"id":9491,"date":"2019-05-10T21:23:18","date_gmt":"2019-05-10T21:23:18","guid":{"rendered":"https:\/\/whsrn.org\/recursos-de-divulgacion\/recursos-whsrn\/"},"modified":"2026-01-22T12:55:33","modified_gmt":"2026-01-22T17:55:33","slug":"recursos-whsrn","status":"publish","type":"page","link":"https:\/\/whsrn.org\/es\/recursos-de-divulgacion\/recursos-whsrn\/","title":{"rendered":"Recursos WHSRN"},"content":{"rendered":"[mk_page_section bg_image=&#8221;https:\/\/whsrn.org\/wp-content\/uploads\/2019\/02\/outreachresources_header.jpg&#8221; bg_image_portrait=&#8221;https:\/\/whsrn.org\/wp-content\/uploads\/2019\/03\/outreach-resources-header.jpg&#8221; bg_color=&#8221;#5e5e5e&#8221; bg_position=&#8221;center center&#8221; bg_repeat=&#8221;no-repeat&#8221; bg_stretch=&#8221;true&#8221; video_color_mask=&#8221;#cccccc&#8221; video_opacity=&#8221;.4&#8243; min_height=&#8221;325&#8243; sidebar=&#8221;sidebar-1&#8243;][vc_column][mk_padding_divider size=&#8221;120&#8243;][mk_fancy_title tag_name=&#8221;h1&#8243; color=&#8221;#ffffff&#8221; size=&#8221;75&#8243; force_font_size=&#8221;true&#8221; size_phone=&#8221;42&#8243; font_weight=&#8221;900&#8243; font_family=&#8221;Roboto+Condensed&#8221; font_type=&#8221;google&#8221; align=&#8221;center&#8221;]<span class=\"color_35\">Recursos de Divulgaci\u00f3n<br \/>\n<\/span>[\/mk_fancy_title][\/vc_column][\/mk_page_section][mk_page_section bg_color=&#8221;#f2f2f2&#8243; padding_top=&#8221;25&#8243; sidebar=&#8221;sidebar-1&#8243;][vc_column css=&#8221;.vc_custom_1534796504266{padding-right: 35px !important;}&#8221;][mk_fancy_title color=&#8221;#53565a&#8221; size=&#8221;38&#8243; force_font_size=&#8221;true&#8221; size_phone=&#8221;36&#8243; line_height=&#8221;120&#8243; font_weight=&#8221;300&#8243; txt_transform=&#8221;none&#8221; margin_bottom=&#8221;0&#8243; font_family=&#8221;Roboto&#8221; font_type=&#8221;google&#8221; responsive_align=&#8221;left&#8221;]Recursos WHSRN[\/mk_fancy_title][\/vc_column][\/mk_page_section][mk_page_section section_layout=&#8221;right&#8221; padding_top=&#8221;15&#8243; padding_bottom=&#8221;0&#8243; margin_bottom=&#8221;30&#8243; sidebar=&#8221;sidebar-20&#8243;][vc_column border_color=&#8221;#ffffff&#8221; css=&#8221;.vc_custom_1542639941640{margin-right: 0px !important;margin-left: 0px !important;border-top-width: 0px !important;border-right-width: 0px !important;border-bottom-width: 0px !important;border-left-width: 0px !important;padding-right: 4px !important;padding-left: 0px !important;border-left-color: #ffffff !important;border-right-color: #ffffff !important;border-top-color: #ffffff !important;border-bottom-color: #ffffff !important;}&#8221;][mk_fancy_title color=&#8221;#005695&#8243; size=&#8221;34&#8243; font_weight=&#8221;300&#8243; txt_transform=&#8221;none&#8221; margin_bottom=&#8221;0&#8243; font_family=&#8221;Roboto+Slab&#8221; font_type=&#8221;google&#8221; responsive_align=&#8221;left&#8221;]Materiales y Plantillas[\/mk_fancy_title][vc_column_text css=&#8221;.vc_custom_1551975188216{margin-bottom: 0px !important;}&#8221;]Como sitio WHSRN, le animamos a compartir la importancia del sitio con su comunidad. Esperamos que estos recursos sean \u00fatiles, pero tambi\u00e9n le animamos a que cree sus propios recursos.[\/vc_column_text][mk_padding_divider size=&#8221;25&#8243;][mk_fancy_title color=&#8221;#005695&#8243; size=&#8221;34&#8243; font_weight=&#8221;300&#8243; txt_transform=&#8221;none&#8221; margin_top=&#8221;15&#8243; margin_bottom=&#8221;25&#8243; font_family=&#8221;Roboto+Slab&#8221; font_type=&#8221;google&#8221; responsive_align=&#8221;left&#8221;]Logotipos[\/mk_fancy_title][vc_column_text css=&#8221;.vc_custom_1720055602970{margin-bottom: 0px !important;}&#8221;]La RHRAP\/WHSRN son todos los socios de la red y de los sitios. Uno de los beneficios de ser parte la Red es poder elevar la importancia del sitio porque ser un sitio RHRAP\/WHSRN. El uso del logotipo es un elemento importante para esa promoci\u00f3n. Se recomienda encarecidamente a los sitios que utilicen el logo de RHRAP\/WHSRN para destacar la importancia del sitio.<\/p>\n<p>El logotipo de la RHRAP est\u00e1 disponible en cinco idiomas: Ingl\u00e9s, espa\u00f1ol, franc\u00e9s, holand\u00e9s y portugu\u00e9s. Haga clic para descargar un archivo PNG y no dude en utilizarlo en sus folletos, hojas informativas, sitios web o carteles interpretativos.<\/p>\n<p>Descargue <a href=\"https:\/\/whsrn.org\/wp-content\/uploads\/2024\/07\/whsrn-style-guide_2024_partners_esp.pdf\" target=\"_blank\" rel=\"noopener\">aqu\u00ed <\/a>la gu\u00eda des estilo y uso del logo<\/p>\n[\/vc_column_text][mk_padding_divider size=&#8221;25&#8243;][vc_row_inner][vc_column_inner width=&#8221;1\/3&#8243;][mk_image src=&#8221;https:\/\/whsrn.org\/wp-content\/uploads\/2019\/03\/whsrn_english.png&#8221; image_size=&#8221;full&#8221; link=&#8221;https:\/\/whsrn.org\/wp-content\/uploads\/2019\/03\/whsrn_english.png&#8221; align=&#8221;center&#8221;][vc_column_text css=&#8221;.vc_custom_1551975494519{padding-top: 5px !important;}&#8221;]\n<p style=\"text-align: center;\"><strong>Ingl\u00e9s<\/strong><\/p>\n[\/vc_column_text][\/vc_column_inner][vc_column_inner width=&#8221;1\/3&#8243;][mk_image src=&#8221;https:\/\/whsrn.org\/wp-content\/uploads\/2019\/03\/whsrn_spanish.png&#8221; image_size=&#8221;full&#8221; link=&#8221;https:\/\/whsrn.org\/wp-content\/uploads\/2019\/03\/whsrn_spanish.png&#8221; align=&#8221;center&#8221;][vc_column_text css=&#8221;.vc_custom_1551975812421{padding-top: 5px !important;}&#8221;]\n<p style=\"text-align: center;\"><b>Espa\u00f1ol<\/b><\/p>\n[\/vc_column_text][\/vc_column_inner][vc_column_inner width=&#8221;1\/3&#8243;][mk_image src=&#8221;https:\/\/whsrn.org\/wp-content\/uploads\/2022\/03\/rhrap_spanish.png&#8221; image_size=&#8221;full&#8221; link=&#8221;https:\/\/whsrn.org\/wp-content\/uploads\/2022\/03\/rhrap_spanish.png&#8221; align=&#8221;center&#8221;][vc_column_text css=&#8221;.vc_custom_1646751557946{padding-top: 5px !important;}&#8221;]\n<p style=\"text-align: center;\"><b>Espa\u00f1ol &#8211; RHRAP<\/b><\/p>\n[\/vc_column_text][\/vc_column_inner][\/vc_row_inner][vc_row_inner][vc_column_inner width=&#8221;1\/3&#8243;][mk_image src=&#8221;https:\/\/whsrn.org\/wp-content\/uploads\/2019\/03\/whsrn_portuguese.png&#8221; image_size=&#8221;full&#8221; link=&#8221;https:\/\/whsrn.org\/wp-content\/uploads\/2019\/03\/whsrn_portuguese.png&#8221; align=&#8221;center&#8221;][vc_column_text css=&#8221;.vc_custom_1551975838453{padding-top: 5px !important;}&#8221;]\n<p style=\"text-align: center;\"><b>Portugu\u00e9s<\/b><\/p>\n[\/vc_column_text][\/vc_column_inner][vc_column_inner width=&#8221;1\/3&#8243;][mk_image src=&#8221;https:\/\/whsrn.org\/wp-content\/uploads\/2019\/03\/whsrn_french.png&#8221; image_size=&#8221;full&#8221; link=&#8221;https:\/\/whsrn.org\/wp-content\/uploads\/2019\/03\/whsrn_french.png&#8221; align=&#8221;center&#8221;][vc_column_text css=&#8221;.vc_custom_1551975862151{padding-top: 5px !important;}&#8221;]\n<p style=\"text-align: center;\"><b>Franc\u00e9s<\/b><\/p>\n[\/vc_column_text][\/vc_column_inner][vc_column_inner width=&#8221;1\/3&#8243;][mk_image src=&#8221;https:\/\/whsrn.org\/wp-content\/uploads\/2019\/03\/whsrn_dutch.png&#8221; image_size=&#8221;full&#8221; link=&#8221;https:\/\/whsrn.org\/wp-content\/uploads\/2019\/03\/whsrn_dutch.png&#8221; align=&#8221;center&#8221;][vc_column_text css=&#8221;.vc_custom_1551975885614{padding-top: 5px !important;}&#8221;]\n<p style=\"text-align: center;\"><b>Holand\u00e9s<\/b><\/p>\n[\/vc_column_text][\/vc_column_inner][\/vc_row_inner][mk_fancy_title color=&#8221;#005695&#8243; size=&#8221;34&#8243; font_weight=&#8221;300&#8243; txt_transform=&#8221;none&#8221; margin_top=&#8221;15&#8243; margin_bottom=&#8221;25&#8243; font_family=&#8221;Roboto+Slab&#8221; font_type=&#8221;google&#8221; responsive_align=&#8221;left&#8221;]Logotipo conmemorativo[\/mk_fancy_title][mk_image src=&#8221;https:\/\/whsrn.org\/wp-content\/uploads\/2026\/01\/whsrn-40-anniversary-eng&#8211;scaled.png&#8221; image_size=&#8221;medium&#8221; link=&#8221;https:\/\/whsrn.org\/wp-content\/uploads\/2019\/03\/whsrn_french.png&#8221; align=&#8221;center&#8221;][mk_image src=&#8221;https:\/\/whsrn.org\/wp-content\/uploads\/2026\/01\/whsrn-40-aniversario-esp-scaled.png&#8221; image_size=&#8221;medium&#8221; link=&#8221;https:\/\/whsrn.org\/wp-content\/uploads\/2019\/03\/whsrn_portuguese.png&#8221; align=&#8221;center&#8221;][mk_padding_divider size=&#8221;24&#8243; visibility=&#8221;hidden-sm&#8221;][mk_fancy_title color=&#8221;#005695&#8243; size=&#8221;34&#8243; font_weight=&#8221;300&#8243; txt_transform=&#8221;none&#8221; margin_top=&#8221;15&#8243; margin_bottom=&#8221;25&#8243; font_family=&#8221;Roboto+Slab&#8221; font_type=&#8221;google&#8221; responsive_align=&#8221;left&#8221;]Se\u00f1ales interpretativas[\/mk_fancy_title][vc_column_text css=&#8221;.vc_custom_1683382154413{margin-bottom: 0px !important;}&#8221;]Las plantillas de se\u00f1ales interpretativas est\u00e1n disponibles en ingl\u00e9s y espa\u00f1ol. El personal de WHSRN puede apoyar el dise\u00f1o para la producci\u00f3n de estas se\u00f1ales. Para obtener informaci\u00f3n completa sobre la producci\u00f3n de se\u00f1ales, <strong><a href=\"https:\/\/whsrn.org\/wp-content\/uploads\/2023\/05\/guidelines_whsrn-interp-sign_espanol_2021.pdf\">siga estas instrucciones.<\/a><\/strong>[\/vc_column_text][mk_padding_divider size=&#8221;25&#8243;][vc_row_inner][vc_column_inner width=&#8221;1\/3&#8243;][mk_image src=&#8221;https:\/\/whsrn.org\/wp-content\/uploads\/2022\/04\/template_sign2021_esp_screenshot.jpg&#8221; image_size=&#8221;full&#8221; link=&#8221;https:\/\/whsrn.org\/wp-content\/uploads\/2022\/02\/template_sign2021_esp.pdf&#8221; align=&#8221;center&#8221;][vc_column_text css=&#8221;.vc_custom_1644978431824{padding-top: 5px !important;}&#8221;]\n<p style=\"text-align: center;\"><b>Plantilla Dise\u00f1o Completo<\/b><em><br \/>\n<\/em><em>Texto ampliado y m\u00e1s im\u00e1genes<\/em>[\/vc_column_text][\/vc_column_inner][vc_column_inner width=&#8221;1\/3&#8243;][mk_image src=&#8221;https:\/\/whsrn.org\/wp-content\/uploads\/2019\/03\/3-photo_screenshot.jpg&#8221; image_size=&#8221;full&#8221; link=&#8221;https:\/\/whsrn.org\/wp-content\/uploads\/2019\/03\/whsrn-signtemplate_2017_three-photos.pdf&#8221; align=&#8221;center&#8221;][vc_column_text css=&#8221;.vc_custom_1551979582863{padding-top: 5px !important;}&#8221;]\n<p style=\"text-align: center;\"><b>Plantilla de tres fotos<br \/>\n<\/b><em>M\u00e1s espacio para pie de fotos m\u00e1s largos<\/em><em><br \/>\n<\/em>[\/vc_column_text][\/vc_column_inner][vc_column_inner width=&#8221;1\/3&#8243;][mk_image src=&#8221;https:\/\/whsrn.org\/wp-content\/uploads\/2019\/03\/4-photo_screenshot.jpg&#8221; image_size=&#8221;full&#8221; link=&#8221;https:\/\/whsrn.org\/wp-content\/uploads\/2019\/03\/whsrn-signtemplate_2017_four-photos.pdf&#8221; align=&#8221;center&#8221;][vc_column_text css=&#8221;.vc_custom_1551979625610{padding-top: 5px !important;}&#8221;]\n<p style=\"text-align: center;\"><b>Plantilla de cuatro fotos<\/b> <em><br \/>\n<\/em> <em>Son necesarios pie de fotos m\u00e1s cortos<br \/>\n<\/em>[\/vc_column_text][\/vc_column_inner][\/vc_row_inner][vc_column_text align=&#8221;center&#8221; css=&#8221;.vc_custom_1551979776282{margin-bottom: 0px !important;}&#8221;]Para obtener m\u00e1s informaci\u00f3n sobre el apoyo para comunicaciones, planificaci\u00f3n de eventos y medios de comunicaci\u00f3n, comun\u00edquese con <strong><a href=\"mailto:whsrn@manomet.org\">whsrn@manomet.org<\/a><\/strong>[\/vc_column_text][mk_padding_divider size=&#8221;25&#8243;][mk_padding_divider size=&#8221;50&#8243;][\/vc_column][\/mk_page_section]\n","protected":false},"excerpt":{"rendered":"<p>[mk_page_section bg_image=&#8221;https:\/\/whsrn.org\/wp-content\/uploads\/2019\/02\/outreachresources_header.jpg&#8221; bg_image_portrait=&#8221;https:\/\/whsrn.org\/wp-content\/uploads\/2019\/03\/outreach-resources-header.jpg&#8221; bg_color=&#8221;#5e5e5e&#8221; bg_position=&#8221;center center&#8221; bg_repeat=&#8221;no-repeat&#8221; bg_stretch=&#8221;true&#8221; video_color_mask=&#8221;#cccccc&#8221; video_opacity=&#8221;.4&#8243; min_height=&#8221;325&#8243; sidebar=&#8221;sidebar-1&#8243;][vc_column][mk_padding_divider size=&#8221;120&#8243;][mk_fancy_title tag_name=&#8221;h1&#8243; color=&#8221;#ffffff&#8221; size=&#8221;75&#8243; force_font_size=&#8221;true&#8221; size_phone=&#8221;42&#8243; font_weight=&#8221;900&#8243; font_family=&#8221;Roboto+Condensed&#8221; font_type=&#8221;google&#8221; align=&#8221;center&#8221;]Recursos de Divulgaci\u00f3n [\/mk_fancy_title][\/vc_column][\/mk_page_section][mk_page_section bg_color=&#8221;#f2f2f2&#8243; padding_top=&#8221;25&#8243; sidebar=&#8221;sidebar-1&#8243;][vc_column css=&#8221;.vc_custom_1534796504266{padding-right: 35px !important;}&#8221;][mk_fancy_title color=&#8221;#53565a&#8221; size=&#8221;38&#8243; force_font_size=&#8221;true&#8221; size_phone=&#8221;36&#8243; line_height=&#8221;120&#8243; font_weight=&#8221;300&#8243; txt_transform=&#8221;none&#8221; margin_bottom=&#8221;0&#8243; font_family=&#8221;Roboto&#8221; font_type=&#8221;google&#8221; responsive_align=&#8221;left&#8221;]Recursos WHSRN[\/mk_fancy_title][\/vc_column][\/mk_page_section][mk_page_section section_layout=&#8221;right&#8221; padding_top=&#8221;15&#8243; padding_bottom=&#8221;0&#8243; margin_bottom=&#8221;30&#8243; sidebar=&#8221;sidebar-20&#8243;][vc_column border_color=&#8221;#ffffff&#8221; css=&#8221;.vc_custom_1542639941640{margin-right: 0px !important;margin-left: 0px !important;border-top-width: 0px [&hellip;]<\/p>\n","protected":false},"author":2,"featured_media":0,"parent":9472,"menu_order":0,"comment_status":"closed","ping_status":"closed","template":"","meta":{"nf_dc_page":"","footnotes":""},"class_list":["post-9491","page","type-page","status-publish","hentry"],"yoast_head":"<!-- This site is optimized with the Yoast SEO plugin v27.2 - https:\/\/yoast.com\/product\/yoast-seo-wordpress\/ -->\n<title>Recursos WHSRN &#8211; WHSRN<\/title>\n<meta name=\"robots\" content=\"index, follow, max-snippet:-1, max-image-preview:large, max-video-preview:-1\" \/>\n<link rel=\"canonical\" href=\"https:\/\/whsrn.org\/es\/recursos-de-divulgacion\/recursos-whsrn\/\" \/>\n<meta property=\"og:locale\" content=\"es_ES\" \/>\n<meta property=\"og:type\" content=\"article\" \/>\n<meta property=\"og:title\" content=\"Recursos WHSRN &#8211; WHSRN\" \/>\n<meta property=\"og:description\" content=\"[mk_page_section bg_image=&#8221;https:\/\/whsrn.org\/wp-content\/uploads\/2019\/02\/outreachresources_header.jpg&#8221; bg_image_portrait=&#8221;https:\/\/whsrn.org\/wp-content\/uploads\/2019\/03\/outreach-resources-header.jpg&#8221; bg_color=&#8221;#5e5e5e&#8221; bg_position=&#8221;center center&#8221; bg_repeat=&#8221;no-repeat&#8221; bg_stretch=&#8221;true&#8221; video_color_mask=&#8221;#cccccc&#8221; video_opacity=&#8221;.4&#8243; min_height=&#8221;325&#8243; sidebar=&#8221;sidebar-1&#8243;][vc_column][mk_padding_divider size=&#8221;120&#8243;][mk_fancy_title tag_name=&#8221;h1&#8243; color=&#8221;#ffffff&#8221; size=&#8221;75&#8243; force_font_size=&#8221;true&#8221; size_phone=&#8221;42&#8243; font_weight=&#8221;900&#8243; font_family=&#8221;Roboto+Condensed&#8221; font_type=&#8221;google&#8221; align=&#8221;center&#8221;]Recursos de Divulgaci\u00f3n [\/mk_fancy_title][\/vc_column][\/mk_page_section][mk_page_section bg_color=&#8221;#f2f2f2&#8243; padding_top=&#8221;25&#8243; sidebar=&#8221;sidebar-1&#8243;][vc_column css=&#8221;.vc_custom_1534796504266{padding-right: 35px !important;}&#8221;][mk_fancy_title color=&#8221;#53565a&#8221; size=&#8221;38&#8243; force_font_size=&#8221;true&#8221; size_phone=&#8221;36&#8243; line_height=&#8221;120&#8243; font_weight=&#8221;300&#8243; txt_transform=&#8221;none&#8221; margin_bottom=&#8221;0&#8243; font_family=&#8221;Roboto&#8221; font_type=&#8221;google&#8221; responsive_align=&#8221;left&#8221;]Recursos WHSRN[\/mk_fancy_title][\/vc_column][\/mk_page_section][mk_page_section section_layout=&#8221;right&#8221; padding_top=&#8221;15&#8243; padding_bottom=&#8221;0&#8243; margin_bottom=&#8221;30&#8243; sidebar=&#8221;sidebar-20&#8243;][vc_column border_color=&#8221;#ffffff&#8221; css=&#8221;.vc_custom_1542639941640{margin-right: 0px !important;margin-left: 0px !important;border-top-width: 0px [&hellip;]\" \/>\n<meta property=\"og:url\" content=\"https:\/\/whsrn.org\/es\/recursos-de-divulgacion\/recursos-whsrn\/\" \/>\n<meta property=\"og:site_name\" content=\"WHSRN\" \/>\n<meta property=\"article:publisher\" content=\"https:\/\/www.facebook.com\/WHSRN\" \/>\n<meta property=\"article:modified_time\" content=\"2026-01-22T17:55:33+00:00\" \/>\n<meta name=\"twitter:card\" content=\"summary_large_image\" \/>\n<meta name=\"twitter:site\" content=\"@WHSRN\" \/>\n<meta name=\"twitter:label1\" content=\"Tiempo de lectura\" \/>\n\t<meta name=\"twitter:data1\" content=\"3 minutos\" \/>\n<script type=\"application\/ld+json\" class=\"yoast-schema-graph\">{\"@context\":\"https:\/\/schema.org\",\"@graph\":[{\"@type\":\"WebPage\",\"@id\":\"https:\/\/whsrn.org\/es\/recursos-de-divulgacion\/recursos-whsrn\/\",\"url\":\"https:\/\/whsrn.org\/es\/recursos-de-divulgacion\/recursos-whsrn\/\",\"name\":\"Recursos WHSRN &#8211; WHSRN\",\"isPartOf\":{\"@id\":\"https:\/\/whsrn.org\/es\/#website\"},\"datePublished\":\"2019-05-10T21:23:18+00:00\",\"dateModified\":\"2026-01-22T17:55:33+00:00\",\"breadcrumb\":{\"@id\":\"https:\/\/whsrn.org\/es\/recursos-de-divulgacion\/recursos-whsrn\/#breadcrumb\"},\"inLanguage\":\"es\",\"potentialAction\":[{\"@type\":\"ReadAction\",\"target\":[\"https:\/\/whsrn.org\/es\/recursos-de-divulgacion\/recursos-whsrn\/\"]}]},{\"@type\":\"BreadcrumbList\",\"@id\":\"https:\/\/whsrn.org\/es\/recursos-de-divulgacion\/recursos-whsrn\/#breadcrumb\",\"itemListElement\":[{\"@type\":\"ListItem\",\"position\":1,\"name\":\"Home\",\"item\":\"https:\/\/whsrn.org\/es\/\"},{\"@type\":\"ListItem\",\"position\":2,\"name\":\"Recursos de Divulgaci\u00f3n\",\"item\":\"https:\/\/whsrn.org\/es\/recursos-de-divulgacion\/\"},{\"@type\":\"ListItem\",\"position\":3,\"name\":\"Recursos WHSRN\"}]},{\"@type\":\"WebSite\",\"@id\":\"https:\/\/whsrn.org\/es\/#website\",\"url\":\"https:\/\/whsrn.org\/es\/\",\"name\":\"WHSRN\",\"description\":\"Western Hemisphere Shorebird Reserve Network\",\"publisher\":{\"@id\":\"https:\/\/whsrn.org\/es\/#organization\"},\"potentialAction\":[{\"@type\":\"SearchAction\",\"target\":{\"@type\":\"EntryPoint\",\"urlTemplate\":\"https:\/\/whsrn.org\/es\/?s={search_term_string}\"},\"query-input\":{\"@type\":\"PropertyValueSpecification\",\"valueRequired\":true,\"valueName\":\"search_term_string\"}}],\"inLanguage\":\"es\"},{\"@type\":\"Organization\",\"@id\":\"https:\/\/whsrn.org\/es\/#organization\",\"name\":\"Western Hemisphere Shorebird Reserve Network\",\"url\":\"https:\/\/whsrn.org\/es\/\",\"logo\":{\"@type\":\"ImageObject\",\"inLanguage\":\"es\",\"@id\":\"https:\/\/whsrn.org\/es\/#\/schema\/logo\/image\/\",\"url\":\"https:\/\/whsrn.org\/wp-content\/uploads\/2021\/01\/whsrn_nostrapline_square.png\",\"contentUrl\":\"https:\/\/whsrn.org\/wp-content\/uploads\/2021\/01\/whsrn_nostrapline_square.png\",\"width\":800,\"height\":800,\"caption\":\"Western Hemisphere Shorebird Reserve Network\"},\"image\":{\"@id\":\"https:\/\/whsrn.org\/es\/#\/schema\/logo\/image\/\"},\"sameAs\":[\"https:\/\/www.facebook.com\/WHSRN\",\"https:\/\/x.com\/WHSRN\",\"https:\/\/www.youtube.com\/channel\/UCDMz2oCsiK8e03UxFhHhdEA\"]}]}<\/script>\n<!-- \/ Yoast SEO plugin. -->","yoast_head_json":{"title":"Recursos WHSRN &#8211; WHSRN","robots":{"index":"index","follow":"follow","max-snippet":"max-snippet:-1","max-image-preview":"max-image-preview:large","max-video-preview":"max-video-preview:-1"},"canonical":"https:\/\/whsrn.org\/es\/recursos-de-divulgacion\/recursos-whsrn\/","og_locale":"es_ES","og_type":"article","og_title":"Recursos WHSRN &#8211; WHSRN","og_description":"[mk_page_section bg_image=&#8221;https:\/\/whsrn.org\/wp-content\/uploads\/2019\/02\/outreachresources_header.jpg&#8221; bg_image_portrait=&#8221;https:\/\/whsrn.org\/wp-content\/uploads\/2019\/03\/outreach-resources-header.jpg&#8221; bg_color=&#8221;#5e5e5e&#8221; bg_position=&#8221;center center&#8221; bg_repeat=&#8221;no-repeat&#8221; bg_stretch=&#8221;true&#8221; video_color_mask=&#8221;#cccccc&#8221; video_opacity=&#8221;.4&#8243; min_height=&#8221;325&#8243; sidebar=&#8221;sidebar-1&#8243;][vc_column][mk_padding_divider size=&#8221;120&#8243;][mk_fancy_title tag_name=&#8221;h1&#8243; color=&#8221;#ffffff&#8221; size=&#8221;75&#8243; force_font_size=&#8221;true&#8221; size_phone=&#8221;42&#8243; font_weight=&#8221;900&#8243; font_family=&#8221;Roboto+Condensed&#8221; font_type=&#8221;google&#8221; align=&#8221;center&#8221;]Recursos de Divulgaci\u00f3n [\/mk_fancy_title][\/vc_column][\/mk_page_section][mk_page_section bg_color=&#8221;#f2f2f2&#8243; padding_top=&#8221;25&#8243; sidebar=&#8221;sidebar-1&#8243;][vc_column css=&#8221;.vc_custom_1534796504266{padding-right: 35px !important;}&#8221;][mk_fancy_title color=&#8221;#53565a&#8221; size=&#8221;38&#8243; force_font_size=&#8221;true&#8221; size_phone=&#8221;36&#8243; line_height=&#8221;120&#8243; font_weight=&#8221;300&#8243; txt_transform=&#8221;none&#8221; margin_bottom=&#8221;0&#8243; font_family=&#8221;Roboto&#8221; font_type=&#8221;google&#8221; responsive_align=&#8221;left&#8221;]Recursos WHSRN[\/mk_fancy_title][\/vc_column][\/mk_page_section][mk_page_section section_layout=&#8221;right&#8221; padding_top=&#8221;15&#8243; padding_bottom=&#8221;0&#8243; margin_bottom=&#8221;30&#8243; sidebar=&#8221;sidebar-20&#8243;][vc_column border_color=&#8221;#ffffff&#8221; css=&#8221;.vc_custom_1542639941640{margin-right: 0px !important;margin-left: 0px !important;border-top-width: 0px [&hellip;]","og_url":"https:\/\/whsrn.org\/es\/recursos-de-divulgacion\/recursos-whsrn\/","og_site_name":"WHSRN","article_publisher":"https:\/\/www.facebook.com\/WHSRN","article_modified_time":"2026-01-22T17:55:33+00:00","twitter_card":"summary_large_image","twitter_site":"@WHSRN","twitter_misc":{"Tiempo de lectura":"3 minutos"},"schema":{"@context":"https:\/\/schema.org","@graph":[{"@type":"WebPage","@id":"https:\/\/whsrn.org\/es\/recursos-de-divulgacion\/recursos-whsrn\/","url":"https:\/\/whsrn.org\/es\/recursos-de-divulgacion\/recursos-whsrn\/","name":"Recursos WHSRN &#8211; WHSRN","isPartOf":{"@id":"https:\/\/whsrn.org\/es\/#website"},"datePublished":"2019-05-10T21:23:18+00:00","dateModified":"2026-01-22T17:55:33+00:00","breadcrumb":{"@id":"https:\/\/whsrn.org\/es\/recursos-de-divulgacion\/recursos-whsrn\/#breadcrumb"},"inLanguage":"es","potentialAction":[{"@type":"ReadAction","target":["https:\/\/whsrn.org\/es\/recursos-de-divulgacion\/recursos-whsrn\/"]}]},{"@type":"BreadcrumbList","@id":"https:\/\/whsrn.org\/es\/recursos-de-divulgacion\/recursos-whsrn\/#breadcrumb","itemListElement":[{"@type":"ListItem","position":1,"name":"Home","item":"https:\/\/whsrn.org\/es\/"},{"@type":"ListItem","position":2,"name":"Recursos de Divulgaci\u00f3n","item":"https:\/\/whsrn.org\/es\/recursos-de-divulgacion\/"},{"@type":"ListItem","position":3,"name":"Recursos WHSRN"}]},{"@type":"WebSite","@id":"https:\/\/whsrn.org\/es\/#website","url":"https:\/\/whsrn.org\/es\/","name":"WHSRN","description":"Western Hemisphere Shorebird Reserve Network","publisher":{"@id":"https:\/\/whsrn.org\/es\/#organization"},"potentialAction":[{"@type":"SearchAction","target":{"@type":"EntryPoint","urlTemplate":"https:\/\/whsrn.org\/es\/?s={search_term_string}"},"query-input":{"@type":"PropertyValueSpecification","valueRequired":true,"valueName":"search_term_string"}}],"inLanguage":"es"},{"@type":"Organization","@id":"https:\/\/whsrn.org\/es\/#organization","name":"Western Hemisphere Shorebird Reserve Network","url":"https:\/\/whsrn.org\/es\/","logo":{"@type":"ImageObject","inLanguage":"es","@id":"https:\/\/whsrn.org\/es\/#\/schema\/logo\/image\/","url":"https:\/\/whsrn.org\/wp-content\/uploads\/2021\/01\/whsrn_nostrapline_square.png","contentUrl":"https:\/\/whsrn.org\/wp-content\/uploads\/2021\/01\/whsrn_nostrapline_square.png","width":800,"height":800,"caption":"Western Hemisphere Shorebird Reserve Network"},"image":{"@id":"https:\/\/whsrn.org\/es\/#\/schema\/logo\/image\/"},"sameAs":["https:\/\/www.facebook.com\/WHSRN","https:\/\/x.com\/WHSRN","https:\/\/www.youtube.com\/channel\/UCDMz2oCsiK8e03UxFhHhdEA"]}]}},"_links":{"self":[{"href":"https:\/\/whsrn.org\/es\/wp-json\/wp\/v2\/pages\/9491","targetHints":{"allow":["GET"]}}],"collection":[{"href":"https:\/\/whsrn.org\/es\/wp-json\/wp\/v2\/pages"}],"about":[{"href":"https:\/\/whsrn.org\/es\/wp-json\/wp\/v2\/types\/page"}],"author":[{"embeddable":true,"href":"https:\/\/whsrn.org\/es\/wp-json\/wp\/v2\/users\/2"}],"replies":[{"embeddable":true,"href":"https:\/\/whsrn.org\/es\/wp-json\/wp\/v2\/comments?post=9491"}],"version-history":[{"count":6,"href":"https:\/\/whsrn.org\/es\/wp-json\/wp\/v2\/pages\/9491\/revisions"}],"predecessor-version":[{"id":30455,"href":"https:\/\/whsrn.org\/es\/wp-json\/wp\/v2\/pages\/9491\/revisions\/30455"}],"up":[{"embeddable":true,"href":"https:\/\/whsrn.org\/es\/wp-json\/wp\/v2\/pages\/9472"}],"wp:attachment":[{"href":"https:\/\/whsrn.org\/es\/wp-json\/wp\/v2\/media?parent=9491"}],"curies":[{"name":"wp","href":"https:\/\/api.w.org\/{rel}","templated":true}]}}