{"id":8170,"date":"2019-03-11T21:31:25","date_gmt":"2019-03-11T21:31:25","guid":{"rendered":"https:\/\/whsrn.org\/?page_id=8170"},"modified":"2026-01-21T11:40:15","modified_gmt":"2026-01-21T16:40:15","slug":"home","status":"publish","type":"page","link":"https:\/\/whsrn.org\/es\/","title":{"rendered":"Inicio"},"content":{"rendered":"[vc_row visibility=&#8221;visible-dt-v2&#8243;][vc_column]<div class='gambit_video_row' data-opacity='100' style='display: none'><div class=\"click-overrider\"><\/div><div id=\"video-1\" data-vimeo-video-id=\"314363339\" data-video-aspect-ratio=\"16:9\"><iframe id=\"video-iframe-1\" src=\"https:\/\/player.vimeo.com\/video\/314363339?api=1&player_id=video-iframe-1&html5=1&autopause=0&autoplay=1&badge=0&byline=0&loop=1&title=0&background=1&mute=1\" frameborder=\"0\" webkitallowfullscreen mozallowfullscreen allowfullscreen><\/iframe><\/div><\/div><div class=\"gambit_fullwidth_row\" data-content-width=\"1140\" style=\"display: none\"><\/div>[vc_row_inner][vc_column_inner width=&#8221;3\/4&#8243;][mk_padding_divider size=&#8221;150&#8243;][mk_fancy_title tag_name=&#8221;h1&#8243; color=&#8221;#ffffff&#8221; size=&#8221;75&#8243; force_font_size=&#8221;true&#8221; size_smallscreen=&#8221;55&#8243; size_phone=&#8221;38&#8243; line_height=&#8221;105&#8243; font_weight=&#8221;900&#8243; font_family=&#8221;Roboto+Condensed&#8221; font_type=&#8221;google&#8221; responsive_align=&#8221;left&#8221; drop_shadow=&#8221;true&#8221;]Conservar las aves playeras y sus h\u00e1bitats a trav\u00e9s de <i>una red de sitios clave<\/i> en las Am\u00e9ricas.[\/mk_fancy_title][mk_button dimension=&#8221;flat&#8221; size=&#8221;large&#8221; letter_spacing=&#8221;2&#8243; url=&#8221;https:\/\/whsrn.org\/whsrn-sites\/&#8221; bg_color=&#8221;#005695&#8243; btn_hover_bg=&#8221;#efefef&#8221; btn_hover_txt_color=&#8221;#005695&#8243;]Sitios WHSRN[\/mk_button][mk_padding_divider size=&#8221;175&#8243; visibility=&#8221;visible-dt&#8221;][\/vc_column_inner][vc_column_inner width=&#8221;1\/4&#8243;][\/vc_column_inner][\/vc_row_inner][\/vc_column][\/vc_row][vc_row visibility=&#8221;visible-tl-v2&#8243;][vc_column]<div class='gambit_video_row' data-opacity='100' style='display: none'><div class=\"click-overrider\"><\/div><div id=\"video-2\" data-vimeo-video-id=\"314363339\" data-video-aspect-ratio=\"16:9\"><iframe id=\"video-iframe-2\" src=\"https:\/\/player.vimeo.com\/video\/314363339?api=1&player_id=video-iframe-2&html5=1&autopause=0&autoplay=1&badge=0&byline=0&loop=1&title=0&background=1&mute=1\" frameborder=\"0\" webkitallowfullscreen mozallowfullscreen allowfullscreen><\/iframe><\/div><\/div><div class=\"gambit_fullwidth_row\" data-content-width=\"1140\" style=\"display: none\"><\/div>[vc_row_inner][vc_column_inner width=&#8221;7\/12&#8243;][mk_padding_divider size=&#8221;50&#8243;][mk_fancy_title tag_name=&#8221;h1&#8243; color=&#8221;#ffffff&#8221; size=&#8221;45&#8243; force_font_size=&#8221;true&#8221; size_smallscreen=&#8221;45&#8243; size_phone=&#8221;38&#8243; line_height=&#8221;105&#8243; font_weight=&#8221;900&#8243; font_family=&#8221;Roboto+Condensed&#8221; font_type=&#8221;google&#8221; responsive_align=&#8221;left&#8221; drop_shadow=&#8221;true&#8221;]Conservar las aves playeras y sus h\u00e1bitats a trav\u00e9s de <i>una red de sitios clave<\/i> en las Am\u00e9ricas.[\/mk_fancy_title][mk_button dimension=&#8221;flat&#8221; size=&#8221;large&#8221; letter_spacing=&#8221;2&#8243; url=&#8221;https:\/\/whsrn.org\/whsrn-sites\/&#8221; bg_color=&#8221;#005695&#8243; btn_hover_bg=&#8221;#efefef&#8221; btn_hover_txt_color=&#8221;#005695&#8243;]Sitios WHSRN[\/mk_button][mk_padding_divider][\/vc_column_inner][vc_column_inner width=&#8221;5\/12&#8243;][\/vc_column_inner][\/vc_row_inner][\/vc_column][\/vc_row][mk_page_section vertical_align=&#8221;top&#8221; attachment=&#8221;fixed&#8221; bg_position=&#8221;right top&#8221; bg_repeat=&#8221;no-repeat&#8221; bg_video=&#8221;yes&#8221; mp4=&#8221;https:\/\/whsrn.org\/wp-content\/uploads\/2019\/01\/homepageloop_17jan.mp4&#8243; webm=&#8221;https:\/\/whsrn.org\/wp-content\/uploads\/2019\/01\/homepageloop_17jan.webm&#8221; poster_image=&#8221;https:\/\/whsrn.org\/wp-content\/uploads\/2019\/01\/homepagestillshot.jpg&#8221; video_color_mask=&#8221;rgba(0,86,149,0.19)&#8221; video_opacity=&#8221;0.7&#8243; min_height=&#8221;400&#8243; full_height=&#8221;true&#8221; padding_top=&#8221;0&#8243; padding_bottom=&#8221;0&#8243; visibility=&#8221;visible-sm&#8221; sidebar=&#8221;sidebar-1&#8243;][vc_column width=&#8221;3\/4&#8243;][mk_padding_divider size=&#8221;30&#8243; visibility=&#8221;visible-dt&#8221;][mk_padding_divider size=&#8221;100&#8243;][mk_fancy_title tag_name=&#8221;h1&#8243; color=&#8221;#ffffff&#8221; size=&#8221;75&#8243; force_font_size=&#8221;true&#8221; size_phone=&#8221;38&#8243; line_height=&#8221;95&#8243; font_weight=&#8221;900&#8243; font_family=&#8221;Roboto+Condensed&#8221; font_type=&#8221;google&#8221; responsive_align=&#8221;left&#8221;]Conservar las aves playeras y sus h\u00e1bitats a trav\u00e9s de <i>una red de sitios clave<\/i> en las Am\u00e9ricas.[\/mk_fancy_title][mk_button dimension=&#8221;flat&#8221; size=&#8221;x-large&#8221; letter_spacing=&#8221;2&#8243; url=&#8221;https:\/\/whsrn.org\/whsrn-sites\/&#8221; bg_color=&#8221;#005695&#8243; btn_hover_bg=&#8221;#efefef&#8221; btn_hover_txt_color=&#8221;#005695&#8243;]Sitios WHSRN[\/mk_button][mk_padding_divider size=&#8221;50&#8243; visibility=&#8221;visible-sm&#8221;][\/vc_column][vc_column width=&#8221;1\/4&#8243;][\/vc_column][\/mk_page_section][vc_row fullwidth=&#8221;true&#8221;][vc_column width=&#8221;1\/3&#8243; css=&#8221;.vc_custom_1553260619843{border-right-width: 0px !important;border-left-width: 0px !important;padding-right: 0px !important;padding-left: 0px !important;background-color: #4c88b5 !important;}&#8221;][mk_button dimension=&#8221;flat&#8221; size=&#8221;xx-large&#8221; letter_spacing=&#8221;2&#8243; url=&#8221;https:\/\/whsrn.org\/site-support\/&#8221; align=&#8221;center&#8221; fullwidth=&#8221;true&#8221; margin_bottom=&#8221;0&#8243; margin_right=&#8221;0&#8243; bg_color=&#8221;#4c88b5&#8243; btn_hover_bg=&#8221;#dddddd&#8221; btn_hover_txt_color=&#8221;#005695&#8243;]APOYO A LOS SITIOS[\/mk_button][\/vc_column][vc_column width=&#8221;1\/3&#8243; css=&#8221;.vc_custom_1553260608023{border-right-width: 0px !important;border-left-width: 0px !important;padding-right: 0px !important;padding-left: 0px !important;background-color: #7faaca !important;}&#8221;][mk_button dimension=&#8221;flat&#8221; size=&#8221;xx-large&#8221; letter_spacing=&#8221;2&#8243; url=&#8221;https:\/\/whsrn.org\/why-whsrn\/&#8221; align=&#8221;center&#8221; fullwidth=&#8221;true&#8221; margin_bottom=&#8221;0&#8243; margin_right=&#8221;0&#8243; bg_color=&#8221;#7faaca&#8221; btn_hover_bg=&#8221;#dddddd&#8221; btn_hover_txt_color=&#8221;#005695&#8243;]NUEVOS SITIOS[\/mk_button][\/vc_column][vc_column width=&#8221;1\/3&#8243; css=&#8221;.vc_custom_1553260260957{border-right-width: 0px !important;border-left-width: 0px !important;padding-right: 0px !important;padding-left: 0px !important;background-color: #99bbd5 !important;}&#8221;][mk_button dimension=&#8221;flat&#8221; size=&#8221;xx-large&#8221; letter_spacing=&#8221;2&#8243; url=&#8221;https:\/\/whsrn.org\/es\/descubramos-las-aves-playeras\/&#8221; target=&#8221;_blank&#8221; align=&#8221;center&#8221; fullwidth=&#8221;true&#8221; margin_bottom=&#8221;0&#8243; margin_right=&#8221;0&#8243; bg_color=&#8221;#99bbd5&#8243; btn_hover_bg=&#8221;#dddddd&#8221; btn_hover_txt_color=&#8221;#005695&#8243;]CURR\u00cdCULO DESCUBRAMOS LAS AVES PLAYERAS[\/mk_button][\/vc_column][\/vc_row][mk_page_section padding_top=&#8221;50&#8243; padding_bottom=&#8221;60&#8243; sidebar=&#8221;sidebar-1&#8243;][vc_column][mk_padding_divider size=&#8221;50&#8243;][mk_fancy_title tag_name=&#8221;h3&#8243; color=&#8221;#53565a&#8221; size=&#8221;18&#8243; line_height=&#8221;80&#8243; font_weight=&#8221;bold&#8221; txt_transform=&#8221;uppercase&#8221; letter_spacing=&#8221;2&#8243; margin_bottom=&#8221;0&#8243; font_family=&#8221;Roboto&#8221; font_type=&#8221;google&#8221; align=&#8221;center&#8221;]WHSRN Hoy[\/mk_fancy_title][mk_divider style=&#8221;thick_solid&#8221; divider_width=&#8221;custom_width&#8221; custom_width=&#8221;75&#8243; border_color=&#8221;#53565a&#8221; margin_top=&#8221;0&#8243;][vc_row_inner][vc_column_inner width=&#8221;1\/4&#8243;][mk_milestone icon=&#8221;mk-moon-spinner-3&#8243; align=&#8221;center&#8221; icon_color=&#8221;#ffffff&#8221; stop=&#8221;126&#8243; speed=&#8221;1000&#8243; text=&#8221;Sitios en la Red&#8221; text_color=&#8221;#005695&#8243; text_size=&#8221;50&#8243; font_family=&#8221;Roboto+Slab&#8221; font_type=&#8221;google&#8221; font_weight=&#8221;300&#8243; desc_size=&#8221;16&#8243;][\/vc_column_inner][vc_column_inner width=&#8221;1\/4&#8243;][mk_milestone icon=&#8221;mk-moon-earth&#8221; align=&#8221;center&#8221; icon_color=&#8221;#ffffff&#8221; stop=&#8221;20&#8243; speed=&#8221;1000&#8243; text=&#8221;Pa\u00edses Participantes&#8221; text_color=&#8221;#005695&#8243; text_size=&#8221;50&#8243; font_family=&#8221;Roboto+Slab&#8221; font_type=&#8221;google&#8221; font_weight=&#8221;300&#8243; desc_size=&#8221;16&#8243;][\/vc_column_inner][vc_column_inner width=&#8221;1\/4&#8243;][mk_milestone icon=&#8221;mk-moon-user-plus-3&#8243; align=&#8221;center&#8221; icon_color=&#8221;#ffffff&#8221; stop=&#8221;452&#8243; text=&#8221;Socios&#8221; text_color=&#8221;#005695&#8243; text_size=&#8221;50&#8243; font_family=&#8221;Roboto+Slab&#8221; font_type=&#8221;google&#8221; font_weight=&#8221;300&#8243; desc_size=&#8221;16&#8243;][\/vc_column_inner][vc_column_inner width=&#8221;1\/4&#8243;][mk_milestone icon=&#8221;mk-moon-stats-up&#8221; align=&#8221;center&#8221; icon_color=&#8221;#ffffff&#8221; stop=&#8221;15.9&#8243; speed=&#8221;3000&#8243; suffix=&#8221;million&#8221; text=&#8221;Hect\u00e1reas de H\u00e1bitat para Aves Playeras&#8221; text_color=&#8221;#005695&#8243; text_size=&#8221;50&#8243; font_family=&#8221;Roboto+Slab&#8221; font_type=&#8221;google&#8221; font_weight=&#8221;300&#8243; desc_size=&#8221;16&#8243;][\/vc_column_inner][\/vc_row_inner][\/vc_column][\/mk_page_section][mk_page_section bg_color=&#8221;#99bbd5&#8243; bg_repeat=&#8221;no-repeat&#8221; video_opacity=&#8221;0.9&#8243; min_height=&#8221;70&#8243; padding_top=&#8221;80&#8243; padding_bottom=&#8221;50&#8243; sidebar=&#8221;sidebar-1&#8243;][vc_column][mk_fancy_title color=&#8221;#005695&#8243; size=&#8221;38&#8243; force_font_size=&#8221;true&#8221; size_phone=&#8221;36&#8243; font_weight=&#8221;300&#8243; txt_transform=&#8221;none&#8221; margin_bottom=&#8221;0&#8243; font_family=&#8221;Roboto+Slab&#8221; font_type=&#8221;google&#8221; align=&#8221;center&#8221;]Sitios WHSRN[\/mk_fancy_title][\/vc_column][\/mk_page_section][mk_page_section bg_repeat=&#8221;no-repeat&#8221; video_opacity=&#8221;1&#8243; adaptive_height=&#8221;true&#8221; max_height=&#8221;1300&#8243; min_height=&#8221;600&#8243; padding_top=&#8221;0&#8243; padding_bottom=&#8221;0&#8243; sidebar=&#8221;sidebar-1&#8243;][vc_column][mk_image src=&#8221;https:\/\/whsrn.org\/wp-content\/uploads\/2024\/10\/map_greenwithbluedots_october2024.png&#8221; image_size=&#8221;full&#8221; align=&#8221;center&#8221; margin_bottom=&#8221;0&#8243;][mk_button dimension=&#8221;flat&#8221; size=&#8221;x-large&#8221; letter_spacing=&#8221;2&#8243; url=&#8221;https:\/\/whsrn.org\/whsrn-sites\/map-of-sites\/&#8221; align=&#8221;center&#8221; margin_top=&#8221;30&#8243; margin_bottom=&#8221;50&#8243; bg_color=&#8221;#005695&#8243; btn_hover_bg=&#8221;#efefef&#8221; btn_hover_txt_color=&#8221;#005695&#8243;]VEA EL MAPA INTERACTIVO[\/mk_button][\/vc_column][\/mk_page_section][mk_page_section border_color=&#8221;#005695&#8243; video_opacity=&#8221;0.2&#8243; min_height=&#8221;300&#8243; padding_top=&#8221;50&#8243; padding_bottom=&#8221;50&#8243; sidebar=&#8221;sidebar-1&#8243;][vc_column css=&#8221;.vc_custom_1534266858400{padding-top: 25px !important;padding-right: 25px !important;padding-bottom: 25px !important;padding-left: 25px !important;}&#8221;][mk_fancy_title tag_name=&#8221;h3&#8243; color=&#8221;#53565a&#8221; size=&#8221;18&#8243; line_height=&#8221;80&#8243; font_weight=&#8221;bold&#8221; txt_transform=&#8221;uppercase&#8221; letter_spacing=&#8221;2&#8243; margin_bottom=&#8221;0&#8243; font_family=&#8221;Roboto&#8221; font_type=&#8221;google&#8221; align=&#8221;center&#8221;]Historias Destacadas[\/mk_fancy_title][mk_divider style=&#8221;thick_solid&#8221; divider_width=&#8221;custom_width&#8221; custom_width=&#8221;75&#8243; border_color=&#8221;#53565a&#8221; margin_top=&#8221;0&#8243; margin_bottom=&#8221;50&#8243;][mk_blog style=&#8221;grid&#8221; grid_image_height=&#8221;250&#8243; post_count=&#8221;3&#8243; excerpt_length=&#8221;225&#8243; pagination=&#8221;false&#8221; cat=&#8221;526&#8243;][\/vc_column][\/mk_page_section][mk_page_section bg_color=&#8221;#7ca4c9&#8243; bg_position=&#8221;center top&#8221; bg_repeat=&#8221;no-repeat&#8221; video_color_mask=&#8221;#005695&#8243; video_opacity=&#8221;0.2&#8243; min_height=&#8221;220&#8243; padding_top=&#8221;20&#8243; padding_bottom=&#8221;30&#8243; sidebar=&#8221;sidebar-1&#8243;][vc_column][mk_fancy_title tag_name=&#8221;h4&#8243; color=&#8221;#ffffff&#8221; size=&#8221;46&#8243; force_font_size=&#8221;true&#8221; size_phone=&#8221;36&#8243; font_weight=&#8221;300&#8243; txt_transform=&#8221;none&#8221; margin_top=&#8221;50&#8243; margin_bottom=&#8221;0&#8243; font_family=&#8221;Roboto+Slab&#8221; font_type=&#8221;google&#8221; align=&#8221;center&#8221;]Reciba las \u00daltimas Noticias[\/mk_fancy_title][mk_fancy_title tag_name=&#8221;span&#8221; color=&#8221;#ffffff&#8221; size=&#8221;16&#8243; font_family=&#8221;none&#8221; align=&#8221;center&#8221;]Noticias sobre la conservaci\u00f3n de aves playeras en WHSRN, directo a su correo una vez al mes[\/mk_fancy_title][mk_button dimension=&#8221;flat&#8221; size=&#8221;medium&#8221; letter_spacing=&#8221;2&#8243; url=&#8221;https:\/\/whsrn.org\/subscribe\/&#8221; align=&#8221;center&#8221; bg_color=&#8221;#005695&#8243; btn_hover_bg=&#8221;#dddddd&#8221; btn_hover_txt_color=&#8221;#005695&#8243;]SUSCRIBIR[\/mk_button][\/vc_column][\/mk_page_section]\n","protected":false},"excerpt":{"rendered":"<p>[vc_row visibility=&#8221;visible-dt-v2&#8243;][vc_column][vc_row_inner][vc_column_inner width=&#8221;3\/4&#8243;][mk_padding_divider size=&#8221;150&#8243;][mk_fancy_title tag_name=&#8221;h1&#8243; color=&#8221;#ffffff&#8221; size=&#8221;75&#8243; force_font_size=&#8221;true&#8221; size_smallscreen=&#8221;55&#8243; size_phone=&#8221;38&#8243; line_height=&#8221;105&#8243; font_weight=&#8221;900&#8243; font_family=&#8221;Roboto+Condensed&#8221; font_type=&#8221;google&#8221; responsive_align=&#8221;left&#8221; drop_shadow=&#8221;true&#8221;]Conservar las aves playeras y sus h\u00e1bitats a trav\u00e9s de una red de sitios clave en las Am\u00e9ricas.[\/mk_fancy_title][mk_button dimension=&#8221;flat&#8221; size=&#8221;large&#8221; letter_spacing=&#8221;2&#8243; url=&#8221;https:\/\/whsrn.org\/whsrn-sites\/&#8221; bg_color=&#8221;#005695&#8243; btn_hover_bg=&#8221;#efefef&#8221; btn_hover_txt_color=&#8221;#005695&#8243;]Sitios WHSRN[\/mk_button][mk_padding_divider size=&#8221;175&#8243; visibility=&#8221;visible-dt&#8221;][\/vc_column_inner][vc_column_inner width=&#8221;1\/4&#8243;][\/vc_column_inner][\/vc_row_inner][\/vc_column][\/vc_row][vc_row visibility=&#8221;visible-tl-v2&#8243;][vc_column][vc_row_inner][vc_column_inner width=&#8221;7\/12&#8243;][mk_padding_divider size=&#8221;50&#8243;][mk_fancy_title tag_name=&#8221;h1&#8243; color=&#8221;#ffffff&#8221; size=&#8221;45&#8243; force_font_size=&#8221;true&#8221; size_smallscreen=&#8221;45&#8243; size_phone=&#8221;38&#8243; line_height=&#8221;105&#8243; font_weight=&#8221;900&#8243; [&hellip;]<\/p>\n","protected":false},"author":1,"featured_media":0,"parent":0,"menu_order":0,"comment_status":"closed","ping_status":"closed","template":"","meta":{"nf_dc_page":"","footnotes":""},"class_list":["post-8170","page","type-page","status-publish","hentry"],"yoast_head":"<!-- This site is optimized with the Yoast SEO plugin v27.5 - https:\/\/yoast.com\/product\/yoast-seo-wordpress\/ -->\n<title>Inicio &#8211; WHSRN<\/title>\n<meta name=\"robots\" content=\"index, follow, max-snippet:-1, max-image-preview:large, max-video-preview:-1\" \/>\n<link rel=\"canonical\" href=\"https:\/\/whsrn.org\/es\/\" \/>\n<meta property=\"og:locale\" content=\"es_ES\" \/>\n<meta property=\"og:type\" content=\"article\" \/>\n<meta property=\"og:title\" content=\"Inicio &#8211; WHSRN\" \/>\n<meta property=\"og:description\" content=\"[vc_row visibility=&#8221;visible-dt-v2&#8243;][vc_column][vc_row_inner][vc_column_inner width=&#8221;3\/4&#8243;][mk_padding_divider size=&#8221;150&#8243;][mk_fancy_title tag_name=&#8221;h1&#8243; color=&#8221;#ffffff&#8221; size=&#8221;75&#8243; force_font_size=&#8221;true&#8221; size_smallscreen=&#8221;55&#8243; size_phone=&#8221;38&#8243; line_height=&#8221;105&#8243; font_weight=&#8221;900&#8243; font_family=&#8221;Roboto+Condensed&#8221; font_type=&#8221;google&#8221; responsive_align=&#8221;left&#8221; drop_shadow=&#8221;true&#8221;]Conservar las aves playeras y sus h\u00e1bitats a trav\u00e9s de una red de sitios clave en las Am\u00e9ricas.[\/mk_fancy_title][mk_button dimension=&#8221;flat&#8221; size=&#8221;large&#8221; letter_spacing=&#8221;2&#8243; url=&#8221;https:\/\/whsrn.org\/whsrn-sites\/&#8221; bg_color=&#8221;#005695&#8243; btn_hover_bg=&#8221;#efefef&#8221; btn_hover_txt_color=&#8221;#005695&#8243;]Sitios WHSRN[\/mk_button][mk_padding_divider size=&#8221;175&#8243; visibility=&#8221;visible-dt&#8221;][\/vc_column_inner][vc_column_inner width=&#8221;1\/4&#8243;][\/vc_column_inner][\/vc_row_inner][\/vc_column][\/vc_row][vc_row visibility=&#8221;visible-tl-v2&#8243;][vc_column][vc_row_inner][vc_column_inner width=&#8221;7\/12&#8243;][mk_padding_divider size=&#8221;50&#8243;][mk_fancy_title tag_name=&#8221;h1&#8243; color=&#8221;#ffffff&#8221; size=&#8221;45&#8243; force_font_size=&#8221;true&#8221; size_smallscreen=&#8221;45&#8243; size_phone=&#8221;38&#8243; line_height=&#8221;105&#8243; font_weight=&#8221;900&#8243; [&hellip;]\" \/>\n<meta property=\"og:url\" content=\"https:\/\/whsrn.org\/es\/\" \/>\n<meta property=\"og:site_name\" content=\"WHSRN\" \/>\n<meta property=\"article:publisher\" content=\"https:\/\/www.facebook.com\/WHSRN\" \/>\n<meta property=\"article:modified_time\" content=\"2026-01-21T16:40:15+00:00\" \/>\n<meta name=\"twitter:card\" content=\"summary_large_image\" \/>\n<meta name=\"twitter:site\" content=\"@WHSRN\" \/>\n<meta name=\"twitter:label1\" content=\"Tiempo de lectura\" \/>\n\t<meta name=\"twitter:data1\" content=\"2 minutos\" \/>\n<script type=\"application\/ld+json\" class=\"yoast-schema-graph\">{\"@context\":\"https:\\\/\\\/schema.org\",\"@graph\":[{\"@type\":\"WebPage\",\"@id\":\"https:\\\/\\\/whsrn.org\\\/es\\\/\",\"url\":\"https:\\\/\\\/whsrn.org\\\/es\\\/\",\"name\":\"Inicio &#8211; WHSRN\",\"isPartOf\":{\"@id\":\"https:\\\/\\\/whsrn.org\\\/es\\\/#website\"},\"datePublished\":\"2019-03-11T21:31:25+00:00\",\"dateModified\":\"2026-01-21T16:40:15+00:00\",\"breadcrumb\":{\"@id\":\"https:\\\/\\\/whsrn.org\\\/es\\\/#breadcrumb\"},\"inLanguage\":\"es\",\"potentialAction\":[{\"@type\":\"ReadAction\",\"target\":[\"https:\\\/\\\/whsrn.org\\\/es\\\/\"]}]},{\"@type\":\"BreadcrumbList\",\"@id\":\"https:\\\/\\\/whsrn.org\\\/es\\\/#breadcrumb\",\"itemListElement\":[{\"@type\":\"ListItem\",\"position\":1,\"name\":\"Home\",\"item\":\"https:\\\/\\\/whsrn.org\\\/es\\\/\"},{\"@type\":\"ListItem\",\"position\":2,\"name\":\"Inicio\"}]},{\"@type\":\"WebSite\",\"@id\":\"https:\\\/\\\/whsrn.org\\\/es\\\/#website\",\"url\":\"https:\\\/\\\/whsrn.org\\\/es\\\/\",\"name\":\"WHSRN\",\"description\":\"Western Hemisphere Shorebird Reserve Network\",\"publisher\":{\"@id\":\"https:\\\/\\\/whsrn.org\\\/es\\\/#organization\"},\"potentialAction\":[{\"@type\":\"SearchAction\",\"target\":{\"@type\":\"EntryPoint\",\"urlTemplate\":\"https:\\\/\\\/whsrn.org\\\/es\\\/?s={search_term_string}\"},\"query-input\":{\"@type\":\"PropertyValueSpecification\",\"valueRequired\":true,\"valueName\":\"search_term_string\"}}],\"inLanguage\":\"es\"},{\"@type\":\"Organization\",\"@id\":\"https:\\\/\\\/whsrn.org\\\/es\\\/#organization\",\"name\":\"Western Hemisphere Shorebird Reserve Network\",\"url\":\"https:\\\/\\\/whsrn.org\\\/es\\\/\",\"logo\":{\"@type\":\"ImageObject\",\"inLanguage\":\"es\",\"@id\":\"https:\\\/\\\/whsrn.org\\\/es\\\/#\\\/schema\\\/logo\\\/image\\\/\",\"url\":\"https:\\\/\\\/whsrn.org\\\/wp-content\\\/uploads\\\/2021\\\/01\\\/whsrn_nostrapline_square.png\",\"contentUrl\":\"https:\\\/\\\/whsrn.org\\\/wp-content\\\/uploads\\\/2021\\\/01\\\/whsrn_nostrapline_square.png\",\"width\":800,\"height\":800,\"caption\":\"Western Hemisphere Shorebird Reserve Network\"},\"image\":{\"@id\":\"https:\\\/\\\/whsrn.org\\\/es\\\/#\\\/schema\\\/logo\\\/image\\\/\"},\"sameAs\":[\"https:\\\/\\\/www.facebook.com\\\/WHSRN\",\"https:\\\/\\\/x.com\\\/WHSRN\",\"https:\\\/\\\/www.youtube.com\\\/channel\\\/UCDMz2oCsiK8e03UxFhHhdEA\"]}]}<\/script>\n<!-- \/ Yoast SEO plugin. -->","yoast_head_json":{"title":"Inicio &#8211; WHSRN","robots":{"index":"index","follow":"follow","max-snippet":"max-snippet:-1","max-image-preview":"max-image-preview:large","max-video-preview":"max-video-preview:-1"},"canonical":"https:\/\/whsrn.org\/es\/","og_locale":"es_ES","og_type":"article","og_title":"Inicio &#8211; WHSRN","og_description":"[vc_row visibility=&#8221;visible-dt-v2&#8243;][vc_column][vc_row_inner][vc_column_inner width=&#8221;3\/4&#8243;][mk_padding_divider size=&#8221;150&#8243;][mk_fancy_title tag_name=&#8221;h1&#8243; color=&#8221;#ffffff&#8221; size=&#8221;75&#8243; force_font_size=&#8221;true&#8221; size_smallscreen=&#8221;55&#8243; size_phone=&#8221;38&#8243; line_height=&#8221;105&#8243; font_weight=&#8221;900&#8243; font_family=&#8221;Roboto+Condensed&#8221; font_type=&#8221;google&#8221; responsive_align=&#8221;left&#8221; drop_shadow=&#8221;true&#8221;]Conservar las aves playeras y sus h\u00e1bitats a trav\u00e9s de una red de sitios clave en las Am\u00e9ricas.[\/mk_fancy_title][mk_button dimension=&#8221;flat&#8221; size=&#8221;large&#8221; letter_spacing=&#8221;2&#8243; url=&#8221;https:\/\/whsrn.org\/whsrn-sites\/&#8221; bg_color=&#8221;#005695&#8243; btn_hover_bg=&#8221;#efefef&#8221; btn_hover_txt_color=&#8221;#005695&#8243;]Sitios WHSRN[\/mk_button][mk_padding_divider size=&#8221;175&#8243; visibility=&#8221;visible-dt&#8221;][\/vc_column_inner][vc_column_inner width=&#8221;1\/4&#8243;][\/vc_column_inner][\/vc_row_inner][\/vc_column][\/vc_row][vc_row visibility=&#8221;visible-tl-v2&#8243;][vc_column][vc_row_inner][vc_column_inner width=&#8221;7\/12&#8243;][mk_padding_divider size=&#8221;50&#8243;][mk_fancy_title tag_name=&#8221;h1&#8243; color=&#8221;#ffffff&#8221; size=&#8221;45&#8243; force_font_size=&#8221;true&#8221; size_smallscreen=&#8221;45&#8243; size_phone=&#8221;38&#8243; line_height=&#8221;105&#8243; font_weight=&#8221;900&#8243; [&hellip;]","og_url":"https:\/\/whsrn.org\/es\/","og_site_name":"WHSRN","article_publisher":"https:\/\/www.facebook.com\/WHSRN","article_modified_time":"2026-01-21T16:40:15+00:00","twitter_card":"summary_large_image","twitter_site":"@WHSRN","twitter_misc":{"Tiempo de lectura":"2 minutos"},"schema":{"@context":"https:\/\/schema.org","@graph":[{"@type":"WebPage","@id":"https:\/\/whsrn.org\/es\/","url":"https:\/\/whsrn.org\/es\/","name":"Inicio &#8211; WHSRN","isPartOf":{"@id":"https:\/\/whsrn.org\/es\/#website"},"datePublished":"2019-03-11T21:31:25+00:00","dateModified":"2026-01-21T16:40:15+00:00","breadcrumb":{"@id":"https:\/\/whsrn.org\/es\/#breadcrumb"},"inLanguage":"es","potentialAction":[{"@type":"ReadAction","target":["https:\/\/whsrn.org\/es\/"]}]},{"@type":"BreadcrumbList","@id":"https:\/\/whsrn.org\/es\/#breadcrumb","itemListElement":[{"@type":"ListItem","position":1,"name":"Home","item":"https:\/\/whsrn.org\/es\/"},{"@type":"ListItem","position":2,"name":"Inicio"}]},{"@type":"WebSite","@id":"https:\/\/whsrn.org\/es\/#website","url":"https:\/\/whsrn.org\/es\/","name":"WHSRN","description":"Western Hemisphere Shorebird Reserve Network","publisher":{"@id":"https:\/\/whsrn.org\/es\/#organization"},"potentialAction":[{"@type":"SearchAction","target":{"@type":"EntryPoint","urlTemplate":"https:\/\/whsrn.org\/es\/?s={search_term_string}"},"query-input":{"@type":"PropertyValueSpecification","valueRequired":true,"valueName":"search_term_string"}}],"inLanguage":"es"},{"@type":"Organization","@id":"https:\/\/whsrn.org\/es\/#organization","name":"Western Hemisphere Shorebird Reserve Network","url":"https:\/\/whsrn.org\/es\/","logo":{"@type":"ImageObject","inLanguage":"es","@id":"https:\/\/whsrn.org\/es\/#\/schema\/logo\/image\/","url":"https:\/\/whsrn.org\/wp-content\/uploads\/2021\/01\/whsrn_nostrapline_square.png","contentUrl":"https:\/\/whsrn.org\/wp-content\/uploads\/2021\/01\/whsrn_nostrapline_square.png","width":800,"height":800,"caption":"Western Hemisphere Shorebird Reserve Network"},"image":{"@id":"https:\/\/whsrn.org\/es\/#\/schema\/logo\/image\/"},"sameAs":["https:\/\/www.facebook.com\/WHSRN","https:\/\/x.com\/WHSRN","https:\/\/www.youtube.com\/channel\/UCDMz2oCsiK8e03UxFhHhdEA"]}]}},"_links":{"self":[{"href":"https:\/\/whsrn.org\/es\/wp-json\/wp\/v2\/pages\/8170","targetHints":{"allow":["GET"]}}],"collection":[{"href":"https:\/\/whsrn.org\/es\/wp-json\/wp\/v2\/pages"}],"about":[{"href":"https:\/\/whsrn.org\/es\/wp-json\/wp\/v2\/types\/page"}],"author":[{"embeddable":true,"href":"https:\/\/whsrn.org\/es\/wp-json\/wp\/v2\/users\/1"}],"replies":[{"embeddable":true,"href":"https:\/\/whsrn.org\/es\/wp-json\/wp\/v2\/comments?post=8170"}],"version-history":[{"count":6,"href":"https:\/\/whsrn.org\/es\/wp-json\/wp\/v2\/pages\/8170\/revisions"}],"predecessor-version":[{"id":30443,"href":"https:\/\/whsrn.org\/es\/wp-json\/wp\/v2\/pages\/8170\/revisions\/30443"}],"wp:attachment":[{"href":"https:\/\/whsrn.org\/es\/wp-json\/wp\/v2\/media?parent=8170"}],"curies":[{"name":"wp","href":"https:\/\/api.w.org\/{rel}","templated":true}]}}