{"id":27894,"date":"2024-11-07T00:46:30","date_gmt":"2024-11-07T00:46:30","guid":{"rendered":"https:\/\/whsrn.org\/decouvrez-les-oiseaux-de-rivage\/"},"modified":"2024-11-07T17:28:49","modified_gmt":"2024-11-07T17:28:49","slug":"decouvrez-les-oiseaux-de-rivage","status":"publish","type":"page","link":"https:\/\/whsrn.org\/es\/decouvrez-les-oiseaux-de-rivage\/","title":{"rendered":"D\u00e9couvrez les oiseaux de rivage"},"content":{"rendered":"[mk_page_section bg_image=&#8221;https:\/\/whsrn.org\/wp-content\/uploads\/2022\/03\/curriculum0_page-header.jpg&#8221; bg_image_portrait=&#8221;https:\/\/whsrn.org\/wp-content\/uploads\/2022\/03\/curriculum0_header-portrait-mobile.jpg&#8221; bg_color=&#8221;#5e5e5e&#8221; bg_position=&#8221;center center&#8221; bg_repeat=&#8221;no-repeat&#8221; bg_stretch=&#8221;true&#8221; video_color_mask=&#8221;#cccccc&#8221; video_opacity=&#8221;.4&#8243; min_height=&#8221;325&#8243; sidebar=&#8221;sidebar-1&#8243;][vc_column][mk_padding_divider size=&#8221;120&#8243;][mk_padding_divider size=&#8221;30&#8243; visibility=&#8221;visible-sm&#8221;][mk_fancy_title tag_name=&#8221;h1&#8243; color=&#8221;#ffffff&#8221; size=&#8221;75&#8243; force_font_size=&#8221;true&#8221; size_phone=&#8221;42&#8243; font_weight=&#8221;900&#8243; font_family=&#8221;Roboto+Condensed&#8221; font_type=&#8221;google&#8221; align=&#8221;center&#8221;]D\u00e9couvrez les Oiseaux de Rivage[\/mk_fancy_title][\/vc_column][\/mk_page_section][mk_page_section bg_color=&#8221;#f2f2f2&#8243; padding_top=&#8221;25&#8243; sidebar=&#8221;sidebar-1&#8243;][vc_column css=&#8221;.vc_custom_1534796504266{padding-right: 35px !important;}&#8221;][mk_fancy_title color=&#8221;#53565a&#8221; size=&#8221;38&#8243; force_font_size=&#8221;true&#8221; size_phone=&#8221;36&#8243; line_height=&#8221;120&#8243; font_weight=&#8221;300&#8243; txt_transform=&#8221;none&#8221; margin_bottom=&#8221;0&#8243; font_family=&#8221;Roboto&#8221; font_type=&#8221;google&#8221; responsive_align=&#8221;left&#8221;]Guide de l&#8217;\u00e9ducateur <strong>\u00b7<\/strong> Programme d&#8217;\u00e9tudes <strong>\u00b7<\/strong> Ressources d&#8217;apprentissage[\/mk_fancy_title][\/vc_column][\/mk_page_section][mk_page_section section_layout=&#8221;right&#8221; padding_top=&#8221;0&#8243; padding_bottom=&#8221;0&#8243; margin_bottom=&#8221;30&#8243; sidebar=&#8221;sidebar-25&#8243;][vc_column border_color=&#8221;#ffffff&#8221; css=&#8221;.vc_custom_1542639941640{margin-right: 0px !important;margin-left: 0px !important;border-top-width: 0px !important;border-right-width: 0px !important;border-bottom-width: 0px !important;border-left-width: 0px !important;padding-right: 4px !important;padding-left: 0px !important;border-left-color: #ffffff !important;border-right-color: #ffffff !important;border-top-color: #ffffff !important;border-bottom-color: #ffffff !important;}&#8221;][mk_fancy_title tag_name=&#8221;span&#8221; color=&#8221;#ffffff&#8221; size=&#8221;40&#8243; force_font_size=&#8221;true&#8221; size_phone=&#8221;36&#8243; line_height=&#8221;70&#8243; font_weight=&#8221;300&#8243; font_style=&#8221;normal&#8221; txt_transform=&#8221;none&#8221; margin_bottom=&#8221;0&#8243; font_family=&#8221;Roboto&#8221; font_type=&#8221;google&#8221; responsive_align=&#8221;left&#8221;]\n<h4 style=\"text-align: center;\">[<a href=\"https:\/\/whsrn.org\/es\/descubramos-las-aves-playeras\/\">Espa\u00f1ol<\/a> &#8211; <span class=\"Y2IQFc\" lang=\"fr\"><a href=\"https:\/\/whsrn.org\/es\/descubramos-las-aves-playeras\/\">English<\/a>]<\/span><\/h4>\n[\/mk_fancy_title][mk_fancy_title color=&#8221;#53565a&#8221; size=&#8221;38&#8243; force_font_size=&#8221;true&#8221; size_phone=&#8221;36&#8243; line_height=&#8221;120&#8243; font_weight=&#8221;300&#8243; txt_transform=&#8221;none&#8221; margin_top=&#8221;1&#8243; margin_bottom=&#8221;1&#8243; font_family=&#8221;Roboto&#8221; font_type=&#8221;google&#8221; responsive_align=&#8221;left&#8221;]\n<h5>D\u00e9couvrez les oiseaux de rivage et leurs besoins en mati\u00e8re de conservation<br \/>\nLe\u00e7ons pour les \u00e9l\u00e8ves de la 3e \u00e0 la 8e ann\u00e9e<\/h5>\n[\/mk_fancy_title][vc_column_text css=&#8221;.vc_custom_1674589341721{margin-bottom: 0px !important;}&#8221;]Ce programme aidera les \u00e9l\u00e8ves \u00e0 se familiariser avec les oiseaux de rivage, la conservation et l&#8217;importance des \u00e9cosyst\u00e8mes locaux. Les cinq le\u00e7ons couvrent la biologie des oiseaux de rivage, l&#8217;\u00e9cologie, la migration, les technologies de suivi des migrations, les menaces, les services \u00e9cosyst\u00e9miques et l&#8217;intendance. Chaque le\u00e7on comprend des activit\u00e9s pratiques, des fiches d&#8217;activit\u00e9, du mat\u00e9riel de soutien et des ressources p\u00e9dagogiques. Les le\u00e7ons sont id\u00e9ales pour les salles de classe, les cours \u00e0 domicile ou les centres de la nature. (<a href=\"https:\/\/whsrn.org\/wp-content\/uploads\/2023\/01\/discover-shorebirds-011023_fr.pdf\" target=\"_blank\" rel=\"noopener\">T\u00e9l\u00e9charger le programme complet ici<\/a>)<\/p>\n<p>Le mat\u00e9riel inclus dans cette trousse a \u00e9t\u00e9 con\u00e7u en consultant plusieurs normes d&#8217;enseignement de la 3e \u00e0 la 8e ann\u00e9e (8-13 ans) au Canada, mais ces objectifs pourraient \u00eatre adapt\u00e9s dans les \u00e9coles de tout l&#8217;h\u00e9misph\u00e8re occidental.[\/vc_column_text][mk_button dimension=&#8221;flat&#8221; size=&#8221;large&#8221; letter_spacing=&#8221;2&#8243; url=&#8221;https:\/\/whsrn.org\/wp-content\/uploads\/2023\/01\/guide-de-lenseignant.pdf&#8221; target=&#8221;_blank&#8221; align=&#8221;center&#8221; margin_top=&#8221;25&#8243; bg_color=&#8221;#005695&#8243; btn_hover_bg=&#8221;#f2f2f2&#8243; btn_hover_txt_color=&#8221;#005695&#8243;]Consultez le Guide de l&#8217;\u00e9ducateur[\/mk_button][mk_padding_divider size=&#8221;77&#8243; visibility=&#8221;visible-sm&#8221;][mk_padding_divider size=&#8221;77&#8243; visibility=&#8221;visible-sm&#8221;][mk_padding_divider size=&#8221;77&#8243; visibility=&#8221;visible-sm&#8221;][vc_column_text css=&#8221;.vc_custom_1673898328731{margin-bottom: 0px !important;}&#8221;]\n<p style=\"text-align: center;\"><strong>Le programme a \u00e9t\u00e9 cr\u00e9\u00e9 par :<\/strong><\/p>\n[\/vc_column_text][mk_image src=&#8221;https:\/\/whsrn.org\/wp-content\/uploads\/2022\/04\/all_medium.jpg&#8221; image_size=&#8221;full&#8221; align=&#8221;center&#8221;][mk_padding_divider size=&#8221;77&#8243; visibility=&#8221;visible-sm&#8221;][mk_image src=&#8221;https:\/\/whsrn.org\/wp-content\/uploads\/2022\/04\/eccc.jpg&#8221; image_size=&#8221;full&#8221; align=&#8221;center&#8221;][\/vc_column][\/mk_page_section][mk_page_section][vc_column][mk_fancy_title tag_name=&#8221;span&#8221; color=&#8221;#3d4045&#8243; size=&#8221;12&#8243; font_weight=&#8221;bold&#8221; margin_top=&#8221;20&#8243; font_family=&#8221;none&#8221; responsive_align=&#8221;left&#8221;]Photo de couverture : <i>John King<\/i>[\/mk_fancy_title][\/vc_column][\/mk_page_section]\n","protected":false},"excerpt":{"rendered":"<p>[mk_page_section bg_image=&#8221;https:\/\/whsrn.org\/wp-content\/uploads\/2022\/03\/curriculum0_page-header.jpg&#8221; bg_image_portrait=&#8221;https:\/\/whsrn.org\/wp-content\/uploads\/2022\/03\/curriculum0_header-portrait-mobile.jpg&#8221; bg_color=&#8221;#5e5e5e&#8221; bg_position=&#8221;center center&#8221; bg_repeat=&#8221;no-repeat&#8221; bg_stretch=&#8221;true&#8221; video_color_mask=&#8221;#cccccc&#8221; video_opacity=&#8221;.4&#8243; min_height=&#8221;325&#8243; sidebar=&#8221;sidebar-1&#8243;][vc_column][mk_padding_divider size=&#8221;120&#8243;][mk_padding_divider size=&#8221;30&#8243; visibility=&#8221;visible-sm&#8221;][mk_fancy_title tag_name=&#8221;h1&#8243; color=&#8221;#ffffff&#8221; size=&#8221;75&#8243; force_font_size=&#8221;true&#8221; size_phone=&#8221;42&#8243; font_weight=&#8221;900&#8243; font_family=&#8221;Roboto+Condensed&#8221; font_type=&#8221;google&#8221; align=&#8221;center&#8221;]D\u00e9couvrez les Oiseaux de Rivage[\/mk_fancy_title][\/vc_column][\/mk_page_section][mk_page_section bg_color=&#8221;#f2f2f2&#8243; padding_top=&#8221;25&#8243; sidebar=&#8221;sidebar-1&#8243;][vc_column css=&#8221;.vc_custom_1534796504266{padding-right: 35px !important;}&#8221;][mk_fancy_title color=&#8221;#53565a&#8221; size=&#8221;38&#8243; force_font_size=&#8221;true&#8221; size_phone=&#8221;36&#8243; line_height=&#8221;120&#8243; font_weight=&#8221;300&#8243; txt_transform=&#8221;none&#8221; margin_bottom=&#8221;0&#8243; font_family=&#8221;Roboto&#8221; font_type=&#8221;google&#8221; responsive_align=&#8221;left&#8221;]Guide de l&#8217;\u00e9ducateur \u00b7 Programme d&#8217;\u00e9tudes \u00b7 Ressources d&#8217;apprentissage[\/mk_fancy_title][\/vc_column][\/mk_page_section][mk_page_section section_layout=&#8221;right&#8221; padding_top=&#8221;0&#8243; [&hellip;]<\/p>\n","protected":false},"author":17,"featured_media":0,"parent":0,"menu_order":0,"comment_status":"closed","ping_status":"closed","template":"","meta":{"nf_dc_page":"","footnotes":""},"class_list":["post-27894","page","type-page","status-publish","hentry"],"yoast_head":"<!-- This site is optimized with the Yoast SEO plugin v27.2 - https:\/\/yoast.com\/product\/yoast-seo-wordpress\/ -->\n<title>D\u00e9couvrez les oiseaux de rivage &#8211; WHSRN<\/title>\n<meta name=\"robots\" content=\"index, follow, max-snippet:-1, max-image-preview:large, max-video-preview:-1\" \/>\n<link rel=\"canonical\" href=\"https:\/\/whsrn.org\/es\/decouvrez-les-oiseaux-de-rivage\/\" \/>\n<meta property=\"og:locale\" content=\"es_ES\" \/>\n<meta property=\"og:type\" content=\"article\" \/>\n<meta property=\"og:title\" content=\"D\u00e9couvrez les oiseaux de rivage &#8211; WHSRN\" \/>\n<meta property=\"og:description\" content=\"[mk_page_section bg_image=&#8221;https:\/\/whsrn.org\/wp-content\/uploads\/2022\/03\/curriculum0_page-header.jpg&#8221; bg_image_portrait=&#8221;https:\/\/whsrn.org\/wp-content\/uploads\/2022\/03\/curriculum0_header-portrait-mobile.jpg&#8221; bg_color=&#8221;#5e5e5e&#8221; bg_position=&#8221;center center&#8221; bg_repeat=&#8221;no-repeat&#8221; bg_stretch=&#8221;true&#8221; video_color_mask=&#8221;#cccccc&#8221; video_opacity=&#8221;.4&#8243; min_height=&#8221;325&#8243; sidebar=&#8221;sidebar-1&#8243;][vc_column][mk_padding_divider size=&#8221;120&#8243;][mk_padding_divider size=&#8221;30&#8243; visibility=&#8221;visible-sm&#8221;][mk_fancy_title tag_name=&#8221;h1&#8243; color=&#8221;#ffffff&#8221; size=&#8221;75&#8243; force_font_size=&#8221;true&#8221; size_phone=&#8221;42&#8243; font_weight=&#8221;900&#8243; font_family=&#8221;Roboto+Condensed&#8221; font_type=&#8221;google&#8221; align=&#8221;center&#8221;]D\u00e9couvrez les Oiseaux de Rivage[\/mk_fancy_title][\/vc_column][\/mk_page_section][mk_page_section bg_color=&#8221;#f2f2f2&#8243; padding_top=&#8221;25&#8243; sidebar=&#8221;sidebar-1&#8243;][vc_column css=&#8221;.vc_custom_1534796504266{padding-right: 35px !important;}&#8221;][mk_fancy_title color=&#8221;#53565a&#8221; size=&#8221;38&#8243; force_font_size=&#8221;true&#8221; size_phone=&#8221;36&#8243; line_height=&#8221;120&#8243; font_weight=&#8221;300&#8243; txt_transform=&#8221;none&#8221; margin_bottom=&#8221;0&#8243; font_family=&#8221;Roboto&#8221; font_type=&#8221;google&#8221; responsive_align=&#8221;left&#8221;]Guide de l&#8217;\u00e9ducateur \u00b7 Programme d&#8217;\u00e9tudes \u00b7 Ressources d&#8217;apprentissage[\/mk_fancy_title][\/vc_column][\/mk_page_section][mk_page_section section_layout=&#8221;right&#8221; padding_top=&#8221;0&#8243; [&hellip;]\" \/>\n<meta property=\"og:url\" content=\"https:\/\/whsrn.org\/es\/decouvrez-les-oiseaux-de-rivage\/\" \/>\n<meta property=\"og:site_name\" content=\"WHSRN\" \/>\n<meta property=\"article:publisher\" content=\"https:\/\/www.facebook.com\/WHSRN\" \/>\n<meta property=\"article:modified_time\" content=\"2024-11-07T17:28:49+00:00\" \/>\n<meta name=\"twitter:card\" content=\"summary_large_image\" \/>\n<meta name=\"twitter:site\" content=\"@WHSRN\" \/>\n<meta name=\"twitter:label1\" content=\"Tiempo de lectura\" \/>\n\t<meta name=\"twitter:data1\" content=\"2 minutos\" \/>\n<script type=\"application\/ld+json\" class=\"yoast-schema-graph\">{\"@context\":\"https:\/\/schema.org\",\"@graph\":[{\"@type\":\"WebPage\",\"@id\":\"https:\/\/whsrn.org\/es\/decouvrez-les-oiseaux-de-rivage\/\",\"url\":\"https:\/\/whsrn.org\/es\/decouvrez-les-oiseaux-de-rivage\/\",\"name\":\"D\u00e9couvrez les oiseaux de rivage &#8211; WHSRN\",\"isPartOf\":{\"@id\":\"https:\/\/whsrn.org\/es\/#website\"},\"datePublished\":\"2024-11-07T00:46:30+00:00\",\"dateModified\":\"2024-11-07T17:28:49+00:00\",\"breadcrumb\":{\"@id\":\"https:\/\/whsrn.org\/es\/decouvrez-les-oiseaux-de-rivage\/#breadcrumb\"},\"inLanguage\":\"es\",\"potentialAction\":[{\"@type\":\"ReadAction\",\"target\":[\"https:\/\/whsrn.org\/es\/decouvrez-les-oiseaux-de-rivage\/\"]}]},{\"@type\":\"BreadcrumbList\",\"@id\":\"https:\/\/whsrn.org\/es\/decouvrez-les-oiseaux-de-rivage\/#breadcrumb\",\"itemListElement\":[{\"@type\":\"ListItem\",\"position\":1,\"name\":\"Home\",\"item\":\"https:\/\/whsrn.org\/es\/\"},{\"@type\":\"ListItem\",\"position\":2,\"name\":\"D\u00e9couvrez les oiseaux de rivage\"}]},{\"@type\":\"WebSite\",\"@id\":\"https:\/\/whsrn.org\/es\/#website\",\"url\":\"https:\/\/whsrn.org\/es\/\",\"name\":\"WHSRN\",\"description\":\"Western Hemisphere Shorebird Reserve Network\",\"publisher\":{\"@id\":\"https:\/\/whsrn.org\/es\/#organization\"},\"potentialAction\":[{\"@type\":\"SearchAction\",\"target\":{\"@type\":\"EntryPoint\",\"urlTemplate\":\"https:\/\/whsrn.org\/es\/?s={search_term_string}\"},\"query-input\":{\"@type\":\"PropertyValueSpecification\",\"valueRequired\":true,\"valueName\":\"search_term_string\"}}],\"inLanguage\":\"es\"},{\"@type\":\"Organization\",\"@id\":\"https:\/\/whsrn.org\/es\/#organization\",\"name\":\"Western Hemisphere Shorebird Reserve Network\",\"url\":\"https:\/\/whsrn.org\/es\/\",\"logo\":{\"@type\":\"ImageObject\",\"inLanguage\":\"es\",\"@id\":\"https:\/\/whsrn.org\/es\/#\/schema\/logo\/image\/\",\"url\":\"https:\/\/whsrn.org\/wp-content\/uploads\/2021\/01\/whsrn_nostrapline_square.png\",\"contentUrl\":\"https:\/\/whsrn.org\/wp-content\/uploads\/2021\/01\/whsrn_nostrapline_square.png\",\"width\":800,\"height\":800,\"caption\":\"Western Hemisphere Shorebird Reserve Network\"},\"image\":{\"@id\":\"https:\/\/whsrn.org\/es\/#\/schema\/logo\/image\/\"},\"sameAs\":[\"https:\/\/www.facebook.com\/WHSRN\",\"https:\/\/x.com\/WHSRN\",\"https:\/\/www.youtube.com\/channel\/UCDMz2oCsiK8e03UxFhHhdEA\"]}]}<\/script>\n<!-- \/ Yoast SEO plugin. -->","yoast_head_json":{"title":"D\u00e9couvrez les oiseaux de rivage &#8211; WHSRN","robots":{"index":"index","follow":"follow","max-snippet":"max-snippet:-1","max-image-preview":"max-image-preview:large","max-video-preview":"max-video-preview:-1"},"canonical":"https:\/\/whsrn.org\/es\/decouvrez-les-oiseaux-de-rivage\/","og_locale":"es_ES","og_type":"article","og_title":"D\u00e9couvrez les oiseaux de rivage &#8211; WHSRN","og_description":"[mk_page_section bg_image=&#8221;https:\/\/whsrn.org\/wp-content\/uploads\/2022\/03\/curriculum0_page-header.jpg&#8221; bg_image_portrait=&#8221;https:\/\/whsrn.org\/wp-content\/uploads\/2022\/03\/curriculum0_header-portrait-mobile.jpg&#8221; bg_color=&#8221;#5e5e5e&#8221; bg_position=&#8221;center center&#8221; bg_repeat=&#8221;no-repeat&#8221; bg_stretch=&#8221;true&#8221; video_color_mask=&#8221;#cccccc&#8221; video_opacity=&#8221;.4&#8243; min_height=&#8221;325&#8243; sidebar=&#8221;sidebar-1&#8243;][vc_column][mk_padding_divider size=&#8221;120&#8243;][mk_padding_divider size=&#8221;30&#8243; visibility=&#8221;visible-sm&#8221;][mk_fancy_title tag_name=&#8221;h1&#8243; color=&#8221;#ffffff&#8221; size=&#8221;75&#8243; force_font_size=&#8221;true&#8221; size_phone=&#8221;42&#8243; font_weight=&#8221;900&#8243; font_family=&#8221;Roboto+Condensed&#8221; font_type=&#8221;google&#8221; align=&#8221;center&#8221;]D\u00e9couvrez les Oiseaux de Rivage[\/mk_fancy_title][\/vc_column][\/mk_page_section][mk_page_section bg_color=&#8221;#f2f2f2&#8243; padding_top=&#8221;25&#8243; sidebar=&#8221;sidebar-1&#8243;][vc_column css=&#8221;.vc_custom_1534796504266{padding-right: 35px !important;}&#8221;][mk_fancy_title color=&#8221;#53565a&#8221; size=&#8221;38&#8243; force_font_size=&#8221;true&#8221; size_phone=&#8221;36&#8243; line_height=&#8221;120&#8243; font_weight=&#8221;300&#8243; txt_transform=&#8221;none&#8221; margin_bottom=&#8221;0&#8243; font_family=&#8221;Roboto&#8221; font_type=&#8221;google&#8221; responsive_align=&#8221;left&#8221;]Guide de l&#8217;\u00e9ducateur \u00b7 Programme d&#8217;\u00e9tudes \u00b7 Ressources d&#8217;apprentissage[\/mk_fancy_title][\/vc_column][\/mk_page_section][mk_page_section section_layout=&#8221;right&#8221; padding_top=&#8221;0&#8243; [&hellip;]","og_url":"https:\/\/whsrn.org\/es\/decouvrez-les-oiseaux-de-rivage\/","og_site_name":"WHSRN","article_publisher":"https:\/\/www.facebook.com\/WHSRN","article_modified_time":"2024-11-07T17:28:49+00:00","twitter_card":"summary_large_image","twitter_site":"@WHSRN","twitter_misc":{"Tiempo de lectura":"2 minutos"},"schema":{"@context":"https:\/\/schema.org","@graph":[{"@type":"WebPage","@id":"https:\/\/whsrn.org\/es\/decouvrez-les-oiseaux-de-rivage\/","url":"https:\/\/whsrn.org\/es\/decouvrez-les-oiseaux-de-rivage\/","name":"D\u00e9couvrez les oiseaux de rivage &#8211; WHSRN","isPartOf":{"@id":"https:\/\/whsrn.org\/es\/#website"},"datePublished":"2024-11-07T00:46:30+00:00","dateModified":"2024-11-07T17:28:49+00:00","breadcrumb":{"@id":"https:\/\/whsrn.org\/es\/decouvrez-les-oiseaux-de-rivage\/#breadcrumb"},"inLanguage":"es","potentialAction":[{"@type":"ReadAction","target":["https:\/\/whsrn.org\/es\/decouvrez-les-oiseaux-de-rivage\/"]}]},{"@type":"BreadcrumbList","@id":"https:\/\/whsrn.org\/es\/decouvrez-les-oiseaux-de-rivage\/#breadcrumb","itemListElement":[{"@type":"ListItem","position":1,"name":"Home","item":"https:\/\/whsrn.org\/es\/"},{"@type":"ListItem","position":2,"name":"D\u00e9couvrez les oiseaux de rivage"}]},{"@type":"WebSite","@id":"https:\/\/whsrn.org\/es\/#website","url":"https:\/\/whsrn.org\/es\/","name":"WHSRN","description":"Western Hemisphere Shorebird Reserve Network","publisher":{"@id":"https:\/\/whsrn.org\/es\/#organization"},"potentialAction":[{"@type":"SearchAction","target":{"@type":"EntryPoint","urlTemplate":"https:\/\/whsrn.org\/es\/?s={search_term_string}"},"query-input":{"@type":"PropertyValueSpecification","valueRequired":true,"valueName":"search_term_string"}}],"inLanguage":"es"},{"@type":"Organization","@id":"https:\/\/whsrn.org\/es\/#organization","name":"Western Hemisphere Shorebird Reserve Network","url":"https:\/\/whsrn.org\/es\/","logo":{"@type":"ImageObject","inLanguage":"es","@id":"https:\/\/whsrn.org\/es\/#\/schema\/logo\/image\/","url":"https:\/\/whsrn.org\/wp-content\/uploads\/2021\/01\/whsrn_nostrapline_square.png","contentUrl":"https:\/\/whsrn.org\/wp-content\/uploads\/2021\/01\/whsrn_nostrapline_square.png","width":800,"height":800,"caption":"Western Hemisphere Shorebird Reserve Network"},"image":{"@id":"https:\/\/whsrn.org\/es\/#\/schema\/logo\/image\/"},"sameAs":["https:\/\/www.facebook.com\/WHSRN","https:\/\/x.com\/WHSRN","https:\/\/www.youtube.com\/channel\/UCDMz2oCsiK8e03UxFhHhdEA"]}]}},"_links":{"self":[{"href":"https:\/\/whsrn.org\/es\/wp-json\/wp\/v2\/pages\/27894","targetHints":{"allow":["GET"]}}],"collection":[{"href":"https:\/\/whsrn.org\/es\/wp-json\/wp\/v2\/pages"}],"about":[{"href":"https:\/\/whsrn.org\/es\/wp-json\/wp\/v2\/types\/page"}],"author":[{"embeddable":true,"href":"https:\/\/whsrn.org\/es\/wp-json\/wp\/v2\/users\/17"}],"replies":[{"embeddable":true,"href":"https:\/\/whsrn.org\/es\/wp-json\/wp\/v2\/comments?post=27894"}],"version-history":[{"count":4,"href":"https:\/\/whsrn.org\/es\/wp-json\/wp\/v2\/pages\/27894\/revisions"}],"predecessor-version":[{"id":27910,"href":"https:\/\/whsrn.org\/es\/wp-json\/wp\/v2\/pages\/27894\/revisions\/27910"}],"wp:attachment":[{"href":"https:\/\/whsrn.org\/es\/wp-json\/wp\/v2\/media?parent=27894"}],"curies":[{"name":"wp","href":"https:\/\/api.w.org\/{rel}","templated":true}]}}