{"id":27859,"date":"2024-11-06T23:46:43","date_gmt":"2024-11-06T23:46:43","guid":{"rendered":"https:\/\/whsrn.org\/lecon-2-la-manie-des-migrations\/"},"modified":"2024-11-07T17:32:53","modified_gmt":"2024-11-07T17:32:53","slug":"lecon-2-la-manie-des-migrations","status":"publish","type":"page","link":"https:\/\/whsrn.org\/es\/decouvrez-les-oiseaux-de-rivage\/lecon-2-la-manie-des-migrations\/","title":{"rendered":"Le\u00e7on 2. La manie des migrations"},"content":{"rendered":"[mk_page_section bg_image=&#8221;https:\/\/whsrn.org\/wp-content\/uploads\/2022\/03\/curriculum2_page-header.jpg&#8221; bg_image_portrait=&#8221;https:\/\/whsrn.org\/wp-content\/uploads\/2022\/03\/curriculum2_header-portrait-mobile.jpg&#8221; bg_color=&#8221;#5e5e5e&#8221; bg_position=&#8221;center center&#8221; bg_repeat=&#8221;no-repeat&#8221; bg_stretch=&#8221;true&#8221; video_color_mask=&#8221;#cccccc&#8221; video_opacity=&#8221;.4&#8243; min_height=&#8221;325&#8243; sidebar=&#8221;sidebar-1&#8243;][vc_column][mk_padding_divider size=&#8221;120&#8243;][mk_padding_divider size=&#8221;30&#8243; visibility=&#8221;visible-sm&#8221;][mk_fancy_title tag_name=&#8221;h1&#8243; color=&#8221;#ffffff&#8221; size=&#8221;75&#8243; force_font_size=&#8221;true&#8221; size_phone=&#8221;42&#8243; font_weight=&#8221;900&#8243; font_family=&#8221;Roboto+Condensed&#8221; font_type=&#8221;google&#8221; align=&#8221;center&#8221;]Le\u00e7on 2. La manie des migrations[\/mk_fancy_title][\/vc_column][\/mk_page_section][mk_page_section section_layout=&#8221;right&#8221; padding_top=&#8221;25&#8243; padding_bottom=&#8221;0&#8243; margin_bottom=&#8221;30&#8243; sidebar=&#8221;sidebar-25&#8243;][vc_column border_color=&#8221;#ffffff&#8221; css=&#8221;.vc_custom_1542639941640{margin-right: 0px !important;margin-left: 0px !important;border-top-width: 0px !important;border-right-width: 0px !important;border-bottom-width: 0px !important;border-left-width: 0px !important;padding-right: 4px !important;padding-left: 0px !important;border-left-color: #ffffff !important;border-right-color: #ffffff !important;border-top-color: #ffffff !important;border-bottom-color: #ffffff !important;}&#8221;][mk_fancy_title tag_name=&#8221;span&#8221; color=&#8221;#3d4045&#8243; size=&#8221;12&#8243; font_weight=&#8221;bold&#8221; margin_top=&#8221;20&#8243; font_family=&#8221;none&#8221; responsive_align=&#8221;left&#8221;]\n<h4>S&#8217;informer sur la migration des oiseaux de rivage et sur les besoins en habitat de leur cycle de vie.<\/h4>\n[\/mk_fancy_title][vc_column_text css=&#8221;.vc_custom_1673907028220{margin-bottom: 0px !important;}&#8221;]Cette le\u00e7on donnera aux \u00e9l\u00e8ves l&#8217;occasion de participer \u00e0 des activit\u00e9s interactives pour en savoir plus sur la migration, approfondir les besoins en mati\u00e8re d&#8217;habitat et pr\u00e9senter les menaces et les mesures de conservation.<\/p>\n<p>La troisi\u00e8me le\u00e7on offre des possibilit\u00e9s d&#8217;apprentissage \u00e9largies aux \u00e9l\u00e8ves ayant d\u00e9j\u00e0 de solides connaissances en mati\u00e8re de migration. La quatri\u00e8me le\u00e7on propose des activit\u00e9s suppl\u00e9mentaires pour discuter des menaces et des mesures \u00e0 prendre pour les r\u00e9soudre. Les activit\u00e9s sont adapt\u00e9es \u00e0 tous les \u00e2ges.[\/vc_column_text][vc_column_text css=&#8221;.vc_custom_1673907095063{margin-bottom: 0px !important;}&#8221;]\n<h4>T\u00e9l\u00e9charger tout le mat\u00e9riel pour la le\u00e7on 2<\/h4>\n[\/vc_column_text][mk_button dimension=&#8221;flat&#8221; size=&#8221;large&#8221; letter_spacing=&#8221;2&#8243; url=&#8221;https:\/\/drive.google.com\/drive\/folders\/1qX9MrmuE5-kd-Ve3w87S1owP9skXRBz8?usp=drive_link&#8221; target=&#8221;_blank&#8221; align=&#8221;center&#8221; margin_top=&#8221;25&#8243; bg_color=&#8221;#005695&#8243; btn_hover_bg=&#8221;#f2f2f2&#8243; btn_hover_txt_color=&#8221;#005695&#8243;]T\u00e9l\u00e9charger la le\u00e7on 2[\/mk_button][mk_padding_divider size=&#8221;30&#8243;][vc_row_inner][vc_column_inner width=&#8221;1\/4&#8243;][mk_image src=&#8221;https:\/\/whsrn.org\/wp-content\/uploads\/2022\/03\/lessonplan_cuadrado_greenbig.jpg&#8221; image_size=&#8221;medium&#8221; link=&#8221;https:\/\/whsrn.org\/wp-content\/uploads\/2023\/01\/lecon2_lecon.pdf&#8221; align=&#8221;center&#8221;][vc_column_text css=&#8221;.vc_custom_1674661741794{margin-bottom: 0px !important;}&#8221;]\n<p style=\"text-align: center;\"><a href=\"https:\/\/whsrn.org\/wp-content\/uploads\/2023\/01\/lecon2_lecon.pdf\" target=\"_blank\" rel=\"noopener\">Plan de cours<\/a><\/p>\n[\/vc_column_text][\/vc_column_inner][vc_column_inner width=&#8221;1\/4&#8243;][mk_image src=&#8221;https:\/\/whsrn.org\/wp-content\/uploads\/2022\/03\/printables_cuadrado_greenbig.jpg&#8221; image_size=&#8221;medium&#8221; link=&#8221;https:\/\/whsrn.org\/wp-content\/uploads\/2023\/01\/lecon2_imprimable_complet.pdf&#8221; align=&#8221;center&#8221;][vc_column_text css=&#8221;.vc_custom_1674661774400{margin-bottom: 0px !important;}&#8221;]\n<p style=\"text-align: center;\"><a href=\"https:\/\/whsrn.org\/wp-content\/uploads\/2023\/01\/lecon2_imprimable_complet.pdf\" target=\"_blank\" rel=\"noopener\">Mat\u00e9riel \u00e0 imprimer<\/a><\/p>\n[\/vc_column_text][\/vc_column_inner][vc_column_inner width=&#8221;1\/4&#8243;][mk_image src=&#8221;https:\/\/whsrn.org\/wp-content\/uploads\/2022\/03\/slide_cuadrado_greenbig.jpg&#8221; image_size=&#8221;medium&#8221; link=&#8221;https:\/\/whsrn.org\/wp-content\/uploads\/2023\/01\/tradingcards_fra_complet.pdf&#8221; align=&#8221;center&#8221;][vc_column_text css=&#8221;.vc_custom_1730933383793{margin-bottom: 0px !important;}&#8221;]\n<p style=\"text-align: center;\"><a href=\"https:\/\/whsrn.org\/wp-content\/uploads\/2023\/01\/tradingcards_fra_complet.pdf\">Diaporamas<\/a><\/p>\n[\/vc_column_text][\/vc_column_inner][vc_column_inner width=&#8221;1\/4&#8243;][mk_image src=&#8221;https:\/\/whsrn.org\/wp-content\/uploads\/2022\/03\/resources_cuadrado_green_big.jpg&#8221; image_size=&#8221;medium&#8221; link=&#8221;https:\/\/whsrn.org\/wp-content\/uploads\/2023\/01\/lecon2_ressources-dapprentissage.pdf&#8221; align=&#8221;center&#8221;][vc_column_text css=&#8221;.vc_custom_1674661850396{margin-bottom: 0px !important;}&#8221;]\n<p style=\"text-align: center;\"><a href=\"https:\/\/whsrn.org\/wp-content\/uploads\/2023\/01\/lecon2_ressources-dapprentissage.pdf\" target=\"_blank\" rel=\"noopener\">Ressources p\u00e9dagogiques<\/a><\/p>\n[\/vc_column_text][\/vc_column_inner][vc_column_inner][mk_padding_divider size=&#8221;30&#8243;][mk_fancy_title tag_name=&#8221;span&#8221; color=&#8221;#3d4045&#8243; size=&#8221;12&#8243; font_weight=&#8221;bold&#8221; margin_top=&#8221;20&#8243; margin_bottom=&#8221;12&#8243; font_family=&#8221;none&#8221; responsive_align=&#8221;left&#8221;]\n<h5><strong>Activit\u00e9s<\/strong><\/h5>\n[\/mk_fancy_title][vc_column_text css=&#8221;.vc_custom_1673907173244{margin-bottom: 0px !important;}&#8221;]Vous pouvez \u00e9galement t\u00e9l\u00e9charger chaque mat\u00e9riel d&#8217;activit\u00e9 s\u00e9par\u00e9ment.[\/vc_column_text][\/vc_column_inner][\/vc_row_inner][vc_row_inner][vc_column_inner width=&#8221;1\/2&#8243;][vc_column_text css=&#8221;.vc_custom_1673907222357{margin-bottom: 0px !important;}&#8221;]\n<h3>Le Casse-T\u00eate de la Migration<\/h3>\n[\/vc_column_text][mk_custom_list style=&#8221;mk-icon-print&#8221; icon_color=&#8221;#439539&#8243; margin_bottom=&#8221;5&#8243; align=&#8221;left&#8221;]\n<ul>\n<li><a href=\"https:\/\/whsrn.org\/wp-content\/uploads\/2023\/01\/lecon2_casse-tete-lhabutat-migratoire_imprimable.pdf\" target=\"_blank\" rel=\"noopener\">Mat\u00e9riel imprimable<\/a><\/li>\n<\/ul>\n[\/mk_custom_list][\/vc_column_inner][vc_column_inner width=&#8221;1\/2&#8243;][vc_column_text css=&#8221;.vc_custom_1673907278442{margin-bottom: 0px !important;}&#8221;]\n<h3>Carte des Besoins et des Migrations des Oiseaux de Rivage<\/h3>\n[\/vc_column_text][mk_custom_list style=&#8221;mk-icon-print&#8221; icon_color=&#8221;#439539&#8243; margin_bottom=&#8221;5&#8243; align=&#8221;left&#8221;]\n<ul>\n<li><a href=\"https:\/\/whsrn.org\/wp-content\/uploads\/2023\/01\/lecon2_carte_fiche-dactivite_2.3.pdf\" target=\"_blank\" rel=\"noopener\">Mat\u00e9riel imprimable<\/a><\/li>\n<\/ul>\n[\/mk_custom_list][\/vc_column_inner][\/vc_row_inner][vc_row_inner][vc_column_inner width=&#8221;1\/2&#8243;][vc_column_text css=&#8221;.vc_custom_1673907294367{margin-bottom: 0px !important;}&#8221;]\n<h3>Chemins Pr\u00e9caires<\/h3>\n[\/vc_column_text][mk_custom_list style=&#8221;mk-icon-print&#8221; icon_color=&#8221;#439539&#8243; margin_bottom=&#8221;5&#8243; align=&#8221;left&#8221;]\n<ul>\n<li><a href=\"https:\/\/whsrn.org\/wp-content\/uploads\/2023\/01\/lecon2_chemins-precaires_imprimable.pdf\" target=\"_blank\" rel=\"noopener\">Mat\u00e9riel imprimable<\/a><\/li>\n<\/ul>\n[\/mk_custom_list][\/vc_column_inner][vc_column_inner width=&#8221;1\/2&#8243;][\/vc_column_inner][\/vc_row_inner][mk_padding_divider size=&#8221;30&#8243;][mk_fancy_title tag_name=&#8221;span&#8221; color=&#8221;#3d4045&#8243; size=&#8221;12&#8243; font_weight=&#8221;bold&#8221; margin_top=&#8221;20&#8243; font_family=&#8221;none&#8221; responsive_align=&#8221;left&#8221;]Photo de couverture : <em>Brad Winn<\/em>[\/mk_fancy_title][\/vc_column][\/mk_page_section]\n","protected":false},"excerpt":{"rendered":"<p>[mk_page_section bg_image=&#8221;https:\/\/whsrn.org\/wp-content\/uploads\/2022\/03\/curriculum2_page-header.jpg&#8221; bg_image_portrait=&#8221;https:\/\/whsrn.org\/wp-content\/uploads\/2022\/03\/curriculum2_header-portrait-mobile.jpg&#8221; bg_color=&#8221;#5e5e5e&#8221; bg_position=&#8221;center center&#8221; bg_repeat=&#8221;no-repeat&#8221; bg_stretch=&#8221;true&#8221; video_color_mask=&#8221;#cccccc&#8221; video_opacity=&#8221;.4&#8243; min_height=&#8221;325&#8243; sidebar=&#8221;sidebar-1&#8243;][vc_column][mk_padding_divider size=&#8221;120&#8243;][mk_padding_divider size=&#8221;30&#8243; visibility=&#8221;visible-sm&#8221;][mk_fancy_title tag_name=&#8221;h1&#8243; color=&#8221;#ffffff&#8221; size=&#8221;75&#8243; force_font_size=&#8221;true&#8221; size_phone=&#8221;42&#8243; font_weight=&#8221;900&#8243; font_family=&#8221;Roboto+Condensed&#8221; font_type=&#8221;google&#8221; align=&#8221;center&#8221;]Le\u00e7on 2. La manie des migrations[\/mk_fancy_title][\/vc_column][\/mk_page_section][mk_page_section section_layout=&#8221;right&#8221; padding_top=&#8221;25&#8243; padding_bottom=&#8221;0&#8243; margin_bottom=&#8221;30&#8243; sidebar=&#8221;sidebar-25&#8243;][vc_column border_color=&#8221;#ffffff&#8221; css=&#8221;.vc_custom_1542639941640{margin-right: 0px !important;margin-left: 0px !important;border-top-width: 0px !important;border-right-width: 0px !important;border-bottom-width: 0px !important;border-left-width: 0px !important;padding-right: 4px !important;padding-left: 0px !important;border-left-color: #ffffff !important;border-right-color: #ffffff [&hellip;]<\/p>\n","protected":false},"author":17,"featured_media":0,"parent":27894,"menu_order":0,"comment_status":"closed","ping_status":"closed","template":"","meta":{"nf_dc_page":"","footnotes":""},"class_list":["post-27859","page","type-page","status-publish","hentry"],"yoast_head":"<!-- This site is optimized with the Yoast SEO plugin v27.2 - https:\/\/yoast.com\/product\/yoast-seo-wordpress\/ -->\n<title>Le\u00e7on 2. La manie des migrations &#8211; WHSRN<\/title>\n<meta name=\"robots\" content=\"index, follow, max-snippet:-1, max-image-preview:large, max-video-preview:-1\" \/>\n<link rel=\"canonical\" href=\"https:\/\/whsrn.org\/es\/decouvrez-les-oiseaux-de-rivage\/lecon-2-la-manie-des-migrations\/\" \/>\n<meta property=\"og:locale\" content=\"es_ES\" \/>\n<meta property=\"og:type\" content=\"article\" \/>\n<meta property=\"og:title\" content=\"Le\u00e7on 2. La manie des migrations &#8211; WHSRN\" \/>\n<meta property=\"og:description\" content=\"[mk_page_section bg_image=&#8221;https:\/\/whsrn.org\/wp-content\/uploads\/2022\/03\/curriculum2_page-header.jpg&#8221; bg_image_portrait=&#8221;https:\/\/whsrn.org\/wp-content\/uploads\/2022\/03\/curriculum2_header-portrait-mobile.jpg&#8221; bg_color=&#8221;#5e5e5e&#8221; bg_position=&#8221;center center&#8221; bg_repeat=&#8221;no-repeat&#8221; bg_stretch=&#8221;true&#8221; video_color_mask=&#8221;#cccccc&#8221; video_opacity=&#8221;.4&#8243; min_height=&#8221;325&#8243; sidebar=&#8221;sidebar-1&#8243;][vc_column][mk_padding_divider size=&#8221;120&#8243;][mk_padding_divider size=&#8221;30&#8243; visibility=&#8221;visible-sm&#8221;][mk_fancy_title tag_name=&#8221;h1&#8243; color=&#8221;#ffffff&#8221; size=&#8221;75&#8243; force_font_size=&#8221;true&#8221; size_phone=&#8221;42&#8243; font_weight=&#8221;900&#8243; font_family=&#8221;Roboto+Condensed&#8221; font_type=&#8221;google&#8221; align=&#8221;center&#8221;]Le\u00e7on 2. La manie des migrations[\/mk_fancy_title][\/vc_column][\/mk_page_section][mk_page_section section_layout=&#8221;right&#8221; padding_top=&#8221;25&#8243; padding_bottom=&#8221;0&#8243; margin_bottom=&#8221;30&#8243; sidebar=&#8221;sidebar-25&#8243;][vc_column border_color=&#8221;#ffffff&#8221; css=&#8221;.vc_custom_1542639941640{margin-right: 0px !important;margin-left: 0px !important;border-top-width: 0px !important;border-right-width: 0px !important;border-bottom-width: 0px !important;border-left-width: 0px !important;padding-right: 4px !important;padding-left: 0px !important;border-left-color: #ffffff !important;border-right-color: #ffffff [&hellip;]\" \/>\n<meta property=\"og:url\" content=\"https:\/\/whsrn.org\/es\/decouvrez-les-oiseaux-de-rivage\/lecon-2-la-manie-des-migrations\/\" \/>\n<meta property=\"og:site_name\" content=\"WHSRN\" \/>\n<meta property=\"article:publisher\" content=\"https:\/\/www.facebook.com\/WHSRN\" \/>\n<meta property=\"article:modified_time\" content=\"2024-11-07T17:32:53+00:00\" \/>\n<meta name=\"twitter:card\" content=\"summary_large_image\" \/>\n<meta name=\"twitter:site\" content=\"@WHSRN\" \/>\n<meta name=\"twitter:label1\" content=\"Tiempo de lectura\" \/>\n\t<meta name=\"twitter:data1\" content=\"2 minutos\" \/>\n<script type=\"application\/ld+json\" class=\"yoast-schema-graph\">{\"@context\":\"https:\/\/schema.org\",\"@graph\":[{\"@type\":\"WebPage\",\"@id\":\"https:\/\/whsrn.org\/es\/decouvrez-les-oiseaux-de-rivage\/lecon-2-la-manie-des-migrations\/\",\"url\":\"https:\/\/whsrn.org\/es\/decouvrez-les-oiseaux-de-rivage\/lecon-2-la-manie-des-migrations\/\",\"name\":\"Le\u00e7on 2. La manie des migrations &#8211; WHSRN\",\"isPartOf\":{\"@id\":\"https:\/\/whsrn.org\/es\/#website\"},\"datePublished\":\"2024-11-06T23:46:43+00:00\",\"dateModified\":\"2024-11-07T17:32:53+00:00\",\"breadcrumb\":{\"@id\":\"https:\/\/whsrn.org\/es\/decouvrez-les-oiseaux-de-rivage\/lecon-2-la-manie-des-migrations\/#breadcrumb\"},\"inLanguage\":\"es\",\"potentialAction\":[{\"@type\":\"ReadAction\",\"target\":[\"https:\/\/whsrn.org\/es\/decouvrez-les-oiseaux-de-rivage\/lecon-2-la-manie-des-migrations\/\"]}]},{\"@type\":\"BreadcrumbList\",\"@id\":\"https:\/\/whsrn.org\/es\/decouvrez-les-oiseaux-de-rivage\/lecon-2-la-manie-des-migrations\/#breadcrumb\",\"itemListElement\":[{\"@type\":\"ListItem\",\"position\":1,\"name\":\"Home\",\"item\":\"https:\/\/whsrn.org\/es\/\"},{\"@type\":\"ListItem\",\"position\":2,\"name\":\"D\u00e9couvrez les oiseaux de rivage\",\"item\":\"https:\/\/whsrn.org\/es\/decouvrez-les-oiseaux-de-rivage\/\"},{\"@type\":\"ListItem\",\"position\":3,\"name\":\"Le\u00e7on 2. La manie des migrations\"}]},{\"@type\":\"WebSite\",\"@id\":\"https:\/\/whsrn.org\/es\/#website\",\"url\":\"https:\/\/whsrn.org\/es\/\",\"name\":\"WHSRN\",\"description\":\"Western Hemisphere Shorebird Reserve Network\",\"publisher\":{\"@id\":\"https:\/\/whsrn.org\/es\/#organization\"},\"potentialAction\":[{\"@type\":\"SearchAction\",\"target\":{\"@type\":\"EntryPoint\",\"urlTemplate\":\"https:\/\/whsrn.org\/es\/?s={search_term_string}\"},\"query-input\":{\"@type\":\"PropertyValueSpecification\",\"valueRequired\":true,\"valueName\":\"search_term_string\"}}],\"inLanguage\":\"es\"},{\"@type\":\"Organization\",\"@id\":\"https:\/\/whsrn.org\/es\/#organization\",\"name\":\"Western Hemisphere Shorebird Reserve Network\",\"url\":\"https:\/\/whsrn.org\/es\/\",\"logo\":{\"@type\":\"ImageObject\",\"inLanguage\":\"es\",\"@id\":\"https:\/\/whsrn.org\/es\/#\/schema\/logo\/image\/\",\"url\":\"https:\/\/whsrn.org\/wp-content\/uploads\/2021\/01\/whsrn_nostrapline_square.png\",\"contentUrl\":\"https:\/\/whsrn.org\/wp-content\/uploads\/2021\/01\/whsrn_nostrapline_square.png\",\"width\":800,\"height\":800,\"caption\":\"Western Hemisphere Shorebird Reserve Network\"},\"image\":{\"@id\":\"https:\/\/whsrn.org\/es\/#\/schema\/logo\/image\/\"},\"sameAs\":[\"https:\/\/www.facebook.com\/WHSRN\",\"https:\/\/x.com\/WHSRN\",\"https:\/\/www.youtube.com\/channel\/UCDMz2oCsiK8e03UxFhHhdEA\"]}]}<\/script>\n<!-- \/ Yoast SEO plugin. -->","yoast_head_json":{"title":"Le\u00e7on 2. La manie des migrations &#8211; WHSRN","robots":{"index":"index","follow":"follow","max-snippet":"max-snippet:-1","max-image-preview":"max-image-preview:large","max-video-preview":"max-video-preview:-1"},"canonical":"https:\/\/whsrn.org\/es\/decouvrez-les-oiseaux-de-rivage\/lecon-2-la-manie-des-migrations\/","og_locale":"es_ES","og_type":"article","og_title":"Le\u00e7on 2. La manie des migrations &#8211; WHSRN","og_description":"[mk_page_section bg_image=&#8221;https:\/\/whsrn.org\/wp-content\/uploads\/2022\/03\/curriculum2_page-header.jpg&#8221; bg_image_portrait=&#8221;https:\/\/whsrn.org\/wp-content\/uploads\/2022\/03\/curriculum2_header-portrait-mobile.jpg&#8221; bg_color=&#8221;#5e5e5e&#8221; bg_position=&#8221;center center&#8221; bg_repeat=&#8221;no-repeat&#8221; bg_stretch=&#8221;true&#8221; video_color_mask=&#8221;#cccccc&#8221; video_opacity=&#8221;.4&#8243; min_height=&#8221;325&#8243; sidebar=&#8221;sidebar-1&#8243;][vc_column][mk_padding_divider size=&#8221;120&#8243;][mk_padding_divider size=&#8221;30&#8243; visibility=&#8221;visible-sm&#8221;][mk_fancy_title tag_name=&#8221;h1&#8243; color=&#8221;#ffffff&#8221; size=&#8221;75&#8243; force_font_size=&#8221;true&#8221; size_phone=&#8221;42&#8243; font_weight=&#8221;900&#8243; font_family=&#8221;Roboto+Condensed&#8221; font_type=&#8221;google&#8221; align=&#8221;center&#8221;]Le\u00e7on 2. La manie des migrations[\/mk_fancy_title][\/vc_column][\/mk_page_section][mk_page_section section_layout=&#8221;right&#8221; padding_top=&#8221;25&#8243; padding_bottom=&#8221;0&#8243; margin_bottom=&#8221;30&#8243; sidebar=&#8221;sidebar-25&#8243;][vc_column border_color=&#8221;#ffffff&#8221; css=&#8221;.vc_custom_1542639941640{margin-right: 0px !important;margin-left: 0px !important;border-top-width: 0px !important;border-right-width: 0px !important;border-bottom-width: 0px !important;border-left-width: 0px !important;padding-right: 4px !important;padding-left: 0px !important;border-left-color: #ffffff !important;border-right-color: #ffffff [&hellip;]","og_url":"https:\/\/whsrn.org\/es\/decouvrez-les-oiseaux-de-rivage\/lecon-2-la-manie-des-migrations\/","og_site_name":"WHSRN","article_publisher":"https:\/\/www.facebook.com\/WHSRN","article_modified_time":"2024-11-07T17:32:53+00:00","twitter_card":"summary_large_image","twitter_site":"@WHSRN","twitter_misc":{"Tiempo de lectura":"2 minutos"},"schema":{"@context":"https:\/\/schema.org","@graph":[{"@type":"WebPage","@id":"https:\/\/whsrn.org\/es\/decouvrez-les-oiseaux-de-rivage\/lecon-2-la-manie-des-migrations\/","url":"https:\/\/whsrn.org\/es\/decouvrez-les-oiseaux-de-rivage\/lecon-2-la-manie-des-migrations\/","name":"Le\u00e7on 2. La manie des migrations &#8211; WHSRN","isPartOf":{"@id":"https:\/\/whsrn.org\/es\/#website"},"datePublished":"2024-11-06T23:46:43+00:00","dateModified":"2024-11-07T17:32:53+00:00","breadcrumb":{"@id":"https:\/\/whsrn.org\/es\/decouvrez-les-oiseaux-de-rivage\/lecon-2-la-manie-des-migrations\/#breadcrumb"},"inLanguage":"es","potentialAction":[{"@type":"ReadAction","target":["https:\/\/whsrn.org\/es\/decouvrez-les-oiseaux-de-rivage\/lecon-2-la-manie-des-migrations\/"]}]},{"@type":"BreadcrumbList","@id":"https:\/\/whsrn.org\/es\/decouvrez-les-oiseaux-de-rivage\/lecon-2-la-manie-des-migrations\/#breadcrumb","itemListElement":[{"@type":"ListItem","position":1,"name":"Home","item":"https:\/\/whsrn.org\/es\/"},{"@type":"ListItem","position":2,"name":"D\u00e9couvrez les oiseaux de rivage","item":"https:\/\/whsrn.org\/es\/decouvrez-les-oiseaux-de-rivage\/"},{"@type":"ListItem","position":3,"name":"Le\u00e7on 2. La manie des migrations"}]},{"@type":"WebSite","@id":"https:\/\/whsrn.org\/es\/#website","url":"https:\/\/whsrn.org\/es\/","name":"WHSRN","description":"Western Hemisphere Shorebird Reserve Network","publisher":{"@id":"https:\/\/whsrn.org\/es\/#organization"},"potentialAction":[{"@type":"SearchAction","target":{"@type":"EntryPoint","urlTemplate":"https:\/\/whsrn.org\/es\/?s={search_term_string}"},"query-input":{"@type":"PropertyValueSpecification","valueRequired":true,"valueName":"search_term_string"}}],"inLanguage":"es"},{"@type":"Organization","@id":"https:\/\/whsrn.org\/es\/#organization","name":"Western Hemisphere Shorebird Reserve Network","url":"https:\/\/whsrn.org\/es\/","logo":{"@type":"ImageObject","inLanguage":"es","@id":"https:\/\/whsrn.org\/es\/#\/schema\/logo\/image\/","url":"https:\/\/whsrn.org\/wp-content\/uploads\/2021\/01\/whsrn_nostrapline_square.png","contentUrl":"https:\/\/whsrn.org\/wp-content\/uploads\/2021\/01\/whsrn_nostrapline_square.png","width":800,"height":800,"caption":"Western Hemisphere Shorebird Reserve Network"},"image":{"@id":"https:\/\/whsrn.org\/es\/#\/schema\/logo\/image\/"},"sameAs":["https:\/\/www.facebook.com\/WHSRN","https:\/\/x.com\/WHSRN","https:\/\/www.youtube.com\/channel\/UCDMz2oCsiK8e03UxFhHhdEA"]}]}},"_links":{"self":[{"href":"https:\/\/whsrn.org\/es\/wp-json\/wp\/v2\/pages\/27859","targetHints":{"allow":["GET"]}}],"collection":[{"href":"https:\/\/whsrn.org\/es\/wp-json\/wp\/v2\/pages"}],"about":[{"href":"https:\/\/whsrn.org\/es\/wp-json\/wp\/v2\/types\/page"}],"author":[{"embeddable":true,"href":"https:\/\/whsrn.org\/es\/wp-json\/wp\/v2\/users\/17"}],"replies":[{"embeddable":true,"href":"https:\/\/whsrn.org\/es\/wp-json\/wp\/v2\/comments?post=27859"}],"version-history":[{"count":4,"href":"https:\/\/whsrn.org\/es\/wp-json\/wp\/v2\/pages\/27859\/revisions"}],"predecessor-version":[{"id":27912,"href":"https:\/\/whsrn.org\/es\/wp-json\/wp\/v2\/pages\/27859\/revisions\/27912"}],"up":[{"embeddable":true,"href":"https:\/\/whsrn.org\/es\/wp-json\/wp\/v2\/pages\/27894"}],"wp:attachment":[{"href":"https:\/\/whsrn.org\/es\/wp-json\/wp\/v2\/media?parent=27859"}],"curies":[{"name":"wp","href":"https:\/\/api.w.org\/{rel}","templated":true}]}}