{"id":27856,"date":"2024-11-06T23:43:31","date_gmt":"2024-11-06T23:43:31","guid":{"rendered":"https:\/\/whsrn.org\/lecon-3-suivre-les-oiseaux-de-rivage\/"},"modified":"2024-11-07T17:34:46","modified_gmt":"2024-11-07T17:34:46","slug":"lecon-3-suivre-les-oiseaux-de-rivage","status":"publish","type":"page","link":"https:\/\/whsrn.org\/es\/decouvrez-les-oiseaux-de-rivage\/lecon-3-suivre-les-oiseaux-de-rivage\/","title":{"rendered":"Le\u00e7on 3. Suivre les Oiseaux de Rivage"},"content":{"rendered":"[mk_page_section bg_image=&#8221;https:\/\/whsrn.org\/wp-content\/uploads\/2022\/03\/curriculum3_page-header.jpg&#8221; bg_image_portrait=&#8221;https:\/\/whsrn.org\/wp-content\/uploads\/2022\/03\/curriculum3_header-portrait-mobile.jpg&#8221; bg_color=&#8221;#5e5e5e&#8221; bg_position=&#8221;center center&#8221; bg_repeat=&#8221;no-repeat&#8221; bg_stretch=&#8221;true&#8221; video_color_mask=&#8221;#cccccc&#8221; video_opacity=&#8221;.4&#8243; min_height=&#8221;325&#8243; sidebar=&#8221;sidebar-1&#8243;][vc_column][mk_padding_divider size=&#8221;120&#8243;][mk_padding_divider size=&#8221;30&#8243; visibility=&#8221;visible-sm&#8221;][mk_fancy_title tag_name=&#8221;h1&#8243; color=&#8221;#ffffff&#8221; size=&#8221;75&#8243; force_font_size=&#8221;true&#8221; size_phone=&#8221;42&#8243; font_weight=&#8221;900&#8243; font_family=&#8221;Roboto+Condensed&#8221; font_type=&#8221;google&#8221; align=&#8221;center&#8221;]Le\u00e7on 3. Suivre les Oiseaux de Rivage[\/mk_fancy_title][\/vc_column][\/mk_page_section][mk_page_section section_layout=&#8221;right&#8221; padding_top=&#8221;25&#8243; padding_bottom=&#8221;0&#8243; margin_bottom=&#8221;30&#8243; sidebar=&#8221;sidebar-25&#8243;][vc_column border_color=&#8221;#ffffff&#8221; css=&#8221;.vc_custom_1542639941640{margin-right: 0px !important;margin-left: 0px !important;border-top-width: 0px !important;border-right-width: 0px !important;border-bottom-width: 0px !important;border-left-width: 0px !important;padding-right: 4px !important;padding-left: 0px !important;border-left-color: #ffffff !important;border-right-color: #ffffff !important;border-top-color: #ffffff !important;border-bottom-color: #ffffff !important;}&#8221;][mk_fancy_title tag_name=&#8221;span&#8221; color=&#8221;#3d4045&#8243; size=&#8221;12&#8243; font_weight=&#8221;bold&#8221; margin_top=&#8221;20&#8243; font_family=&#8221;none&#8221; responsive_align=&#8221;left&#8221;]\n<h4>S&#8217;informer sur les technologies de suivi des migrations.<\/h4>\n[\/mk_fancy_title][vc_column_text css=&#8221;.vc_custom_1673907484920{margin-bottom: 0px !important;}&#8221;]Cette activit\u00e9 pr\u00e9sente la science et la technologie derri\u00e8re plusieurs techniques utilis\u00e9es pour mieux comprendre la migration. Les avantages et les inconv\u00e9nients de trois types de technologies seront examin\u00e9s et discut\u00e9s. En fin de le\u00e7on, les \u00e9l\u00e8ves devront concevoir leur propre plan de suivi pour r\u00e9pondre \u00e0 des questions sur une esp\u00e8ce donn\u00e9e. Cette le\u00e7on convient parfaitement aux \u00e9l\u00e8ves de la 6e \u00e0 la 8e ann\u00e9e.[\/vc_column_text][vc_column_text css=&#8221;.vc_custom_1673907524496{margin-bottom: 0px !important;}&#8221;]\n<h4>T\u00e9l\u00e9charger tout le mat\u00e9riel pour la le\u00e7on 3<\/h4>\n[\/vc_column_text][mk_button dimension=&#8221;flat&#8221; size=&#8221;large&#8221; letter_spacing=&#8221;2&#8243; url=&#8221;https:\/\/drive.google.com\/drive\/folders\/1Sq6VwMK2eWMoMFywjxuY-ISfYB9Bhmru?usp=drive_link&#8221; target=&#8221;_blank&#8221; align=&#8221;center&#8221; margin_top=&#8221;25&#8243; bg_color=&#8221;#005695&#8243; btn_hover_bg=&#8221;#f2f2f2&#8243; btn_hover_txt_color=&#8221;#005695&#8243;]T\u00e9l\u00e9charger la le\u00e7on 3[\/mk_button][mk_padding_divider size=&#8221;30&#8243;][vc_row_inner][vc_column_inner width=&#8221;1\/4&#8243;][mk_image src=&#8221;https:\/\/whsrn.org\/wp-content\/uploads\/2022\/03\/lessonplan_cuadrado_greenbig.jpg&#8221; image_size=&#8221;medium&#8221; link=&#8221;https:\/\/whsrn.org\/wp-content\/uploads\/2023\/01\/lecon-3_lecon.pdf&#8221; align=&#8221;center&#8221;][vc_column_text css=&#8221;.vc_custom_1674662083697{margin-bottom: 0px !important;}&#8221;]\n<p style=\"text-align: center;\"><a href=\"https:\/\/whsrn.org\/wp-content\/uploads\/2023\/01\/lecon-3_lecon.pdf\" target=\"_blank\" rel=\"noopener\">Plan de cours<\/a><\/p>\n[\/vc_column_text][\/vc_column_inner][vc_column_inner width=&#8221;1\/4&#8243;][mk_image src=&#8221;https:\/\/whsrn.org\/wp-content\/uploads\/2022\/03\/printables_cuadrado_greenbig.jpg&#8221; image_size=&#8221;medium&#8221; link=&#8221;https:\/\/whsrn.org\/wp-content\/uploads\/2023\/01\/lecon3_imprimable_complet.pdf&#8221; align=&#8221;center&#8221;][vc_column_text css=&#8221;.vc_custom_1674662126443{margin-bottom: 0px !important;}&#8221;]\n<p style=\"text-align: center;\"><a href=\"https:\/\/whsrn.org\/wp-content\/uploads\/2023\/01\/lecon3_imprimable_complet.pdf\" target=\"_blank\" rel=\"noopener\">Mat\u00e9riel \u00e0 imprimer<\/a><\/p>\n[\/vc_column_text][\/vc_column_inner][vc_column_inner width=&#8221;1\/4&#8243;][mk_image src=&#8221;https:\/\/whsrn.org\/wp-content\/uploads\/2022\/03\/slide_cuadrado_greenbig.jpg&#8221; image_size=&#8221;medium&#8221; link=&#8221;https:\/\/drive.google.com\/drive\/folders\/1YYUmZX8zQNSeTVq-7tR783AweuXdL37m?usp=drive_link&#8221; align=&#8221;center&#8221;][vc_column_text css=&#8221;.vc_custom_1730934488612{margin-bottom: 0px !important;}&#8221;]\n<p style=\"text-align: center;\"><a href=\"https:\/\/drive.google.com\/drive\/folders\/1YYUmZX8zQNSeTVq-7tR783AweuXdL37m?usp=drive_link\">Diaporamas<\/a><\/p>\n[\/vc_column_text][\/vc_column_inner][vc_column_inner width=&#8221;1\/4&#8243;][mk_image src=&#8221;https:\/\/whsrn.org\/wp-content\/uploads\/2022\/03\/resources_cuadrado_green_big.jpg&#8221; image_size=&#8221;medium&#8221; link=&#8221;https:\/\/whsrn.org\/wp-content\/uploads\/2023\/01\/lecon3_ressources-dapprentissage.pdf&#8221; align=&#8221;center&#8221;][vc_column_text css=&#8221;.vc_custom_1674662253118{margin-bottom: 0px !important;}&#8221;]\n<p style=\"text-align: center;\"><a href=\"https:\/\/whsrn.org\/wp-content\/uploads\/2023\/01\/lecon3_ressources-dapprentissage.pdf\" target=\"_blank\" rel=\"noopener\">Ressources p\u00e9dagogiques<\/a><\/p>\n[\/vc_column_text][\/vc_column_inner][vc_column_inner][mk_padding_divider size=&#8221;30&#8243;][mk_fancy_title tag_name=&#8221;span&#8221; color=&#8221;#3d4045&#8243; size=&#8221;12&#8243; font_weight=&#8221;bold&#8221; margin_top=&#8221;20&#8243; margin_bottom=&#8221;12&#8243; font_family=&#8221;none&#8221; responsive_align=&#8221;left&#8221;]\n<h5>Activit\u00e9s<\/h5>\n[\/mk_fancy_title][vc_column_text css=&#8221;.vc_custom_1673907603047{margin-bottom: 0px !important;}&#8221;]Vous pouvez \u00e9galement t\u00e9l\u00e9charger chaque mat\u00e9riel d&#8217;activit\u00e9 s\u00e9par\u00e9ment.[\/vc_column_text][\/vc_column_inner][\/vc_row_inner][vc_row_inner][vc_column_inner width=&#8221;1\/2&#8243;][vc_column_text css=&#8221;.vc_custom_1673907645310{margin-bottom: 0px !important;}&#8221;]\n<h3>Le Suivi des Oiseaux \u00e0 L&#8217;aide D&#8217;\u00e9metteurs Satellites<\/h3>\n[\/vc_column_text][mk_custom_list style=&#8221;mk-icon-print&#8221; icon_color=&#8221;#439539&#8243; margin_bottom=&#8221;5&#8243;]\n<ul>\n<li><a href=\"https:\/\/whsrn.org\/wp-content\/uploads\/2023\/01\/lecon3_fiche-dactivite_3.1.pdf\" target=\"_blank\" rel=\"noopener\">Mat\u00e9riel \u00e0 imprimer<\/a><\/li>\n<\/ul>\n[\/mk_custom_list][\/vc_column_inner][vc_column_inner width=&#8221;1\/2&#8243;][vc_column_text css=&#8221;.vc_custom_1673907743952{margin-bottom: 0px !important;}&#8221;]\n<h3>Observation de Drapeaux<\/h3>\n[\/vc_column_text][mk_custom_list style=&#8221;mk-icon-print&#8221; icon_color=&#8221;#439539&#8243; margin_bottom=&#8221;5&#8243;]\n<ul>\n<li><a href=\"https:\/\/whsrn.org\/wp-content\/uploads\/2023\/01\/lecon3_observation_3.2-3.4.pdf\" target=\"_blank\" rel=\"noopener\">Mat\u00e9riel \u00e0 imprimer<\/a><\/li>\n<\/ul>\n[\/mk_custom_list][\/vc_column_inner][\/vc_row_inner][vc_row_inner][vc_column_inner width=&#8221;1\/2&#8243;][vc_column_text css=&#8221;.vc_custom_1673907784114{margin-bottom: 0px !important;}&#8221;]\n<h3>Syst\u00e8me de Suivi de la Faune avec Motus<\/h3>\n[\/vc_column_text][mk_custom_list style=&#8221;mk-icon-print&#8221; icon_color=&#8221;#439539&#8243; margin_bottom=&#8221;5&#8243;]\n<ul>\n<li><a href=\"https:\/\/whsrn.org\/wp-content\/uploads\/2023\/01\/lecon3_fiche-dactivite_3.5.pdf\" target=\"_blank\" rel=\"noopener\">Mat\u00e9riel \u00e0 imprimer<\/a><\/li>\n<\/ul>\n[\/mk_custom_list][\/vc_column_inner][vc_column_inner width=&#8221;1\/2&#8243;][vc_column_text css=&#8221;.vc_custom_1673907809628{margin-bottom: 0px !important;}&#8221;]\n<h3>Concevoir un Programme de Suivi<\/h3>\n[\/vc_column_text][mk_custom_list style=&#8221;mk-icon-print&#8221; icon_color=&#8221;#439539&#8243; margin_bottom=&#8221;5&#8243;]\n<ul>\n<li><a href=\"https:\/\/whsrn.org\/wp-content\/uploads\/2023\/01\/lecon3_fiche-dactivite_3.6.pdf\" target=\"_blank\" rel=\"noopener\">Mat\u00e9riel \u00e0 imprimer<\/a><\/li>\n<\/ul>\n[\/mk_custom_list][\/vc_column_inner][\/vc_row_inner][mk_padding_divider size=&#8221;30&#8243;][\/vc_column][\/mk_page_section]\n","protected":false},"excerpt":{"rendered":"<p>[mk_page_section bg_image=&#8221;https:\/\/whsrn.org\/wp-content\/uploads\/2022\/03\/curriculum3_page-header.jpg&#8221; bg_image_portrait=&#8221;https:\/\/whsrn.org\/wp-content\/uploads\/2022\/03\/curriculum3_header-portrait-mobile.jpg&#8221; bg_color=&#8221;#5e5e5e&#8221; bg_position=&#8221;center center&#8221; bg_repeat=&#8221;no-repeat&#8221; bg_stretch=&#8221;true&#8221; video_color_mask=&#8221;#cccccc&#8221; video_opacity=&#8221;.4&#8243; min_height=&#8221;325&#8243; sidebar=&#8221;sidebar-1&#8243;][vc_column][mk_padding_divider size=&#8221;120&#8243;][mk_padding_divider size=&#8221;30&#8243; visibility=&#8221;visible-sm&#8221;][mk_fancy_title tag_name=&#8221;h1&#8243; color=&#8221;#ffffff&#8221; size=&#8221;75&#8243; force_font_size=&#8221;true&#8221; size_phone=&#8221;42&#8243; font_weight=&#8221;900&#8243; font_family=&#8221;Roboto+Condensed&#8221; font_type=&#8221;google&#8221; align=&#8221;center&#8221;]Le\u00e7on 3. Suivre les Oiseaux de Rivage[\/mk_fancy_title][\/vc_column][\/mk_page_section][mk_page_section section_layout=&#8221;right&#8221; padding_top=&#8221;25&#8243; padding_bottom=&#8221;0&#8243; margin_bottom=&#8221;30&#8243; sidebar=&#8221;sidebar-25&#8243;][vc_column border_color=&#8221;#ffffff&#8221; css=&#8221;.vc_custom_1542639941640{margin-right: 0px !important;margin-left: 0px !important;border-top-width: 0px !important;border-right-width: 0px !important;border-bottom-width: 0px !important;border-left-width: 0px !important;padding-right: 4px !important;padding-left: 0px !important;border-left-color: #ffffff !important;border-right-color: [&hellip;]<\/p>\n","protected":false},"author":17,"featured_media":0,"parent":27894,"menu_order":0,"comment_status":"closed","ping_status":"closed","template":"","meta":{"nf_dc_page":"","footnotes":""},"class_list":["post-27856","page","type-page","status-publish","hentry"],"yoast_head":"<!-- This site is optimized with the Yoast SEO plugin v27.2 - https:\/\/yoast.com\/product\/yoast-seo-wordpress\/ -->\n<title>Le\u00e7on 3. Suivre les Oiseaux de Rivage &#8211; WHSRN<\/title>\n<meta name=\"robots\" content=\"index, follow, max-snippet:-1, max-image-preview:large, max-video-preview:-1\" \/>\n<link rel=\"canonical\" href=\"https:\/\/whsrn.org\/es\/decouvrez-les-oiseaux-de-rivage\/lecon-3-suivre-les-oiseaux-de-rivage\/\" \/>\n<meta property=\"og:locale\" content=\"es_ES\" \/>\n<meta property=\"og:type\" content=\"article\" \/>\n<meta property=\"og:title\" content=\"Le\u00e7on 3. Suivre les Oiseaux de Rivage &#8211; WHSRN\" \/>\n<meta property=\"og:description\" content=\"[mk_page_section bg_image=&#8221;https:\/\/whsrn.org\/wp-content\/uploads\/2022\/03\/curriculum3_page-header.jpg&#8221; bg_image_portrait=&#8221;https:\/\/whsrn.org\/wp-content\/uploads\/2022\/03\/curriculum3_header-portrait-mobile.jpg&#8221; bg_color=&#8221;#5e5e5e&#8221; bg_position=&#8221;center center&#8221; bg_repeat=&#8221;no-repeat&#8221; bg_stretch=&#8221;true&#8221; video_color_mask=&#8221;#cccccc&#8221; video_opacity=&#8221;.4&#8243; min_height=&#8221;325&#8243; sidebar=&#8221;sidebar-1&#8243;][vc_column][mk_padding_divider size=&#8221;120&#8243;][mk_padding_divider size=&#8221;30&#8243; visibility=&#8221;visible-sm&#8221;][mk_fancy_title tag_name=&#8221;h1&#8243; color=&#8221;#ffffff&#8221; size=&#8221;75&#8243; force_font_size=&#8221;true&#8221; size_phone=&#8221;42&#8243; font_weight=&#8221;900&#8243; font_family=&#8221;Roboto+Condensed&#8221; font_type=&#8221;google&#8221; align=&#8221;center&#8221;]Le\u00e7on 3. Suivre les Oiseaux de Rivage[\/mk_fancy_title][\/vc_column][\/mk_page_section][mk_page_section section_layout=&#8221;right&#8221; padding_top=&#8221;25&#8243; padding_bottom=&#8221;0&#8243; margin_bottom=&#8221;30&#8243; sidebar=&#8221;sidebar-25&#8243;][vc_column border_color=&#8221;#ffffff&#8221; css=&#8221;.vc_custom_1542639941640{margin-right: 0px !important;margin-left: 0px !important;border-top-width: 0px !important;border-right-width: 0px !important;border-bottom-width: 0px !important;border-left-width: 0px !important;padding-right: 4px !important;padding-left: 0px !important;border-left-color: #ffffff !important;border-right-color: [&hellip;]\" \/>\n<meta property=\"og:url\" content=\"https:\/\/whsrn.org\/es\/decouvrez-les-oiseaux-de-rivage\/lecon-3-suivre-les-oiseaux-de-rivage\/\" \/>\n<meta property=\"og:site_name\" content=\"WHSRN\" \/>\n<meta property=\"article:publisher\" content=\"https:\/\/www.facebook.com\/WHSRN\" \/>\n<meta property=\"article:modified_time\" content=\"2024-11-07T17:34:46+00:00\" \/>\n<meta name=\"twitter:card\" content=\"summary_large_image\" \/>\n<meta name=\"twitter:site\" content=\"@WHSRN\" \/>\n<meta name=\"twitter:label1\" content=\"Tiempo de lectura\" \/>\n\t<meta name=\"twitter:data1\" content=\"2 minutos\" \/>\n<script type=\"application\/ld+json\" class=\"yoast-schema-graph\">{\"@context\":\"https:\/\/schema.org\",\"@graph\":[{\"@type\":\"WebPage\",\"@id\":\"https:\/\/whsrn.org\/es\/decouvrez-les-oiseaux-de-rivage\/lecon-3-suivre-les-oiseaux-de-rivage\/\",\"url\":\"https:\/\/whsrn.org\/es\/decouvrez-les-oiseaux-de-rivage\/lecon-3-suivre-les-oiseaux-de-rivage\/\",\"name\":\"Le\u00e7on 3. Suivre les Oiseaux de Rivage &#8211; WHSRN\",\"isPartOf\":{\"@id\":\"https:\/\/whsrn.org\/es\/#website\"},\"datePublished\":\"2024-11-06T23:43:31+00:00\",\"dateModified\":\"2024-11-07T17:34:46+00:00\",\"breadcrumb\":{\"@id\":\"https:\/\/whsrn.org\/es\/decouvrez-les-oiseaux-de-rivage\/lecon-3-suivre-les-oiseaux-de-rivage\/#breadcrumb\"},\"inLanguage\":\"es\",\"potentialAction\":[{\"@type\":\"ReadAction\",\"target\":[\"https:\/\/whsrn.org\/es\/decouvrez-les-oiseaux-de-rivage\/lecon-3-suivre-les-oiseaux-de-rivage\/\"]}]},{\"@type\":\"BreadcrumbList\",\"@id\":\"https:\/\/whsrn.org\/es\/decouvrez-les-oiseaux-de-rivage\/lecon-3-suivre-les-oiseaux-de-rivage\/#breadcrumb\",\"itemListElement\":[{\"@type\":\"ListItem\",\"position\":1,\"name\":\"Home\",\"item\":\"https:\/\/whsrn.org\/es\/\"},{\"@type\":\"ListItem\",\"position\":2,\"name\":\"D\u00e9couvrez les oiseaux de rivage\",\"item\":\"https:\/\/whsrn.org\/es\/decouvrez-les-oiseaux-de-rivage\/\"},{\"@type\":\"ListItem\",\"position\":3,\"name\":\"Le\u00e7on 3. Suivre les Oiseaux de Rivage\"}]},{\"@type\":\"WebSite\",\"@id\":\"https:\/\/whsrn.org\/es\/#website\",\"url\":\"https:\/\/whsrn.org\/es\/\",\"name\":\"WHSRN\",\"description\":\"Western Hemisphere Shorebird Reserve Network\",\"publisher\":{\"@id\":\"https:\/\/whsrn.org\/es\/#organization\"},\"potentialAction\":[{\"@type\":\"SearchAction\",\"target\":{\"@type\":\"EntryPoint\",\"urlTemplate\":\"https:\/\/whsrn.org\/es\/?s={search_term_string}\"},\"query-input\":{\"@type\":\"PropertyValueSpecification\",\"valueRequired\":true,\"valueName\":\"search_term_string\"}}],\"inLanguage\":\"es\"},{\"@type\":\"Organization\",\"@id\":\"https:\/\/whsrn.org\/es\/#organization\",\"name\":\"Western Hemisphere Shorebird Reserve Network\",\"url\":\"https:\/\/whsrn.org\/es\/\",\"logo\":{\"@type\":\"ImageObject\",\"inLanguage\":\"es\",\"@id\":\"https:\/\/whsrn.org\/es\/#\/schema\/logo\/image\/\",\"url\":\"https:\/\/whsrn.org\/wp-content\/uploads\/2021\/01\/whsrn_nostrapline_square.png\",\"contentUrl\":\"https:\/\/whsrn.org\/wp-content\/uploads\/2021\/01\/whsrn_nostrapline_square.png\",\"width\":800,\"height\":800,\"caption\":\"Western Hemisphere Shorebird Reserve Network\"},\"image\":{\"@id\":\"https:\/\/whsrn.org\/es\/#\/schema\/logo\/image\/\"},\"sameAs\":[\"https:\/\/www.facebook.com\/WHSRN\",\"https:\/\/x.com\/WHSRN\",\"https:\/\/www.youtube.com\/channel\/UCDMz2oCsiK8e03UxFhHhdEA\"]}]}<\/script>\n<!-- \/ Yoast SEO plugin. -->","yoast_head_json":{"title":"Le\u00e7on 3. Suivre les Oiseaux de Rivage &#8211; WHSRN","robots":{"index":"index","follow":"follow","max-snippet":"max-snippet:-1","max-image-preview":"max-image-preview:large","max-video-preview":"max-video-preview:-1"},"canonical":"https:\/\/whsrn.org\/es\/decouvrez-les-oiseaux-de-rivage\/lecon-3-suivre-les-oiseaux-de-rivage\/","og_locale":"es_ES","og_type":"article","og_title":"Le\u00e7on 3. Suivre les Oiseaux de Rivage &#8211; WHSRN","og_description":"[mk_page_section bg_image=&#8221;https:\/\/whsrn.org\/wp-content\/uploads\/2022\/03\/curriculum3_page-header.jpg&#8221; bg_image_portrait=&#8221;https:\/\/whsrn.org\/wp-content\/uploads\/2022\/03\/curriculum3_header-portrait-mobile.jpg&#8221; bg_color=&#8221;#5e5e5e&#8221; bg_position=&#8221;center center&#8221; bg_repeat=&#8221;no-repeat&#8221; bg_stretch=&#8221;true&#8221; video_color_mask=&#8221;#cccccc&#8221; video_opacity=&#8221;.4&#8243; min_height=&#8221;325&#8243; sidebar=&#8221;sidebar-1&#8243;][vc_column][mk_padding_divider size=&#8221;120&#8243;][mk_padding_divider size=&#8221;30&#8243; visibility=&#8221;visible-sm&#8221;][mk_fancy_title tag_name=&#8221;h1&#8243; color=&#8221;#ffffff&#8221; size=&#8221;75&#8243; force_font_size=&#8221;true&#8221; size_phone=&#8221;42&#8243; font_weight=&#8221;900&#8243; font_family=&#8221;Roboto+Condensed&#8221; font_type=&#8221;google&#8221; align=&#8221;center&#8221;]Le\u00e7on 3. Suivre les Oiseaux de Rivage[\/mk_fancy_title][\/vc_column][\/mk_page_section][mk_page_section section_layout=&#8221;right&#8221; padding_top=&#8221;25&#8243; padding_bottom=&#8221;0&#8243; margin_bottom=&#8221;30&#8243; sidebar=&#8221;sidebar-25&#8243;][vc_column border_color=&#8221;#ffffff&#8221; css=&#8221;.vc_custom_1542639941640{margin-right: 0px !important;margin-left: 0px !important;border-top-width: 0px !important;border-right-width: 0px !important;border-bottom-width: 0px !important;border-left-width: 0px !important;padding-right: 4px !important;padding-left: 0px !important;border-left-color: #ffffff !important;border-right-color: [&hellip;]","og_url":"https:\/\/whsrn.org\/es\/decouvrez-les-oiseaux-de-rivage\/lecon-3-suivre-les-oiseaux-de-rivage\/","og_site_name":"WHSRN","article_publisher":"https:\/\/www.facebook.com\/WHSRN","article_modified_time":"2024-11-07T17:34:46+00:00","twitter_card":"summary_large_image","twitter_site":"@WHSRN","twitter_misc":{"Tiempo de lectura":"2 minutos"},"schema":{"@context":"https:\/\/schema.org","@graph":[{"@type":"WebPage","@id":"https:\/\/whsrn.org\/es\/decouvrez-les-oiseaux-de-rivage\/lecon-3-suivre-les-oiseaux-de-rivage\/","url":"https:\/\/whsrn.org\/es\/decouvrez-les-oiseaux-de-rivage\/lecon-3-suivre-les-oiseaux-de-rivage\/","name":"Le\u00e7on 3. Suivre les Oiseaux de Rivage &#8211; WHSRN","isPartOf":{"@id":"https:\/\/whsrn.org\/es\/#website"},"datePublished":"2024-11-06T23:43:31+00:00","dateModified":"2024-11-07T17:34:46+00:00","breadcrumb":{"@id":"https:\/\/whsrn.org\/es\/decouvrez-les-oiseaux-de-rivage\/lecon-3-suivre-les-oiseaux-de-rivage\/#breadcrumb"},"inLanguage":"es","potentialAction":[{"@type":"ReadAction","target":["https:\/\/whsrn.org\/es\/decouvrez-les-oiseaux-de-rivage\/lecon-3-suivre-les-oiseaux-de-rivage\/"]}]},{"@type":"BreadcrumbList","@id":"https:\/\/whsrn.org\/es\/decouvrez-les-oiseaux-de-rivage\/lecon-3-suivre-les-oiseaux-de-rivage\/#breadcrumb","itemListElement":[{"@type":"ListItem","position":1,"name":"Home","item":"https:\/\/whsrn.org\/es\/"},{"@type":"ListItem","position":2,"name":"D\u00e9couvrez les oiseaux de rivage","item":"https:\/\/whsrn.org\/es\/decouvrez-les-oiseaux-de-rivage\/"},{"@type":"ListItem","position":3,"name":"Le\u00e7on 3. Suivre les Oiseaux de Rivage"}]},{"@type":"WebSite","@id":"https:\/\/whsrn.org\/es\/#website","url":"https:\/\/whsrn.org\/es\/","name":"WHSRN","description":"Western Hemisphere Shorebird Reserve Network","publisher":{"@id":"https:\/\/whsrn.org\/es\/#organization"},"potentialAction":[{"@type":"SearchAction","target":{"@type":"EntryPoint","urlTemplate":"https:\/\/whsrn.org\/es\/?s={search_term_string}"},"query-input":{"@type":"PropertyValueSpecification","valueRequired":true,"valueName":"search_term_string"}}],"inLanguage":"es"},{"@type":"Organization","@id":"https:\/\/whsrn.org\/es\/#organization","name":"Western Hemisphere Shorebird Reserve Network","url":"https:\/\/whsrn.org\/es\/","logo":{"@type":"ImageObject","inLanguage":"es","@id":"https:\/\/whsrn.org\/es\/#\/schema\/logo\/image\/","url":"https:\/\/whsrn.org\/wp-content\/uploads\/2021\/01\/whsrn_nostrapline_square.png","contentUrl":"https:\/\/whsrn.org\/wp-content\/uploads\/2021\/01\/whsrn_nostrapline_square.png","width":800,"height":800,"caption":"Western Hemisphere Shorebird Reserve Network"},"image":{"@id":"https:\/\/whsrn.org\/es\/#\/schema\/logo\/image\/"},"sameAs":["https:\/\/www.facebook.com\/WHSRN","https:\/\/x.com\/WHSRN","https:\/\/www.youtube.com\/channel\/UCDMz2oCsiK8e03UxFhHhdEA"]}]}},"_links":{"self":[{"href":"https:\/\/whsrn.org\/es\/wp-json\/wp\/v2\/pages\/27856","targetHints":{"allow":["GET"]}}],"collection":[{"href":"https:\/\/whsrn.org\/es\/wp-json\/wp\/v2\/pages"}],"about":[{"href":"https:\/\/whsrn.org\/es\/wp-json\/wp\/v2\/types\/page"}],"author":[{"embeddable":true,"href":"https:\/\/whsrn.org\/es\/wp-json\/wp\/v2\/users\/17"}],"replies":[{"embeddable":true,"href":"https:\/\/whsrn.org\/es\/wp-json\/wp\/v2\/comments?post=27856"}],"version-history":[{"count":4,"href":"https:\/\/whsrn.org\/es\/wp-json\/wp\/v2\/pages\/27856\/revisions"}],"predecessor-version":[{"id":27913,"href":"https:\/\/whsrn.org\/es\/wp-json\/wp\/v2\/pages\/27856\/revisions\/27913"}],"up":[{"embeddable":true,"href":"https:\/\/whsrn.org\/es\/wp-json\/wp\/v2\/pages\/27894"}],"wp:attachment":[{"href":"https:\/\/whsrn.org\/es\/wp-json\/wp\/v2\/media?parent=27856"}],"curies":[{"name":"wp","href":"https:\/\/api.w.org\/{rel}","templated":true}]}}