{"id":27281,"date":"2024-08-20T13:07:48","date_gmt":"2024-08-20T13:07:48","guid":{"rendered":"https:\/\/whsrn.org\/?page_id=27281"},"modified":"2025-07-15T23:06:00","modified_gmt":"2025-07-15T23:06:00","slug":"gran-dia-de-aves-playeras-en-sitios-rhrap-whsrn","status":"publish","type":"page","link":"https:\/\/whsrn.org\/es\/apoyo-a-los-sitios\/gran-dia-de-aves-playeras-en-sitios-rhrap-whsrn\/","title":{"rendered":"D\u00eda de Aves Playeras en Sitios RHRAP\/WHSRN"},"content":{"rendered":"[mk_page_section bg_color=&#8221;#ffffff&#8221; padding_top=&#8221;40&#8243; padding_bottom=&#8221;40&#8243; margin_bottom=&#8221;20&#8243; sidebar=&#8221;sidebar-1&#8243;][vc_column width=&#8221;1\/6&#8243; css=&#8221;.vc_custom_1534796504266{padding-right: 35px !important;}&#8221;][\/vc_column][vc_column width=&#8221;2\/3&#8243;][mk_padding_divider size=&#8221;25&#8243;][mk_fancy_title tag_name=&#8221;span&#8221; color=&#8221;#005695&#8243; size=&#8221;26&#8243; font_weight=&#8221;300&#8243; txt_transform=&#8221;none&#8221; margin_bottom=&#8221;0&#8243; font_family=&#8221;Roboto+Slab&#8221; font_type=&#8221;google&#8221; responsive_align=&#8221;left&#8221;]\nDesde las costas heladas de Alaska hasta las llanuras azotadas por el viento en Tierra del Fuego, celebramos cada sitio WHSRN y los lugares incre\u00edbles que las aves playeras llaman hogar.<br \/>\n[\/mk_fancy_title][\/vc_column][vc_column width=&#8221;1\/6&#8243;][\/vc_column][\/mk_page_section][vc_row][vc_column][vc_column_text css=&#8221;.vc_custom_1752533171578{margin-bottom: 0px !important;}&#8221;]\n<p data-start=\"0\" data-end=\"306\">A trav\u00e9s de este evento compartido, buscamos fortalecer los v\u00ednculos directos con los socios de sitio, fomentar su participaci\u00f3n activa en iniciativas regionales e inspirar nuevas actividades locales de monitoreo, educaci\u00f3n y celebraci\u00f3n, aprovechando el conocimiento y liderazgo ya presente en cada sitio.<\/p>\n<p data-start=\"308\" data-end=\"519\">Tambi\u00e9n representa una oportunidad para escuchar, aprender y comprender mejor las capacidades, intereses y condiciones a nivel local, lo que contribuir\u00e1 a dar forma a futuras estrategias de apoyo en toda la red.<\/p>\n<p data-start=\"521\" data-end=\"901\">En 2024, los socios de RHRAP\/WHSRN en todo el continente se unieron para celebrar el D\u00eda de Aves Playeras en los Sitios WHSRN. Este evento es una iniciativa colectiva para rendir homenaje a las aves playeras, visibilizar los esfuerzos locales de conservaci\u00f3n y fortalecer los lazos que unen a esta red hemisf\u00e9rica. \u00a1Solo d\u00edas despu\u00e9s del evento ya hemos recibido reportes de 13 pa\u00edses participantes!<\/p>\n<p data-start=\"903\" data-end=\"1198\" data-is-last-node=\"\" data-is-only-node=\"\">En total se registraron 44,888 aves playeras, pertenecientes a 39 especies distintas. \u00a1Con un impresionante total de 18,714 individuos, el Falaropo Tricolor se llev\u00f3 la corona como la especie m\u00e1s abundante registrada! Para consultar el ranking de las diez especies m\u00e1s abundantes, haz clic aqu\u00ed.<\/p>\n[\/vc_column_text][mk_fancy_title font_family=&#8221;none&#8221;]\u00a1Mantente atento a las pr\u00f3ximas novedades sobre c\u00f3mo participar en el D\u00eda de Aves Playeras en los Sitios WHSRN![\/mk_fancy_title][mk_image src=&#8221;https:\/\/whsrn.org\/wp-content\/uploads\/2024\/09\/cuidando-al-playero-rojizo-y-al-pejerrey.jpg&#8221; image_width=&#8221;1148&#8243; image_height=&#8221;806&#8243; align=&#8221;center&#8221;][mk_fancy_title font_family=&#8221;none&#8221; align=&#8221;center&#8221;]El equipo de \u201cCuidando al Playero Rojizo y al Pejerrey\u201d en el Sitio WHSRN Alto Golfo de California y Delta del R\u00edo Colorado.[\/mk_fancy_title][vc_column_text css=&#8221;.vc_custom_1752533322628{margin-bottom: 0px !important;}&#8221;]\n<p data-start=\"0\" data-end=\"83\"><strong data-start=\"0\" data-end=\"83\">D\u00eda de Aves Playeras en los Sitios WHSRN 2025: Una Semana para Celebrar, Conectar e Inspirar<\/strong><\/p>\n<p data-start=\"85\" data-end=\"319\">\u00a1Este a\u00f1o vamos con todo! Ampliaremos la celebraci\u00f3n a una semana completa de actividades para involucrar a nuevas audiencias, reconectar con aliados de siempre y visibilizar el trabajo de conservaci\u00f3n local a lo largo del hemisferio.<\/p>\n<p data-start=\"321\" data-end=\"647\">Desde eventos p\u00fablicos hasta simples caminatas en la naturaleza, cada acci\u00f3n suma y ayuda a resaltar los sitios y las personas que est\u00e1n detr\u00e1s de la conservaci\u00f3n de aves playeras. La participaci\u00f3n es flexible y la creatividad, bienvenida. La Oficina Ejecutiva de RHRAP\/WHSRN brindar\u00e1 recursos y apoyo para amplificar tus esfuerzos.<\/p>\n<p data-start=\"649\" data-end=\"836\"><strong data-start=\"649\" data-end=\"670\">\u00bfPor qu\u00e9 importa?<\/strong><br data-start=\"670\" data-end=\"673\" \/>El D\u00eda de Aves Playeras en los Sitios WHSRN es m\u00e1s que una celebraci\u00f3n: es una oportunidad para fortalecer v\u00ednculos, aumentar la conciencia y compartir las historias que hacen poderosa a esta red.<\/p>\n<p data-start=\"838\" data-end=\"993\">Este a\u00f1o tambi\u00e9n marca el inicio de la cuenta regresiva hacia el 40.\u00ba aniversario de RHRAP\/WHSRN en 2026. Aprovechemos este momento para generar impulso, juntos.<\/p>\n<p data-start=\"995\" data-end=\"1050\" data-is-last-node=\"\" data-is-only-node=\"\"><strong data-start=\"995\" data-end=\"1050\" data-is-last-node=\"\">\u00a1S\u00famate de la forma que mejor se adapte a tu sitio!<\/strong><\/p>\n[\/vc_column_text][\/vc_column][\/vc_row][vc_row][vc_column width=&#8221;1\/6&#8243;][\/vc_column][vc_column width=&#8221;2\/3&#8243;][vc_column_text css=&#8221;.vc_custom_1724686446717{margin-bottom: 0px !important;}&#8221;]\n<h5 style=\"text-align: center;\">Preguntas Frecuentes<\/h5>\n[\/vc_column_text][\/vc_column][vc_column width=&#8221;1\/6&#8243;][\/vc_column][\/vc_row][vc_row][vc_column][vc_column_text css=&#8221;.vc_custom_1724692271625{margin-bottom: 0px !important;}&#8221;]<strong>\u00bfQu\u00e9 es el D\u00eda de Aves Playeras en los Sitios WHSRN!?<br \/>\n<\/strong> Es un evento promovido por la Red Hemisf\u00e9rica de Reservas para Aves Playeras, que consiste en contar todas las aves playeras y sus individuos en los sitios que conforman la Red.<\/p>\n<p><strong>\u00bfCu\u00e1ndo se va desarrollar?<br \/>\n<\/strong>Se va llevar\u00e1 a cabo la primera semana de septiembre, en el marco del Dia Mundial de las Aves Playeras..<\/p>\n<p><strong>\u00bfQui\u00e9nes pueden participar?<br \/>\n<\/strong>Todos los socios de los sitios RHRAP\/WHSRN, amigos de los socios, observadores de aves en general.<\/p>\n<p><strong>\u00bfD\u00f3nde compartir las listas de ave?<br \/>\n<\/strong>Los invitamos a compartir sus listados de aves con el usuario WHSRN_ RHRAP. \u00a0Juntar cada una de las listas de cada sitio RHRAP\/WHSRN nos dar\u00e1 una fotograf\u00eda de donde y cuantas aves playeras lograremos observar entre todos en un solo gran d\u00eda.<\/p>\n<p><strong>\u00bfCu\u00e1ntas listas por sitios se pueden subir?<\/strong>Todas las que puedan, pero recomendamos separar los listados por sitios de acuerdo con el uso, sitios de descanso, sitios de alimentaci\u00f3n.[\/vc_column_text][\/vc_column][\/vc_row]\n","protected":false},"excerpt":{"rendered":"<p>[mk_page_section bg_color=&#8221;#ffffff&#8221; padding_top=&#8221;40&#8243; padding_bottom=&#8221;40&#8243; margin_bottom=&#8221;20&#8243; sidebar=&#8221;sidebar-1&#8243;][vc_column width=&#8221;1\/6&#8243; css=&#8221;.vc_custom_1534796504266{padding-right: 35px !important;}&#8221;][\/vc_column][vc_column width=&#8221;2\/3&#8243;][mk_padding_divider size=&#8221;25&#8243;][mk_fancy_title tag_name=&#8221;span&#8221; color=&#8221;#005695&#8243; size=&#8221;26&#8243; font_weight=&#8221;300&#8243; txt_transform=&#8221;none&#8221; margin_bottom=&#8221;0&#8243; font_family=&#8221;Roboto+Slab&#8221; font_type=&#8221;google&#8221; responsive_align=&#8221;left&#8221;] Desde las costas heladas de Alaska hasta las llanuras azotadas por el viento en Tierra del Fuego, celebramos cada sitio WHSRN y los lugares incre\u00edbles que las aves playeras llaman hogar. [\/mk_fancy_title][\/vc_column][vc_column width=&#8221;1\/6&#8243;][\/vc_column][\/mk_page_section][vc_row][vc_column][vc_column_text css=&#8221;.vc_custom_1752533171578{margin-bottom: [&hellip;]<\/p>\n","protected":false},"author":17,"featured_media":27307,"parent":9600,"menu_order":0,"comment_status":"closed","ping_status":"closed","template":"","meta":{"nf_dc_page":"","footnotes":""},"class_list":["post-27281","page","type-page","status-publish","has-post-thumbnail","hentry"],"yoast_head":"<!-- This site is optimized with the Yoast SEO plugin v27.2 - https:\/\/yoast.com\/product\/yoast-seo-wordpress\/ -->\n<title>D\u00eda de Aves Playeras en Sitios RHRAP\/WHSRN &#8211; WHSRN<\/title>\n<meta name=\"robots\" content=\"index, follow, max-snippet:-1, max-image-preview:large, max-video-preview:-1\" \/>\n<link rel=\"canonical\" href=\"https:\/\/whsrn.org\/es\/apoyo-a-los-sitios\/gran-dia-de-aves-playeras-en-sitios-rhrap-whsrn\/\" \/>\n<meta property=\"og:locale\" content=\"es_ES\" \/>\n<meta property=\"og:type\" content=\"article\" \/>\n<meta property=\"og:title\" content=\"D\u00eda de Aves Playeras en Sitios RHRAP\/WHSRN &#8211; WHSRN\" \/>\n<meta property=\"og:description\" content=\"[mk_page_section bg_color=&#8221;#ffffff&#8221; padding_top=&#8221;40&#8243; padding_bottom=&#8221;40&#8243; margin_bottom=&#8221;20&#8243; sidebar=&#8221;sidebar-1&#8243;][vc_column width=&#8221;1\/6&#8243; css=&#8221;.vc_custom_1534796504266{padding-right: 35px !important;}&#8221;][\/vc_column][vc_column width=&#8221;2\/3&#8243;][mk_padding_divider size=&#8221;25&#8243;][mk_fancy_title tag_name=&#8221;span&#8221; color=&#8221;#005695&#8243; size=&#8221;26&#8243; font_weight=&#8221;300&#8243; txt_transform=&#8221;none&#8221; margin_bottom=&#8221;0&#8243; font_family=&#8221;Roboto+Slab&#8221; font_type=&#8221;google&#8221; responsive_align=&#8221;left&#8221;] Desde las costas heladas de Alaska hasta las llanuras azotadas por el viento en Tierra del Fuego, celebramos cada sitio WHSRN y los lugares incre\u00edbles que las aves playeras llaman hogar. [\/mk_fancy_title][\/vc_column][vc_column width=&#8221;1\/6&#8243;][\/vc_column][\/mk_page_section][vc_row][vc_column][vc_column_text css=&#8221;.vc_custom_1752533171578{margin-bottom: [&hellip;]\" \/>\n<meta property=\"og:url\" content=\"https:\/\/whsrn.org\/es\/apoyo-a-los-sitios\/gran-dia-de-aves-playeras-en-sitios-rhrap-whsrn\/\" \/>\n<meta property=\"og:site_name\" content=\"WHSRN\" \/>\n<meta property=\"article:publisher\" content=\"https:\/\/www.facebook.com\/WHSRN\" \/>\n<meta property=\"article:modified_time\" content=\"2025-07-15T23:06:00+00:00\" \/>\n<meta property=\"og:image\" content=\"https:\/\/whsrn.org\/wp-content\/uploads\/2024\/08\/piping.jpg\" \/>\n\t<meta property=\"og:image:width\" content=\"1000\" \/>\n\t<meta property=\"og:image:height\" content=\"400\" \/>\n\t<meta property=\"og:image:type\" content=\"image\/jpeg\" \/>\n<meta name=\"twitter:card\" content=\"summary_large_image\" \/>\n<meta name=\"twitter:site\" content=\"@WHSRN\" \/>\n<meta name=\"twitter:label1\" content=\"Tiempo de lectura\" \/>\n\t<meta name=\"twitter:data1\" content=\"4 minutos\" \/>\n<script type=\"application\/ld+json\" class=\"yoast-schema-graph\">{\"@context\":\"https:\/\/schema.org\",\"@graph\":[{\"@type\":\"WebPage\",\"@id\":\"https:\/\/whsrn.org\/es\/apoyo-a-los-sitios\/gran-dia-de-aves-playeras-en-sitios-rhrap-whsrn\/\",\"url\":\"https:\/\/whsrn.org\/es\/apoyo-a-los-sitios\/gran-dia-de-aves-playeras-en-sitios-rhrap-whsrn\/\",\"name\":\"D\u00eda de Aves Playeras en Sitios RHRAP\/WHSRN &#8211; WHSRN\",\"isPartOf\":{\"@id\":\"https:\/\/whsrn.org\/es\/#website\"},\"primaryImageOfPage\":{\"@id\":\"https:\/\/whsrn.org\/es\/apoyo-a-los-sitios\/gran-dia-de-aves-playeras-en-sitios-rhrap-whsrn\/#primaryimage\"},\"image\":{\"@id\":\"https:\/\/whsrn.org\/es\/apoyo-a-los-sitios\/gran-dia-de-aves-playeras-en-sitios-rhrap-whsrn\/#primaryimage\"},\"thumbnailUrl\":\"https:\/\/whsrn.org\/wp-content\/uploads\/2024\/08\/piping.jpg\",\"datePublished\":\"2024-08-20T13:07:48+00:00\",\"dateModified\":\"2025-07-15T23:06:00+00:00\",\"breadcrumb\":{\"@id\":\"https:\/\/whsrn.org\/es\/apoyo-a-los-sitios\/gran-dia-de-aves-playeras-en-sitios-rhrap-whsrn\/#breadcrumb\"},\"inLanguage\":\"es\",\"potentialAction\":[{\"@type\":\"ReadAction\",\"target\":[\"https:\/\/whsrn.org\/es\/apoyo-a-los-sitios\/gran-dia-de-aves-playeras-en-sitios-rhrap-whsrn\/\"]}]},{\"@type\":\"ImageObject\",\"inLanguage\":\"es\",\"@id\":\"https:\/\/whsrn.org\/es\/apoyo-a-los-sitios\/gran-dia-de-aves-playeras-en-sitios-rhrap-whsrn\/#primaryimage\",\"url\":\"https:\/\/whsrn.org\/wp-content\/uploads\/2024\/08\/piping.jpg\",\"contentUrl\":\"https:\/\/whsrn.org\/wp-content\/uploads\/2024\/08\/piping.jpg\",\"width\":1000,\"height\":400},{\"@type\":\"BreadcrumbList\",\"@id\":\"https:\/\/whsrn.org\/es\/apoyo-a-los-sitios\/gran-dia-de-aves-playeras-en-sitios-rhrap-whsrn\/#breadcrumb\",\"itemListElement\":[{\"@type\":\"ListItem\",\"position\":1,\"name\":\"Home\",\"item\":\"https:\/\/whsrn.org\/es\/\"},{\"@type\":\"ListItem\",\"position\":2,\"name\":\"Apoyo a los Sitios\",\"item\":\"https:\/\/whsrn.org\/es\/apoyo-a-los-sitios\/\"},{\"@type\":\"ListItem\",\"position\":3,\"name\":\"D\u00eda de Aves Playeras en Sitios RHRAP\/WHSRN\"}]},{\"@type\":\"WebSite\",\"@id\":\"https:\/\/whsrn.org\/es\/#website\",\"url\":\"https:\/\/whsrn.org\/es\/\",\"name\":\"WHSRN\",\"description\":\"Western Hemisphere Shorebird Reserve Network\",\"publisher\":{\"@id\":\"https:\/\/whsrn.org\/es\/#organization\"},\"potentialAction\":[{\"@type\":\"SearchAction\",\"target\":{\"@type\":\"EntryPoint\",\"urlTemplate\":\"https:\/\/whsrn.org\/es\/?s={search_term_string}\"},\"query-input\":{\"@type\":\"PropertyValueSpecification\",\"valueRequired\":true,\"valueName\":\"search_term_string\"}}],\"inLanguage\":\"es\"},{\"@type\":\"Organization\",\"@id\":\"https:\/\/whsrn.org\/es\/#organization\",\"name\":\"Western Hemisphere Shorebird Reserve Network\",\"url\":\"https:\/\/whsrn.org\/es\/\",\"logo\":{\"@type\":\"ImageObject\",\"inLanguage\":\"es\",\"@id\":\"https:\/\/whsrn.org\/es\/#\/schema\/logo\/image\/\",\"url\":\"https:\/\/whsrn.org\/wp-content\/uploads\/2021\/01\/whsrn_nostrapline_square.png\",\"contentUrl\":\"https:\/\/whsrn.org\/wp-content\/uploads\/2021\/01\/whsrn_nostrapline_square.png\",\"width\":800,\"height\":800,\"caption\":\"Western Hemisphere Shorebird Reserve Network\"},\"image\":{\"@id\":\"https:\/\/whsrn.org\/es\/#\/schema\/logo\/image\/\"},\"sameAs\":[\"https:\/\/www.facebook.com\/WHSRN\",\"https:\/\/x.com\/WHSRN\",\"https:\/\/www.youtube.com\/channel\/UCDMz2oCsiK8e03UxFhHhdEA\"]}]}<\/script>\n<!-- \/ Yoast SEO plugin. -->","yoast_head_json":{"title":"D\u00eda de Aves Playeras en Sitios RHRAP\/WHSRN &#8211; WHSRN","robots":{"index":"index","follow":"follow","max-snippet":"max-snippet:-1","max-image-preview":"max-image-preview:large","max-video-preview":"max-video-preview:-1"},"canonical":"https:\/\/whsrn.org\/es\/apoyo-a-los-sitios\/gran-dia-de-aves-playeras-en-sitios-rhrap-whsrn\/","og_locale":"es_ES","og_type":"article","og_title":"D\u00eda de Aves Playeras en Sitios RHRAP\/WHSRN &#8211; WHSRN","og_description":"[mk_page_section bg_color=&#8221;#ffffff&#8221; padding_top=&#8221;40&#8243; padding_bottom=&#8221;40&#8243; margin_bottom=&#8221;20&#8243; sidebar=&#8221;sidebar-1&#8243;][vc_column width=&#8221;1\/6&#8243; css=&#8221;.vc_custom_1534796504266{padding-right: 35px !important;}&#8221;][\/vc_column][vc_column width=&#8221;2\/3&#8243;][mk_padding_divider size=&#8221;25&#8243;][mk_fancy_title tag_name=&#8221;span&#8221; color=&#8221;#005695&#8243; size=&#8221;26&#8243; font_weight=&#8221;300&#8243; txt_transform=&#8221;none&#8221; margin_bottom=&#8221;0&#8243; font_family=&#8221;Roboto+Slab&#8221; font_type=&#8221;google&#8221; responsive_align=&#8221;left&#8221;] Desde las costas heladas de Alaska hasta las llanuras azotadas por el viento en Tierra del Fuego, celebramos cada sitio WHSRN y los lugares incre\u00edbles que las aves playeras llaman hogar. [\/mk_fancy_title][\/vc_column][vc_column width=&#8221;1\/6&#8243;][\/vc_column][\/mk_page_section][vc_row][vc_column][vc_column_text css=&#8221;.vc_custom_1752533171578{margin-bottom: [&hellip;]","og_url":"https:\/\/whsrn.org\/es\/apoyo-a-los-sitios\/gran-dia-de-aves-playeras-en-sitios-rhrap-whsrn\/","og_site_name":"WHSRN","article_publisher":"https:\/\/www.facebook.com\/WHSRN","article_modified_time":"2025-07-15T23:06:00+00:00","og_image":[{"width":1000,"height":400,"url":"https:\/\/whsrn.org\/wp-content\/uploads\/2024\/08\/piping.jpg","type":"image\/jpeg"}],"twitter_card":"summary_large_image","twitter_site":"@WHSRN","twitter_misc":{"Tiempo de lectura":"4 minutos"},"schema":{"@context":"https:\/\/schema.org","@graph":[{"@type":"WebPage","@id":"https:\/\/whsrn.org\/es\/apoyo-a-los-sitios\/gran-dia-de-aves-playeras-en-sitios-rhrap-whsrn\/","url":"https:\/\/whsrn.org\/es\/apoyo-a-los-sitios\/gran-dia-de-aves-playeras-en-sitios-rhrap-whsrn\/","name":"D\u00eda de Aves Playeras en Sitios RHRAP\/WHSRN &#8211; WHSRN","isPartOf":{"@id":"https:\/\/whsrn.org\/es\/#website"},"primaryImageOfPage":{"@id":"https:\/\/whsrn.org\/es\/apoyo-a-los-sitios\/gran-dia-de-aves-playeras-en-sitios-rhrap-whsrn\/#primaryimage"},"image":{"@id":"https:\/\/whsrn.org\/es\/apoyo-a-los-sitios\/gran-dia-de-aves-playeras-en-sitios-rhrap-whsrn\/#primaryimage"},"thumbnailUrl":"https:\/\/whsrn.org\/wp-content\/uploads\/2024\/08\/piping.jpg","datePublished":"2024-08-20T13:07:48+00:00","dateModified":"2025-07-15T23:06:00+00:00","breadcrumb":{"@id":"https:\/\/whsrn.org\/es\/apoyo-a-los-sitios\/gran-dia-de-aves-playeras-en-sitios-rhrap-whsrn\/#breadcrumb"},"inLanguage":"es","potentialAction":[{"@type":"ReadAction","target":["https:\/\/whsrn.org\/es\/apoyo-a-los-sitios\/gran-dia-de-aves-playeras-en-sitios-rhrap-whsrn\/"]}]},{"@type":"ImageObject","inLanguage":"es","@id":"https:\/\/whsrn.org\/es\/apoyo-a-los-sitios\/gran-dia-de-aves-playeras-en-sitios-rhrap-whsrn\/#primaryimage","url":"https:\/\/whsrn.org\/wp-content\/uploads\/2024\/08\/piping.jpg","contentUrl":"https:\/\/whsrn.org\/wp-content\/uploads\/2024\/08\/piping.jpg","width":1000,"height":400},{"@type":"BreadcrumbList","@id":"https:\/\/whsrn.org\/es\/apoyo-a-los-sitios\/gran-dia-de-aves-playeras-en-sitios-rhrap-whsrn\/#breadcrumb","itemListElement":[{"@type":"ListItem","position":1,"name":"Home","item":"https:\/\/whsrn.org\/es\/"},{"@type":"ListItem","position":2,"name":"Apoyo a los Sitios","item":"https:\/\/whsrn.org\/es\/apoyo-a-los-sitios\/"},{"@type":"ListItem","position":3,"name":"D\u00eda de Aves Playeras en Sitios RHRAP\/WHSRN"}]},{"@type":"WebSite","@id":"https:\/\/whsrn.org\/es\/#website","url":"https:\/\/whsrn.org\/es\/","name":"WHSRN","description":"Western Hemisphere Shorebird Reserve Network","publisher":{"@id":"https:\/\/whsrn.org\/es\/#organization"},"potentialAction":[{"@type":"SearchAction","target":{"@type":"EntryPoint","urlTemplate":"https:\/\/whsrn.org\/es\/?s={search_term_string}"},"query-input":{"@type":"PropertyValueSpecification","valueRequired":true,"valueName":"search_term_string"}}],"inLanguage":"es"},{"@type":"Organization","@id":"https:\/\/whsrn.org\/es\/#organization","name":"Western Hemisphere Shorebird Reserve Network","url":"https:\/\/whsrn.org\/es\/","logo":{"@type":"ImageObject","inLanguage":"es","@id":"https:\/\/whsrn.org\/es\/#\/schema\/logo\/image\/","url":"https:\/\/whsrn.org\/wp-content\/uploads\/2021\/01\/whsrn_nostrapline_square.png","contentUrl":"https:\/\/whsrn.org\/wp-content\/uploads\/2021\/01\/whsrn_nostrapline_square.png","width":800,"height":800,"caption":"Western Hemisphere Shorebird Reserve Network"},"image":{"@id":"https:\/\/whsrn.org\/es\/#\/schema\/logo\/image\/"},"sameAs":["https:\/\/www.facebook.com\/WHSRN","https:\/\/x.com\/WHSRN","https:\/\/www.youtube.com\/channel\/UCDMz2oCsiK8e03UxFhHhdEA"]}]}},"_links":{"self":[{"href":"https:\/\/whsrn.org\/es\/wp-json\/wp\/v2\/pages\/27281","targetHints":{"allow":["GET"]}}],"collection":[{"href":"https:\/\/whsrn.org\/es\/wp-json\/wp\/v2\/pages"}],"about":[{"href":"https:\/\/whsrn.org\/es\/wp-json\/wp\/v2\/types\/page"}],"author":[{"embeddable":true,"href":"https:\/\/whsrn.org\/es\/wp-json\/wp\/v2\/users\/17"}],"replies":[{"embeddable":true,"href":"https:\/\/whsrn.org\/es\/wp-json\/wp\/v2\/comments?post=27281"}],"version-history":[{"count":5,"href":"https:\/\/whsrn.org\/es\/wp-json\/wp\/v2\/pages\/27281\/revisions"}],"predecessor-version":[{"id":29078,"href":"https:\/\/whsrn.org\/es\/wp-json\/wp\/v2\/pages\/27281\/revisions\/29078"}],"up":[{"embeddable":true,"href":"https:\/\/whsrn.org\/es\/wp-json\/wp\/v2\/pages\/9600"}],"wp:featuredmedia":[{"embeddable":true,"href":"https:\/\/whsrn.org\/es\/wp-json\/wp\/v2\/media\/27307"}],"wp:attachment":[{"href":"https:\/\/whsrn.org\/es\/wp-json\/wp\/v2\/media?parent=27281"}],"curies":[{"name":"wp","href":"https:\/\/api.w.org\/{rel}","templated":true}]}}