{"id":25669,"date":"2023-12-06T21:25:29","date_gmt":"2023-12-06T21:25:29","guid":{"rendered":"https:\/\/whsrn.org\/?page_id=25669"},"modified":"2024-06-05T14:45:27","modified_gmt":"2024-06-05T14:45:27","slug":"ganadores-2023","status":"publish","type":"page","link":"https:\/\/whsrn.org\/es\/acerca-de-whsrn\/pequenos-fondos-manomet-2026\/ganadores-2023\/","title":{"rendered":"Ganadores Peque\u00f1os Fondos 2023"},"content":{"rendered":"[mk_page_section bg_image=&#8221;https:\/\/whsrn.org\/wp-content\/uploads\/2023\/12\/page-header.jpg&#8221; bg_image_portrait=&#8221;https:\/\/whsrn.org\/wp-content\/uploads\/2023\/12\/page-header-portrait-mobile-1.jpg&#8221; bg_color=&#8221;#5e5e5e&#8221; bg_position=&#8221;center center&#8221; bg_repeat=&#8221;no-repeat&#8221; bg_stretch=&#8221;true&#8221; video_color_mask=&#8221;#cccccc&#8221; video_opacity=&#8221;.4&#8243; min_height=&#8221;325&#8243; sidebar=&#8221;sidebar-1&#8243;][vc_column][mk_padding_divider size=&#8221;120&#8243;][mk_padding_divider size=&#8221;10&#8243; visibility=&#8221;visible-sm&#8221;][mk_fancy_title tag_name=&#8221;h1&#8243; color=&#8221;#ffffff&#8221; size=&#8221;75&#8243; force_font_size=&#8221;true&#8221; size_phone=&#8221;42&#8243; font_weight=&#8221;900&#8243; font_family=&#8221;Roboto+Condensed&#8221; font_type=&#8221;google&#8221; align=&#8221;center&#8221;]<span class=\"color_35\">Manomet anuncia los ganadores: Peque\u00f1os Fondos para la Conservaci\u00f3n de las Aves Playeras Neotropicales 2023<\/span>[\/mk_fancy_title][\/vc_column][\/mk_page_section][mk_page_section bg_color=&#8221;#ffffff&#8221; padding_top=&#8221;40&#8243; padding_bottom=&#8221;40&#8243; margin_bottom=&#8221;20&#8243; sidebar=&#8221;sidebar-1&#8243;][vc_column width=&#8221;1\/6&#8243; css=&#8221;.vc_custom_1534796504266{padding-right: 35px !important;}&#8221;][\/vc_column][vc_column width=&#8221;2\/3&#8243;][mk_padding_divider size=&#8221;25&#8243;][mk_fancy_title tag_name=&#8221;span&#8221; color=&#8221;#005695&#8243; size=&#8221;26&#8243; font_weight=&#8221;300&#8243; txt_transform=&#8221;none&#8221; margin_bottom=&#8221;0&#8243; font_family=&#8221;Roboto+Slab&#8221; font_type=&#8221;google&#8221; responsive_align=&#8221;left&#8221;]Manomet se complace en anunciar los ganadores de los Peque\u00f1os Fondos para la Conservaci\u00f3n de Aves Playeras del Neotr\u00f3pico 2023.[\/mk_fancy_title][vc_column_text css=&#8221;.vc_custom_1701897161115{margin-bottom: 0px !important;}&#8221;]El programa de Peque\u00f1os Fondos Manomet para la Conservaci\u00f3n de Aves Playeras del Neotr\u00f3pico surge como un mecanismo para apoyar la investigaci\u00f3n o acciones de conservaci\u00f3n de conservacionistas e investigadores que est\u00e9n iniciando su carrera profesional. Los Peque\u00f1os Fondos est\u00e1n enfocados en beneficios medibles para las poblaciones y especies de aves playeras restringidas al Neotr\u00f3pico (Am\u00e9rica Latina y el Caribe), con \u00e9nfasis en los sitios de la Red Hemisf\u00e9rica de Reservas para Aves Playeras (RHRAP \/WHSRN) y\/o sitios que podr\u00edan calificar para el estatus RHRAP\/WHSRN.<\/p>\n<p>Durante la primera convocatoria de los Peque\u00f1os Fondos se recibieron 30 propuestas de toda Am\u00e9rica Latina y el Caribe, muchas de las cuales cumplieron los criterios de selecci\u00f3n. La decisi\u00f3n de seleccionar unas pocas propuestas para recibir los Peque\u00f1os Fondos Manomet no fue sencilla y requiri\u00f3 de varias instancias de revisi\u00f3n.<\/p>\n<p>Los ganadores estar\u00e1n implementando sus proyectos para avanzar en la conservaci\u00f3n de las aves playeras en Am\u00e9rica Latina y el Caribe durante los siguientes dos a\u00f1os.<\/p>\n<p>Los ganadores y sus proyectos son:[\/vc_column_text][\/vc_column][vc_column width=&#8221;1\/6&#8243;][\/vc_column][\/mk_page_section][vc_row][vc_column width=&#8221;1\/2&#8243;][mk_circle_image src=&#8221;https:\/\/whsrn.org\/wp-content\/uploads\/2023\/12\/imagen-personal-1669343609159.jpeg&#8221; image_diameter=&#8221;350&#8243; link=&#8221;https:\/\/whsrn.org\/about-shorebirds\/highlighted-species\/red-knot\/&#8221;][\/vc_column][vc_column width=&#8221;1\/2&#8243;][mk_padding_divider visibility=&#8221;hidden-sm&#8221;][mk_fancy_title tag_name=&#8221;h4&#8243; color=&#8221;#669abf&#8221; size=&#8221;16&#8243; line_height=&#8221;120&#8243; font_weight=&#8221;bold&#8221; txt_transform=&#8221;uppercase&#8221; letter_spacing=&#8221;2&#8243; margin_top=&#8221;15&#8243; margin_bottom=&#8221;0&#8243; font_family=&#8221;Roboto&#8221; font_type=&#8221;google&#8221; responsive_align=&#8221;left&#8221;]Abraham Homero Olivares Araos[\/mk_fancy_title][vc_column_text css=&#8221;.vc_custom_1702301221815{margin-bottom: 0px !important;}&#8221;]<strong>Salinas de Huentelauqu\u00e9n, Regi\u00f3n de Coquimbo, Chile<\/strong>[\/vc_column_text][vc_column_text css=&#8221;.vc_custom_1701897490538{margin-bottom: 0px !important;}&#8221;]Abraham es Ingeniero en Conservaci\u00f3n de Recursos Naturales de la Universidad de Concepci\u00f3n, y tiene un Diplomado en Geom\u00e1tica Aplicada de la Universidad de Chile. Tiene experiencia dirigiendo y participando activamente en grupos y equipos multidisciplinarios en terreno y sitios remotos. Miembro de la Red de Observadores de Aves y Vida Silvestre de Chile (ROC), colaborador y asistente en actividades de monitoreo ambiental con enfoque en la riqueza de avifauna, ciencia ciudadana y difusi\u00f3n de actividades ambientales en el sitio Salinas de Huentelauqu\u00e9n.<\/p>\n<p>Su proyecto \u201c<strong>Dise\u00f1o y aplicaci\u00f3n de un esquema de monitoreo y puesta en valor de <em>Oreopholus ruficollis ruficollis<\/em> en el Sitio RHRAP Las Salinas de Huentelauqu\u00e9n<\/strong>\u201d busca desarrollar e instalar capacidades locales para el manejo y conservaci\u00f3n del sitio RHRAP\/WHSRN, aprendiendo de otras experiencias en Chile y Am\u00e9rica del Sur, teniendo como eje la ciencia participativa y la educaci\u00f3n cient\u00edfica y ambiental.[\/vc_column_text][\/vc_column][\/vc_row][vc_row][vc_column][mk_padding_divider][\/vc_column][\/vc_row][vc_row][vc_column width=&#8221;1\/2&#8243;][mk_padding_divider visibility=&#8221;hidden-sm&#8221;][mk_fancy_title tag_name=&#8221;h4&#8243; color=&#8221;#669abf&#8221; size=&#8221;16&#8243; line_height=&#8221;120&#8243; font_weight=&#8221;bold&#8221; txt_transform=&#8221;uppercase&#8221; letter_spacing=&#8221;2&#8243; margin_top=&#8221;15&#8243; margin_bottom=&#8221;0&#8243; font_family=&#8221;Roboto&#8221; font_type=&#8221;google&#8221; align=&#8221;right&#8221; responsive_align=&#8221;right&#8221;]Maria Florencia Padron[\/mk_fancy_title][vc_column_text align=&#8221;right&#8221; css=&#8221;.vc_custom_1701897534387{margin-bottom: 0px !important;}&#8221;]<strong>Estuario del r\u00edo Coyle, provincia de Santa Cruz, Argentina<\/strong>[\/vc_column_text][vc_column_text align=&#8221;right&#8221; css=&#8221;.vc_custom_1701897556795{margin-bottom: 0px !important;}&#8221;]Maria Florencia es estudiante de Ingeniera en Recursos Naturales Renovables y desde el 2017 forma parte de la Asociaci\u00f3n Ambiente Sur, donde se desempe\u00f1a como agente de conservaci\u00f3n y educadora ambiental. Su propuesta \u201c<strong>Estuario del r\u00edo Coyle: nuevo sitio de importancia para las aves playeras en Patagonia?<\/strong>\u201d espera generar informaci\u00f3n de base y ampliar el conocimiento del estuario del r\u00edo Coyle para lograr la creaci\u00f3n de un \u00e1rea protegida a nivel provincial y evaluar su potencialidad como sitio de Importancia Regional dentro de la RHRAP\/WHSRN. Mientras se aporta al conocimiento del Chorlito Ceniciento (<em>Pluvianellus socialis<\/em>) y las aves playeras patag\u00f3nicas del estuario.[\/vc_column_text][\/vc_column][vc_column width=&#8221;1\/2&#8243;][mk_circle_image src=&#8221;https:\/\/whsrn.org\/wp-content\/uploads\/2023\/12\/florenciapadron.jpg&#8221; image_diameter=&#8221;350&#8243; link=&#8221;https:\/\/whsrn.org\/about-shorebirds\/highlighted-species\/semipalmated-sandpiper\/&#8221;][\/vc_column][\/vc_row][vc_row][vc_column][mk_padding_divider size=&#8221;100&#8243;][\/vc_column][\/vc_row][vc_row][vc_column width=&#8221;1\/2&#8243;][mk_circle_image src=&#8221;https:\/\/whsrn.org\/wp-content\/uploads\/2023\/12\/luisloyolo.jpg&#8221; image_diameter=&#8221;350&#8243; link=&#8221;https:\/\/whsrn.org\/about-shorebirds\/highlighted-species\/red-knot\/&#8221;][mk_circle_image src=&#8221;https:\/\/whsrn.org\/wp-content\/uploads\/2023\/12\/endri_chirinos.jpg&#8221; image_diameter=&#8221;350&#8243; link=&#8221;https:\/\/whsrn.org\/about-shorebirds\/highlighted-species\/red-knot\/&#8221;][\/vc_column][vc_column width=&#8221;1\/2&#8243;][mk_padding_divider visibility=&#8221;hidden-sm&#8221;][mk_fancy_title tag_name=&#8221;h4&#8243; color=&#8221;#669abf&#8221; size=&#8221;16&#8243; line_height=&#8221;120&#8243; font_weight=&#8221;bold&#8221; txt_transform=&#8221;uppercase&#8221; letter_spacing=&#8221;2&#8243; margin_top=&#8221;15&#8243; margin_bottom=&#8221;0&#8243; font_family=&#8221;Roboto&#8221; font_type=&#8221;google&#8221; responsive_align=&#8221;left&#8221;]Luis Loyo y Endri Chirinos[\/mk_fancy_title][vc_column_text css=&#8221;.vc_custom_1701897573096{margin-bottom: 0px !important;}&#8221;]<strong>Salina Solar de Los Olivitos, Estado Zulia, Venezuela<\/strong>[\/vc_column_text][vc_column_text css=&#8221;.vc_custom_1701897606374{margin-bottom: 0px !important;}&#8221;]Luis Loyo es t\u00e9cnico en Evaluaci\u00f3n Ambiental, con m\u00e1s de seis a\u00f1os colaborando en los censos y monitoreo de aves playeras y es entusiasta de la conservaci\u00f3n ambiental con programas de educaci\u00f3n. Endri Chirinos es arquitecto, con tres a\u00f1os colaborando en los censos y monitoreo de aves playeras, motivado a los estudios de aves playeras y acu\u00e1ticas neotropicales.<\/p>\n<p>Su proyecto \u201c<strong>Programa de monitoreo del Frailecito <em>Charadrius nivosus tenuirostris<\/em> para la obtenci\u00f3n de datos actualizados de su abundancia en la Salina Solar Los Olivitos: Sitio de Importancia Internacional para la RHRAP en Venezuela<\/strong>\u201d espera monitorear la especie para obtener datos actualizados sobre la abundancia de la misma, as\u00ed como la aplicaci\u00f3n de estrategias para sentar las bases de un programa de conservaci\u00f3n en Venezuela.[\/vc_column_text][\/vc_column][\/vc_row][vc_row][vc_column][mk_padding_divider size=&#8221;100&#8243;][\/vc_column][\/vc_row][vc_row][vc_column width=&#8221;1\/2&#8243;][mk_padding_divider visibility=&#8221;hidden-sm&#8221;][mk_fancy_title tag_name=&#8221;h4&#8243; color=&#8221;#669abf&#8221; size=&#8221;16&#8243; line_height=&#8221;120&#8243; font_weight=&#8221;bold&#8221; txt_transform=&#8221;uppercase&#8221; letter_spacing=&#8221;2&#8243; margin_top=&#8221;15&#8243; margin_bottom=&#8221;0&#8243; font_family=&#8221;Roboto&#8221; font_type=&#8221;google&#8221; align=&#8221;right&#8221; responsive_align=&#8221;right&#8221;]Lisset Carito G\u00f3mez Mart\u00ednez[\/mk_fancy_title][vc_column_text align=&#8221;right&#8221; css=&#8221;.vc_custom_1701897628572{margin-bottom: 0px !important;}&#8221;]<strong>Playa Marvilla del Humedal Pantanos de Villa y Playa Las Brisas, Lima, Per\u00fa<\/strong>[\/vc_column_text][vc_column_text align=&#8221;right&#8221; css=&#8221;.vc_custom_1701897651714{margin-bottom: 0px !important;}&#8221;]Lisset Carito es bi\u00f3loga con experiencia en monitoreos de aves en varias regiones de Per\u00fa. Es consultora ambiental y cursa el \u00faltimo semestre de la Maestr\u00eda de Ecolog\u00eda y Gesti\u00f3n Ambiental de la Universidad Ricardo Palma.<\/p>\n<p>Con su proyecto \u201c<strong>Anidaci\u00f3n del Ostrero Americano <em>Haematopus palliatus<\/em> en Pantanos de Villa, Lima, Per\u00fa: marcaje y evaluaci\u00f3n del comportamiento reproductivo como propuesta de monitoreo y conservaci\u00f3n<\/strong>\u201d Lisset y su equipo esperan comprender el estado reproductivo de Ostreros y con ello plantear una propuesta de monitoreo y conservaci\u00f3n para la gesti\u00f3n del \u00e1rea.[\/vc_column_text][\/vc_column][vc_column width=&#8221;1\/2&#8243;][mk_circle_image src=&#8221;https:\/\/whsrn.org\/wp-content\/uploads\/2023\/12\/lisset_peru.jpg&#8221; image_diameter=&#8221;350&#8243; link=&#8221;https:\/\/whsrn.org\/about-shorebirds\/highlighted-species\/semipalmated-sandpiper\/&#8221;][\/vc_column][\/vc_row][vc_row][vc_column][mk_padding_divider][mk_fancy_title tag_name=&#8221;span&#8221; color=&#8221;#3d4045&#8243; size=&#8221;12&#8243; font_weight=&#8221;400&#8243; font_family=&#8221;none&#8221;]\n<p style=\"text-align: left;\">Foto de portada por Diego Luna Quevedo<\/p>\n[\/mk_fancy_title][\/vc_column][\/vc_row]\n","protected":false},"excerpt":{"rendered":"<p>[mk_page_section bg_image=&#8221;https:\/\/whsrn.org\/wp-content\/uploads\/2023\/12\/page-header.jpg&#8221; bg_image_portrait=&#8221;https:\/\/whsrn.org\/wp-content\/uploads\/2023\/12\/page-header-portrait-mobile-1.jpg&#8221; bg_color=&#8221;#5e5e5e&#8221; bg_position=&#8221;center center&#8221; bg_repeat=&#8221;no-repeat&#8221; bg_stretch=&#8221;true&#8221; video_color_mask=&#8221;#cccccc&#8221; video_opacity=&#8221;.4&#8243; min_height=&#8221;325&#8243; sidebar=&#8221;sidebar-1&#8243;][vc_column][mk_padding_divider size=&#8221;120&#8243;][mk_padding_divider size=&#8221;10&#8243; visibility=&#8221;visible-sm&#8221;][mk_fancy_title tag_name=&#8221;h1&#8243; color=&#8221;#ffffff&#8221; size=&#8221;75&#8243; force_font_size=&#8221;true&#8221; size_phone=&#8221;42&#8243; font_weight=&#8221;900&#8243; font_family=&#8221;Roboto+Condensed&#8221; font_type=&#8221;google&#8221; align=&#8221;center&#8221;]Manomet anuncia los ganadores: Peque\u00f1os Fondos para la Conservaci\u00f3n de las Aves Playeras Neotropicales 2023[\/mk_fancy_title][\/vc_column][\/mk_page_section][mk_page_section bg_color=&#8221;#ffffff&#8221; padding_top=&#8221;40&#8243; padding_bottom=&#8221;40&#8243; margin_bottom=&#8221;20&#8243; sidebar=&#8221;sidebar-1&#8243;][vc_column width=&#8221;1\/6&#8243; css=&#8221;.vc_custom_1534796504266{padding-right: 35px !important;}&#8221;][\/vc_column][vc_column width=&#8221;2\/3&#8243;][mk_padding_divider size=&#8221;25&#8243;][mk_fancy_title tag_name=&#8221;span&#8221; color=&#8221;#005695&#8243; size=&#8221;26&#8243; font_weight=&#8221;300&#8243; txt_transform=&#8221;none&#8221; margin_bottom=&#8221;0&#8243; [&hellip;]<\/p>\n","protected":false},"author":17,"featured_media":0,"parent":26847,"menu_order":0,"comment_status":"closed","ping_status":"closed","template":"","meta":{"nf_dc_page":"","footnotes":""},"class_list":["post-25669","page","type-page","status-publish","hentry"],"yoast_head":"<!-- This site is optimized with the Yoast SEO plugin v27.2 - https:\/\/yoast.com\/product\/yoast-seo-wordpress\/ -->\n<title>Ganadores Peque\u00f1os Fondos 2023 &#8211; WHSRN<\/title>\n<meta name=\"robots\" content=\"index, follow, max-snippet:-1, max-image-preview:large, max-video-preview:-1\" \/>\n<link rel=\"canonical\" href=\"https:\/\/whsrn.org\/es\/acerca-de-whsrn\/pequenos-fondos-manomet-2026\/ganadores-2023\/\" \/>\n<meta property=\"og:locale\" content=\"es_ES\" \/>\n<meta property=\"og:type\" content=\"article\" \/>\n<meta property=\"og:title\" content=\"Ganadores Peque\u00f1os Fondos 2023 &#8211; WHSRN\" \/>\n<meta property=\"og:description\" content=\"[mk_page_section bg_image=&#8221;https:\/\/whsrn.org\/wp-content\/uploads\/2023\/12\/page-header.jpg&#8221; bg_image_portrait=&#8221;https:\/\/whsrn.org\/wp-content\/uploads\/2023\/12\/page-header-portrait-mobile-1.jpg&#8221; bg_color=&#8221;#5e5e5e&#8221; bg_position=&#8221;center center&#8221; bg_repeat=&#8221;no-repeat&#8221; bg_stretch=&#8221;true&#8221; video_color_mask=&#8221;#cccccc&#8221; video_opacity=&#8221;.4&#8243; min_height=&#8221;325&#8243; sidebar=&#8221;sidebar-1&#8243;][vc_column][mk_padding_divider size=&#8221;120&#8243;][mk_padding_divider size=&#8221;10&#8243; visibility=&#8221;visible-sm&#8221;][mk_fancy_title tag_name=&#8221;h1&#8243; color=&#8221;#ffffff&#8221; size=&#8221;75&#8243; force_font_size=&#8221;true&#8221; size_phone=&#8221;42&#8243; font_weight=&#8221;900&#8243; font_family=&#8221;Roboto+Condensed&#8221; font_type=&#8221;google&#8221; align=&#8221;center&#8221;]Manomet anuncia los ganadores: Peque\u00f1os Fondos para la Conservaci\u00f3n de las Aves Playeras Neotropicales 2023[\/mk_fancy_title][\/vc_column][\/mk_page_section][mk_page_section bg_color=&#8221;#ffffff&#8221; padding_top=&#8221;40&#8243; padding_bottom=&#8221;40&#8243; margin_bottom=&#8221;20&#8243; sidebar=&#8221;sidebar-1&#8243;][vc_column width=&#8221;1\/6&#8243; css=&#8221;.vc_custom_1534796504266{padding-right: 35px !important;}&#8221;][\/vc_column][vc_column width=&#8221;2\/3&#8243;][mk_padding_divider size=&#8221;25&#8243;][mk_fancy_title tag_name=&#8221;span&#8221; color=&#8221;#005695&#8243; size=&#8221;26&#8243; font_weight=&#8221;300&#8243; txt_transform=&#8221;none&#8221; margin_bottom=&#8221;0&#8243; [&hellip;]\" \/>\n<meta property=\"og:url\" content=\"https:\/\/whsrn.org\/es\/acerca-de-whsrn\/pequenos-fondos-manomet-2026\/ganadores-2023\/\" \/>\n<meta property=\"og:site_name\" content=\"WHSRN\" \/>\n<meta property=\"article:publisher\" content=\"https:\/\/www.facebook.com\/WHSRN\" \/>\n<meta property=\"article:modified_time\" content=\"2024-06-05T14:45:27+00:00\" \/>\n<meta name=\"twitter:card\" content=\"summary_large_image\" \/>\n<meta name=\"twitter:site\" content=\"@WHSRN\" \/>\n<meta name=\"twitter:label1\" content=\"Tiempo de lectura\" \/>\n\t<meta name=\"twitter:data1\" content=\"4 minutos\" \/>\n<script type=\"application\/ld+json\" class=\"yoast-schema-graph\">{\"@context\":\"https:\/\/schema.org\",\"@graph\":[{\"@type\":\"WebPage\",\"@id\":\"https:\/\/whsrn.org\/es\/acerca-de-whsrn\/pequenos-fondos-manomet-2026\/ganadores-2023\/\",\"url\":\"https:\/\/whsrn.org\/es\/acerca-de-whsrn\/pequenos-fondos-manomet-2026\/ganadores-2023\/\",\"name\":\"Ganadores Peque\u00f1os Fondos 2023 &#8211; WHSRN\",\"isPartOf\":{\"@id\":\"https:\/\/whsrn.org\/es\/#website\"},\"datePublished\":\"2023-12-06T21:25:29+00:00\",\"dateModified\":\"2024-06-05T14:45:27+00:00\",\"breadcrumb\":{\"@id\":\"https:\/\/whsrn.org\/es\/acerca-de-whsrn\/pequenos-fondos-manomet-2026\/ganadores-2023\/#breadcrumb\"},\"inLanguage\":\"es\",\"potentialAction\":[{\"@type\":\"ReadAction\",\"target\":[\"https:\/\/whsrn.org\/es\/acerca-de-whsrn\/pequenos-fondos-manomet-2026\/ganadores-2023\/\"]}]},{\"@type\":\"BreadcrumbList\",\"@id\":\"https:\/\/whsrn.org\/es\/acerca-de-whsrn\/pequenos-fondos-manomet-2026\/ganadores-2023\/#breadcrumb\",\"itemListElement\":[{\"@type\":\"ListItem\",\"position\":1,\"name\":\"Home\",\"item\":\"https:\/\/whsrn.org\/es\/\"},{\"@type\":\"ListItem\",\"position\":2,\"name\":\"Acerca de WHSRN\",\"item\":\"https:\/\/whsrn.org\/es\/acerca-de-whsrn\/\"},{\"@type\":\"ListItem\",\"position\":3,\"name\":\"Peque\u00f1os Fondos Manomet para la Conservaci\u00f3n de Aves Playeras del Neotr\u00f3pico\",\"item\":\"https:\/\/whsrn.org\/es\/acerca-de-whsrn\/pequenos-fondos-manomet-2026\/\"},{\"@type\":\"ListItem\",\"position\":4,\"name\":\"Ganadores Peque\u00f1os Fondos 2023\"}]},{\"@type\":\"WebSite\",\"@id\":\"https:\/\/whsrn.org\/es\/#website\",\"url\":\"https:\/\/whsrn.org\/es\/\",\"name\":\"WHSRN\",\"description\":\"Western Hemisphere Shorebird Reserve Network\",\"publisher\":{\"@id\":\"https:\/\/whsrn.org\/es\/#organization\"},\"potentialAction\":[{\"@type\":\"SearchAction\",\"target\":{\"@type\":\"EntryPoint\",\"urlTemplate\":\"https:\/\/whsrn.org\/es\/?s={search_term_string}\"},\"query-input\":{\"@type\":\"PropertyValueSpecification\",\"valueRequired\":true,\"valueName\":\"search_term_string\"}}],\"inLanguage\":\"es\"},{\"@type\":\"Organization\",\"@id\":\"https:\/\/whsrn.org\/es\/#organization\",\"name\":\"Western Hemisphere Shorebird Reserve Network\",\"url\":\"https:\/\/whsrn.org\/es\/\",\"logo\":{\"@type\":\"ImageObject\",\"inLanguage\":\"es\",\"@id\":\"https:\/\/whsrn.org\/es\/#\/schema\/logo\/image\/\",\"url\":\"https:\/\/whsrn.org\/wp-content\/uploads\/2021\/01\/whsrn_nostrapline_square.png\",\"contentUrl\":\"https:\/\/whsrn.org\/wp-content\/uploads\/2021\/01\/whsrn_nostrapline_square.png\",\"width\":800,\"height\":800,\"caption\":\"Western Hemisphere Shorebird Reserve Network\"},\"image\":{\"@id\":\"https:\/\/whsrn.org\/es\/#\/schema\/logo\/image\/\"},\"sameAs\":[\"https:\/\/www.facebook.com\/WHSRN\",\"https:\/\/x.com\/WHSRN\",\"https:\/\/www.youtube.com\/channel\/UCDMz2oCsiK8e03UxFhHhdEA\"]}]}<\/script>\n<!-- \/ Yoast SEO plugin. -->","yoast_head_json":{"title":"Ganadores Peque\u00f1os Fondos 2023 &#8211; WHSRN","robots":{"index":"index","follow":"follow","max-snippet":"max-snippet:-1","max-image-preview":"max-image-preview:large","max-video-preview":"max-video-preview:-1"},"canonical":"https:\/\/whsrn.org\/es\/acerca-de-whsrn\/pequenos-fondos-manomet-2026\/ganadores-2023\/","og_locale":"es_ES","og_type":"article","og_title":"Ganadores Peque\u00f1os Fondos 2023 &#8211; WHSRN","og_description":"[mk_page_section bg_image=&#8221;https:\/\/whsrn.org\/wp-content\/uploads\/2023\/12\/page-header.jpg&#8221; bg_image_portrait=&#8221;https:\/\/whsrn.org\/wp-content\/uploads\/2023\/12\/page-header-portrait-mobile-1.jpg&#8221; bg_color=&#8221;#5e5e5e&#8221; bg_position=&#8221;center center&#8221; bg_repeat=&#8221;no-repeat&#8221; bg_stretch=&#8221;true&#8221; video_color_mask=&#8221;#cccccc&#8221; video_opacity=&#8221;.4&#8243; min_height=&#8221;325&#8243; sidebar=&#8221;sidebar-1&#8243;][vc_column][mk_padding_divider size=&#8221;120&#8243;][mk_padding_divider size=&#8221;10&#8243; visibility=&#8221;visible-sm&#8221;][mk_fancy_title tag_name=&#8221;h1&#8243; color=&#8221;#ffffff&#8221; size=&#8221;75&#8243; force_font_size=&#8221;true&#8221; size_phone=&#8221;42&#8243; font_weight=&#8221;900&#8243; font_family=&#8221;Roboto+Condensed&#8221; font_type=&#8221;google&#8221; align=&#8221;center&#8221;]Manomet anuncia los ganadores: Peque\u00f1os Fondos para la Conservaci\u00f3n de las Aves Playeras Neotropicales 2023[\/mk_fancy_title][\/vc_column][\/mk_page_section][mk_page_section bg_color=&#8221;#ffffff&#8221; padding_top=&#8221;40&#8243; padding_bottom=&#8221;40&#8243; margin_bottom=&#8221;20&#8243; sidebar=&#8221;sidebar-1&#8243;][vc_column width=&#8221;1\/6&#8243; css=&#8221;.vc_custom_1534796504266{padding-right: 35px !important;}&#8221;][\/vc_column][vc_column width=&#8221;2\/3&#8243;][mk_padding_divider size=&#8221;25&#8243;][mk_fancy_title tag_name=&#8221;span&#8221; color=&#8221;#005695&#8243; size=&#8221;26&#8243; font_weight=&#8221;300&#8243; txt_transform=&#8221;none&#8221; margin_bottom=&#8221;0&#8243; [&hellip;]","og_url":"https:\/\/whsrn.org\/es\/acerca-de-whsrn\/pequenos-fondos-manomet-2026\/ganadores-2023\/","og_site_name":"WHSRN","article_publisher":"https:\/\/www.facebook.com\/WHSRN","article_modified_time":"2024-06-05T14:45:27+00:00","twitter_card":"summary_large_image","twitter_site":"@WHSRN","twitter_misc":{"Tiempo de lectura":"4 minutos"},"schema":{"@context":"https:\/\/schema.org","@graph":[{"@type":"WebPage","@id":"https:\/\/whsrn.org\/es\/acerca-de-whsrn\/pequenos-fondos-manomet-2026\/ganadores-2023\/","url":"https:\/\/whsrn.org\/es\/acerca-de-whsrn\/pequenos-fondos-manomet-2026\/ganadores-2023\/","name":"Ganadores Peque\u00f1os Fondos 2023 &#8211; WHSRN","isPartOf":{"@id":"https:\/\/whsrn.org\/es\/#website"},"datePublished":"2023-12-06T21:25:29+00:00","dateModified":"2024-06-05T14:45:27+00:00","breadcrumb":{"@id":"https:\/\/whsrn.org\/es\/acerca-de-whsrn\/pequenos-fondos-manomet-2026\/ganadores-2023\/#breadcrumb"},"inLanguage":"es","potentialAction":[{"@type":"ReadAction","target":["https:\/\/whsrn.org\/es\/acerca-de-whsrn\/pequenos-fondos-manomet-2026\/ganadores-2023\/"]}]},{"@type":"BreadcrumbList","@id":"https:\/\/whsrn.org\/es\/acerca-de-whsrn\/pequenos-fondos-manomet-2026\/ganadores-2023\/#breadcrumb","itemListElement":[{"@type":"ListItem","position":1,"name":"Home","item":"https:\/\/whsrn.org\/es\/"},{"@type":"ListItem","position":2,"name":"Acerca de WHSRN","item":"https:\/\/whsrn.org\/es\/acerca-de-whsrn\/"},{"@type":"ListItem","position":3,"name":"Peque\u00f1os Fondos Manomet para la Conservaci\u00f3n de Aves Playeras del Neotr\u00f3pico","item":"https:\/\/whsrn.org\/es\/acerca-de-whsrn\/pequenos-fondos-manomet-2026\/"},{"@type":"ListItem","position":4,"name":"Ganadores Peque\u00f1os Fondos 2023"}]},{"@type":"WebSite","@id":"https:\/\/whsrn.org\/es\/#website","url":"https:\/\/whsrn.org\/es\/","name":"WHSRN","description":"Western Hemisphere Shorebird Reserve Network","publisher":{"@id":"https:\/\/whsrn.org\/es\/#organization"},"potentialAction":[{"@type":"SearchAction","target":{"@type":"EntryPoint","urlTemplate":"https:\/\/whsrn.org\/es\/?s={search_term_string}"},"query-input":{"@type":"PropertyValueSpecification","valueRequired":true,"valueName":"search_term_string"}}],"inLanguage":"es"},{"@type":"Organization","@id":"https:\/\/whsrn.org\/es\/#organization","name":"Western Hemisphere Shorebird Reserve Network","url":"https:\/\/whsrn.org\/es\/","logo":{"@type":"ImageObject","inLanguage":"es","@id":"https:\/\/whsrn.org\/es\/#\/schema\/logo\/image\/","url":"https:\/\/whsrn.org\/wp-content\/uploads\/2021\/01\/whsrn_nostrapline_square.png","contentUrl":"https:\/\/whsrn.org\/wp-content\/uploads\/2021\/01\/whsrn_nostrapline_square.png","width":800,"height":800,"caption":"Western Hemisphere Shorebird Reserve Network"},"image":{"@id":"https:\/\/whsrn.org\/es\/#\/schema\/logo\/image\/"},"sameAs":["https:\/\/www.facebook.com\/WHSRN","https:\/\/x.com\/WHSRN","https:\/\/www.youtube.com\/channel\/UCDMz2oCsiK8e03UxFhHhdEA"]}]}},"_links":{"self":[{"href":"https:\/\/whsrn.org\/es\/wp-json\/wp\/v2\/pages\/25669","targetHints":{"allow":["GET"]}}],"collection":[{"href":"https:\/\/whsrn.org\/es\/wp-json\/wp\/v2\/pages"}],"about":[{"href":"https:\/\/whsrn.org\/es\/wp-json\/wp\/v2\/types\/page"}],"author":[{"embeddable":true,"href":"https:\/\/whsrn.org\/es\/wp-json\/wp\/v2\/users\/17"}],"replies":[{"embeddable":true,"href":"https:\/\/whsrn.org\/es\/wp-json\/wp\/v2\/comments?post=25669"}],"version-history":[{"count":5,"href":"https:\/\/whsrn.org\/es\/wp-json\/wp\/v2\/pages\/25669\/revisions"}],"predecessor-version":[{"id":25741,"href":"https:\/\/whsrn.org\/es\/wp-json\/wp\/v2\/pages\/25669\/revisions\/25741"}],"up":[{"embeddable":true,"href":"https:\/\/whsrn.org\/es\/wp-json\/wp\/v2\/pages\/26847"}],"wp:attachment":[{"href":"https:\/\/whsrn.org\/es\/wp-json\/wp\/v2\/media?parent=25669"}],"curies":[{"name":"wp","href":"https:\/\/api.w.org\/{rel}","templated":true}]}}