{"id":19156,"date":"2023-01-13T22:32:10","date_gmt":"2023-01-13T22:32:10","guid":{"rendered":"https:\/\/whsrn.org\/descubre-las-aves-playeras\/leccion-4-aves-playeras-en-riesgo-amenazas-y-medidas-de-conservacion\/"},"modified":"2023-01-31T19:29:02","modified_gmt":"2023-01-31T19:29:02","slug":"leccion-4-medidas-de-conservacion","status":"publish","type":"page","link":"https:\/\/whsrn.org\/es\/descubramos-las-aves-playeras\/leccion-4-medidas-de-conservacion\/","title":{"rendered":"Lecci\u00f3n 4. Aves Playeras en Riesgo \u2013 Amenazas y Medidas de Conservaci\u00f3n"},"content":{"rendered":"[mk_page_section bg_image=&#8221;https:\/\/whsrn.org\/wp-content\/uploads\/2022\/03\/curriculum4_page-header.jpg&#8221; bg_image_portrait=&#8221;https:\/\/whsrn.org\/wp-content\/uploads\/2022\/03\/curriculum4_header-portrait-mobile.jpg&#8221; bg_color=&#8221;#5e5e5e&#8221; bg_position=&#8221;center center&#8221; bg_repeat=&#8221;no-repeat&#8221; bg_stretch=&#8221;true&#8221; video_color_mask=&#8221;#cccccc&#8221; video_opacity=&#8221;.4&#8243; min_height=&#8221;325&#8243; sidebar=&#8221;sidebar-1&#8243;][vc_column][mk_padding_divider size=&#8221;120&#8243;][mk_padding_divider size=&#8221;30&#8243; visibility=&#8221;visible-sm&#8221;][mk_fancy_title tag_name=&#8221;h1&#8243; color=&#8221;#ffffff&#8221; size=&#8221;75&#8243; force_font_size=&#8221;true&#8221; size_phone=&#8221;42&#8243; font_weight=&#8221;900&#8243; font_family=&#8221;Roboto+Condensed&#8221; font_type=&#8221;google&#8221; align=&#8221;center&#8221;]<span class=\"color_35\">Lecci\u00f3n 4. Aves Playeras en Riesgo \u2013 Amenazas y Medidas de Conservaci\u00f3n <\/span>[\/mk_fancy_title][\/vc_column][\/mk_page_section][mk_page_section section_layout=&#8221;right&#8221; padding_top=&#8221;25&#8243; padding_bottom=&#8221;0&#8243; margin_bottom=&#8221;30&#8243; sidebar=&#8221;sidebar-24&#8243;][vc_column border_color=&#8221;#ffffff&#8221; css=&#8221;.vc_custom_1542639941640{margin-right: 0px !important;margin-left: 0px !important;border-top-width: 0px !important;border-right-width: 0px !important;border-bottom-width: 0px !important;border-left-width: 0px !important;padding-right: 4px !important;padding-left: 0px !important;border-left-color: #ffffff !important;border-right-color: #ffffff !important;border-top-color: #ffffff !important;border-bottom-color: #ffffff !important;}&#8221;][mk_fancy_title tag_name=&#8221;span&#8221; color=&#8221;#3d4045&#8243; size=&#8221;12&#8243; font_weight=&#8221;bold&#8221; margin_top=&#8221;5&#8243; margin_bottom=&#8221;2&#8243; font_family=&#8221;none&#8221; responsive_align=&#8221;left&#8221;]\n<h4>Aprenda sobre las amenazas y acciones de conservaci\u00f3n para las aves playeras.<\/h4>\n[\/mk_fancy_title][vc_column_text css=&#8221;.vc_custom_1650043176757{margin-bottom: 0px !important;}&#8221;]Partiendo de la introducci\u00f3n de amenazas y acciones en la Lecci\u00f3n Dos, esta lecci\u00f3n ampl\u00eda este conocimiento con discusiones sobre acciones de conservaci\u00f3n en sitios importantes para las aves playeras. Se presentar\u00e1 la Red Hemisf\u00e9rica de Reservas para Aves Playeras como una herramienta para la conservaci\u00f3n. Los alumnos investigar\u00e1n un sitio de la RHRAP y utilizar\u00e1n arte para contar la historia de su sitio.[\/vc_column_text][vc_column_text css=&#8221;.vc_custom_1648760548653{margin-bottom: 0px !important;}&#8221;]\n<h4>Descargue todo el material de la lecci\u00f3n 4<\/h4>\n[\/vc_column_text][mk_button dimension=&#8221;flat&#8221; size=&#8221;large&#8221; letter_spacing=&#8221;2&#8243; url=&#8221;https:\/\/drive.google.com\/drive\/folders\/13SS55z6lUeSjhINGbpbEgAuPZHmbUxop?usp=share_link&#8221; target=&#8221;_blank&#8221; align=&#8221;center&#8221; margin_top=&#8221;25&#8243; bg_color=&#8221;#005695&#8243; btn_hover_bg=&#8221;#f2f2f2&#8243; btn_hover_txt_color=&#8221;#005695&#8243;]Descargar Lecci\u00f3n 4[\/mk_button][vc_row_inner][vc_column_inner width=&#8221;1\/4&#8243;][mk_image src=&#8221;https:\/\/whsrn.org\/wp-content\/uploads\/2022\/03\/lessonplan_cuadrado_greenbig.jpg&#8221; image_size=&#8221;medium&#8221; link=&#8221;https:\/\/whsrn.org\/wp-content\/uploads\/2023\/01\/leccion4_leccion.pdf&#8221; target=&#8221;_blank&#8221; align=&#8221;center&#8221;][vc_column_text css=&#8221;.vc_custom_1675131326616{margin-bottom: 0px !important;}&#8221;]\n<p style=\"text-align: center;\"><a href=\"https:\/\/whsrn.org\/wp-content\/uploads\/2023\/01\/leccion4_leccion.pdf\" target=\"_blank\" rel=\"noopener\">Lecci\u00f3n<\/a><\/p>\n[\/vc_column_text][\/vc_column_inner][vc_column_inner width=&#8221;1\/4&#8243;][mk_image src=&#8221;https:\/\/whsrn.org\/wp-content\/uploads\/2022\/03\/printables_cuadrado_greenbig.jpg&#8221; image_size=&#8221;medium&#8221; link=&#8221;https:\/\/whsrn.org\/wp-content\/uploads\/2023\/01\/leccion4_imprimiblestodos.pdf&#8221; align=&#8221;center&#8221;][vc_column_text css=&#8221;.vc_custom_1675131360495{margin-bottom: 0px !important;}&#8221;]\n<p style=\"text-align: center;\"><a href=\"https:\/\/whsrn.org\/wp-content\/uploads\/2023\/01\/leccion4_imprimiblestodos.pdf\">Materiales imprimibles<\/a><\/p>\n[\/vc_column_text][\/vc_column_inner][vc_column_inner width=&#8221;1\/4&#8243;][mk_image src=&#8221;https:\/\/whsrn.org\/wp-content\/uploads\/2022\/03\/slide_cuadrado_greenbig.jpg&#8221; image_size=&#8221;medium&#8221; link=&#8221;https:\/\/drive.google.com\/drive\/folders\/1MV7gjr7Z58ClXYxTNcEef7Tt4opNvgGO?usp=share_link&#8221; target=&#8221;_blank&#8221; align=&#8221;center&#8221;][vc_column_text css=&#8221;.vc_custom_1675193312975{margin-bottom: 0px !important;}&#8221;]\n<p style=\"text-align: center;\"><a href=\"https:\/\/drive.google.com\/drive\/folders\/1MV7gjr7Z58ClXYxTNcEef7Tt4opNvgGO?usp=share_link\" target=\"_blank\" rel=\"noopener\">Presentaci\u00f3n de diapositivas<\/a><\/p>\n[\/vc_column_text][\/vc_column_inner][vc_column_inner width=&#8221;1\/4&#8243;][mk_image src=&#8221;https:\/\/whsrn.org\/wp-content\/uploads\/2022\/03\/resources_cuadrado_green_big.jpg&#8221; image_size=&#8221;medium&#8221; link=&#8221;https:\/\/whsrn.org\/wp-content\/uploads\/2023\/01\/leccion4_recursos.pdf&#8221; target=&#8221;_blank&#8221; align=&#8221;center&#8221;][vc_column_text css=&#8221;.vc_custom_1675131386163{margin-bottom: 0px !important;}&#8221;]\n<p style=\"text-align: center;\"><a href=\"https:\/\/whsrn.org\/wp-content\/uploads\/2023\/01\/leccion4_recursos.pdf\">Recursos did\u00e1cticos<\/a><\/p>\n[\/vc_column_text][\/vc_column_inner][vc_column_inner][mk_padding_divider size=&#8221;30&#8243; visibility=&#8221;visible-sm&#8221;][\/vc_column_inner][\/vc_row_inner][mk_fancy_title tag_name=&#8221;span&#8221; color=&#8221;#3d4045&#8243; size=&#8221;12&#8243; font_weight=&#8221;bold&#8221; margin_top=&#8221;20&#8243; margin_bottom=&#8221;12&#8243; font_family=&#8221;none&#8221; responsive_align=&#8221;left&#8221;]\n<h5>Actividades<\/h5>\n[\/mk_fancy_title][vc_column_text css=&#8221;.vc_custom_1648728597176{margin-bottom: 0px !important;}&#8221;]Tambi\u00e9n puede descargar los materiales de cada actividad por separado.[\/vc_column_text][vc_row_inner][vc_column_inner width=&#8221;1\/2&#8243;][vc_column_text css=&#8221;.vc_custom_1651697116087{margin-bottom: 0px !important;}&#8221;]\n<h3>\u00bfNo podemos compartir?<\/h3>\n[\/vc_column_text][mk_custom_list style=&#8221;mk-icon-print&#8221; icon_color=&#8221;#439539&#8243; margin_bottom=&#8221;5&#8243; align=&#8221;left&#8221;]\n<ul>\n<li><a href=\"https:\/\/whsrn.org\/wp-content\/uploads\/2023\/01\/leccion4_imprimiblestodos.pdf\" target=\"_blank\" rel=\"noopener\">Materiales imprimibles<\/a><\/li>\n<\/ul>\n[\/mk_custom_list][mk_custom_list style=&#8221;mk-moon-stack-play&#8221; icon_color=&#8221;#439539&#8243; margin_bottom=&#8221;5&#8243; align=&#8221;left&#8221;]\n<ul>\n<li><a href=\"https:\/\/docs.google.com\/presentation\/d\/1QULZ0C20O88pQUXa2ehPT2SHlUmHgIig4xXE_ID7sCw\/edit?usp=share_link\" target=\"_blank\" rel=\"noopener\">Presentaci\u00f3n de diapositivas<\/a><\/li>\n<\/ul>\n[\/mk_custom_list][\/vc_column_inner][vc_column_inner width=&#8221;1\/2&#8243;][vc_column_text css=&#8221;.vc_custom_1651183673637{margin-bottom: 0px !important;}&#8221;]\n<h3>\u00bfQu\u00e9 es la Red Hemisf\u00e9rica de Reservas para Aves Playeras (RHRAP \/ WHSRN)?<\/h3>\n[\/vc_column_text][mk_custom_list style=&#8221;mk-li-file&#8221; icon_color=&#8221;#439539&#8243; margin_bottom=&#8221;5&#8243; align=&#8221;left&#8221;]\n<ul>\n<li><a href=\"https:\/\/whsrn.org\/wp-content\/uploads\/2023\/01\/leccion4_leccion.pdf#page=3\" target=\"_blank\" rel=\"noopener\">Lecci\u00f3n<\/a><\/li>\n<\/ul>\n[\/mk_custom_list][\/vc_column_inner][\/vc_row_inner][vc_row_inner][vc_column_inner width=&#8221;1\/2&#8243;][vc_column_text css=&#8221;.vc_custom_1651183682132{margin-bottom: 0px !important;}&#8221;]\n<h3>Protege tu sitio con tu voz<\/h3>\n[\/vc_column_text][mk_custom_list style=&#8221;mk-li-file&#8221; icon_color=&#8221;#439539&#8243; margin_bottom=&#8221;5&#8243; align=&#8221;left&#8221;]\n<ul>\n<li><a href=\"https:\/\/whsrn.org\/wp-content\/uploads\/2023\/01\/leccion4_leccion.pdf#page=4\" target=\"_blank\" rel=\"noopener\">Lecci\u00f3n<\/a><\/li>\n<\/ul>\n[\/mk_custom_list][\/vc_column_inner][vc_column_inner width=&#8221;1\/2&#8243;][\/vc_column_inner][\/vc_row_inner][mk_padding_divider size=&#8221;30&#8243;][mk_fancy_title tag_name=&#8221;span&#8221; color=&#8221;#3d4045&#8243; size=&#8221;12&#8243; font_weight=&#8221;bold&#8221; margin_top=&#8221;20&#8243; font_family=&#8221;none&#8221; responsive_align=&#8221;left&#8221;]Foto de portada: <i>Daniel Alarc\u00f3n<\/i>[\/mk_fancy_title][\/vc_column][\/mk_page_section]\n","protected":false},"excerpt":{"rendered":"<p>[mk_page_section bg_image=&#8221;https:\/\/whsrn.org\/wp-content\/uploads\/2022\/03\/curriculum4_page-header.jpg&#8221; bg_image_portrait=&#8221;https:\/\/whsrn.org\/wp-content\/uploads\/2022\/03\/curriculum4_header-portrait-mobile.jpg&#8221; bg_color=&#8221;#5e5e5e&#8221; bg_position=&#8221;center center&#8221; bg_repeat=&#8221;no-repeat&#8221; bg_stretch=&#8221;true&#8221; video_color_mask=&#8221;#cccccc&#8221; video_opacity=&#8221;.4&#8243; min_height=&#8221;325&#8243; sidebar=&#8221;sidebar-1&#8243;][vc_column][mk_padding_divider size=&#8221;120&#8243;][mk_padding_divider size=&#8221;30&#8243; visibility=&#8221;visible-sm&#8221;][mk_fancy_title tag_name=&#8221;h1&#8243; color=&#8221;#ffffff&#8221; size=&#8221;75&#8243; force_font_size=&#8221;true&#8221; size_phone=&#8221;42&#8243; font_weight=&#8221;900&#8243; font_family=&#8221;Roboto+Condensed&#8221; font_type=&#8221;google&#8221; align=&#8221;center&#8221;]Lecci\u00f3n 4. Aves Playeras en Riesgo \u2013 Amenazas y Medidas de Conservaci\u00f3n [\/mk_fancy_title][\/vc_column][\/mk_page_section][mk_page_section section_layout=&#8221;right&#8221; padding_top=&#8221;25&#8243; padding_bottom=&#8221;0&#8243; margin_bottom=&#8221;30&#8243; sidebar=&#8221;sidebar-24&#8243;][vc_column border_color=&#8221;#ffffff&#8221; css=&#8221;.vc_custom_1542639941640{margin-right: 0px !important;margin-left: 0px !important;border-top-width: 0px !important;border-right-width: 0px !important;border-bottom-width: 0px !important;border-left-width: 0px !important;padding-right: [&hellip;]<\/p>\n","protected":false},"author":17,"featured_media":0,"parent":19140,"menu_order":0,"comment_status":"closed","ping_status":"closed","template":"","meta":{"nf_dc_page":"","footnotes":""},"class_list":["post-19156","page","type-page","status-publish","hentry"],"yoast_head":"<!-- This site is optimized with the Yoast SEO plugin v27.2 - https:\/\/yoast.com\/product\/yoast-seo-wordpress\/ -->\n<title>Lecci\u00f3n 4. Aves Playeras en Riesgo \u2013 Amenazas y Medidas de Conservaci\u00f3n &#8211; WHSRN<\/title>\n<meta name=\"robots\" content=\"index, follow, max-snippet:-1, max-image-preview:large, max-video-preview:-1\" \/>\n<link rel=\"canonical\" href=\"https:\/\/whsrn.org\/es\/descubramos-las-aves-playeras\/leccion-4-medidas-de-conservacion\/\" \/>\n<meta property=\"og:locale\" content=\"es_ES\" \/>\n<meta property=\"og:type\" content=\"article\" \/>\n<meta property=\"og:title\" content=\"Lecci\u00f3n 4. Aves Playeras en Riesgo \u2013 Amenazas y Medidas de Conservaci\u00f3n &#8211; WHSRN\" \/>\n<meta property=\"og:description\" content=\"[mk_page_section bg_image=&#8221;https:\/\/whsrn.org\/wp-content\/uploads\/2022\/03\/curriculum4_page-header.jpg&#8221; bg_image_portrait=&#8221;https:\/\/whsrn.org\/wp-content\/uploads\/2022\/03\/curriculum4_header-portrait-mobile.jpg&#8221; bg_color=&#8221;#5e5e5e&#8221; bg_position=&#8221;center center&#8221; bg_repeat=&#8221;no-repeat&#8221; bg_stretch=&#8221;true&#8221; video_color_mask=&#8221;#cccccc&#8221; video_opacity=&#8221;.4&#8243; min_height=&#8221;325&#8243; sidebar=&#8221;sidebar-1&#8243;][vc_column][mk_padding_divider size=&#8221;120&#8243;][mk_padding_divider size=&#8221;30&#8243; visibility=&#8221;visible-sm&#8221;][mk_fancy_title tag_name=&#8221;h1&#8243; color=&#8221;#ffffff&#8221; size=&#8221;75&#8243; force_font_size=&#8221;true&#8221; size_phone=&#8221;42&#8243; font_weight=&#8221;900&#8243; font_family=&#8221;Roboto+Condensed&#8221; font_type=&#8221;google&#8221; align=&#8221;center&#8221;]Lecci\u00f3n 4. Aves Playeras en Riesgo \u2013 Amenazas y Medidas de Conservaci\u00f3n [\/mk_fancy_title][\/vc_column][\/mk_page_section][mk_page_section section_layout=&#8221;right&#8221; padding_top=&#8221;25&#8243; padding_bottom=&#8221;0&#8243; margin_bottom=&#8221;30&#8243; sidebar=&#8221;sidebar-24&#8243;][vc_column border_color=&#8221;#ffffff&#8221; css=&#8221;.vc_custom_1542639941640{margin-right: 0px !important;margin-left: 0px !important;border-top-width: 0px !important;border-right-width: 0px !important;border-bottom-width: 0px !important;border-left-width: 0px !important;padding-right: [&hellip;]\" \/>\n<meta property=\"og:url\" content=\"https:\/\/whsrn.org\/es\/descubramos-las-aves-playeras\/leccion-4-medidas-de-conservacion\/\" \/>\n<meta property=\"og:site_name\" content=\"WHSRN\" \/>\n<meta property=\"article:publisher\" content=\"https:\/\/www.facebook.com\/WHSRN\" \/>\n<meta property=\"article:modified_time\" content=\"2023-01-31T19:29:02+00:00\" \/>\n<meta name=\"twitter:card\" content=\"summary_large_image\" \/>\n<meta name=\"twitter:site\" content=\"@WHSRN\" \/>\n<meta name=\"twitter:label1\" content=\"Tiempo de lectura\" \/>\n\t<meta name=\"twitter:data1\" content=\"2 minutos\" \/>\n<script type=\"application\/ld+json\" class=\"yoast-schema-graph\">{\"@context\":\"https:\/\/schema.org\",\"@graph\":[{\"@type\":\"WebPage\",\"@id\":\"https:\/\/whsrn.org\/es\/descubramos-las-aves-playeras\/leccion-4-medidas-de-conservacion\/\",\"url\":\"https:\/\/whsrn.org\/es\/descubramos-las-aves-playeras\/leccion-4-medidas-de-conservacion\/\",\"name\":\"Lecci\u00f3n 4. Aves Playeras en Riesgo \u2013 Amenazas y Medidas de Conservaci\u00f3n &#8211; WHSRN\",\"isPartOf\":{\"@id\":\"https:\/\/whsrn.org\/es\/#website\"},\"datePublished\":\"2023-01-13T22:32:10+00:00\",\"dateModified\":\"2023-01-31T19:29:02+00:00\",\"breadcrumb\":{\"@id\":\"https:\/\/whsrn.org\/es\/descubramos-las-aves-playeras\/leccion-4-medidas-de-conservacion\/#breadcrumb\"},\"inLanguage\":\"es\",\"potentialAction\":[{\"@type\":\"ReadAction\",\"target\":[\"https:\/\/whsrn.org\/es\/descubramos-las-aves-playeras\/leccion-4-medidas-de-conservacion\/\"]}]},{\"@type\":\"BreadcrumbList\",\"@id\":\"https:\/\/whsrn.org\/es\/descubramos-las-aves-playeras\/leccion-4-medidas-de-conservacion\/#breadcrumb\",\"itemListElement\":[{\"@type\":\"ListItem\",\"position\":1,\"name\":\"Home\",\"item\":\"https:\/\/whsrn.org\/es\/\"},{\"@type\":\"ListItem\",\"position\":2,\"name\":\"Descubramos a las Aves Playeras\",\"item\":\"https:\/\/whsrn.org\/es\/descubramos-las-aves-playeras\/\"},{\"@type\":\"ListItem\",\"position\":3,\"name\":\"Lecci\u00f3n 4. Aves Playeras en Riesgo \u2013 Amenazas y Medidas de Conservaci\u00f3n\"}]},{\"@type\":\"WebSite\",\"@id\":\"https:\/\/whsrn.org\/es\/#website\",\"url\":\"https:\/\/whsrn.org\/es\/\",\"name\":\"WHSRN\",\"description\":\"Western Hemisphere Shorebird Reserve Network\",\"publisher\":{\"@id\":\"https:\/\/whsrn.org\/es\/#organization\"},\"potentialAction\":[{\"@type\":\"SearchAction\",\"target\":{\"@type\":\"EntryPoint\",\"urlTemplate\":\"https:\/\/whsrn.org\/es\/?s={search_term_string}\"},\"query-input\":{\"@type\":\"PropertyValueSpecification\",\"valueRequired\":true,\"valueName\":\"search_term_string\"}}],\"inLanguage\":\"es\"},{\"@type\":\"Organization\",\"@id\":\"https:\/\/whsrn.org\/es\/#organization\",\"name\":\"Western Hemisphere Shorebird Reserve Network\",\"url\":\"https:\/\/whsrn.org\/es\/\",\"logo\":{\"@type\":\"ImageObject\",\"inLanguage\":\"es\",\"@id\":\"https:\/\/whsrn.org\/es\/#\/schema\/logo\/image\/\",\"url\":\"https:\/\/whsrn.org\/wp-content\/uploads\/2021\/01\/whsrn_nostrapline_square.png\",\"contentUrl\":\"https:\/\/whsrn.org\/wp-content\/uploads\/2021\/01\/whsrn_nostrapline_square.png\",\"width\":800,\"height\":800,\"caption\":\"Western Hemisphere Shorebird Reserve Network\"},\"image\":{\"@id\":\"https:\/\/whsrn.org\/es\/#\/schema\/logo\/image\/\"},\"sameAs\":[\"https:\/\/www.facebook.com\/WHSRN\",\"https:\/\/x.com\/WHSRN\",\"https:\/\/www.youtube.com\/channel\/UCDMz2oCsiK8e03UxFhHhdEA\"]}]}<\/script>\n<!-- \/ Yoast SEO plugin. -->","yoast_head_json":{"title":"Lecci\u00f3n 4. Aves Playeras en Riesgo \u2013 Amenazas y Medidas de Conservaci\u00f3n &#8211; WHSRN","robots":{"index":"index","follow":"follow","max-snippet":"max-snippet:-1","max-image-preview":"max-image-preview:large","max-video-preview":"max-video-preview:-1"},"canonical":"https:\/\/whsrn.org\/es\/descubramos-las-aves-playeras\/leccion-4-medidas-de-conservacion\/","og_locale":"es_ES","og_type":"article","og_title":"Lecci\u00f3n 4. Aves Playeras en Riesgo \u2013 Amenazas y Medidas de Conservaci\u00f3n &#8211; WHSRN","og_description":"[mk_page_section bg_image=&#8221;https:\/\/whsrn.org\/wp-content\/uploads\/2022\/03\/curriculum4_page-header.jpg&#8221; bg_image_portrait=&#8221;https:\/\/whsrn.org\/wp-content\/uploads\/2022\/03\/curriculum4_header-portrait-mobile.jpg&#8221; bg_color=&#8221;#5e5e5e&#8221; bg_position=&#8221;center center&#8221; bg_repeat=&#8221;no-repeat&#8221; bg_stretch=&#8221;true&#8221; video_color_mask=&#8221;#cccccc&#8221; video_opacity=&#8221;.4&#8243; min_height=&#8221;325&#8243; sidebar=&#8221;sidebar-1&#8243;][vc_column][mk_padding_divider size=&#8221;120&#8243;][mk_padding_divider size=&#8221;30&#8243; visibility=&#8221;visible-sm&#8221;][mk_fancy_title tag_name=&#8221;h1&#8243; color=&#8221;#ffffff&#8221; size=&#8221;75&#8243; force_font_size=&#8221;true&#8221; size_phone=&#8221;42&#8243; font_weight=&#8221;900&#8243; font_family=&#8221;Roboto+Condensed&#8221; font_type=&#8221;google&#8221; align=&#8221;center&#8221;]Lecci\u00f3n 4. Aves Playeras en Riesgo \u2013 Amenazas y Medidas de Conservaci\u00f3n [\/mk_fancy_title][\/vc_column][\/mk_page_section][mk_page_section section_layout=&#8221;right&#8221; padding_top=&#8221;25&#8243; padding_bottom=&#8221;0&#8243; margin_bottom=&#8221;30&#8243; sidebar=&#8221;sidebar-24&#8243;][vc_column border_color=&#8221;#ffffff&#8221; css=&#8221;.vc_custom_1542639941640{margin-right: 0px !important;margin-left: 0px !important;border-top-width: 0px !important;border-right-width: 0px !important;border-bottom-width: 0px !important;border-left-width: 0px !important;padding-right: [&hellip;]","og_url":"https:\/\/whsrn.org\/es\/descubramos-las-aves-playeras\/leccion-4-medidas-de-conservacion\/","og_site_name":"WHSRN","article_publisher":"https:\/\/www.facebook.com\/WHSRN","article_modified_time":"2023-01-31T19:29:02+00:00","twitter_card":"summary_large_image","twitter_site":"@WHSRN","twitter_misc":{"Tiempo de lectura":"2 minutos"},"schema":{"@context":"https:\/\/schema.org","@graph":[{"@type":"WebPage","@id":"https:\/\/whsrn.org\/es\/descubramos-las-aves-playeras\/leccion-4-medidas-de-conservacion\/","url":"https:\/\/whsrn.org\/es\/descubramos-las-aves-playeras\/leccion-4-medidas-de-conservacion\/","name":"Lecci\u00f3n 4. Aves Playeras en Riesgo \u2013 Amenazas y Medidas de Conservaci\u00f3n &#8211; WHSRN","isPartOf":{"@id":"https:\/\/whsrn.org\/es\/#website"},"datePublished":"2023-01-13T22:32:10+00:00","dateModified":"2023-01-31T19:29:02+00:00","breadcrumb":{"@id":"https:\/\/whsrn.org\/es\/descubramos-las-aves-playeras\/leccion-4-medidas-de-conservacion\/#breadcrumb"},"inLanguage":"es","potentialAction":[{"@type":"ReadAction","target":["https:\/\/whsrn.org\/es\/descubramos-las-aves-playeras\/leccion-4-medidas-de-conservacion\/"]}]},{"@type":"BreadcrumbList","@id":"https:\/\/whsrn.org\/es\/descubramos-las-aves-playeras\/leccion-4-medidas-de-conservacion\/#breadcrumb","itemListElement":[{"@type":"ListItem","position":1,"name":"Home","item":"https:\/\/whsrn.org\/es\/"},{"@type":"ListItem","position":2,"name":"Descubramos a las Aves Playeras","item":"https:\/\/whsrn.org\/es\/descubramos-las-aves-playeras\/"},{"@type":"ListItem","position":3,"name":"Lecci\u00f3n 4. Aves Playeras en Riesgo \u2013 Amenazas y Medidas de Conservaci\u00f3n"}]},{"@type":"WebSite","@id":"https:\/\/whsrn.org\/es\/#website","url":"https:\/\/whsrn.org\/es\/","name":"WHSRN","description":"Western Hemisphere Shorebird Reserve Network","publisher":{"@id":"https:\/\/whsrn.org\/es\/#organization"},"potentialAction":[{"@type":"SearchAction","target":{"@type":"EntryPoint","urlTemplate":"https:\/\/whsrn.org\/es\/?s={search_term_string}"},"query-input":{"@type":"PropertyValueSpecification","valueRequired":true,"valueName":"search_term_string"}}],"inLanguage":"es"},{"@type":"Organization","@id":"https:\/\/whsrn.org\/es\/#organization","name":"Western Hemisphere Shorebird Reserve Network","url":"https:\/\/whsrn.org\/es\/","logo":{"@type":"ImageObject","inLanguage":"es","@id":"https:\/\/whsrn.org\/es\/#\/schema\/logo\/image\/","url":"https:\/\/whsrn.org\/wp-content\/uploads\/2021\/01\/whsrn_nostrapline_square.png","contentUrl":"https:\/\/whsrn.org\/wp-content\/uploads\/2021\/01\/whsrn_nostrapline_square.png","width":800,"height":800,"caption":"Western Hemisphere Shorebird Reserve Network"},"image":{"@id":"https:\/\/whsrn.org\/es\/#\/schema\/logo\/image\/"},"sameAs":["https:\/\/www.facebook.com\/WHSRN","https:\/\/x.com\/WHSRN","https:\/\/www.youtube.com\/channel\/UCDMz2oCsiK8e03UxFhHhdEA"]}]}},"_links":{"self":[{"href":"https:\/\/whsrn.org\/es\/wp-json\/wp\/v2\/pages\/19156","targetHints":{"allow":["GET"]}}],"collection":[{"href":"https:\/\/whsrn.org\/es\/wp-json\/wp\/v2\/pages"}],"about":[{"href":"https:\/\/whsrn.org\/es\/wp-json\/wp\/v2\/types\/page"}],"author":[{"embeddable":true,"href":"https:\/\/whsrn.org\/es\/wp-json\/wp\/v2\/users\/17"}],"replies":[{"embeddable":true,"href":"https:\/\/whsrn.org\/es\/wp-json\/wp\/v2\/comments?post=19156"}],"version-history":[{"count":5,"href":"https:\/\/whsrn.org\/es\/wp-json\/wp\/v2\/pages\/19156\/revisions"}],"predecessor-version":[{"id":23437,"href":"https:\/\/whsrn.org\/es\/wp-json\/wp\/v2\/pages\/19156\/revisions\/23437"}],"up":[{"embeddable":true,"href":"https:\/\/whsrn.org\/es\/wp-json\/wp\/v2\/pages\/19140"}],"wp:attachment":[{"href":"https:\/\/whsrn.org\/es\/wp-json\/wp\/v2\/media?parent=19156"}],"curies":[{"name":"wp","href":"https:\/\/api.w.org\/{rel}","templated":true}]}}