{"id":19147,"date":"2023-01-13T21:11:04","date_gmt":"2023-01-13T21:11:04","guid":{"rendered":"https:\/\/whsrn.org\/descubre-las-aves-playeras\/leccion-1-que-es-un-ave-playera\/"},"modified":"2023-01-31T18:54:44","modified_gmt":"2023-01-31T18:54:44","slug":"leccion-1-que-es-un-ave-playera","status":"publish","type":"page","link":"https:\/\/whsrn.org\/es\/descubramos-las-aves-playeras\/leccion-1-que-es-un-ave-playera\/","title":{"rendered":"Lecci\u00f3n 1. \u00bfQu\u00e9 es un ave playera?"},"content":{"rendered":"[mk_page_section bg_image=&#8221;https:\/\/whsrn.org\/wp-content\/uploads\/2022\/03\/curriculum1_page-header.jpg&#8221; bg_image_portrait=&#8221;https:\/\/whsrn.org\/wp-content\/uploads\/2022\/03\/curriculum1_header-portrait-mobile.jpg&#8221; bg_color=&#8221;#5e5e5e&#8221; bg_position=&#8221;center center&#8221; bg_repeat=&#8221;no-repeat&#8221; bg_stretch=&#8221;true&#8221; video_color_mask=&#8221;#cccccc&#8221; video_opacity=&#8221;.4&#8243; min_height=&#8221;325&#8243; sidebar=&#8221;sidebar-1&#8243;][vc_column][mk_padding_divider size=&#8221;120&#8243;][mk_padding_divider size=&#8221;30&#8243; visibility=&#8221;visible-sm&#8221;][mk_fancy_title tag_name=&#8221;h1&#8243; color=&#8221;#ffffff&#8221; size=&#8221;75&#8243; force_font_size=&#8221;true&#8221; size_phone=&#8221;42&#8243; font_weight=&#8221;900&#8243; font_family=&#8221;Roboto+Condensed&#8221; font_type=&#8221;google&#8221; align=&#8221;center&#8221;]Lecci\u00f3n 1. \u00bfQu\u00e9 es un ave playera?[\/mk_fancy_title][\/vc_column][\/mk_page_section][mk_page_section section_layout=&#8221;right&#8221; padding_top=&#8221;25&#8243; padding_bottom=&#8221;0&#8243; margin_bottom=&#8221;30&#8243; sidebar=&#8221;sidebar-24&#8243;][vc_column border_color=&#8221;#ffffff&#8221; css=&#8221;.vc_custom_1542639941640{margin-right: 0px !important;margin-left: 0px !important;border-top-width: 0px !important;border-right-width: 0px !important;border-bottom-width: 0px !important;border-left-width: 0px !important;padding-right: 4px !important;padding-left: 0px !important;border-left-color: #ffffff !important;border-right-color: #ffffff !important;border-top-color: #ffffff !important;border-bottom-color: #ffffff !important;}&#8221;][mk_fancy_title tag_name=&#8221;span&#8221; color=&#8221;#3d4045&#8243; size=&#8221;12&#8243; font_weight=&#8221;bold&#8221; margin_top=&#8221;5&#8243; margin_bottom=&#8221;2&#8243; font_family=&#8221;none&#8221; responsive_align=&#8221;left&#8221;]\n<h4>Aprende sobre las Adaptaciones y los H\u00e1bitats de las Aves Playeras<\/h4>\n[\/mk_fancy_title][vc_column_text css=&#8221;.vc_custom_1650038455452{margin-bottom: 0px !important;}&#8221;]En esta lecci\u00f3n, los alumnos explorar\u00e1n las adaptaciones y los h\u00e1bitats de las aves playeras. Se hace hincapi\u00e9 en c\u00f3mo las caracter\u00edsticas f\u00edsicas de las aves playeras (camuflaje, pico, patas, pies) les ayudan a tener \u00e9xito en sus h\u00e1bitats. Las actividades tienen modificaciones para todas las edades.[\/vc_column_text][vc_column_text css=&#8221;.vc_custom_1648756184534{margin-bottom: 0px !important;}&#8221;]\n<h4>Descargar todo el material de la lecci\u00f3n 1<\/h4>\n[\/vc_column_text][mk_button dimension=&#8221;flat&#8221; size=&#8221;medium&#8221; letter_spacing=&#8221;2&#8243; url=&#8221;https:\/\/drive.google.com\/drive\/folders\/19dwCNd3QEQnleAeBZsekk4DOThFIQYke?usp=share_link&#8221; target=&#8221;_blank&#8221; align=&#8221;center&#8221; margin_top=&#8221;25&#8243; bg_color=&#8221;#005695&#8243; btn_hover_bg=&#8221;#f2f2f2&#8243; btn_hover_txt_color=&#8221;#005695&#8243;]Descargar lecci\u00f3n 1[\/mk_button][mk_padding_divider size=&#8221;30&#8243;][vc_row_inner][vc_column_inner width=&#8221;1\/4&#8243;][mk_image src=&#8221;https:\/\/whsrn.org\/wp-content\/uploads\/2022\/03\/lessonplan_cuadrado_greenbig.jpg&#8221; image_size=&#8221;medium&#8221; link=&#8221;https:\/\/whsrn.org\/wp-content\/uploads\/2023\/01\/leccion1_leccion.pdf&#8221; align=&#8221;center&#8221;][vc_column_text css=&#8221;.vc_custom_1675130351630{margin-bottom: 0px !important;}&#8221;]\n<p style=\"text-align: center;\"><a href=\"https:\/\/whsrn.org\/wp-content\/uploads\/2023\/01\/leccion1_leccion.pdf\" target=\"_blank\" rel=\"noopener\">Lecci\u00f3n<\/a><\/p>\n[\/vc_column_text][\/vc_column_inner][vc_column_inner width=&#8221;1\/4&#8243;][mk_image src=&#8221;https:\/\/whsrn.org\/wp-content\/uploads\/2022\/03\/printables_cuadrado_greenbig.jpg&#8221; image_size=&#8221;medium&#8221; link=&#8221;https:\/\/whsrn.org\/wp-content\/uploads\/2023\/01\/leccion1_imprimiblestodos.pdf&#8221; align=&#8221;center&#8221;][vc_column_text css=&#8221;.vc_custom_1675130387446{margin-bottom: 0px !important;}&#8221;]\n<p style=\"text-align: center;\"><a href=\"https:\/\/whsrn.org\/wp-content\/uploads\/2023\/01\/leccion1_imprimiblestodos.pdf\" target=\"_blank\" rel=\"noopener\">Material imprimible<\/a><\/p>\n[\/vc_column_text][\/vc_column_inner][vc_column_inner width=&#8221;1\/4&#8243;][mk_image src=&#8221;https:\/\/whsrn.org\/wp-content\/uploads\/2022\/03\/slide_cuadrado_greenbig.jpg&#8221; image_size=&#8221;medium&#8221; link=&#8221;https:\/\/drive.google.com\/drive\/folders\/1T518dC3CbX27BQ5waRjHhZ6Y_g2fJ10A?usp=share_link&#8221; align=&#8221;center&#8221;][vc_column_text css=&#8221;.vc_custom_1675186359660{margin-bottom: 0px !important;}&#8221;]\n<p style=\"text-align: center;\"><a href=\"https:\/\/drive.google.com\/drive\/folders\/1T518dC3CbX27BQ5waRjHhZ6Y_g2fJ10A?usp=share_link\">Presentaciones de diapositivas<\/a><\/p>\n[\/vc_column_text][\/vc_column_inner][vc_column_inner width=&#8221;1\/4&#8243;][mk_image src=&#8221;https:\/\/whsrn.org\/wp-content\/uploads\/2022\/03\/resources_cuadrado_green_big.jpg&#8221; image_size=&#8221;medium&#8221; link=&#8221;https:\/\/whsrn.org\/wp-content\/uploads\/2023\/01\/leccion1_recursos.pdf&#8221; align=&#8221;center&#8221;][vc_column_text css=&#8221;.vc_custom_1675130424781{margin-bottom: 0px !important;}&#8221;]\n<p style=\"text-align: center;\"><a href=\"https:\/\/whsrn.org\/wp-content\/uploads\/2023\/01\/leccion1_recursos.pdf\" target=\"_blank\" rel=\"noopener\">Recursos did\u00e1cticos<\/a><\/p>\n[\/vc_column_text][\/vc_column_inner][\/vc_row_inner][mk_padding_divider size=&#8221;30&#8243;][mk_fancy_title tag_name=&#8221;span&#8221; color=&#8221;#3d4045&#8243; size=&#8221;12&#8243; font_weight=&#8221;bold&#8221; margin_top=&#8221;20&#8243; margin_bottom=&#8221;12&#8243; font_family=&#8221;none&#8221; responsive_align=&#8221;left&#8221;]\n<h5>Actividades<\/h5>\n[\/mk_fancy_title][vc_column_text css=&#8221;.vc_custom_1651158117034{margin-bottom: 0px !important;}&#8221;]Tambi\u00e9n puede descargar los materiales de cada actividad por separado.[\/vc_column_text][vc_row_inner][vc_column_inner width=&#8221;1\/2&#8243;][vc_column_text css=&#8221;.vc_custom_1651160854707{margin-bottom: 0px !important;}&#8221;]\n<h5>Huevos Ocultos<\/h5>\n[\/vc_column_text][mk_custom_list style=&#8221;mk-icon-print&#8221; icon_color=&#8221;#439539&#8243; margin_bottom=&#8221;5&#8243; align=&#8221;left&#8221;]\n<ul>\n<li><a href=\"https:\/\/whsrn.org\/wp-content\/uploads\/2023\/01\/leccion1_hojadeactividades_1.1.pdf\" target=\"_blank\" rel=\"noopener\">Material imprimible (hoja de actividades 1.1)<\/a><\/li>\n<li><a href=\"https:\/\/drive.google.com\/drive\/folders\/1tPvUyaOiswOpBiE3Zi2pRAefK7Lk-Em6?usp=share_link\" target=\"_blank\" rel=\"noopener\">Material imprimible (fondos de patrones y h\u00e1bitats)<\/a><\/li>\n<\/ul>\n[\/mk_custom_list][mk_custom_list style=&#8221;mk-moon-stack-play&#8221; icon_color=&#8221;#439539&#8243; margin_bottom=&#8221;20&#8243; align=&#8221;left&#8221;]\n<ul>\n<li><a href=\"https:\/\/docs.google.com\/presentation\/d\/1lu5O4nRVh1HYxtsowMbbH0AZQQ4tXhC-a1ezT0vz9eI\/edit?usp=share_link\" target=\"_blank\" rel=\"noopener\">Presentaciones de diapositivas<\/a><\/li>\n<\/ul>\n[\/mk_custom_list][\/vc_column_inner][vc_column_inner width=&#8221;1\/2&#8243;][vc_column_text css=&#8221;.vc_custom_1651160967149{margin-bottom: 0px !important;padding-top: 0px !important;padding-right: 0px !important;padding-bottom: 0px !important;padding-left: 0px !important;}&#8221;]\n<h3>\u00bfQu\u00e9 puedo comer con este pico?<\/h3>\n[\/vc_column_text][mk_custom_list style=&#8221;mk-icon-print&#8221; icon_color=&#8221;#439539&#8243; margin_bottom=&#8221;5&#8243; align=&#8221;left&#8221;]\n<ul>\n<li><a href=\"https:\/\/whsrn.org\/wp-content\/uploads\/2023\/01\/leccion1_hojadeactividades_picos.pdf\" target=\"_blank\" rel=\"noopener\">Material imprimible<\/a><\/li>\n<\/ul>\n[\/mk_custom_list][mk_custom_list style=&#8221;mk-moon-stack-play&#8221; icon_color=&#8221;#439539&#8243; margin_bottom=&#8221;20&#8243; align=&#8221;left&#8221;]\n<ul>\n<li><a href=\"https:\/\/docs.google.com\/presentation\/d\/1ug5YwgDfyTvyJbZvYo7EV6jcUO4lfFyAHTgM6pONWTk\/edit?usp=share_link\" target=\"_blank\" rel=\"noopener\">Presentaci\u00f3n de diapositivas<\/a><\/li>\n<\/ul>\n[\/mk_custom_list][\/vc_column_inner][\/vc_row_inner][vc_row_inner][vc_column_inner width=&#8221;1\/2&#8243;][vc_column_text css=&#8221;.vc_custom_1651160958362{margin-bottom: 0px !important;}&#8221;]\n<h3>Patas fabulosas<\/h3>\n[\/vc_column_text][mk_custom_list style=&#8221;mk-icon-print&#8221; icon_color=&#8221;#439539&#8243; margin_bottom=&#8221;5&#8243; align=&#8221;left&#8221;]\n<ul>\n<li><a href=\"https:\/\/whsrn.org\/wp-content\/uploads\/2023\/01\/leccion1_hojadeactividades_1.7.pdf\" target=\"_blank\" rel=\"noopener\">Material imprimible<\/a><\/li>\n<\/ul>\n[\/mk_custom_list][mk_custom_list style=&#8221;mk-moon-stack-play&#8221; icon_color=&#8221;#439539&#8243; margin_bottom=&#8221;20&#8243; align=&#8221;left&#8221;]\n<ul>\n<li><a href=\"https:\/\/docs.google.com\/presentation\/d\/1_Dtn_pEkXJJLftcepKUtsnzEV9S0kz0HgzTuVT3kRXY\/edit?usp=share_link\" target=\"_blank\" rel=\"noopener\">Presentaciones de diapositivas<\/a><\/li>\n<\/ul>\n[\/mk_custom_list][\/vc_column_inner][vc_column_inner width=&#8221;1\/2&#8243;][vc_column_text css=&#8221;.vc_custom_1651160976102{margin-bottom: 0px !important;}&#8221;]\n<h3>Superalimento para Aves Playeras<\/h3>\n[\/vc_column_text][mk_custom_list style=&#8221;mk-icon-print&#8221; icon_color=&#8221;#439539&#8243; margin_bottom=&#8221;5&#8243; align=&#8221;left&#8221;]\n<ul>\n<li><a href=\"https:\/\/whsrn.org\/wp-content\/uploads\/2023\/01\/leccion1_hojadeactividades_superalimentos.pdf\" target=\"_blank\" rel=\"noopener\">Material imprimible<\/a><\/li>\n<\/ul>\n[\/mk_custom_list][mk_custom_list style=&#8221;mk-moon-stack-play&#8221; icon_color=&#8221;#439539&#8243; margin_bottom=&#8221;20&#8243; align=&#8221;left&#8221;]\n<ul>\n<li><a href=\"https:\/\/docs.google.com\/presentation\/d\/1sRudcGoU_GBrw00VcP2Bh0fOCS-nmxGYyolTBd9rNTQ\/edit?usp=share_link\" target=\"_blank\" rel=\"noopener\">Presentaci\u00f3n de diapositivas<\/a><\/li>\n<\/ul>\n[\/mk_custom_list][\/vc_column_inner][\/vc_row_inner][mk_padding_divider size=&#8221;30&#8243; visibility=&#8221;visible-sm&#8221;][mk_fancy_title tag_name=&#8221;span&#8221; color=&#8221;#3d4045&#8243; size=&#8221;12&#8243; font_weight=&#8221;bold&#8221; margin_top=&#8221;20&#8243; font_family=&#8221;none&#8221; responsive_align=&#8221;left&#8221;]Foto de Portada: <i>Maina Handmaker<\/i>[\/mk_fancy_title][\/vc_column][\/mk_page_section]\n","protected":false},"excerpt":{"rendered":"<p>[mk_page_section bg_image=&#8221;https:\/\/whsrn.org\/wp-content\/uploads\/2022\/03\/curriculum1_page-header.jpg&#8221; bg_image_portrait=&#8221;https:\/\/whsrn.org\/wp-content\/uploads\/2022\/03\/curriculum1_header-portrait-mobile.jpg&#8221; bg_color=&#8221;#5e5e5e&#8221; bg_position=&#8221;center center&#8221; bg_repeat=&#8221;no-repeat&#8221; bg_stretch=&#8221;true&#8221; video_color_mask=&#8221;#cccccc&#8221; video_opacity=&#8221;.4&#8243; min_height=&#8221;325&#8243; sidebar=&#8221;sidebar-1&#8243;][vc_column][mk_padding_divider size=&#8221;120&#8243;][mk_padding_divider size=&#8221;30&#8243; visibility=&#8221;visible-sm&#8221;][mk_fancy_title tag_name=&#8221;h1&#8243; color=&#8221;#ffffff&#8221; size=&#8221;75&#8243; force_font_size=&#8221;true&#8221; size_phone=&#8221;42&#8243; font_weight=&#8221;900&#8243; font_family=&#8221;Roboto+Condensed&#8221; font_type=&#8221;google&#8221; align=&#8221;center&#8221;]Lecci\u00f3n 1. \u00bfQu\u00e9 es un ave playera?[\/mk_fancy_title][\/vc_column][\/mk_page_section][mk_page_section section_layout=&#8221;right&#8221; padding_top=&#8221;25&#8243; padding_bottom=&#8221;0&#8243; margin_bottom=&#8221;30&#8243; sidebar=&#8221;sidebar-24&#8243;][vc_column border_color=&#8221;#ffffff&#8221; css=&#8221;.vc_custom_1542639941640{margin-right: 0px !important;margin-left: 0px !important;border-top-width: 0px !important;border-right-width: 0px !important;border-bottom-width: 0px !important;border-left-width: 0px !important;padding-right: 4px !important;padding-left: 0px !important;border-left-color: #ffffff !important;border-right-color: [&hellip;]<\/p>\n","protected":false},"author":17,"featured_media":0,"parent":19140,"menu_order":0,"comment_status":"closed","ping_status":"closed","template":"","meta":{"nf_dc_page":"","footnotes":""},"class_list":["post-19147","page","type-page","status-publish","hentry"],"yoast_head":"<!-- This site is optimized with the Yoast SEO plugin v27.2 - https:\/\/yoast.com\/product\/yoast-seo-wordpress\/ -->\n<title>Lecci\u00f3n 1. \u00bfQu\u00e9 es un ave playera? &#8211; WHSRN<\/title>\n<meta name=\"robots\" content=\"index, follow, max-snippet:-1, max-image-preview:large, max-video-preview:-1\" \/>\n<link rel=\"canonical\" href=\"https:\/\/whsrn.org\/es\/descubramos-las-aves-playeras\/leccion-1-que-es-un-ave-playera\/\" \/>\n<meta property=\"og:locale\" content=\"es_ES\" \/>\n<meta property=\"og:type\" content=\"article\" \/>\n<meta property=\"og:title\" content=\"Lecci\u00f3n 1. \u00bfQu\u00e9 es un ave playera? &#8211; WHSRN\" \/>\n<meta property=\"og:description\" content=\"[mk_page_section bg_image=&#8221;https:\/\/whsrn.org\/wp-content\/uploads\/2022\/03\/curriculum1_page-header.jpg&#8221; bg_image_portrait=&#8221;https:\/\/whsrn.org\/wp-content\/uploads\/2022\/03\/curriculum1_header-portrait-mobile.jpg&#8221; bg_color=&#8221;#5e5e5e&#8221; bg_position=&#8221;center center&#8221; bg_repeat=&#8221;no-repeat&#8221; bg_stretch=&#8221;true&#8221; video_color_mask=&#8221;#cccccc&#8221; video_opacity=&#8221;.4&#8243; min_height=&#8221;325&#8243; sidebar=&#8221;sidebar-1&#8243;][vc_column][mk_padding_divider size=&#8221;120&#8243;][mk_padding_divider size=&#8221;30&#8243; visibility=&#8221;visible-sm&#8221;][mk_fancy_title tag_name=&#8221;h1&#8243; color=&#8221;#ffffff&#8221; size=&#8221;75&#8243; force_font_size=&#8221;true&#8221; size_phone=&#8221;42&#8243; font_weight=&#8221;900&#8243; font_family=&#8221;Roboto+Condensed&#8221; font_type=&#8221;google&#8221; align=&#8221;center&#8221;]Lecci\u00f3n 1. \u00bfQu\u00e9 es un ave playera?[\/mk_fancy_title][\/vc_column][\/mk_page_section][mk_page_section section_layout=&#8221;right&#8221; padding_top=&#8221;25&#8243; padding_bottom=&#8221;0&#8243; margin_bottom=&#8221;30&#8243; sidebar=&#8221;sidebar-24&#8243;][vc_column border_color=&#8221;#ffffff&#8221; css=&#8221;.vc_custom_1542639941640{margin-right: 0px !important;margin-left: 0px !important;border-top-width: 0px !important;border-right-width: 0px !important;border-bottom-width: 0px !important;border-left-width: 0px !important;padding-right: 4px !important;padding-left: 0px !important;border-left-color: #ffffff !important;border-right-color: [&hellip;]\" \/>\n<meta property=\"og:url\" content=\"https:\/\/whsrn.org\/es\/descubramos-las-aves-playeras\/leccion-1-que-es-un-ave-playera\/\" \/>\n<meta property=\"og:site_name\" content=\"WHSRN\" \/>\n<meta property=\"article:publisher\" content=\"https:\/\/www.facebook.com\/WHSRN\" \/>\n<meta property=\"article:modified_time\" content=\"2023-01-31T18:54:44+00:00\" \/>\n<meta name=\"twitter:card\" content=\"summary_large_image\" \/>\n<meta name=\"twitter:site\" content=\"@WHSRN\" \/>\n<meta name=\"twitter:label1\" content=\"Tiempo de lectura\" \/>\n\t<meta name=\"twitter:data1\" content=\"2 minutos\" \/>\n<script type=\"application\/ld+json\" class=\"yoast-schema-graph\">{\"@context\":\"https:\/\/schema.org\",\"@graph\":[{\"@type\":\"WebPage\",\"@id\":\"https:\/\/whsrn.org\/es\/descubramos-las-aves-playeras\/leccion-1-que-es-un-ave-playera\/\",\"url\":\"https:\/\/whsrn.org\/es\/descubramos-las-aves-playeras\/leccion-1-que-es-un-ave-playera\/\",\"name\":\"Lecci\u00f3n 1. \u00bfQu\u00e9 es un ave playera? &#8211; WHSRN\",\"isPartOf\":{\"@id\":\"https:\/\/whsrn.org\/es\/#website\"},\"datePublished\":\"2023-01-13T21:11:04+00:00\",\"dateModified\":\"2023-01-31T18:54:44+00:00\",\"breadcrumb\":{\"@id\":\"https:\/\/whsrn.org\/es\/descubramos-las-aves-playeras\/leccion-1-que-es-un-ave-playera\/#breadcrumb\"},\"inLanguage\":\"es\",\"potentialAction\":[{\"@type\":\"ReadAction\",\"target\":[\"https:\/\/whsrn.org\/es\/descubramos-las-aves-playeras\/leccion-1-que-es-un-ave-playera\/\"]}]},{\"@type\":\"BreadcrumbList\",\"@id\":\"https:\/\/whsrn.org\/es\/descubramos-las-aves-playeras\/leccion-1-que-es-un-ave-playera\/#breadcrumb\",\"itemListElement\":[{\"@type\":\"ListItem\",\"position\":1,\"name\":\"Home\",\"item\":\"https:\/\/whsrn.org\/es\/\"},{\"@type\":\"ListItem\",\"position\":2,\"name\":\"Descubramos a las Aves Playeras\",\"item\":\"https:\/\/whsrn.org\/es\/descubramos-las-aves-playeras\/\"},{\"@type\":\"ListItem\",\"position\":3,\"name\":\"Lecci\u00f3n 1. \u00bfQu\u00e9 es un ave playera?\"}]},{\"@type\":\"WebSite\",\"@id\":\"https:\/\/whsrn.org\/es\/#website\",\"url\":\"https:\/\/whsrn.org\/es\/\",\"name\":\"WHSRN\",\"description\":\"Western Hemisphere Shorebird Reserve Network\",\"publisher\":{\"@id\":\"https:\/\/whsrn.org\/es\/#organization\"},\"potentialAction\":[{\"@type\":\"SearchAction\",\"target\":{\"@type\":\"EntryPoint\",\"urlTemplate\":\"https:\/\/whsrn.org\/es\/?s={search_term_string}\"},\"query-input\":{\"@type\":\"PropertyValueSpecification\",\"valueRequired\":true,\"valueName\":\"search_term_string\"}}],\"inLanguage\":\"es\"},{\"@type\":\"Organization\",\"@id\":\"https:\/\/whsrn.org\/es\/#organization\",\"name\":\"Western Hemisphere Shorebird Reserve Network\",\"url\":\"https:\/\/whsrn.org\/es\/\",\"logo\":{\"@type\":\"ImageObject\",\"inLanguage\":\"es\",\"@id\":\"https:\/\/whsrn.org\/es\/#\/schema\/logo\/image\/\",\"url\":\"https:\/\/whsrn.org\/wp-content\/uploads\/2021\/01\/whsrn_nostrapline_square.png\",\"contentUrl\":\"https:\/\/whsrn.org\/wp-content\/uploads\/2021\/01\/whsrn_nostrapline_square.png\",\"width\":800,\"height\":800,\"caption\":\"Western Hemisphere Shorebird Reserve Network\"},\"image\":{\"@id\":\"https:\/\/whsrn.org\/es\/#\/schema\/logo\/image\/\"},\"sameAs\":[\"https:\/\/www.facebook.com\/WHSRN\",\"https:\/\/x.com\/WHSRN\",\"https:\/\/www.youtube.com\/channel\/UCDMz2oCsiK8e03UxFhHhdEA\"]}]}<\/script>\n<!-- \/ Yoast SEO plugin. -->","yoast_head_json":{"title":"Lecci\u00f3n 1. \u00bfQu\u00e9 es un ave playera? &#8211; WHSRN","robots":{"index":"index","follow":"follow","max-snippet":"max-snippet:-1","max-image-preview":"max-image-preview:large","max-video-preview":"max-video-preview:-1"},"canonical":"https:\/\/whsrn.org\/es\/descubramos-las-aves-playeras\/leccion-1-que-es-un-ave-playera\/","og_locale":"es_ES","og_type":"article","og_title":"Lecci\u00f3n 1. \u00bfQu\u00e9 es un ave playera? &#8211; WHSRN","og_description":"[mk_page_section bg_image=&#8221;https:\/\/whsrn.org\/wp-content\/uploads\/2022\/03\/curriculum1_page-header.jpg&#8221; bg_image_portrait=&#8221;https:\/\/whsrn.org\/wp-content\/uploads\/2022\/03\/curriculum1_header-portrait-mobile.jpg&#8221; bg_color=&#8221;#5e5e5e&#8221; bg_position=&#8221;center center&#8221; bg_repeat=&#8221;no-repeat&#8221; bg_stretch=&#8221;true&#8221; video_color_mask=&#8221;#cccccc&#8221; video_opacity=&#8221;.4&#8243; min_height=&#8221;325&#8243; sidebar=&#8221;sidebar-1&#8243;][vc_column][mk_padding_divider size=&#8221;120&#8243;][mk_padding_divider size=&#8221;30&#8243; visibility=&#8221;visible-sm&#8221;][mk_fancy_title tag_name=&#8221;h1&#8243; color=&#8221;#ffffff&#8221; size=&#8221;75&#8243; force_font_size=&#8221;true&#8221; size_phone=&#8221;42&#8243; font_weight=&#8221;900&#8243; font_family=&#8221;Roboto+Condensed&#8221; font_type=&#8221;google&#8221; align=&#8221;center&#8221;]Lecci\u00f3n 1. \u00bfQu\u00e9 es un ave playera?[\/mk_fancy_title][\/vc_column][\/mk_page_section][mk_page_section section_layout=&#8221;right&#8221; padding_top=&#8221;25&#8243; padding_bottom=&#8221;0&#8243; margin_bottom=&#8221;30&#8243; sidebar=&#8221;sidebar-24&#8243;][vc_column border_color=&#8221;#ffffff&#8221; css=&#8221;.vc_custom_1542639941640{margin-right: 0px !important;margin-left: 0px !important;border-top-width: 0px !important;border-right-width: 0px !important;border-bottom-width: 0px !important;border-left-width: 0px !important;padding-right: 4px !important;padding-left: 0px !important;border-left-color: #ffffff !important;border-right-color: [&hellip;]","og_url":"https:\/\/whsrn.org\/es\/descubramos-las-aves-playeras\/leccion-1-que-es-un-ave-playera\/","og_site_name":"WHSRN","article_publisher":"https:\/\/www.facebook.com\/WHSRN","article_modified_time":"2023-01-31T18:54:44+00:00","twitter_card":"summary_large_image","twitter_site":"@WHSRN","twitter_misc":{"Tiempo de lectura":"2 minutos"},"schema":{"@context":"https:\/\/schema.org","@graph":[{"@type":"WebPage","@id":"https:\/\/whsrn.org\/es\/descubramos-las-aves-playeras\/leccion-1-que-es-un-ave-playera\/","url":"https:\/\/whsrn.org\/es\/descubramos-las-aves-playeras\/leccion-1-que-es-un-ave-playera\/","name":"Lecci\u00f3n 1. \u00bfQu\u00e9 es un ave playera? &#8211; WHSRN","isPartOf":{"@id":"https:\/\/whsrn.org\/es\/#website"},"datePublished":"2023-01-13T21:11:04+00:00","dateModified":"2023-01-31T18:54:44+00:00","breadcrumb":{"@id":"https:\/\/whsrn.org\/es\/descubramos-las-aves-playeras\/leccion-1-que-es-un-ave-playera\/#breadcrumb"},"inLanguage":"es","potentialAction":[{"@type":"ReadAction","target":["https:\/\/whsrn.org\/es\/descubramos-las-aves-playeras\/leccion-1-que-es-un-ave-playera\/"]}]},{"@type":"BreadcrumbList","@id":"https:\/\/whsrn.org\/es\/descubramos-las-aves-playeras\/leccion-1-que-es-un-ave-playera\/#breadcrumb","itemListElement":[{"@type":"ListItem","position":1,"name":"Home","item":"https:\/\/whsrn.org\/es\/"},{"@type":"ListItem","position":2,"name":"Descubramos a las Aves Playeras","item":"https:\/\/whsrn.org\/es\/descubramos-las-aves-playeras\/"},{"@type":"ListItem","position":3,"name":"Lecci\u00f3n 1. \u00bfQu\u00e9 es un ave playera?"}]},{"@type":"WebSite","@id":"https:\/\/whsrn.org\/es\/#website","url":"https:\/\/whsrn.org\/es\/","name":"WHSRN","description":"Western Hemisphere Shorebird Reserve Network","publisher":{"@id":"https:\/\/whsrn.org\/es\/#organization"},"potentialAction":[{"@type":"SearchAction","target":{"@type":"EntryPoint","urlTemplate":"https:\/\/whsrn.org\/es\/?s={search_term_string}"},"query-input":{"@type":"PropertyValueSpecification","valueRequired":true,"valueName":"search_term_string"}}],"inLanguage":"es"},{"@type":"Organization","@id":"https:\/\/whsrn.org\/es\/#organization","name":"Western Hemisphere Shorebird Reserve Network","url":"https:\/\/whsrn.org\/es\/","logo":{"@type":"ImageObject","inLanguage":"es","@id":"https:\/\/whsrn.org\/es\/#\/schema\/logo\/image\/","url":"https:\/\/whsrn.org\/wp-content\/uploads\/2021\/01\/whsrn_nostrapline_square.png","contentUrl":"https:\/\/whsrn.org\/wp-content\/uploads\/2021\/01\/whsrn_nostrapline_square.png","width":800,"height":800,"caption":"Western Hemisphere Shorebird Reserve Network"},"image":{"@id":"https:\/\/whsrn.org\/es\/#\/schema\/logo\/image\/"},"sameAs":["https:\/\/www.facebook.com\/WHSRN","https:\/\/x.com\/WHSRN","https:\/\/www.youtube.com\/channel\/UCDMz2oCsiK8e03UxFhHhdEA"]}]}},"_links":{"self":[{"href":"https:\/\/whsrn.org\/es\/wp-json\/wp\/v2\/pages\/19147","targetHints":{"allow":["GET"]}}],"collection":[{"href":"https:\/\/whsrn.org\/es\/wp-json\/wp\/v2\/pages"}],"about":[{"href":"https:\/\/whsrn.org\/es\/wp-json\/wp\/v2\/types\/page"}],"author":[{"embeddable":true,"href":"https:\/\/whsrn.org\/es\/wp-json\/wp\/v2\/users\/17"}],"replies":[{"embeddable":true,"href":"https:\/\/whsrn.org\/es\/wp-json\/wp\/v2\/comments?post=19147"}],"version-history":[{"count":5,"href":"https:\/\/whsrn.org\/es\/wp-json\/wp\/v2\/pages\/19147\/revisions"}],"predecessor-version":[{"id":23434,"href":"https:\/\/whsrn.org\/es\/wp-json\/wp\/v2\/pages\/19147\/revisions\/23434"}],"up":[{"embeddable":true,"href":"https:\/\/whsrn.org\/es\/wp-json\/wp\/v2\/pages\/19140"}],"wp:attachment":[{"href":"https:\/\/whsrn.org\/es\/wp-json\/wp\/v2\/media?parent=19147"}],"curies":[{"name":"wp","href":"https:\/\/api.w.org\/{rel}","templated":true}]}}