{"id":19140,"date":"2023-01-13T18:51:20","date_gmt":"2023-01-13T18:51:20","guid":{"rendered":"https:\/\/whsrn.org\/descubre-las-aves-playeras\/"},"modified":"2023-01-31T02:09:34","modified_gmt":"2023-01-31T02:09:34","slug":"descubramos-las-aves-playeras","status":"publish","type":"page","link":"https:\/\/whsrn.org\/es\/descubramos-las-aves-playeras\/","title":{"rendered":"Descubramos a las Aves Playeras"},"content":{"rendered":"[mk_page_section bg_image=&#8221;https:\/\/whsrn.org\/wp-content\/uploads\/2022\/03\/curriculum0_page-header.jpg&#8221; bg_image_portrait=&#8221;https:\/\/whsrn.org\/wp-content\/uploads\/2022\/03\/curriculum0_header-portrait-mobile.jpg&#8221; bg_color=&#8221;#5e5e5e&#8221; bg_position=&#8221;center center&#8221; bg_repeat=&#8221;no-repeat&#8221; bg_stretch=&#8221;true&#8221; video_color_mask=&#8221;#cccccc&#8221; video_opacity=&#8221;.4&#8243; min_height=&#8221;325&#8243; sidebar=&#8221;sidebar-1&#8243;][vc_column][mk_padding_divider size=&#8221;120&#8243;][mk_padding_divider size=&#8221;30&#8243; visibility=&#8221;visible-sm&#8221;][mk_fancy_title tag_name=&#8221;h1&#8243; color=&#8221;#ffffff&#8221; size=&#8221;75&#8243; force_font_size=&#8221;true&#8221; size_phone=&#8221;42&#8243; font_weight=&#8221;900&#8243; font_family=&#8221;Roboto+Condensed&#8221; font_type=&#8221;google&#8221; align=&#8221;center&#8221;]<span class=\"color_35\">Descubramos a las Aves Playeras<\/span>[\/mk_fancy_title][\/vc_column][\/mk_page_section][mk_page_section bg_color=&#8221;#f2f2f2&#8243; padding_top=&#8221;25&#8243; sidebar=&#8221;sidebar-1&#8243;][vc_column css=&#8221;.vc_custom_1534796504266{padding-right: 35px !important;}&#8221;][mk_fancy_title color=&#8221;#53565a&#8221; size=&#8221;38&#8243; force_font_size=&#8221;true&#8221; size_phone=&#8221;36&#8243; line_height=&#8221;120&#8243; font_weight=&#8221;300&#8243; txt_transform=&#8221;none&#8221; margin_bottom=&#8221;0&#8243; font_family=&#8221;Roboto&#8221; font_type=&#8221;google&#8221; responsive_align=&#8221;left&#8221;]Gu\u00eda para el educador <strong>\u00b7<\/strong> Plan de estudios <strong>\u00b7<\/strong> Recursos did\u00e1cticos[\/mk_fancy_title][\/vc_column][\/mk_page_section][mk_page_section section_layout=&#8221;right&#8221; padding_top=&#8221;0&#8243; padding_bottom=&#8221;0&#8243; margin_bottom=&#8221;30&#8243; sidebar=&#8221;sidebar-24&#8243;][vc_column border_color=&#8221;#ffffff&#8221; css=&#8221;.vc_custom_1542639941640{margin-right: 0px !important;margin-left: 0px !important;border-top-width: 0px !important;border-right-width: 0px !important;border-bottom-width: 0px !important;border-left-width: 0px !important;padding-right: 4px !important;padding-left: 0px !important;border-left-color: #ffffff !important;border-right-color: #ffffff !important;border-top-color: #ffffff !important;border-bottom-color: #ffffff !important;}&#8221;][mk_fancy_title tag_name=&#8221;span&#8221; color=&#8221;#ffffff&#8221; size=&#8221;40&#8243; line_height=&#8221;70&#8243; font_weight=&#8221;300&#8243; font_style=&#8221;normal&#8221; txt_transform=&#8221;none&#8221; margin_bottom=&#8221;0&#8243; font_family=&#8221;Roboto&#8221; font_type=&#8221;google&#8221; responsive_align=&#8221;left&#8221;]\n<h4 style=\"text-align: center;\">[<span class=\"Y2IQFc\" lang=\"fr\"><a href=\"https:\/\/whsrn.org\/decouvrez-les-oiseaux-de-rivage\/\">Franc\u00e9s<\/a>]<\/span><\/h4>\n[\/mk_fancy_title][mk_fancy_title color=&#8221;#53565a&#8221; size=&#8221;38&#8243; force_font_size=&#8221;true&#8221; size_phone=&#8221;36&#8243; line_height=&#8221;120&#8243; font_weight=&#8221;300&#8243; txt_transform=&#8221;none&#8221; margin_top=&#8221;1&#8243; margin_bottom=&#8221;1&#8243; font_family=&#8221;Roboto&#8221; font_type=&#8221;google&#8221; responsive_align=&#8221;left&#8221;]\n<h5>Descubre las aves playeras y sus necesidades de conservaci\u00f3n &#8211; Lecciones para los grados 3-8<\/h5>\n[\/mk_fancy_title][vc_column_text css=&#8221;.vc_custom_1675130945870{margin-bottom: 0px !important;}&#8221;]Este <a href=\"https:\/\/whsrn.org\/wp-content\/uploads\/2023\/01\/discover-shorebirds_espanol_full.pdf\" target=\"_blank\" rel=\"noopener\">plan de estudios<\/a> ayudar\u00e1 a los estudiantes a conectar con las aves playeras, la conservaci\u00f3n y la importancia de los ecosistemas locales. Hay cinco lecciones que cubren la biolog\u00eda de las aves playeras, la ecolog\u00eda, la migraci\u00f3n, las tecnolog\u00edas de seguimiento, las amenazas, los servicios ecosist\u00e9micos y el manejo del h\u00e1bitat. Cada lecci\u00f3n incluye actividades pr\u00e1cticas, fichas de actividades, materiales de apoyo y recursos did\u00e1cticos. Las lecciones son ideales para las aulas, la educaci\u00f3n en casa o los centros de naturaleza. (<a href=\"https:\/\/whsrn.org\/wp-content\/uploads\/2023\/01\/discover-shorebirds_espanol_full.pdf\" target=\"_blank\" rel=\"noopener\">Descargue aqu\u00ed el plan de estudios completo<\/a>)<\/p>\n<p>El material incluido en este paquete se dise\u00f1\u00f3 consultando diferentes est\u00e1ndares de ense\u00f1anza identificados para los Grados 3-8 (edades 8-13) en Canad\u00e1, sin embargo estos objetivos podr\u00edan adaptarse en escuelas de todo el Hemisferio Occidental.[\/vc_column_text][mk_button dimension=&#8221;flat&#8221; size=&#8221;large&#8221; letter_spacing=&#8221;2&#8243; url=&#8221;https:\/\/whsrn.org\/wp-content\/uploads\/2023\/01\/guia_educador.pdf&#8221; target=&#8221;_blank&#8221; align=&#8221;center&#8221; margin_top=&#8221;25&#8243; bg_color=&#8221;#005695&#8243; btn_hover_bg=&#8221;#f2f2f2&#8243; btn_hover_txt_color=&#8221;#005695&#8243;]Revise la gu\u00eda para el educador[\/mk_button][mk_padding_divider size=&#8221;77&#8243; visibility=&#8221;visible-sm&#8221;][mk_padding_divider size=&#8221;77&#8243; visibility=&#8221;visible-sm&#8221;][mk_padding_divider size=&#8221;77&#8243; visibility=&#8221;visible-sm&#8221;][vc_column_text css=&#8221;.vc_custom_1650037321400{margin-bottom: 0px !important;}&#8221;]\n<p style=\"text-align: center;\"><strong>El plan de estudios fue creado por:<\/strong><\/p>\n[\/vc_column_text][mk_image src=&#8221;https:\/\/whsrn.org\/wp-content\/uploads\/2022\/04\/all_medium.jpg&#8221; image_size=&#8221;full&#8221; align=&#8221;center&#8221;][mk_padding_divider size=&#8221;77&#8243; visibility=&#8221;visible-sm&#8221;][mk_image src=&#8221;https:\/\/whsrn.org\/wp-content\/uploads\/2022\/04\/eccc.jpg&#8221; image_size=&#8221;full&#8221; align=&#8221;center&#8221;][\/vc_column][\/mk_page_section][mk_page_section][vc_column][mk_fancy_title tag_name=&#8221;span&#8221; color=&#8221;#3d4045&#8243; size=&#8221;12&#8243; font_weight=&#8221;bold&#8221; margin_top=&#8221;20&#8243; font_family=&#8221;none&#8221; responsive_align=&#8221;left&#8221;]Foto de Portada: <i>John King<\/i>.[\/mk_fancy_title][\/vc_column][\/mk_page_section]\n","protected":false},"excerpt":{"rendered":"<p>[mk_page_section bg_image=&#8221;https:\/\/whsrn.org\/wp-content\/uploads\/2022\/03\/curriculum0_page-header.jpg&#8221; bg_image_portrait=&#8221;https:\/\/whsrn.org\/wp-content\/uploads\/2022\/03\/curriculum0_header-portrait-mobile.jpg&#8221; bg_color=&#8221;#5e5e5e&#8221; bg_position=&#8221;center center&#8221; bg_repeat=&#8221;no-repeat&#8221; bg_stretch=&#8221;true&#8221; video_color_mask=&#8221;#cccccc&#8221; video_opacity=&#8221;.4&#8243; min_height=&#8221;325&#8243; sidebar=&#8221;sidebar-1&#8243;][vc_column][mk_padding_divider size=&#8221;120&#8243;][mk_padding_divider size=&#8221;30&#8243; visibility=&#8221;visible-sm&#8221;][mk_fancy_title tag_name=&#8221;h1&#8243; color=&#8221;#ffffff&#8221; size=&#8221;75&#8243; force_font_size=&#8221;true&#8221; size_phone=&#8221;42&#8243; font_weight=&#8221;900&#8243; font_family=&#8221;Roboto+Condensed&#8221; font_type=&#8221;google&#8221; align=&#8221;center&#8221;]Descubramos a las Aves Playeras[\/mk_fancy_title][\/vc_column][\/mk_page_section][mk_page_section bg_color=&#8221;#f2f2f2&#8243; padding_top=&#8221;25&#8243; sidebar=&#8221;sidebar-1&#8243;][vc_column css=&#8221;.vc_custom_1534796504266{padding-right: 35px !important;}&#8221;][mk_fancy_title color=&#8221;#53565a&#8221; size=&#8221;38&#8243; force_font_size=&#8221;true&#8221; size_phone=&#8221;36&#8243; line_height=&#8221;120&#8243; font_weight=&#8221;300&#8243; txt_transform=&#8221;none&#8221; margin_bottom=&#8221;0&#8243; font_family=&#8221;Roboto&#8221; font_type=&#8221;google&#8221; responsive_align=&#8221;left&#8221;]Gu\u00eda para el educador \u00b7 Plan de estudios \u00b7 Recursos did\u00e1cticos[\/mk_fancy_title][\/vc_column][\/mk_page_section][mk_page_section [&hellip;]<\/p>\n","protected":false},"author":17,"featured_media":0,"parent":0,"menu_order":0,"comment_status":"closed","ping_status":"closed","template":"","meta":{"nf_dc_page":"","footnotes":""},"class_list":["post-19140","page","type-page","status-publish","hentry"],"yoast_head":"<!-- This site is optimized with the Yoast SEO plugin v27.2 - https:\/\/yoast.com\/product\/yoast-seo-wordpress\/ -->\n<title>Descubramos a las Aves Playeras &#8211; WHSRN<\/title>\n<meta name=\"robots\" content=\"index, follow, max-snippet:-1, max-image-preview:large, max-video-preview:-1\" \/>\n<link rel=\"canonical\" href=\"https:\/\/whsrn.org\/es\/descubramos-las-aves-playeras\/\" \/>\n<meta property=\"og:locale\" content=\"es_ES\" \/>\n<meta property=\"og:type\" content=\"article\" \/>\n<meta property=\"og:title\" content=\"Descubramos a las Aves Playeras &#8211; WHSRN\" \/>\n<meta property=\"og:description\" content=\"[mk_page_section bg_image=&#8221;https:\/\/whsrn.org\/wp-content\/uploads\/2022\/03\/curriculum0_page-header.jpg&#8221; bg_image_portrait=&#8221;https:\/\/whsrn.org\/wp-content\/uploads\/2022\/03\/curriculum0_header-portrait-mobile.jpg&#8221; bg_color=&#8221;#5e5e5e&#8221; bg_position=&#8221;center center&#8221; bg_repeat=&#8221;no-repeat&#8221; bg_stretch=&#8221;true&#8221; video_color_mask=&#8221;#cccccc&#8221; video_opacity=&#8221;.4&#8243; min_height=&#8221;325&#8243; sidebar=&#8221;sidebar-1&#8243;][vc_column][mk_padding_divider size=&#8221;120&#8243;][mk_padding_divider size=&#8221;30&#8243; visibility=&#8221;visible-sm&#8221;][mk_fancy_title tag_name=&#8221;h1&#8243; color=&#8221;#ffffff&#8221; size=&#8221;75&#8243; force_font_size=&#8221;true&#8221; size_phone=&#8221;42&#8243; font_weight=&#8221;900&#8243; font_family=&#8221;Roboto+Condensed&#8221; font_type=&#8221;google&#8221; align=&#8221;center&#8221;]Descubramos a las Aves Playeras[\/mk_fancy_title][\/vc_column][\/mk_page_section][mk_page_section bg_color=&#8221;#f2f2f2&#8243; padding_top=&#8221;25&#8243; sidebar=&#8221;sidebar-1&#8243;][vc_column css=&#8221;.vc_custom_1534796504266{padding-right: 35px !important;}&#8221;][mk_fancy_title color=&#8221;#53565a&#8221; size=&#8221;38&#8243; force_font_size=&#8221;true&#8221; size_phone=&#8221;36&#8243; line_height=&#8221;120&#8243; font_weight=&#8221;300&#8243; txt_transform=&#8221;none&#8221; margin_bottom=&#8221;0&#8243; font_family=&#8221;Roboto&#8221; font_type=&#8221;google&#8221; responsive_align=&#8221;left&#8221;]Gu\u00eda para el educador \u00b7 Plan de estudios \u00b7 Recursos did\u00e1cticos[\/mk_fancy_title][\/vc_column][\/mk_page_section][mk_page_section [&hellip;]\" \/>\n<meta property=\"og:url\" content=\"https:\/\/whsrn.org\/es\/descubramos-las-aves-playeras\/\" \/>\n<meta property=\"og:site_name\" content=\"WHSRN\" \/>\n<meta property=\"article:publisher\" content=\"https:\/\/www.facebook.com\/WHSRN\" \/>\n<meta property=\"article:modified_time\" content=\"2023-01-31T02:09:34+00:00\" \/>\n<meta name=\"twitter:card\" content=\"summary_large_image\" \/>\n<meta name=\"twitter:site\" content=\"@WHSRN\" \/>\n<meta name=\"twitter:label1\" content=\"Tiempo de lectura\" \/>\n\t<meta name=\"twitter:data1\" content=\"2 minutos\" \/>\n<script type=\"application\/ld+json\" class=\"yoast-schema-graph\">{\"@context\":\"https:\/\/schema.org\",\"@graph\":[{\"@type\":\"WebPage\",\"@id\":\"https:\/\/whsrn.org\/es\/descubramos-las-aves-playeras\/\",\"url\":\"https:\/\/whsrn.org\/es\/descubramos-las-aves-playeras\/\",\"name\":\"Descubramos a las Aves Playeras &#8211; WHSRN\",\"isPartOf\":{\"@id\":\"https:\/\/whsrn.org\/es\/#website\"},\"datePublished\":\"2023-01-13T18:51:20+00:00\",\"dateModified\":\"2023-01-31T02:09:34+00:00\",\"breadcrumb\":{\"@id\":\"https:\/\/whsrn.org\/es\/descubramos-las-aves-playeras\/#breadcrumb\"},\"inLanguage\":\"es\",\"potentialAction\":[{\"@type\":\"ReadAction\",\"target\":[\"https:\/\/whsrn.org\/es\/descubramos-las-aves-playeras\/\"]}]},{\"@type\":\"BreadcrumbList\",\"@id\":\"https:\/\/whsrn.org\/es\/descubramos-las-aves-playeras\/#breadcrumb\",\"itemListElement\":[{\"@type\":\"ListItem\",\"position\":1,\"name\":\"Home\",\"item\":\"https:\/\/whsrn.org\/es\/\"},{\"@type\":\"ListItem\",\"position\":2,\"name\":\"Descubramos a las Aves Playeras\"}]},{\"@type\":\"WebSite\",\"@id\":\"https:\/\/whsrn.org\/es\/#website\",\"url\":\"https:\/\/whsrn.org\/es\/\",\"name\":\"WHSRN\",\"description\":\"Western Hemisphere Shorebird Reserve Network\",\"publisher\":{\"@id\":\"https:\/\/whsrn.org\/es\/#organization\"},\"potentialAction\":[{\"@type\":\"SearchAction\",\"target\":{\"@type\":\"EntryPoint\",\"urlTemplate\":\"https:\/\/whsrn.org\/es\/?s={search_term_string}\"},\"query-input\":{\"@type\":\"PropertyValueSpecification\",\"valueRequired\":true,\"valueName\":\"search_term_string\"}}],\"inLanguage\":\"es\"},{\"@type\":\"Organization\",\"@id\":\"https:\/\/whsrn.org\/es\/#organization\",\"name\":\"Western Hemisphere Shorebird Reserve Network\",\"url\":\"https:\/\/whsrn.org\/es\/\",\"logo\":{\"@type\":\"ImageObject\",\"inLanguage\":\"es\",\"@id\":\"https:\/\/whsrn.org\/es\/#\/schema\/logo\/image\/\",\"url\":\"https:\/\/whsrn.org\/wp-content\/uploads\/2021\/01\/whsrn_nostrapline_square.png\",\"contentUrl\":\"https:\/\/whsrn.org\/wp-content\/uploads\/2021\/01\/whsrn_nostrapline_square.png\",\"width\":800,\"height\":800,\"caption\":\"Western Hemisphere Shorebird Reserve Network\"},\"image\":{\"@id\":\"https:\/\/whsrn.org\/es\/#\/schema\/logo\/image\/\"},\"sameAs\":[\"https:\/\/www.facebook.com\/WHSRN\",\"https:\/\/x.com\/WHSRN\",\"https:\/\/www.youtube.com\/channel\/UCDMz2oCsiK8e03UxFhHhdEA\"]}]}<\/script>\n<!-- \/ Yoast SEO plugin. -->","yoast_head_json":{"title":"Descubramos a las Aves Playeras &#8211; WHSRN","robots":{"index":"index","follow":"follow","max-snippet":"max-snippet:-1","max-image-preview":"max-image-preview:large","max-video-preview":"max-video-preview:-1"},"canonical":"https:\/\/whsrn.org\/es\/descubramos-las-aves-playeras\/","og_locale":"es_ES","og_type":"article","og_title":"Descubramos a las Aves Playeras &#8211; WHSRN","og_description":"[mk_page_section bg_image=&#8221;https:\/\/whsrn.org\/wp-content\/uploads\/2022\/03\/curriculum0_page-header.jpg&#8221; bg_image_portrait=&#8221;https:\/\/whsrn.org\/wp-content\/uploads\/2022\/03\/curriculum0_header-portrait-mobile.jpg&#8221; bg_color=&#8221;#5e5e5e&#8221; bg_position=&#8221;center center&#8221; bg_repeat=&#8221;no-repeat&#8221; bg_stretch=&#8221;true&#8221; video_color_mask=&#8221;#cccccc&#8221; video_opacity=&#8221;.4&#8243; min_height=&#8221;325&#8243; sidebar=&#8221;sidebar-1&#8243;][vc_column][mk_padding_divider size=&#8221;120&#8243;][mk_padding_divider size=&#8221;30&#8243; visibility=&#8221;visible-sm&#8221;][mk_fancy_title tag_name=&#8221;h1&#8243; color=&#8221;#ffffff&#8221; size=&#8221;75&#8243; force_font_size=&#8221;true&#8221; size_phone=&#8221;42&#8243; font_weight=&#8221;900&#8243; font_family=&#8221;Roboto+Condensed&#8221; font_type=&#8221;google&#8221; align=&#8221;center&#8221;]Descubramos a las Aves Playeras[\/mk_fancy_title][\/vc_column][\/mk_page_section][mk_page_section bg_color=&#8221;#f2f2f2&#8243; padding_top=&#8221;25&#8243; sidebar=&#8221;sidebar-1&#8243;][vc_column css=&#8221;.vc_custom_1534796504266{padding-right: 35px !important;}&#8221;][mk_fancy_title color=&#8221;#53565a&#8221; size=&#8221;38&#8243; force_font_size=&#8221;true&#8221; size_phone=&#8221;36&#8243; line_height=&#8221;120&#8243; font_weight=&#8221;300&#8243; txt_transform=&#8221;none&#8221; margin_bottom=&#8221;0&#8243; font_family=&#8221;Roboto&#8221; font_type=&#8221;google&#8221; responsive_align=&#8221;left&#8221;]Gu\u00eda para el educador \u00b7 Plan de estudios \u00b7 Recursos did\u00e1cticos[\/mk_fancy_title][\/vc_column][\/mk_page_section][mk_page_section [&hellip;]","og_url":"https:\/\/whsrn.org\/es\/descubramos-las-aves-playeras\/","og_site_name":"WHSRN","article_publisher":"https:\/\/www.facebook.com\/WHSRN","article_modified_time":"2023-01-31T02:09:34+00:00","twitter_card":"summary_large_image","twitter_site":"@WHSRN","twitter_misc":{"Tiempo de lectura":"2 minutos"},"schema":{"@context":"https:\/\/schema.org","@graph":[{"@type":"WebPage","@id":"https:\/\/whsrn.org\/es\/descubramos-las-aves-playeras\/","url":"https:\/\/whsrn.org\/es\/descubramos-las-aves-playeras\/","name":"Descubramos a las Aves Playeras &#8211; WHSRN","isPartOf":{"@id":"https:\/\/whsrn.org\/es\/#website"},"datePublished":"2023-01-13T18:51:20+00:00","dateModified":"2023-01-31T02:09:34+00:00","breadcrumb":{"@id":"https:\/\/whsrn.org\/es\/descubramos-las-aves-playeras\/#breadcrumb"},"inLanguage":"es","potentialAction":[{"@type":"ReadAction","target":["https:\/\/whsrn.org\/es\/descubramos-las-aves-playeras\/"]}]},{"@type":"BreadcrumbList","@id":"https:\/\/whsrn.org\/es\/descubramos-las-aves-playeras\/#breadcrumb","itemListElement":[{"@type":"ListItem","position":1,"name":"Home","item":"https:\/\/whsrn.org\/es\/"},{"@type":"ListItem","position":2,"name":"Descubramos a las Aves Playeras"}]},{"@type":"WebSite","@id":"https:\/\/whsrn.org\/es\/#website","url":"https:\/\/whsrn.org\/es\/","name":"WHSRN","description":"Western Hemisphere Shorebird Reserve Network","publisher":{"@id":"https:\/\/whsrn.org\/es\/#organization"},"potentialAction":[{"@type":"SearchAction","target":{"@type":"EntryPoint","urlTemplate":"https:\/\/whsrn.org\/es\/?s={search_term_string}"},"query-input":{"@type":"PropertyValueSpecification","valueRequired":true,"valueName":"search_term_string"}}],"inLanguage":"es"},{"@type":"Organization","@id":"https:\/\/whsrn.org\/es\/#organization","name":"Western Hemisphere Shorebird Reserve Network","url":"https:\/\/whsrn.org\/es\/","logo":{"@type":"ImageObject","inLanguage":"es","@id":"https:\/\/whsrn.org\/es\/#\/schema\/logo\/image\/","url":"https:\/\/whsrn.org\/wp-content\/uploads\/2021\/01\/whsrn_nostrapline_square.png","contentUrl":"https:\/\/whsrn.org\/wp-content\/uploads\/2021\/01\/whsrn_nostrapline_square.png","width":800,"height":800,"caption":"Western Hemisphere Shorebird Reserve Network"},"image":{"@id":"https:\/\/whsrn.org\/es\/#\/schema\/logo\/image\/"},"sameAs":["https:\/\/www.facebook.com\/WHSRN","https:\/\/x.com\/WHSRN","https:\/\/www.youtube.com\/channel\/UCDMz2oCsiK8e03UxFhHhdEA"]}]}},"_links":{"self":[{"href":"https:\/\/whsrn.org\/es\/wp-json\/wp\/v2\/pages\/19140","targetHints":{"allow":["GET"]}}],"collection":[{"href":"https:\/\/whsrn.org\/es\/wp-json\/wp\/v2\/pages"}],"about":[{"href":"https:\/\/whsrn.org\/es\/wp-json\/wp\/v2\/types\/page"}],"author":[{"embeddable":true,"href":"https:\/\/whsrn.org\/es\/wp-json\/wp\/v2\/users\/17"}],"replies":[{"embeddable":true,"href":"https:\/\/whsrn.org\/es\/wp-json\/wp\/v2\/comments?post=19140"}],"version-history":[{"count":5,"href":"https:\/\/whsrn.org\/es\/wp-json\/wp\/v2\/pages\/19140\/revisions"}],"predecessor-version":[{"id":23360,"href":"https:\/\/whsrn.org\/es\/wp-json\/wp\/v2\/pages\/19140\/revisions\/23360"}],"wp:attachment":[{"href":"https:\/\/whsrn.org\/es\/wp-json\/wp\/v2\/media?parent=19140"}],"curies":[{"name":"wp","href":"https:\/\/api.w.org\/{rel}","templated":true}]}}