{"id":18233,"date":"2022-09-06T13:09:48","date_gmt":"2022-09-06T13:09:48","guid":{"rendered":"https:\/\/whsrn.org\/?page_id=18233"},"modified":"2022-09-06T14:27:23","modified_gmt":"2022-09-06T14:27:23","slug":"sitios-importantes-para-aves-playeras","status":"publish","type":"page","link":"https:\/\/whsrn.org\/es\/acerca-de-las-aves-playeras\/sitios-importantes-para-aves-playeras\/","title":{"rendered":"Sitios Importantes para Aves Playeras"},"content":{"rendered":"[mk_page_section bg_image=&#8221;https:\/\/whsrn.org\/wp-content\/uploads\/2022\/09\/whatsapp-image-2018-10-22-at-9.55.23-am.jpeg&#8221; bg_image_portrait=&#8221;https:\/\/whsrn.org\/wp-content\/uploads\/2019\/03\/shirebird-monitoring-header.jpg&#8221; bg_color=&#8221;#5e5e5e&#8221; bg_position=&#8221;center center&#8221; bg_repeat=&#8221;no-repeat&#8221; bg_stretch=&#8221;true&#8221; video_color_mask=&#8221;#cccccc&#8221; video_opacity=&#8221;.4&#8243; min_height=&#8221;325&#8243; sidebar=&#8221;sidebar-1&#8243;][vc_column][mk_padding_divider size=&#8221;120&#8243;][mk_fancy_title tag_name=&#8221;h1&#8243; color=&#8221;#ffffff&#8221; size=&#8221;75&#8243; force_font_size=&#8221;true&#8221; size_phone=&#8221;42&#8243; line_height=&#8221;110&#8243; font_weight=&#8221;900&#8243; font_family=&#8221;Roboto+Condensed&#8221; font_type=&#8221;google&#8221; align=&#8221;center&#8221;]Mapa de Sitios Importantes para Aves Playeras[\/mk_fancy_title][\/vc_column][\/mk_page_section][mk_page_section padding_top=&#8221;45&#8243; padding_bottom=&#8221;35&#8243; sidebar=&#8221;sidebar-1&#8243;][vc_column width=&#8221;1\/6&#8243; css=&#8221;.vc_custom_1534796504266{padding-right: 35px !important;}&#8221;][\/vc_column][vc_column width=&#8221;2\/3&#8243;][mk_fancy_title color=&#8221;#005695&#8243; size=&#8221;26&#8243; font_weight=&#8221;300&#8243; txt_transform=&#8221;none&#8221; margin_bottom=&#8221;0&#8243; font_family=&#8221;none&#8221; responsive_align=&#8221;left&#8221;]Identificar sitios importantes es el primer paso para conservar el h\u00e1bitat de las aves playeras.[\/mk_fancy_title][vc_column_text css=&#8221;.vc_custom_1662425549096{margin-bottom: 0px !important;}&#8221;]Este mapa interactivo fue creado para ayudar a todos los interesados a identificar vac\u00edos de conocimiento, facilitar el intercambio de informaci\u00f3n y determinar si un sitio cumple con los criterios de WHSRN \/ RHRAP. Una vez que se establece que un sitio cumple con los criterios, se puede buscar una nominaci\u00f3n a WHSRN \/ RHRAP para proteger los sitios mediante la participaci\u00f3n de los diferentes actores interesados y el mejoramiento de las acciones de conservaci\u00f3n.<\/p>\n<p>Use los filtros para organizar los sitios por especies, rutas migratorias y criterios . Los resultados de las consultas pueden exportarse para seguir explor\u00e1ndolos. Tambi\u00e9n se pueden explorar agrupaciones de cuatro o m\u00e1s sitios dentro de 10 kil\u00f3metros de distancia entre s\u00ed. Tener m\u00faltiples puntos de datos muy cercanos entre s\u00ed puede ayudar a fortalecer una nominaci\u00f3n de  RHRAP que cubra uno o m\u00e1s sitios dentro de un grupo.<\/p>\n<p>\u00bfFalta su sitio? Utilice el formulario para sugerir su inclusi\u00f3n o proporcionar una actualizaci\u00f3n del sitio en el mapa[\/vc_column_text][\/vc_column][vc_column width=&#8221;1\/6&#8243;][\/vc_column][\/mk_page_section][mk_page_section sidebar=&#8221;sidebar-1&#8243;][vc_column width=&#8221;1\/2&#8243;][mk_button dimension=&#8221;flat&#8221; size=&#8221;large&#8221; letter_spacing=&#8221;2&#8243; url=&#8221;https:\/\/whsrn.org\/wp-content\/uploads\/2020\/04\/whsrn_thresholds_v2017_upd2020.pdf&#8221; target=&#8221;_blank&#8221; align=&#8221;right&#8221; margin_top=&#8221;25&#8243; bg_color=&#8221;#005695&#8243; btn_hover_bg=&#8221;#f2f2f2&#8243; btn_hover_txt_color=&#8221;#005695&#8243;]ESTIMACIONES POBLACIONALES[\/mk_button][\/vc_column][vc_column width=&#8221;1\/2&#8243;][mk_button dimension=&#8221;flat&#8221; size=&#8221;large&#8221; letter_spacing=&#8221;2&#8243; url=&#8221;https:\/\/experience.arcgis.com\/experience\/bca76e416d9a4d33be99fbe62d6d5edd&#8221; target=&#8221;_blank&#8221; margin_top=&#8221;25&#8243; bg_color=&#8221;#005695&#8243; btn_hover_bg=&#8221;#f2f2f2&#8243; btn_hover_txt_color=&#8221;#005695&#8243;]PANTALLA COMPLETA[\/mk_button][\/vc_column][\/mk_page_section][mk_page_section padding_top=&#8221;50&#8243; padding_bottom=&#8221;20&#8243; sidebar=&#8221;sidebar-1&#8243;][vc_column width=&#8221;1\/12&#8243; css=&#8221;.vc_custom_1662425226930{padding-right: 35px !important;}&#8221;][\/vc_column][vc_column width=&#8221;5\/6&#8243;][vc_single_image image=&#8221;18273&#8243; img_size=&#8221;900&#215;400&#8243; onclick=&#8221;custom_link&#8221; link=&#8221;https:\/\/experience.arcgis.com\/experience\/bb389a6c909145269f3bb1c52992eefc&#8221;][\/vc_column][\/mk_page_section][mk_page_section padding_top=&#8221;0&#8243; padding_bottom=&#8221;35&#8243; sidebar=&#8221;sidebar-1&#8243;][vc_column width=&#8221;1\/6&#8243; css=&#8221;.vc_custom_1534796504266{padding-right: 35px !important;}&#8221;][\/vc_column][vc_column width=&#8221;2\/3&#8243;][vc_column_text css=&#8221;.vc_custom_1662393312207{margin-bottom: 0px !important;}&#8221;]\n<p style=\"margin: 0in;\">Los datos de aves playeras utilizados para crear este mapa interactivo provienen de diversas fuentes, incluyendo literatura publicada, eBird, datos de censos de programas de monitoreo y fichas de las \u00c1reas importantes para la conservaci\u00f3n de las aves y la biodiversidad (IBA por su siglas en ingl\u00e9s). Se aplicaron los criterios de WHSRN \/ RHRAP a los datos para identificar los sitios clave, utilizando umbrales m\u00ednimos de 20.000 aves playeras o el 1% de la poblaci\u00f3n biogeogr\u00e1fica de una especie.<\/p>\n[\/vc_column_text][\/vc_column][vc_column width=&#8221;1\/6&#8243;][\/vc_column][\/mk_page_section]\n","protected":false},"excerpt":{"rendered":"<p>[mk_page_section bg_image=&#8221;https:\/\/whsrn.org\/wp-content\/uploads\/2022\/09\/whatsapp-image-2018-10-22-at-9.55.23-am.jpeg&#8221; bg_image_portrait=&#8221;https:\/\/whsrn.org\/wp-content\/uploads\/2019\/03\/shirebird-monitoring-header.jpg&#8221; bg_color=&#8221;#5e5e5e&#8221; bg_position=&#8221;center center&#8221; bg_repeat=&#8221;no-repeat&#8221; bg_stretch=&#8221;true&#8221; video_color_mask=&#8221;#cccccc&#8221; video_opacity=&#8221;.4&#8243; min_height=&#8221;325&#8243; sidebar=&#8221;sidebar-1&#8243;][vc_column][mk_padding_divider size=&#8221;120&#8243;][mk_fancy_title tag_name=&#8221;h1&#8243; color=&#8221;#ffffff&#8221; size=&#8221;75&#8243; force_font_size=&#8221;true&#8221; size_phone=&#8221;42&#8243; line_height=&#8221;110&#8243; font_weight=&#8221;900&#8243; font_family=&#8221;Roboto+Condensed&#8221; font_type=&#8221;google&#8221; align=&#8221;center&#8221;]Mapa de Sitios Importantes para Aves Playeras[\/mk_fancy_title][\/vc_column][\/mk_page_section][mk_page_section padding_top=&#8221;45&#8243; padding_bottom=&#8221;35&#8243; sidebar=&#8221;sidebar-1&#8243;][vc_column width=&#8221;1\/6&#8243; css=&#8221;.vc_custom_1534796504266{padding-right: 35px !important;}&#8221;][\/vc_column][vc_column width=&#8221;2\/3&#8243;][mk_fancy_title color=&#8221;#005695&#8243; size=&#8221;26&#8243; font_weight=&#8221;300&#8243; txt_transform=&#8221;none&#8221; margin_bottom=&#8221;0&#8243; font_family=&#8221;none&#8221; responsive_align=&#8221;left&#8221;]Identificar sitios importantes es el primer paso para conservar el h\u00e1bitat de [&hellip;]<\/p>\n","protected":false},"author":10,"featured_media":18239,"parent":9620,"menu_order":6,"comment_status":"closed","ping_status":"closed","template":"","meta":{"nf_dc_page":"","footnotes":""},"class_list":["post-18233","page","type-page","status-publish","has-post-thumbnail","hentry"],"yoast_head":"<!-- This site is optimized with the Yoast SEO plugin v27.2 - https:\/\/yoast.com\/product\/yoast-seo-wordpress\/ -->\n<title>Sitios Importantes para Aves Playeras &#8211; WHSRN<\/title>\n<meta name=\"robots\" content=\"index, follow, max-snippet:-1, max-image-preview:large, max-video-preview:-1\" \/>\n<link rel=\"canonical\" href=\"https:\/\/whsrn.org\/es\/acerca-de-las-aves-playeras\/sitios-importantes-para-aves-playeras\/\" \/>\n<meta property=\"og:locale\" content=\"es_ES\" \/>\n<meta property=\"og:type\" content=\"article\" \/>\n<meta property=\"og:title\" content=\"Sitios Importantes para Aves Playeras &#8211; WHSRN\" \/>\n<meta property=\"og:description\" content=\"[mk_page_section bg_image=&#8221;https:\/\/whsrn.org\/wp-content\/uploads\/2022\/09\/whatsapp-image-2018-10-22-at-9.55.23-am.jpeg&#8221; bg_image_portrait=&#8221;https:\/\/whsrn.org\/wp-content\/uploads\/2019\/03\/shirebird-monitoring-header.jpg&#8221; bg_color=&#8221;#5e5e5e&#8221; bg_position=&#8221;center center&#8221; bg_repeat=&#8221;no-repeat&#8221; bg_stretch=&#8221;true&#8221; video_color_mask=&#8221;#cccccc&#8221; video_opacity=&#8221;.4&#8243; min_height=&#8221;325&#8243; sidebar=&#8221;sidebar-1&#8243;][vc_column][mk_padding_divider size=&#8221;120&#8243;][mk_fancy_title tag_name=&#8221;h1&#8243; color=&#8221;#ffffff&#8221; size=&#8221;75&#8243; force_font_size=&#8221;true&#8221; size_phone=&#8221;42&#8243; line_height=&#8221;110&#8243; font_weight=&#8221;900&#8243; font_family=&#8221;Roboto+Condensed&#8221; font_type=&#8221;google&#8221; align=&#8221;center&#8221;]Mapa de Sitios Importantes para Aves Playeras[\/mk_fancy_title][\/vc_column][\/mk_page_section][mk_page_section padding_top=&#8221;45&#8243; padding_bottom=&#8221;35&#8243; sidebar=&#8221;sidebar-1&#8243;][vc_column width=&#8221;1\/6&#8243; css=&#8221;.vc_custom_1534796504266{padding-right: 35px !important;}&#8221;][\/vc_column][vc_column width=&#8221;2\/3&#8243;][mk_fancy_title color=&#8221;#005695&#8243; size=&#8221;26&#8243; font_weight=&#8221;300&#8243; txt_transform=&#8221;none&#8221; margin_bottom=&#8221;0&#8243; font_family=&#8221;none&#8221; responsive_align=&#8221;left&#8221;]Identificar sitios importantes es el primer paso para conservar el h\u00e1bitat de [&hellip;]\" \/>\n<meta property=\"og:url\" content=\"https:\/\/whsrn.org\/es\/acerca-de-las-aves-playeras\/sitios-importantes-para-aves-playeras\/\" \/>\n<meta property=\"og:site_name\" content=\"WHSRN\" \/>\n<meta property=\"article:publisher\" content=\"https:\/\/www.facebook.com\/WHSRN\" \/>\n<meta property=\"article:modified_time\" content=\"2022-09-06T14:27:23+00:00\" \/>\n<meta property=\"og:image\" content=\"https:\/\/whsrn.org\/wp-content\/uploads\/2022\/09\/whatsapp-image-2018-10-22-at-9.55.23-am.jpeg\" \/>\n\t<meta property=\"og:image:width\" content=\"1280\" \/>\n\t<meta property=\"og:image:height\" content=\"850\" \/>\n\t<meta property=\"og:image:type\" content=\"image\/jpeg\" \/>\n<meta name=\"twitter:card\" content=\"summary_large_image\" \/>\n<meta name=\"twitter:site\" content=\"@WHSRN\" \/>\n<meta name=\"twitter:label1\" content=\"Tiempo de lectura\" \/>\n\t<meta name=\"twitter:data1\" content=\"2 minutos\" \/>\n<script type=\"application\/ld+json\" class=\"yoast-schema-graph\">{\"@context\":\"https:\/\/schema.org\",\"@graph\":[{\"@type\":\"WebPage\",\"@id\":\"https:\/\/whsrn.org\/es\/acerca-de-las-aves-playeras\/sitios-importantes-para-aves-playeras\/\",\"url\":\"https:\/\/whsrn.org\/es\/acerca-de-las-aves-playeras\/sitios-importantes-para-aves-playeras\/\",\"name\":\"Sitios Importantes para Aves Playeras &#8211; WHSRN\",\"isPartOf\":{\"@id\":\"https:\/\/whsrn.org\/es\/#website\"},\"primaryImageOfPage\":{\"@id\":\"https:\/\/whsrn.org\/es\/acerca-de-las-aves-playeras\/sitios-importantes-para-aves-playeras\/#primaryimage\"},\"image\":{\"@id\":\"https:\/\/whsrn.org\/es\/acerca-de-las-aves-playeras\/sitios-importantes-para-aves-playeras\/#primaryimage\"},\"thumbnailUrl\":\"https:\/\/whsrn.org\/wp-content\/uploads\/2022\/09\/whatsapp-image-2018-10-22-at-9.55.23-am.jpeg\",\"datePublished\":\"2022-09-06T13:09:48+00:00\",\"dateModified\":\"2022-09-06T14:27:23+00:00\",\"breadcrumb\":{\"@id\":\"https:\/\/whsrn.org\/es\/acerca-de-las-aves-playeras\/sitios-importantes-para-aves-playeras\/#breadcrumb\"},\"inLanguage\":\"es\",\"potentialAction\":[{\"@type\":\"ReadAction\",\"target\":[\"https:\/\/whsrn.org\/es\/acerca-de-las-aves-playeras\/sitios-importantes-para-aves-playeras\/\"]}]},{\"@type\":\"ImageObject\",\"inLanguage\":\"es\",\"@id\":\"https:\/\/whsrn.org\/es\/acerca-de-las-aves-playeras\/sitios-importantes-para-aves-playeras\/#primaryimage\",\"url\":\"https:\/\/whsrn.org\/wp-content\/uploads\/2022\/09\/whatsapp-image-2018-10-22-at-9.55.23-am.jpeg\",\"contentUrl\":\"https:\/\/whsrn.org\/wp-content\/uploads\/2022\/09\/whatsapp-image-2018-10-22-at-9.55.23-am.jpeg\",\"width\":1280,\"height\":850},{\"@type\":\"BreadcrumbList\",\"@id\":\"https:\/\/whsrn.org\/es\/acerca-de-las-aves-playeras\/sitios-importantes-para-aves-playeras\/#breadcrumb\",\"itemListElement\":[{\"@type\":\"ListItem\",\"position\":1,\"name\":\"Home\",\"item\":\"https:\/\/whsrn.org\/es\/\"},{\"@type\":\"ListItem\",\"position\":2,\"name\":\"Acerca de las Aves Playeras\",\"item\":\"https:\/\/whsrn.org\/es\/acerca-de-las-aves-playeras\/\"},{\"@type\":\"ListItem\",\"position\":3,\"name\":\"Sitios Importantes para Aves Playeras\"}]},{\"@type\":\"WebSite\",\"@id\":\"https:\/\/whsrn.org\/es\/#website\",\"url\":\"https:\/\/whsrn.org\/es\/\",\"name\":\"WHSRN\",\"description\":\"Western Hemisphere Shorebird Reserve Network\",\"publisher\":{\"@id\":\"https:\/\/whsrn.org\/es\/#organization\"},\"potentialAction\":[{\"@type\":\"SearchAction\",\"target\":{\"@type\":\"EntryPoint\",\"urlTemplate\":\"https:\/\/whsrn.org\/es\/?s={search_term_string}\"},\"query-input\":{\"@type\":\"PropertyValueSpecification\",\"valueRequired\":true,\"valueName\":\"search_term_string\"}}],\"inLanguage\":\"es\"},{\"@type\":\"Organization\",\"@id\":\"https:\/\/whsrn.org\/es\/#organization\",\"name\":\"Western Hemisphere Shorebird Reserve Network\",\"url\":\"https:\/\/whsrn.org\/es\/\",\"logo\":{\"@type\":\"ImageObject\",\"inLanguage\":\"es\",\"@id\":\"https:\/\/whsrn.org\/es\/#\/schema\/logo\/image\/\",\"url\":\"https:\/\/whsrn.org\/wp-content\/uploads\/2021\/01\/whsrn_nostrapline_square.png\",\"contentUrl\":\"https:\/\/whsrn.org\/wp-content\/uploads\/2021\/01\/whsrn_nostrapline_square.png\",\"width\":800,\"height\":800,\"caption\":\"Western Hemisphere Shorebird Reserve Network\"},\"image\":{\"@id\":\"https:\/\/whsrn.org\/es\/#\/schema\/logo\/image\/\"},\"sameAs\":[\"https:\/\/www.facebook.com\/WHSRN\",\"https:\/\/x.com\/WHSRN\",\"https:\/\/www.youtube.com\/channel\/UCDMz2oCsiK8e03UxFhHhdEA\"]}]}<\/script>\n<!-- \/ Yoast SEO plugin. -->","yoast_head_json":{"title":"Sitios Importantes para Aves Playeras &#8211; WHSRN","robots":{"index":"index","follow":"follow","max-snippet":"max-snippet:-1","max-image-preview":"max-image-preview:large","max-video-preview":"max-video-preview:-1"},"canonical":"https:\/\/whsrn.org\/es\/acerca-de-las-aves-playeras\/sitios-importantes-para-aves-playeras\/","og_locale":"es_ES","og_type":"article","og_title":"Sitios Importantes para Aves Playeras &#8211; WHSRN","og_description":"[mk_page_section bg_image=&#8221;https:\/\/whsrn.org\/wp-content\/uploads\/2022\/09\/whatsapp-image-2018-10-22-at-9.55.23-am.jpeg&#8221; bg_image_portrait=&#8221;https:\/\/whsrn.org\/wp-content\/uploads\/2019\/03\/shirebird-monitoring-header.jpg&#8221; bg_color=&#8221;#5e5e5e&#8221; bg_position=&#8221;center center&#8221; bg_repeat=&#8221;no-repeat&#8221; bg_stretch=&#8221;true&#8221; video_color_mask=&#8221;#cccccc&#8221; video_opacity=&#8221;.4&#8243; min_height=&#8221;325&#8243; sidebar=&#8221;sidebar-1&#8243;][vc_column][mk_padding_divider size=&#8221;120&#8243;][mk_fancy_title tag_name=&#8221;h1&#8243; color=&#8221;#ffffff&#8221; size=&#8221;75&#8243; force_font_size=&#8221;true&#8221; size_phone=&#8221;42&#8243; line_height=&#8221;110&#8243; font_weight=&#8221;900&#8243; font_family=&#8221;Roboto+Condensed&#8221; font_type=&#8221;google&#8221; align=&#8221;center&#8221;]Mapa de Sitios Importantes para Aves Playeras[\/mk_fancy_title][\/vc_column][\/mk_page_section][mk_page_section padding_top=&#8221;45&#8243; padding_bottom=&#8221;35&#8243; sidebar=&#8221;sidebar-1&#8243;][vc_column width=&#8221;1\/6&#8243; css=&#8221;.vc_custom_1534796504266{padding-right: 35px !important;}&#8221;][\/vc_column][vc_column width=&#8221;2\/3&#8243;][mk_fancy_title color=&#8221;#005695&#8243; size=&#8221;26&#8243; font_weight=&#8221;300&#8243; txt_transform=&#8221;none&#8221; margin_bottom=&#8221;0&#8243; font_family=&#8221;none&#8221; responsive_align=&#8221;left&#8221;]Identificar sitios importantes es el primer paso para conservar el h\u00e1bitat de [&hellip;]","og_url":"https:\/\/whsrn.org\/es\/acerca-de-las-aves-playeras\/sitios-importantes-para-aves-playeras\/","og_site_name":"WHSRN","article_publisher":"https:\/\/www.facebook.com\/WHSRN","article_modified_time":"2022-09-06T14:27:23+00:00","og_image":[{"width":1280,"height":850,"url":"https:\/\/whsrn.org\/wp-content\/uploads\/2022\/09\/whatsapp-image-2018-10-22-at-9.55.23-am.jpeg","type":"image\/jpeg"}],"twitter_card":"summary_large_image","twitter_site":"@WHSRN","twitter_misc":{"Tiempo de lectura":"2 minutos"},"schema":{"@context":"https:\/\/schema.org","@graph":[{"@type":"WebPage","@id":"https:\/\/whsrn.org\/es\/acerca-de-las-aves-playeras\/sitios-importantes-para-aves-playeras\/","url":"https:\/\/whsrn.org\/es\/acerca-de-las-aves-playeras\/sitios-importantes-para-aves-playeras\/","name":"Sitios Importantes para Aves Playeras &#8211; WHSRN","isPartOf":{"@id":"https:\/\/whsrn.org\/es\/#website"},"primaryImageOfPage":{"@id":"https:\/\/whsrn.org\/es\/acerca-de-las-aves-playeras\/sitios-importantes-para-aves-playeras\/#primaryimage"},"image":{"@id":"https:\/\/whsrn.org\/es\/acerca-de-las-aves-playeras\/sitios-importantes-para-aves-playeras\/#primaryimage"},"thumbnailUrl":"https:\/\/whsrn.org\/wp-content\/uploads\/2022\/09\/whatsapp-image-2018-10-22-at-9.55.23-am.jpeg","datePublished":"2022-09-06T13:09:48+00:00","dateModified":"2022-09-06T14:27:23+00:00","breadcrumb":{"@id":"https:\/\/whsrn.org\/es\/acerca-de-las-aves-playeras\/sitios-importantes-para-aves-playeras\/#breadcrumb"},"inLanguage":"es","potentialAction":[{"@type":"ReadAction","target":["https:\/\/whsrn.org\/es\/acerca-de-las-aves-playeras\/sitios-importantes-para-aves-playeras\/"]}]},{"@type":"ImageObject","inLanguage":"es","@id":"https:\/\/whsrn.org\/es\/acerca-de-las-aves-playeras\/sitios-importantes-para-aves-playeras\/#primaryimage","url":"https:\/\/whsrn.org\/wp-content\/uploads\/2022\/09\/whatsapp-image-2018-10-22-at-9.55.23-am.jpeg","contentUrl":"https:\/\/whsrn.org\/wp-content\/uploads\/2022\/09\/whatsapp-image-2018-10-22-at-9.55.23-am.jpeg","width":1280,"height":850},{"@type":"BreadcrumbList","@id":"https:\/\/whsrn.org\/es\/acerca-de-las-aves-playeras\/sitios-importantes-para-aves-playeras\/#breadcrumb","itemListElement":[{"@type":"ListItem","position":1,"name":"Home","item":"https:\/\/whsrn.org\/es\/"},{"@type":"ListItem","position":2,"name":"Acerca de las Aves Playeras","item":"https:\/\/whsrn.org\/es\/acerca-de-las-aves-playeras\/"},{"@type":"ListItem","position":3,"name":"Sitios Importantes para Aves Playeras"}]},{"@type":"WebSite","@id":"https:\/\/whsrn.org\/es\/#website","url":"https:\/\/whsrn.org\/es\/","name":"WHSRN","description":"Western Hemisphere Shorebird Reserve Network","publisher":{"@id":"https:\/\/whsrn.org\/es\/#organization"},"potentialAction":[{"@type":"SearchAction","target":{"@type":"EntryPoint","urlTemplate":"https:\/\/whsrn.org\/es\/?s={search_term_string}"},"query-input":{"@type":"PropertyValueSpecification","valueRequired":true,"valueName":"search_term_string"}}],"inLanguage":"es"},{"@type":"Organization","@id":"https:\/\/whsrn.org\/es\/#organization","name":"Western Hemisphere Shorebird Reserve Network","url":"https:\/\/whsrn.org\/es\/","logo":{"@type":"ImageObject","inLanguage":"es","@id":"https:\/\/whsrn.org\/es\/#\/schema\/logo\/image\/","url":"https:\/\/whsrn.org\/wp-content\/uploads\/2021\/01\/whsrn_nostrapline_square.png","contentUrl":"https:\/\/whsrn.org\/wp-content\/uploads\/2021\/01\/whsrn_nostrapline_square.png","width":800,"height":800,"caption":"Western Hemisphere Shorebird Reserve Network"},"image":{"@id":"https:\/\/whsrn.org\/es\/#\/schema\/logo\/image\/"},"sameAs":["https:\/\/www.facebook.com\/WHSRN","https:\/\/x.com\/WHSRN","https:\/\/www.youtube.com\/channel\/UCDMz2oCsiK8e03UxFhHhdEA"]}]}},"_links":{"self":[{"href":"https:\/\/whsrn.org\/es\/wp-json\/wp\/v2\/pages\/18233","targetHints":{"allow":["GET"]}}],"collection":[{"href":"https:\/\/whsrn.org\/es\/wp-json\/wp\/v2\/pages"}],"about":[{"href":"https:\/\/whsrn.org\/es\/wp-json\/wp\/v2\/types\/page"}],"author":[{"embeddable":true,"href":"https:\/\/whsrn.org\/es\/wp-json\/wp\/v2\/users\/10"}],"replies":[{"embeddable":true,"href":"https:\/\/whsrn.org\/es\/wp-json\/wp\/v2\/comments?post=18233"}],"version-history":[{"count":6,"href":"https:\/\/whsrn.org\/es\/wp-json\/wp\/v2\/pages\/18233\/revisions"}],"predecessor-version":[{"id":18299,"href":"https:\/\/whsrn.org\/es\/wp-json\/wp\/v2\/pages\/18233\/revisions\/18299"}],"up":[{"embeddable":true,"href":"https:\/\/whsrn.org\/es\/wp-json\/wp\/v2\/pages\/9620"}],"wp:featuredmedia":[{"embeddable":true,"href":"https:\/\/whsrn.org\/es\/wp-json\/wp\/v2\/media\/18239"}],"wp:attachment":[{"href":"https:\/\/whsrn.org\/es\/wp-json\/wp\/v2\/media?parent=18233"}],"curies":[{"name":"wp","href":"https:\/\/api.w.org\/{rel}","templated":true}]}}