{"id":16113,"date":"2021-09-29T03:28:26","date_gmt":"2021-09-29T03:28:26","guid":{"rendered":"https:\/\/whsrn.org\/isla-de-chiloe\/logros-significativos\/"},"modified":"2021-09-29T03:28:30","modified_gmt":"2021-09-29T03:28:30","slug":"logros-significativos","status":"publish","type":"page","link":"https:\/\/whsrn.org\/es\/isla-de-chiloe\/logros-significativos\/","title":{"rendered":"Logros Significativos"},"content":{"rendered":"[mk_page_section bg_image=&#8221;https:\/\/whsrn.org\/wp-content\/uploads\/2019\/01\/chiloeisland_header.jpg&#8221; bg_image_portrait=&#8221;https:\/\/whsrn.org\/wp-content\/uploads\/2019\/03\/chiloeisland_header.jpg&#8221; bg_color=&#8221;#5e5e5e&#8221; bg_position=&#8221;center center&#8221; bg_repeat=&#8221;no-repeat&#8221; bg_stretch=&#8221;true&#8221; video_color_mask=&#8221;#cccccc&#8221; video_opacity=&#8221;.3&#8243; min_height=&#8221;325&#8243; sidebar=&#8221;sidebar-1&#8243;][vc_column][mk_padding_divider size=&#8221;120&#8243;][mk_padding_divider size=&#8221;30&#8243; visibility=&#8221;visible-sm&#8221;][mk_fancy_title tag_name=&#8221;h1&#8243; color=&#8221;#ffffff&#8221; size=&#8221;75&#8243; force_font_size=&#8221;true&#8221; size_phone=&#8221;42&#8243; font_weight=&#8221;900&#8243; font_family=&#8221;Roboto+Condensed&#8221; font_type=&#8221;google&#8221; align=&#8221;center&#8221;]Isla de Chilo\u00e9[\/mk_fancy_title][\/vc_column][\/mk_page_section][mk_page_section bg_color=&#8221;#f2f2f2&#8243; padding_top=&#8221;25&#8243; sidebar=&#8221;sidebar-1&#8243;][vc_column css=&#8221;.vc_custom_1534796504266{padding-right: 35px !important;}&#8221;][mk_fancy_title color=&#8221;#53565a&#8221; size=&#8221;38&#8243; force_font_size=&#8221;true&#8221; size_phone=&#8221;36&#8243; line_height=&#8221;120&#8243; font_weight=&#8221;300&#8243; txt_transform=&#8221;none&#8221; margin_bottom=&#8221;0&#8243; font_family=&#8221;Roboto&#8221; font_type=&#8221;google&#8221; responsive_align=&#8221;left&#8221;]Logros Significativos[\/mk_fancy_title][\/vc_column][\/mk_page_section][mk_page_section section_layout=&#8221;right&#8221; padding_top=&#8221;25&#8243; padding_bottom=&#8221;0&#8243; margin_bottom=&#8221;30&#8243; sidebar=&#8221;sidebar-22&#8243;][vc_column border_color=&#8221;#ffffff&#8221; css=&#8221;.vc_custom_1542639941640{margin-right: 0px !important;margin-left: 0px !important;border-top-width: 0px !important;border-right-width: 0px !important;border-bottom-width: 0px !important;border-left-width: 0px !important;padding-right: 4px !important;padding-left: 0px !important;border-left-color: #ffffff !important;border-right-color: #ffffff !important;border-top-color: #ffffff !important;border-bottom-color: #ffffff !important;}&#8221;][mk_fancy_title color=&#8221;#005695&#8243; size=&#8221;38&#8243; force_font_size=&#8221;true&#8221; size_phone=&#8221;36&#8243; line_height=&#8221;120&#8243; font_weight=&#8221;300&#8243; txt_transform=&#8221;none&#8221; margin_bottom=&#8221;0&#8243; font_family=&#8221;Roboto+Slab&#8221; font_type=&#8221;google&#8221; responsive_align=&#8221;left&#8221;]El Plan de Conservaci\u00f3n para las Aves Playeras Migratorias de Chilo\u00e9 ha guiado los esfuerzos de conservaci\u00f3n de aves playeras en la Isla.[\/mk_fancy_title][mk_fancy_title tag_name=&#8221;h3&#8243; color=&#8221;#53565a&#8221; size=&#8221;18&#8243; line_height=&#8221;120&#8243; font_weight=&#8221;bold&#8221; txt_transform=&#8221;uppercase&#8221; letter_spacing=&#8221;2&#8243; margin_top=&#8221;15&#8243; margin_bottom=&#8221;15&#8243; font_family=&#8221;Roboto&#8221; font_type=&#8221;google&#8221; responsive_align=&#8221;left&#8221;]Logros significativos desde el lanzamiento del Plan en 2010:[\/mk_fancy_title][mk_image src=&#8221;https:\/\/whsrn.org\/wp-content\/uploads\/2019\/01\/chiloe_008.jpg&#8221; image_size=&#8221;full&#8221; link=&#8221;https:\/\/whsrn.org\/wp-content\/uploads\/2019\/01\/plan_conservacion_chiloe.pdf&#8221; margin_bottom=&#8221;25&#8243;][mk_fancy_title tag_name=&#8221;h3&#8243; color=&#8221;#53565a&#8221; size=&#8221;18&#8243; line_height=&#8221;120&#8243; font_weight=&#8221;bold&#8221; txt_transform=&#8221;uppercase&#8221; letter_spacing=&#8221;2&#8243; margin_top=&#8221;15&#8243; margin_bottom=&#8221;15&#8243; font_family=&#8221;Roboto&#8221; font_type=&#8221;google&#8221; responsive_align=&#8221;left&#8221;]<strong>Involucramiento de la Comunidad<\/strong>[\/mk_fancy_title][mk_custom_list style=&#8221;mk-icon-angle-double-right&#8221;]\n<ul>\n<li>Las comunidades locales est\u00e1n cada vez m\u00e1s involucradas en los procesos de conservaci\u00f3n, como resultado de la implementaci\u00f3n de diversascampa\u00f1as para cambiar comportamientos, crear y participar en actividades de ciencia ciudadana. Antes del inicio del plan, muy pocas personas conoc\u00edan el valor de los humedales de Chilo\u00e9. Ahora una parte importante de la comunidad valora y siente orgullo por \u00a0los humedales y las aves que estos albergan.<\/li>\n<li>La Ruta Patrimonial \u201cHumedales, Aves, y Cultura\u201d se desarrolla e implementa con el Ministerio de Bienes Nacionales, los municipios y emprendedores locales.<\/li>\n<li>Se ha implementado infraestructura para habilitar el acceso p\u00fablico, , permitiendo a las comunidades locales y turistas apreciar mejor la avifauna de los humedales. . Se han constru\u00eddo plataformas de observaci\u00f3n, miradores para la observaci\u00f3n de aves, se han habilitado senderos yletreros educativos y se han habilitado exhibiciones y acceso a \u00a0informaci\u00f3n en centros comunitarios y de visitantes.<\/li>\n<\/ul>\n[\/mk_custom_list][mk_fancy_title tag_name=&#8221;h3&#8243; color=&#8221;#53565a&#8221; size=&#8221;18&#8243; line_height=&#8221;120&#8243; font_weight=&#8221;bold&#8221; txt_transform=&#8221;uppercase&#8221; letter_spacing=&#8221;2&#8243; margin_top=&#8221;15&#8243; margin_bottom=&#8221;15&#8243; font_family=&#8221;Roboto&#8221; font_type=&#8221;google&#8221; responsive_align=&#8221;left&#8221;]<strong>Conservaci\u00f3n con Turismo<\/strong>[\/mk_fancy_title][mk_custom_list style=&#8221;mk-icon-angle-double-right&#8221;]\n<ul>\n<li>Los festivales anuales de aves se han convertido en una atracci\u00f3n importante para los turistas nacionales e internacionales, brindando nuevas oportunidades de desarrollo local, y un enfoque para celebrar las aves playeras con las comunidades locales, ayudando a generar orgullo local por ser el hogar de estas aves migratorias a\u00f1o tras a\u00f1o.<\/li>\n<li>Los emprendedores locales han desarrollado iniciativas asociativas vinculadas a la conservaci\u00f3n de aves playeras, ayudando a construir conexiones m\u00e1s estrechas entre la conservaci\u00f3n y la industria del turismo y los proveedores de servicios locales. El \u00e9xito de estos polos de emprendimiento local empresas ha ayudado a responder a la pregunta: &#8220;\u00bfQu\u00e9 puedo ganar con la conservaci\u00f3n?&#8221;<\/li>\n<li>Los empresarios locales, operadores tur\u00edsticos, propietarios privados, y empresas de mitilicultura y salmonicultrura ubicadas en las cercan\u00edas de \u00e1reas clave para las aves playeras se han capacitado y vienen implementado mejores pr\u00e1cticas para el uso y manejo de humedales y zonas costeras.<\/li>\n<\/ul>\n[\/mk_custom_list][mk_fancy_title tag_name=&#8221;h3&#8243; color=&#8221;#53565a&#8221; size=&#8221;18&#8243; line_height=&#8221;120&#8243; font_weight=&#8221;bold&#8221; txt_transform=&#8221;uppercase&#8221; letter_spacing=&#8221;2&#8243; margin_top=&#8221;15&#8243; margin_bottom=&#8221;15&#8243; font_family=&#8221;Roboto&#8221; font_type=&#8221;google&#8221; responsive_align=&#8221;left&#8221;]<strong>Protecci\u00f3n Oficial para los Sitios y Buena Gobernanza<\/strong>[\/mk_fancy_title][mk_custom_list style=&#8221;mk-icon-angle-double-right&#8221;]\n<ul>\n<li>Se establecieron convenios con el Ministerio del Ambiente (Departamento de Recursos Naturales y Biodiversidad) para integrar el <em>Plan de Conservaci\u00f3n para las Aves Playeras Migratorias de Chilo\u00e9<\/em> con el Plan Nacional de Protecci\u00f3n de Humedales 2018-22, incluyendo colaboraciones para declarar Santuarios Naturales Nacionales en la isla.<\/li>\n<li>Se ha generado mejor acceso a la informaci\u00f3n para apoyar la toma de decisiones y manejo de las comunidades, l\u00edderes locales, y organizaciones de la sociedad civil.<\/li>\n<li>Tres \u201cSantuarios de la Naturaleza\u201d han sido declarados oficialmente y protegen 8.350 ha de sitios de invernada para el Zarapito de pico recto.<\/li>\n<li>Se han fortalecido y mejorado los mecanismos de gobernanza en sitios cr\u00edticos para las aves playeras, a trav\u00e9s de una combinaci\u00f3n de ordenanzas y reservas municipales, permisos de \u201cescasa importancia\u201d (una forma simplificada de concesi\u00f3n anual), concesiones mar\u00edtimas, y Espacios Costeros Marinos para Pueblos Originarios (ECMPOs).<\/li>\n<li>Se han construido e implementado nuevos acuerdos con propietarios privados y empresas acu\u00edcolas para el resguardo de h\u00e1bitats clave para las aves playeras.<\/li>\n<\/ul>\n[\/mk_custom_list][mk_fancy_title tag_name=&#8221;h3&#8243; color=&#8221;#53565a&#8221; size=&#8221;18&#8243; line_height=&#8221;120&#8243; font_weight=&#8221;bold&#8221; txt_transform=&#8221;uppercase&#8221; letter_spacing=&#8221;2&#8243; margin_top=&#8221;15&#8243; margin_bottom=&#8221;15&#8243; font_family=&#8221;Roboto&#8221; font_type=&#8221;google&#8221; responsive_align=&#8221;left&#8221;]<strong>Monitoreo de Aves Playeras y Servicios Ecosist\u00e9micos<\/strong>[\/mk_fancy_title][mk_custom_list style=&#8221;mk-icon-angle-double-right&#8221;]\n<ul>\n<li>Monitoreo regular de poblaciones de aves playeras en m\u00e1s de 30 humedales en Chilo\u00e9, desde 2010.<\/li>\n<li>Evaluaciones participativas de los servicios ecosist\u00e9micos en tres sitios cr\u00edticos para las aves playeras.<\/li>\n<\/ul>\n[\/mk_custom_list][mk_padding_divider size=&#8221;20&#8243;][mk_fancy_title tag_name=&#8221;span&#8221; color=&#8221;#3d4045&#8243; size=&#8221;12&#8243; font_weight=&#8221;bold&#8221; font_family=&#8221;none&#8221; responsive_align=&#8221;left&#8221;]Fotos de Chilo\u00e9: <em>Diego Luna Quevedo, Brad Winn, Monica Iglecia, y <\/em><em>Maina Handmaker<\/em>[\/mk_fancy_title][\/vc_column][\/mk_page_section]\n","protected":false},"excerpt":{"rendered":"<p>[mk_page_section bg_image=&#8221;https:\/\/whsrn.org\/wp-content\/uploads\/2019\/01\/chiloeisland_header.jpg&#8221; bg_image_portrait=&#8221;https:\/\/whsrn.org\/wp-content\/uploads\/2019\/03\/chiloeisland_header.jpg&#8221; bg_color=&#8221;#5e5e5e&#8221; bg_position=&#8221;center center&#8221; bg_repeat=&#8221;no-repeat&#8221; bg_stretch=&#8221;true&#8221; video_color_mask=&#8221;#cccccc&#8221; video_opacity=&#8221;.3&#8243; min_height=&#8221;325&#8243; sidebar=&#8221;sidebar-1&#8243;][vc_column][mk_padding_divider size=&#8221;120&#8243;][mk_padding_divider size=&#8221;30&#8243; visibility=&#8221;visible-sm&#8221;][mk_fancy_title tag_name=&#8221;h1&#8243; color=&#8221;#ffffff&#8221; size=&#8221;75&#8243; force_font_size=&#8221;true&#8221; size_phone=&#8221;42&#8243; font_weight=&#8221;900&#8243; font_family=&#8221;Roboto+Condensed&#8221; font_type=&#8221;google&#8221; align=&#8221;center&#8221;]Isla de Chilo\u00e9[\/mk_fancy_title][\/vc_column][\/mk_page_section][mk_page_section bg_color=&#8221;#f2f2f2&#8243; padding_top=&#8221;25&#8243; sidebar=&#8221;sidebar-1&#8243;][vc_column css=&#8221;.vc_custom_1534796504266{padding-right: 35px !important;}&#8221;][mk_fancy_title color=&#8221;#53565a&#8221; size=&#8221;38&#8243; force_font_size=&#8221;true&#8221; size_phone=&#8221;36&#8243; line_height=&#8221;120&#8243; font_weight=&#8221;300&#8243; txt_transform=&#8221;none&#8221; margin_bottom=&#8221;0&#8243; font_family=&#8221;Roboto&#8221; font_type=&#8221;google&#8221; responsive_align=&#8221;left&#8221;]Logros Significativos[\/mk_fancy_title][\/vc_column][\/mk_page_section][mk_page_section section_layout=&#8221;right&#8221; padding_top=&#8221;25&#8243; padding_bottom=&#8221;0&#8243; margin_bottom=&#8221;30&#8243; sidebar=&#8221;sidebar-22&#8243;][vc_column border_color=&#8221;#ffffff&#8221; css=&#8221;.vc_custom_1542639941640{margin-right: 0px !important;margin-left: 0px !important;border-top-width: [&hellip;]<\/p>\n","protected":false},"author":3,"featured_media":0,"parent":16064,"menu_order":0,"comment_status":"closed","ping_status":"closed","template":"","meta":{"nf_dc_page":"","footnotes":""},"class_list":["post-16113","page","type-page","status-publish","hentry"],"yoast_head":"<!-- This site is optimized with the Yoast SEO plugin v27.2 - https:\/\/yoast.com\/product\/yoast-seo-wordpress\/ -->\n<title>Logros Significativos &#8211; WHSRN<\/title>\n<meta name=\"robots\" content=\"index, follow, max-snippet:-1, max-image-preview:large, max-video-preview:-1\" \/>\n<link rel=\"canonical\" href=\"https:\/\/whsrn.org\/es\/isla-de-chiloe\/logros-significativos\/\" \/>\n<meta property=\"og:locale\" content=\"es_ES\" \/>\n<meta property=\"og:type\" content=\"article\" \/>\n<meta property=\"og:title\" content=\"Logros Significativos &#8211; WHSRN\" \/>\n<meta property=\"og:description\" content=\"[mk_page_section bg_image=&#8221;https:\/\/whsrn.org\/wp-content\/uploads\/2019\/01\/chiloeisland_header.jpg&#8221; bg_image_portrait=&#8221;https:\/\/whsrn.org\/wp-content\/uploads\/2019\/03\/chiloeisland_header.jpg&#8221; bg_color=&#8221;#5e5e5e&#8221; bg_position=&#8221;center center&#8221; bg_repeat=&#8221;no-repeat&#8221; bg_stretch=&#8221;true&#8221; video_color_mask=&#8221;#cccccc&#8221; video_opacity=&#8221;.3&#8243; min_height=&#8221;325&#8243; sidebar=&#8221;sidebar-1&#8243;][vc_column][mk_padding_divider size=&#8221;120&#8243;][mk_padding_divider size=&#8221;30&#8243; visibility=&#8221;visible-sm&#8221;][mk_fancy_title tag_name=&#8221;h1&#8243; color=&#8221;#ffffff&#8221; size=&#8221;75&#8243; force_font_size=&#8221;true&#8221; size_phone=&#8221;42&#8243; font_weight=&#8221;900&#8243; font_family=&#8221;Roboto+Condensed&#8221; font_type=&#8221;google&#8221; align=&#8221;center&#8221;]Isla de Chilo\u00e9[\/mk_fancy_title][\/vc_column][\/mk_page_section][mk_page_section bg_color=&#8221;#f2f2f2&#8243; padding_top=&#8221;25&#8243; sidebar=&#8221;sidebar-1&#8243;][vc_column css=&#8221;.vc_custom_1534796504266{padding-right: 35px !important;}&#8221;][mk_fancy_title color=&#8221;#53565a&#8221; size=&#8221;38&#8243; force_font_size=&#8221;true&#8221; size_phone=&#8221;36&#8243; line_height=&#8221;120&#8243; font_weight=&#8221;300&#8243; txt_transform=&#8221;none&#8221; margin_bottom=&#8221;0&#8243; font_family=&#8221;Roboto&#8221; font_type=&#8221;google&#8221; responsive_align=&#8221;left&#8221;]Logros Significativos[\/mk_fancy_title][\/vc_column][\/mk_page_section][mk_page_section section_layout=&#8221;right&#8221; padding_top=&#8221;25&#8243; padding_bottom=&#8221;0&#8243; margin_bottom=&#8221;30&#8243; sidebar=&#8221;sidebar-22&#8243;][vc_column border_color=&#8221;#ffffff&#8221; css=&#8221;.vc_custom_1542639941640{margin-right: 0px !important;margin-left: 0px !important;border-top-width: [&hellip;]\" \/>\n<meta property=\"og:url\" content=\"https:\/\/whsrn.org\/es\/isla-de-chiloe\/logros-significativos\/\" \/>\n<meta property=\"og:site_name\" content=\"WHSRN\" \/>\n<meta property=\"article:publisher\" content=\"https:\/\/www.facebook.com\/WHSRN\" \/>\n<meta property=\"article:modified_time\" content=\"2021-09-29T03:28:30+00:00\" \/>\n<meta name=\"twitter:card\" content=\"summary_large_image\" \/>\n<meta name=\"twitter:site\" content=\"@WHSRN\" \/>\n<meta name=\"twitter:label1\" content=\"Tiempo de lectura\" \/>\n\t<meta name=\"twitter:data1\" content=\"6 minutos\" \/>\n<script type=\"application\/ld+json\" class=\"yoast-schema-graph\">{\"@context\":\"https:\/\/schema.org\",\"@graph\":[{\"@type\":\"WebPage\",\"@id\":\"https:\/\/whsrn.org\/es\/isla-de-chiloe\/logros-significativos\/\",\"url\":\"https:\/\/whsrn.org\/es\/isla-de-chiloe\/logros-significativos\/\",\"name\":\"Logros Significativos &#8211; WHSRN\",\"isPartOf\":{\"@id\":\"https:\/\/whsrn.org\/es\/#website\"},\"datePublished\":\"2021-09-29T03:28:26+00:00\",\"dateModified\":\"2021-09-29T03:28:30+00:00\",\"breadcrumb\":{\"@id\":\"https:\/\/whsrn.org\/es\/isla-de-chiloe\/logros-significativos\/#breadcrumb\"},\"inLanguage\":\"es\",\"potentialAction\":[{\"@type\":\"ReadAction\",\"target\":[\"https:\/\/whsrn.org\/es\/isla-de-chiloe\/logros-significativos\/\"]}]},{\"@type\":\"BreadcrumbList\",\"@id\":\"https:\/\/whsrn.org\/es\/isla-de-chiloe\/logros-significativos\/#breadcrumb\",\"itemListElement\":[{\"@type\":\"ListItem\",\"position\":1,\"name\":\"Home\",\"item\":\"https:\/\/whsrn.org\/es\/\"},{\"@type\":\"ListItem\",\"position\":2,\"name\":\"Isla de Chilo\u00e9\",\"item\":\"https:\/\/whsrn.org\/es\/isla-de-chiloe\/\"},{\"@type\":\"ListItem\",\"position\":3,\"name\":\"Logros Significativos\"}]},{\"@type\":\"WebSite\",\"@id\":\"https:\/\/whsrn.org\/es\/#website\",\"url\":\"https:\/\/whsrn.org\/es\/\",\"name\":\"WHSRN\",\"description\":\"Western Hemisphere Shorebird Reserve Network\",\"publisher\":{\"@id\":\"https:\/\/whsrn.org\/es\/#organization\"},\"potentialAction\":[{\"@type\":\"SearchAction\",\"target\":{\"@type\":\"EntryPoint\",\"urlTemplate\":\"https:\/\/whsrn.org\/es\/?s={search_term_string}\"},\"query-input\":{\"@type\":\"PropertyValueSpecification\",\"valueRequired\":true,\"valueName\":\"search_term_string\"}}],\"inLanguage\":\"es\"},{\"@type\":\"Organization\",\"@id\":\"https:\/\/whsrn.org\/es\/#organization\",\"name\":\"Western Hemisphere Shorebird Reserve Network\",\"url\":\"https:\/\/whsrn.org\/es\/\",\"logo\":{\"@type\":\"ImageObject\",\"inLanguage\":\"es\",\"@id\":\"https:\/\/whsrn.org\/es\/#\/schema\/logo\/image\/\",\"url\":\"https:\/\/whsrn.org\/wp-content\/uploads\/2021\/01\/whsrn_nostrapline_square.png\",\"contentUrl\":\"https:\/\/whsrn.org\/wp-content\/uploads\/2021\/01\/whsrn_nostrapline_square.png\",\"width\":800,\"height\":800,\"caption\":\"Western Hemisphere Shorebird Reserve Network\"},\"image\":{\"@id\":\"https:\/\/whsrn.org\/es\/#\/schema\/logo\/image\/\"},\"sameAs\":[\"https:\/\/www.facebook.com\/WHSRN\",\"https:\/\/x.com\/WHSRN\",\"https:\/\/www.youtube.com\/channel\/UCDMz2oCsiK8e03UxFhHhdEA\"]}]}<\/script>\n<!-- \/ Yoast SEO plugin. -->","yoast_head_json":{"title":"Logros Significativos &#8211; WHSRN","robots":{"index":"index","follow":"follow","max-snippet":"max-snippet:-1","max-image-preview":"max-image-preview:large","max-video-preview":"max-video-preview:-1"},"canonical":"https:\/\/whsrn.org\/es\/isla-de-chiloe\/logros-significativos\/","og_locale":"es_ES","og_type":"article","og_title":"Logros Significativos &#8211; WHSRN","og_description":"[mk_page_section bg_image=&#8221;https:\/\/whsrn.org\/wp-content\/uploads\/2019\/01\/chiloeisland_header.jpg&#8221; bg_image_portrait=&#8221;https:\/\/whsrn.org\/wp-content\/uploads\/2019\/03\/chiloeisland_header.jpg&#8221; bg_color=&#8221;#5e5e5e&#8221; bg_position=&#8221;center center&#8221; bg_repeat=&#8221;no-repeat&#8221; bg_stretch=&#8221;true&#8221; video_color_mask=&#8221;#cccccc&#8221; video_opacity=&#8221;.3&#8243; min_height=&#8221;325&#8243; sidebar=&#8221;sidebar-1&#8243;][vc_column][mk_padding_divider size=&#8221;120&#8243;][mk_padding_divider size=&#8221;30&#8243; visibility=&#8221;visible-sm&#8221;][mk_fancy_title tag_name=&#8221;h1&#8243; color=&#8221;#ffffff&#8221; size=&#8221;75&#8243; force_font_size=&#8221;true&#8221; size_phone=&#8221;42&#8243; font_weight=&#8221;900&#8243; font_family=&#8221;Roboto+Condensed&#8221; font_type=&#8221;google&#8221; align=&#8221;center&#8221;]Isla de Chilo\u00e9[\/mk_fancy_title][\/vc_column][\/mk_page_section][mk_page_section bg_color=&#8221;#f2f2f2&#8243; padding_top=&#8221;25&#8243; sidebar=&#8221;sidebar-1&#8243;][vc_column css=&#8221;.vc_custom_1534796504266{padding-right: 35px !important;}&#8221;][mk_fancy_title color=&#8221;#53565a&#8221; size=&#8221;38&#8243; force_font_size=&#8221;true&#8221; size_phone=&#8221;36&#8243; line_height=&#8221;120&#8243; font_weight=&#8221;300&#8243; txt_transform=&#8221;none&#8221; margin_bottom=&#8221;0&#8243; font_family=&#8221;Roboto&#8221; font_type=&#8221;google&#8221; responsive_align=&#8221;left&#8221;]Logros Significativos[\/mk_fancy_title][\/vc_column][\/mk_page_section][mk_page_section section_layout=&#8221;right&#8221; padding_top=&#8221;25&#8243; padding_bottom=&#8221;0&#8243; margin_bottom=&#8221;30&#8243; sidebar=&#8221;sidebar-22&#8243;][vc_column border_color=&#8221;#ffffff&#8221; css=&#8221;.vc_custom_1542639941640{margin-right: 0px !important;margin-left: 0px !important;border-top-width: [&hellip;]","og_url":"https:\/\/whsrn.org\/es\/isla-de-chiloe\/logros-significativos\/","og_site_name":"WHSRN","article_publisher":"https:\/\/www.facebook.com\/WHSRN","article_modified_time":"2021-09-29T03:28:30+00:00","twitter_card":"summary_large_image","twitter_site":"@WHSRN","twitter_misc":{"Tiempo de lectura":"6 minutos"},"schema":{"@context":"https:\/\/schema.org","@graph":[{"@type":"WebPage","@id":"https:\/\/whsrn.org\/es\/isla-de-chiloe\/logros-significativos\/","url":"https:\/\/whsrn.org\/es\/isla-de-chiloe\/logros-significativos\/","name":"Logros Significativos &#8211; WHSRN","isPartOf":{"@id":"https:\/\/whsrn.org\/es\/#website"},"datePublished":"2021-09-29T03:28:26+00:00","dateModified":"2021-09-29T03:28:30+00:00","breadcrumb":{"@id":"https:\/\/whsrn.org\/es\/isla-de-chiloe\/logros-significativos\/#breadcrumb"},"inLanguage":"es","potentialAction":[{"@type":"ReadAction","target":["https:\/\/whsrn.org\/es\/isla-de-chiloe\/logros-significativos\/"]}]},{"@type":"BreadcrumbList","@id":"https:\/\/whsrn.org\/es\/isla-de-chiloe\/logros-significativos\/#breadcrumb","itemListElement":[{"@type":"ListItem","position":1,"name":"Home","item":"https:\/\/whsrn.org\/es\/"},{"@type":"ListItem","position":2,"name":"Isla de Chilo\u00e9","item":"https:\/\/whsrn.org\/es\/isla-de-chiloe\/"},{"@type":"ListItem","position":3,"name":"Logros Significativos"}]},{"@type":"WebSite","@id":"https:\/\/whsrn.org\/es\/#website","url":"https:\/\/whsrn.org\/es\/","name":"WHSRN","description":"Western Hemisphere Shorebird Reserve Network","publisher":{"@id":"https:\/\/whsrn.org\/es\/#organization"},"potentialAction":[{"@type":"SearchAction","target":{"@type":"EntryPoint","urlTemplate":"https:\/\/whsrn.org\/es\/?s={search_term_string}"},"query-input":{"@type":"PropertyValueSpecification","valueRequired":true,"valueName":"search_term_string"}}],"inLanguage":"es"},{"@type":"Organization","@id":"https:\/\/whsrn.org\/es\/#organization","name":"Western Hemisphere Shorebird Reserve Network","url":"https:\/\/whsrn.org\/es\/","logo":{"@type":"ImageObject","inLanguage":"es","@id":"https:\/\/whsrn.org\/es\/#\/schema\/logo\/image\/","url":"https:\/\/whsrn.org\/wp-content\/uploads\/2021\/01\/whsrn_nostrapline_square.png","contentUrl":"https:\/\/whsrn.org\/wp-content\/uploads\/2021\/01\/whsrn_nostrapline_square.png","width":800,"height":800,"caption":"Western Hemisphere Shorebird Reserve Network"},"image":{"@id":"https:\/\/whsrn.org\/es\/#\/schema\/logo\/image\/"},"sameAs":["https:\/\/www.facebook.com\/WHSRN","https:\/\/x.com\/WHSRN","https:\/\/www.youtube.com\/channel\/UCDMz2oCsiK8e03UxFhHhdEA"]}]}},"_links":{"self":[{"href":"https:\/\/whsrn.org\/es\/wp-json\/wp\/v2\/pages\/16113","targetHints":{"allow":["GET"]}}],"collection":[{"href":"https:\/\/whsrn.org\/es\/wp-json\/wp\/v2\/pages"}],"about":[{"href":"https:\/\/whsrn.org\/es\/wp-json\/wp\/v2\/types\/page"}],"author":[{"embeddable":true,"href":"https:\/\/whsrn.org\/es\/wp-json\/wp\/v2\/users\/3"}],"replies":[{"embeddable":true,"href":"https:\/\/whsrn.org\/es\/wp-json\/wp\/v2\/comments?post=16113"}],"version-history":[{"count":2,"href":"https:\/\/whsrn.org\/es\/wp-json\/wp\/v2\/pages\/16113\/revisions"}],"predecessor-version":[{"id":16115,"href":"https:\/\/whsrn.org\/es\/wp-json\/wp\/v2\/pages\/16113\/revisions\/16115"}],"up":[{"embeddable":true,"href":"https:\/\/whsrn.org\/es\/wp-json\/wp\/v2\/pages\/16064"}],"wp:attachment":[{"href":"https:\/\/whsrn.org\/es\/wp-json\/wp\/v2\/media?parent=16113"}],"curies":[{"name":"wp","href":"https:\/\/api.w.org\/{rel}","templated":true}]}}