{"id":16067,"date":"2021-09-14T20:35:48","date_gmt":"2021-09-14T20:35:48","guid":{"rendered":"https:\/\/whsrn.org\/isla-de-chiloe\/plan-de-aves-playeras-de-chiloe\/"},"modified":"2021-09-29T03:35:44","modified_gmt":"2021-09-29T03:35:44","slug":"plan-de-aves-playeras-de-chiloe","status":"publish","type":"page","link":"https:\/\/whsrn.org\/es\/isla-de-chiloe\/plan-de-aves-playeras-de-chiloe\/","title":{"rendered":"Plan de Aves Playeras de Chilo\u00e9"},"content":{"rendered":"[mk_page_section bg_image=&#8221;https:\/\/whsrn.org\/wp-content\/uploads\/2019\/01\/chiloeisland_header.jpg&#8221; bg_image_portrait=&#8221;https:\/\/whsrn.org\/wp-content\/uploads\/2019\/03\/chiloeisland_header.jpg&#8221; bg_color=&#8221;#5e5e5e&#8221; bg_position=&#8221;center center&#8221; bg_repeat=&#8221;no-repeat&#8221; bg_stretch=&#8221;true&#8221; video_color_mask=&#8221;#cccccc&#8221; video_opacity=&#8221;.3&#8243; min_height=&#8221;325&#8243; sidebar=&#8221;sidebar-1&#8243;][vc_column][mk_padding_divider size=&#8221;120&#8243;][mk_padding_divider size=&#8221;30&#8243; visibility=&#8221;visible-sm&#8221;][mk_fancy_title tag_name=&#8221;h1&#8243; color=&#8221;#ffffff&#8221; size=&#8221;75&#8243; force_font_size=&#8221;true&#8221; size_phone=&#8221;42&#8243; font_weight=&#8221;900&#8243; font_family=&#8221;Roboto+Condensed&#8221; font_type=&#8221;google&#8221; align=&#8221;center&#8221;]\n<p>Isla de Chilo\u00e9<\/p>\n[\/mk_fancy_title][\/vc_column][\/mk_page_section][mk_page_section bg_color=&#8221;#f2f2f2&#8243; padding_top=&#8221;25&#8243; sidebar=&#8221;sidebar-1&#8243;][vc_column css=&#8221;.vc_custom_1534796504266{padding-right: 35px !important;}&#8221;][mk_fancy_title color=&#8221;#53565a&#8221; size=&#8221;38&#8243; force_font_size=&#8221;true&#8221; size_phone=&#8221;36&#8243; line_height=&#8221;120&#8243; font_weight=&#8221;300&#8243; txt_transform=&#8221;none&#8221; margin_bottom=&#8221;0&#8243; font_family=&#8221;Roboto&#8221; font_type=&#8221;google&#8221; responsive_align=&#8221;left&#8221;]\n<p>Plan de Aves Playeras de Chilo\u00e9<\/p>\n[\/mk_fancy_title][\/vc_column][\/mk_page_section][mk_page_section section_layout=&#8221;right&#8221; padding_top=&#8221;25&#8243; padding_bottom=&#8221;0&#8243; margin_bottom=&#8221;30&#8243; sidebar=&#8221;sidebar-22&#8243;][vc_column border_color=&#8221;#ffffff&#8221; css=&#8221;.vc_custom_1542639941640{margin-right: 0px !important;margin-left: 0px !important;border-top-width: 0px !important;border-right-width: 0px !important;border-bottom-width: 0px !important;border-left-width: 0px !important;padding-right: 4px !important;padding-left: 0px !important;border-left-color: #ffffff !important;border-right-color: #ffffff !important;border-top-color: #ffffff !important;border-bottom-color: #ffffff !important;}&#8221;][mk_fancy_title color=&#8221;#005695&#8243; size=&#8221;38&#8243; force_font_size=&#8221;true&#8221; size_phone=&#8221;36&#8243; line_height=&#8221;120&#8243; font_weight=&#8221;300&#8243; txt_transform=&#8221;none&#8221; margin_bottom=&#8221;0&#8243; font_family=&#8221;Roboto+Slab&#8221; font_type=&#8221;google&#8221; responsive_align=&#8221;left&#8221;]\n<p>Plan de Conservaci\u00f3n para las Aves Playeras Migratorias de Chilo\u00e9<\/p>\n[\/mk_fancy_title][vc_column_text css=&#8221;.vc_custom_1631566491026{margin-bottom: 0px !important;}&#8221;]\nDebido a la importancia de Chilo\u00e9 para las aves playeras migratorias y dado un n\u00famero creciente de amenazas a los h\u00e1bitats cr\u00edticos de los que dependen, en 2010 una coalici\u00f3n de socios locales, nacionales, e internacionales liderada por Manomet lanz\u00f3 el <em>Plan de Conservaci\u00f3n para las Aves Playeras Migratorias de Chilo\u00e9<\/em> con el apoyo de la Fundaci\u00f3n David y Lucile Packard. Los socios incluyen el Centro de Estudios y Conservaci\u00f3n del Patrimonio Natural (CECPAN), la Fundaci\u00f3n Conservaci\u00f3n Marina, la Oficina Ejecutiva de WHSRN, la Sociedad Nacional Audubon, The Nature Conservancy, el Servicio de Pesca y Vida Silvestre de EE. UU. y la Comisi\u00f3n Nacional del Medio Ambiente (actualmente Ministerio del Medio Ambiente).<\/p>\n<p>Desde su lanzamiento en 2010, el <em>Plan de Conservaci\u00f3n para las Aves Playeras Migratorias de Chilo\u00e9<\/em> se ha implementado en cinco fases. Combinadas, estas fases han permitido sostener la conservaci\u00f3n de los h\u00e1bitats cr\u00edticos requeridos por las aves playeras, con la participaci\u00f3n de las comunidades, sector p\u00fablico, privado y emprendedores locales. Se ha avanzado en la protecci\u00f3n oficial de sitios, el desarrollo de mecanismos de buena gobernanza para la gesti\u00f3n de sitios clave, y cada vez m\u00e1s los tomadores de decisiones, los propietarios de tierras privadas y las comunidades locales \u00a0se involucran y apropian \u00a0del proceso.<\/p>\n[\/vc_column_text][mk_padding_divider size=&#8221;20&#8243;][mk_fancy_title tag_name=&#8221;h3&#8243; color=&#8221;#53565a&#8221; size=&#8221;18&#8243; line_height=&#8221;120&#8243; font_weight=&#8221;bold&#8221; txt_transform=&#8221;uppercase&#8221; letter_spacing=&#8221;2&#8243; margin_top=&#8221;15&#8243; margin_bottom=&#8221;15&#8243; font_family=&#8221;Roboto&#8221; font_type=&#8221;google&#8221; responsive_align=&#8221;left&#8221;]Descargue el Plan de Conservaci\u00f3n para las Aves Playeras Migratorias de Chilo\u00e9[\/mk_fancy_title][mk_image src=&#8221;https:\/\/whsrn.org\/wp-content\/uploads\/2019\/01\/chiloe_shorebirdplan_cover-1.jpg&#8221; image_size=&#8221;full&#8221; link=&#8221;https:\/\/whsrn.org\/wp-content\/uploads\/2019\/01\/plan_conservacion_chiloe.pdf&#8221; target=&#8221;_blank&#8221;][mk_fancy_title tag_name=&#8221;span&#8221; color=&#8221;#3d4045&#8243; size=&#8221;12&#8243; font_weight=&#8221;bold&#8221; margin_top=&#8221;20&#8243; font_family=&#8221;none&#8221; responsive_align=&#8221;left&#8221;]Fotos de Chilo\u00e9: <em>Diego Luna Quevedo, Brad Winn, Monica Iglecia, <\/em>y <em>Maina Handmaker<\/em>[\/mk_fancy_title][\/vc_column][\/mk_page_section]\n","protected":false},"excerpt":{"rendered":"<p>[mk_page_section bg_image=&#8221;https:\/\/whsrn.org\/wp-content\/uploads\/2019\/01\/chiloeisland_header.jpg&#8221; bg_image_portrait=&#8221;https:\/\/whsrn.org\/wp-content\/uploads\/2019\/03\/chiloeisland_header.jpg&#8221; bg_color=&#8221;#5e5e5e&#8221; bg_position=&#8221;center center&#8221; bg_repeat=&#8221;no-repeat&#8221; bg_stretch=&#8221;true&#8221; video_color_mask=&#8221;#cccccc&#8221; video_opacity=&#8221;.3&#8243; min_height=&#8221;325&#8243; sidebar=&#8221;sidebar-1&#8243;][vc_column][mk_padding_divider size=&#8221;120&#8243;][mk_padding_divider size=&#8221;30&#8243; visibility=&#8221;visible-sm&#8221;][mk_fancy_title tag_name=&#8221;h1&#8243; color=&#8221;#ffffff&#8221; size=&#8221;75&#8243; force_font_size=&#8221;true&#8221; size_phone=&#8221;42&#8243; font_weight=&#8221;900&#8243; font_family=&#8221;Roboto+Condensed&#8221; font_type=&#8221;google&#8221; align=&#8221;center&#8221;] Isla de Chilo\u00e9 [\/mk_fancy_title][\/vc_column][\/mk_page_section][mk_page_section bg_color=&#8221;#f2f2f2&#8243; padding_top=&#8221;25&#8243; sidebar=&#8221;sidebar-1&#8243;][vc_column css=&#8221;.vc_custom_1534796504266{padding-right: 35px !important;}&#8221;][mk_fancy_title color=&#8221;#53565a&#8221; size=&#8221;38&#8243; force_font_size=&#8221;true&#8221; size_phone=&#8221;36&#8243; line_height=&#8221;120&#8243; font_weight=&#8221;300&#8243; txt_transform=&#8221;none&#8221; margin_bottom=&#8221;0&#8243; font_family=&#8221;Roboto&#8221; font_type=&#8221;google&#8221; responsive_align=&#8221;left&#8221;] Plan de Aves Playeras de Chilo\u00e9 [\/mk_fancy_title][\/vc_column][\/mk_page_section][mk_page_section section_layout=&#8221;right&#8221; padding_top=&#8221;25&#8243; padding_bottom=&#8221;0&#8243; [&hellip;]<\/p>\n","protected":false},"author":3,"featured_media":0,"parent":16064,"menu_order":0,"comment_status":"closed","ping_status":"closed","template":"","meta":{"nf_dc_page":"","footnotes":""},"class_list":["post-16067","page","type-page","status-publish","hentry"],"yoast_head":"<!-- This site is optimized with the Yoast SEO plugin v27.2 - https:\/\/yoast.com\/product\/yoast-seo-wordpress\/ -->\n<title>Plan de Aves Playeras de Chilo\u00e9 &#8211; WHSRN<\/title>\n<meta name=\"robots\" content=\"index, follow, max-snippet:-1, max-image-preview:large, max-video-preview:-1\" \/>\n<link rel=\"canonical\" href=\"https:\/\/whsrn.org\/es\/isla-de-chiloe\/plan-de-aves-playeras-de-chiloe\/\" \/>\n<meta property=\"og:locale\" content=\"es_ES\" \/>\n<meta property=\"og:type\" content=\"article\" \/>\n<meta property=\"og:title\" content=\"Plan de Aves Playeras de Chilo\u00e9 &#8211; WHSRN\" \/>\n<meta property=\"og:description\" content=\"[mk_page_section bg_image=&#8221;https:\/\/whsrn.org\/wp-content\/uploads\/2019\/01\/chiloeisland_header.jpg&#8221; bg_image_portrait=&#8221;https:\/\/whsrn.org\/wp-content\/uploads\/2019\/03\/chiloeisland_header.jpg&#8221; bg_color=&#8221;#5e5e5e&#8221; bg_position=&#8221;center center&#8221; bg_repeat=&#8221;no-repeat&#8221; bg_stretch=&#8221;true&#8221; video_color_mask=&#8221;#cccccc&#8221; video_opacity=&#8221;.3&#8243; min_height=&#8221;325&#8243; sidebar=&#8221;sidebar-1&#8243;][vc_column][mk_padding_divider size=&#8221;120&#8243;][mk_padding_divider size=&#8221;30&#8243; visibility=&#8221;visible-sm&#8221;][mk_fancy_title tag_name=&#8221;h1&#8243; color=&#8221;#ffffff&#8221; size=&#8221;75&#8243; force_font_size=&#8221;true&#8221; size_phone=&#8221;42&#8243; font_weight=&#8221;900&#8243; font_family=&#8221;Roboto+Condensed&#8221; font_type=&#8221;google&#8221; align=&#8221;center&#8221;] Isla de Chilo\u00e9 [\/mk_fancy_title][\/vc_column][\/mk_page_section][mk_page_section bg_color=&#8221;#f2f2f2&#8243; padding_top=&#8221;25&#8243; sidebar=&#8221;sidebar-1&#8243;][vc_column css=&#8221;.vc_custom_1534796504266{padding-right: 35px !important;}&#8221;][mk_fancy_title color=&#8221;#53565a&#8221; size=&#8221;38&#8243; force_font_size=&#8221;true&#8221; size_phone=&#8221;36&#8243; line_height=&#8221;120&#8243; font_weight=&#8221;300&#8243; txt_transform=&#8221;none&#8221; margin_bottom=&#8221;0&#8243; font_family=&#8221;Roboto&#8221; font_type=&#8221;google&#8221; responsive_align=&#8221;left&#8221;] Plan de Aves Playeras de Chilo\u00e9 [\/mk_fancy_title][\/vc_column][\/mk_page_section][mk_page_section section_layout=&#8221;right&#8221; padding_top=&#8221;25&#8243; padding_bottom=&#8221;0&#8243; [&hellip;]\" \/>\n<meta property=\"og:url\" content=\"https:\/\/whsrn.org\/es\/isla-de-chiloe\/plan-de-aves-playeras-de-chiloe\/\" \/>\n<meta property=\"og:site_name\" content=\"WHSRN\" \/>\n<meta property=\"article:publisher\" content=\"https:\/\/www.facebook.com\/WHSRN\" \/>\n<meta property=\"article:modified_time\" content=\"2021-09-29T03:35:44+00:00\" \/>\n<meta name=\"twitter:card\" content=\"summary_large_image\" \/>\n<meta name=\"twitter:site\" content=\"@WHSRN\" \/>\n<meta name=\"twitter:label1\" content=\"Tiempo de lectura\" \/>\n\t<meta name=\"twitter:data1\" content=\"3 minutos\" \/>\n<script type=\"application\/ld+json\" class=\"yoast-schema-graph\">{\"@context\":\"https:\/\/schema.org\",\"@graph\":[{\"@type\":\"WebPage\",\"@id\":\"https:\/\/whsrn.org\/es\/isla-de-chiloe\/plan-de-aves-playeras-de-chiloe\/\",\"url\":\"https:\/\/whsrn.org\/es\/isla-de-chiloe\/plan-de-aves-playeras-de-chiloe\/\",\"name\":\"Plan de Aves Playeras de Chilo\u00e9 &#8211; WHSRN\",\"isPartOf\":{\"@id\":\"https:\/\/whsrn.org\/es\/#website\"},\"datePublished\":\"2021-09-14T20:35:48+00:00\",\"dateModified\":\"2021-09-29T03:35:44+00:00\",\"breadcrumb\":{\"@id\":\"https:\/\/whsrn.org\/es\/isla-de-chiloe\/plan-de-aves-playeras-de-chiloe\/#breadcrumb\"},\"inLanguage\":\"es\",\"potentialAction\":[{\"@type\":\"ReadAction\",\"target\":[\"https:\/\/whsrn.org\/es\/isla-de-chiloe\/plan-de-aves-playeras-de-chiloe\/\"]}]},{\"@type\":\"BreadcrumbList\",\"@id\":\"https:\/\/whsrn.org\/es\/isla-de-chiloe\/plan-de-aves-playeras-de-chiloe\/#breadcrumb\",\"itemListElement\":[{\"@type\":\"ListItem\",\"position\":1,\"name\":\"Home\",\"item\":\"https:\/\/whsrn.org\/es\/\"},{\"@type\":\"ListItem\",\"position\":2,\"name\":\"Isla de Chilo\u00e9\",\"item\":\"https:\/\/whsrn.org\/es\/isla-de-chiloe\/\"},{\"@type\":\"ListItem\",\"position\":3,\"name\":\"Plan de Aves Playeras de Chilo\u00e9\"}]},{\"@type\":\"WebSite\",\"@id\":\"https:\/\/whsrn.org\/es\/#website\",\"url\":\"https:\/\/whsrn.org\/es\/\",\"name\":\"WHSRN\",\"description\":\"Western Hemisphere Shorebird Reserve Network\",\"publisher\":{\"@id\":\"https:\/\/whsrn.org\/es\/#organization\"},\"potentialAction\":[{\"@type\":\"SearchAction\",\"target\":{\"@type\":\"EntryPoint\",\"urlTemplate\":\"https:\/\/whsrn.org\/es\/?s={search_term_string}\"},\"query-input\":{\"@type\":\"PropertyValueSpecification\",\"valueRequired\":true,\"valueName\":\"search_term_string\"}}],\"inLanguage\":\"es\"},{\"@type\":\"Organization\",\"@id\":\"https:\/\/whsrn.org\/es\/#organization\",\"name\":\"Western Hemisphere Shorebird Reserve Network\",\"url\":\"https:\/\/whsrn.org\/es\/\",\"logo\":{\"@type\":\"ImageObject\",\"inLanguage\":\"es\",\"@id\":\"https:\/\/whsrn.org\/es\/#\/schema\/logo\/image\/\",\"url\":\"https:\/\/whsrn.org\/wp-content\/uploads\/2021\/01\/whsrn_nostrapline_square.png\",\"contentUrl\":\"https:\/\/whsrn.org\/wp-content\/uploads\/2021\/01\/whsrn_nostrapline_square.png\",\"width\":800,\"height\":800,\"caption\":\"Western Hemisphere Shorebird Reserve Network\"},\"image\":{\"@id\":\"https:\/\/whsrn.org\/es\/#\/schema\/logo\/image\/\"},\"sameAs\":[\"https:\/\/www.facebook.com\/WHSRN\",\"https:\/\/x.com\/WHSRN\",\"https:\/\/www.youtube.com\/channel\/UCDMz2oCsiK8e03UxFhHhdEA\"]}]}<\/script>\n<!-- \/ Yoast SEO plugin. -->","yoast_head_json":{"title":"Plan de Aves Playeras de Chilo\u00e9 &#8211; WHSRN","robots":{"index":"index","follow":"follow","max-snippet":"max-snippet:-1","max-image-preview":"max-image-preview:large","max-video-preview":"max-video-preview:-1"},"canonical":"https:\/\/whsrn.org\/es\/isla-de-chiloe\/plan-de-aves-playeras-de-chiloe\/","og_locale":"es_ES","og_type":"article","og_title":"Plan de Aves Playeras de Chilo\u00e9 &#8211; WHSRN","og_description":"[mk_page_section bg_image=&#8221;https:\/\/whsrn.org\/wp-content\/uploads\/2019\/01\/chiloeisland_header.jpg&#8221; bg_image_portrait=&#8221;https:\/\/whsrn.org\/wp-content\/uploads\/2019\/03\/chiloeisland_header.jpg&#8221; bg_color=&#8221;#5e5e5e&#8221; bg_position=&#8221;center center&#8221; bg_repeat=&#8221;no-repeat&#8221; bg_stretch=&#8221;true&#8221; video_color_mask=&#8221;#cccccc&#8221; video_opacity=&#8221;.3&#8243; min_height=&#8221;325&#8243; sidebar=&#8221;sidebar-1&#8243;][vc_column][mk_padding_divider size=&#8221;120&#8243;][mk_padding_divider size=&#8221;30&#8243; visibility=&#8221;visible-sm&#8221;][mk_fancy_title tag_name=&#8221;h1&#8243; color=&#8221;#ffffff&#8221; size=&#8221;75&#8243; force_font_size=&#8221;true&#8221; size_phone=&#8221;42&#8243; font_weight=&#8221;900&#8243; font_family=&#8221;Roboto+Condensed&#8221; font_type=&#8221;google&#8221; align=&#8221;center&#8221;] Isla de Chilo\u00e9 [\/mk_fancy_title][\/vc_column][\/mk_page_section][mk_page_section bg_color=&#8221;#f2f2f2&#8243; padding_top=&#8221;25&#8243; sidebar=&#8221;sidebar-1&#8243;][vc_column css=&#8221;.vc_custom_1534796504266{padding-right: 35px !important;}&#8221;][mk_fancy_title color=&#8221;#53565a&#8221; size=&#8221;38&#8243; force_font_size=&#8221;true&#8221; size_phone=&#8221;36&#8243; line_height=&#8221;120&#8243; font_weight=&#8221;300&#8243; txt_transform=&#8221;none&#8221; margin_bottom=&#8221;0&#8243; font_family=&#8221;Roboto&#8221; font_type=&#8221;google&#8221; responsive_align=&#8221;left&#8221;] Plan de Aves Playeras de Chilo\u00e9 [\/mk_fancy_title][\/vc_column][\/mk_page_section][mk_page_section section_layout=&#8221;right&#8221; padding_top=&#8221;25&#8243; padding_bottom=&#8221;0&#8243; [&hellip;]","og_url":"https:\/\/whsrn.org\/es\/isla-de-chiloe\/plan-de-aves-playeras-de-chiloe\/","og_site_name":"WHSRN","article_publisher":"https:\/\/www.facebook.com\/WHSRN","article_modified_time":"2021-09-29T03:35:44+00:00","twitter_card":"summary_large_image","twitter_site":"@WHSRN","twitter_misc":{"Tiempo de lectura":"3 minutos"},"schema":{"@context":"https:\/\/schema.org","@graph":[{"@type":"WebPage","@id":"https:\/\/whsrn.org\/es\/isla-de-chiloe\/plan-de-aves-playeras-de-chiloe\/","url":"https:\/\/whsrn.org\/es\/isla-de-chiloe\/plan-de-aves-playeras-de-chiloe\/","name":"Plan de Aves Playeras de Chilo\u00e9 &#8211; WHSRN","isPartOf":{"@id":"https:\/\/whsrn.org\/es\/#website"},"datePublished":"2021-09-14T20:35:48+00:00","dateModified":"2021-09-29T03:35:44+00:00","breadcrumb":{"@id":"https:\/\/whsrn.org\/es\/isla-de-chiloe\/plan-de-aves-playeras-de-chiloe\/#breadcrumb"},"inLanguage":"es","potentialAction":[{"@type":"ReadAction","target":["https:\/\/whsrn.org\/es\/isla-de-chiloe\/plan-de-aves-playeras-de-chiloe\/"]}]},{"@type":"BreadcrumbList","@id":"https:\/\/whsrn.org\/es\/isla-de-chiloe\/plan-de-aves-playeras-de-chiloe\/#breadcrumb","itemListElement":[{"@type":"ListItem","position":1,"name":"Home","item":"https:\/\/whsrn.org\/es\/"},{"@type":"ListItem","position":2,"name":"Isla de Chilo\u00e9","item":"https:\/\/whsrn.org\/es\/isla-de-chiloe\/"},{"@type":"ListItem","position":3,"name":"Plan de Aves Playeras de Chilo\u00e9"}]},{"@type":"WebSite","@id":"https:\/\/whsrn.org\/es\/#website","url":"https:\/\/whsrn.org\/es\/","name":"WHSRN","description":"Western Hemisphere Shorebird Reserve Network","publisher":{"@id":"https:\/\/whsrn.org\/es\/#organization"},"potentialAction":[{"@type":"SearchAction","target":{"@type":"EntryPoint","urlTemplate":"https:\/\/whsrn.org\/es\/?s={search_term_string}"},"query-input":{"@type":"PropertyValueSpecification","valueRequired":true,"valueName":"search_term_string"}}],"inLanguage":"es"},{"@type":"Organization","@id":"https:\/\/whsrn.org\/es\/#organization","name":"Western Hemisphere Shorebird Reserve Network","url":"https:\/\/whsrn.org\/es\/","logo":{"@type":"ImageObject","inLanguage":"es","@id":"https:\/\/whsrn.org\/es\/#\/schema\/logo\/image\/","url":"https:\/\/whsrn.org\/wp-content\/uploads\/2021\/01\/whsrn_nostrapline_square.png","contentUrl":"https:\/\/whsrn.org\/wp-content\/uploads\/2021\/01\/whsrn_nostrapline_square.png","width":800,"height":800,"caption":"Western Hemisphere Shorebird Reserve Network"},"image":{"@id":"https:\/\/whsrn.org\/es\/#\/schema\/logo\/image\/"},"sameAs":["https:\/\/www.facebook.com\/WHSRN","https:\/\/x.com\/WHSRN","https:\/\/www.youtube.com\/channel\/UCDMz2oCsiK8e03UxFhHhdEA"]}]}},"_links":{"self":[{"href":"https:\/\/whsrn.org\/es\/wp-json\/wp\/v2\/pages\/16067","targetHints":{"allow":["GET"]}}],"collection":[{"href":"https:\/\/whsrn.org\/es\/wp-json\/wp\/v2\/pages"}],"about":[{"href":"https:\/\/whsrn.org\/es\/wp-json\/wp\/v2\/types\/page"}],"author":[{"embeddable":true,"href":"https:\/\/whsrn.org\/es\/wp-json\/wp\/v2\/users\/3"}],"replies":[{"embeddable":true,"href":"https:\/\/whsrn.org\/es\/wp-json\/wp\/v2\/comments?post=16067"}],"version-history":[{"count":5,"href":"https:\/\/whsrn.org\/es\/wp-json\/wp\/v2\/pages\/16067\/revisions"}],"predecessor-version":[{"id":16121,"href":"https:\/\/whsrn.org\/es\/wp-json\/wp\/v2\/pages\/16067\/revisions\/16121"}],"up":[{"embeddable":true,"href":"https:\/\/whsrn.org\/es\/wp-json\/wp\/v2\/pages\/16064"}],"wp:attachment":[{"href":"https:\/\/whsrn.org\/es\/wp-json\/wp\/v2\/media?parent=16067"}],"curies":[{"name":"wp","href":"https:\/\/api.w.org\/{rel}","templated":true}]}}