{"id":1225,"date":"2018-10-26T14:43:06","date_gmt":"2018-10-26T14:43:06","guid":{"rendered":"https:\/\/whsrn.org\/?page_id=1225"},"modified":"2026-03-04T07:21:06","modified_gmt":"2026-03-04T12:21:06","slug":"pablo-canevari","status":"publish","type":"page","link":"https:\/\/whsrn.org\/es\/acerca-de-whsrn\/pablo-canevari\/","title":{"rendered":"Pablo Canevari"},"content":{"rendered":"[mk_page_section bg_image=&#8221;https:\/\/whsrn.org\/wp-content\/uploads\/2018\/08\/willapa-bay.jpg&#8221; bg_color=&#8221;#5e5e5e&#8221; bg_position=&#8221;center center&#8221; bg_repeat=&#8221;no-repeat&#8221; bg_stretch=&#8221;true&#8221; video_color_mask=&#8221;#cccccc&#8221; video_opacity=&#8221;.3&#8243; min_height=&#8221;325&#8243; sidebar=&#8221;sidebar-1&#8243;][vc_column][mk_padding_divider size=&#8221;120&#8243;][mk_padding_divider size=&#8221;30&#8243; visibility=&#8221;visible-sm&#8221;][mk_fancy_title tag_name=&#8221;h1&#8243; color=&#8221;#ffffff&#8221; size=&#8221;75&#8243; force_font_size=&#8221;true&#8221; size_phone=&#8221;42&#8243; line_height=&#8221;95&#8243; font_weight=&#8221;900&#8243; font_family=&#8221;Roboto+Condensed&#8221; font_type=&#8221;google&#8221; align=&#8221;center&#8221;]Premio Pablo Canevari[\/mk_fancy_title][\/vc_column][\/mk_page_section][mk_page_section bg_color=&#8221;#f2f2f2&#8243; padding_top=&#8221;45&#8243; padding_bottom=&#8221;35&#8243; sidebar=&#8221;sidebar-1&#8243;][vc_column width=&#8221;1\/6&#8243; css=&#8221;.vc_custom_1534796504266{padding-right: 35px !important;}&#8221;][\/vc_column][vc_column width=&#8221;2\/3&#8243;][mk_fancy_title color=&#8221;#005695&#8243; size=&#8221;26&#8243; force_font_size=&#8221;true&#8221; size_phone=&#8221;22&#8243; font_weight=&#8221;300&#8243; txt_transform=&#8221;none&#8221; margin_bottom=&#8221;0&#8243; font_family=&#8221;none&#8221; responsive_align=&#8221;left&#8221;]\n<p style=\"text-align: left;\">Pablo Canevari fue el primer director de la Oficina Ejecutiva de WHSRN de Manomet. Nacido en Argentina, Pablo fue un colega respetado, cient\u00edfico, ilustrador, y un querido amigo para todos los que le conocieron. Falleci\u00f3 repentinamente en 2000, y es especialmente recordado por su dedicaci\u00f3n, extraordinario entusiasmo, y compromiso personal y profesional con la conservaci\u00f3n de las aves playeras en las Am\u00e9ricas.<\/p>\n[\/mk_fancy_title][mk_padding_divider size=&#8221;30&#8243; visibility=&#8221;visible-sm&#8221;][vc_column_text css=&#8221;.vc_custom_1655390810172{margin-bottom: 0px !important;}&#8221;]<img loading=\"lazy\" decoding=\"async\" class=\"alignright size-full wp-image-1230\" src=\"https:\/\/whsrn.org\/wp-content\/uploads\/2018\/08\/pablo-canevari.jpg\" alt=\"\" width=\"152\" height=\"253\" \/>Cada dos a\u00f1os, Manomet presenta un premio de USD$2.000 a un individuo u organizaci\u00f3n de Latinoam\u00e9rica y el Caribe que haya demostrado un compromiso importante con la conservaci\u00f3n de las aves playeras, -muy similar a lo que Pablo Canevari hizo antes de fallecer s\u00fabitamente en marzo de 2000.<\/p>\n<p>El premio reconoce y apoya la labor ejemplar en el campo de la conservaci\u00f3n de las aves playeras. Pablo es recordado por su dedicaci\u00f3n y entusiasmo extraordinarios, tanto en lo personal como en lo profesional, en aras de la conservaci\u00f3n de las aves playeras a lo largo de toda su carrera.<\/p>\n<p>A partir de 2015 se cambi\u00f3 el cronograma de los premios para coincidir con la reuni\u00f3n del Grupo de Aves Playeras del Hemisferio Occidental, que se realiza cada dos a\u00f1os.[\/vc_column_text][\/vc_column][vc_column width=&#8221;1\/6&#8243;][\/vc_column][\/mk_page_section][mk_page_section padding_top=&#8221;80&#8243; margin_bottom=&#8221;50&#8243; sidebar=&#8221;sidebar-1&#8243;][vc_column][mk_fancy_title color=&#8221;#005695&#8243; size=&#8221;24&#8243; font_weight=&#8221;300&#8243; txt_transform=&#8221;none&#8221; margin_bottom=&#8221;30&#8243; font_family=&#8221;none&#8221; align=&#8221;center&#8221;]Para nominar a un individuo u organizaci\u00f3n para el Premio Pablo Canevari de 2024, complete el formulario de nominaci\u00f3n y env\u00edelo a <a href=\"mailto:whsrn@manomet.org\">whsrn@manomet.org,<\/a> antes de <strong>mayo 1 de 2024<\/strong>[\/mk_fancy_title][vc_row_inner][vc_column_inner][mk_button dimension=&#8221;flat&#8221; size=&#8221;x-large&#8221; letter_spacing=&#8221;2&#8243; url=&#8221;https:\/\/whsrn.org\/wp-content\/uploads\/2022\/06\/pablocanevariaward_nominationform2022_es.docx&#8221; align=&#8221;center&#8221; bg_color=&#8221;#005695&#8243; btn_hover_bg=&#8221;#efefef&#8221; btn_hover_txt_color=&#8221;#005695&#8243;]Formulario de Nominaci\u00f3n[\/mk_button][\/vc_column_inner][\/vc_row_inner][\/vc_column][\/mk_page_section][mk_page_section bg_color=&#8221;#f2f2f2&#8243; bg_stretch=&#8221;true&#8221; padding_top=&#8221;80&#8243; padding_bottom=&#8221;50&#8243; sidebar=&#8221;sidebar-1&#8243;][vc_column css=&#8221;.vc_custom_1534952339599{padding-right: 35px !important;padding-left: 35px !important;}&#8221;][mk_circle_image src=&#8221;https:\/\/whsrn.org\/wp-content\/uploads\/2018\/08\/pablo-canevari-in-mountains.jpg&#8221; image_diameter=&#8221;200&#8243;][mk_fancy_title tag_name=&#8221;h4&#8243; color=&#8221;#53565a&#8221; size=&#8221;18&#8243; line_height=&#8221;80&#8243; font_weight=&#8221;bold&#8221; txt_transform=&#8221;uppercase&#8221; letter_spacing=&#8221;2&#8243; margin_top=&#8221;50&#8243; margin_bottom=&#8221;0&#8243; font_family=&#8221;Roboto&#8221; font_type=&#8221;google&#8221; align=&#8221;center&#8221;]Ganadores Anteriores del Premio[\/mk_fancy_title][mk_divider style=&#8221;thick_solid&#8221; divider_width=&#8221;custom_width&#8221; custom_width=&#8221;75&#8243; border_color=&#8221;#53565a&#8221; margin_top=&#8221;0&#8243; margin_bottom=&#8221;50&#8243;][vc_row_inner][vc_column_inner width=&#8221;1\/12&#8243; css=&#8221;.vc_custom_1535740107381{padding-right: 25px !important;}&#8221;][\/vc_column_inner][vc_column_inner width=&#8221;5\/12&#8243; css=&#8221;.vc_custom_1535740223875{padding-right: 25px !important;}&#8221;][mk_custom_list style=&#8221;mk-icon-angle-double-right&#8221; margin_bottom=&#8221;35&#8243; align=&#8221;left&#8221;]\n<ul>\n<li>2000: <strong>Patricia Gonz\u00e1lez, <\/strong>Fundaci\u00f3n Inalafquen, Argentina<\/li>\n<li>2001: <strong>Daniel Blanco, <\/strong>Wetlands International, Argentina<\/li>\n<li>2004: <strong>Xicot\u00e9ncatl Vega Picos, <\/strong>Pronatura Noroeste, M\u00e9xico<\/li>\n<li>2006: \u00a0<strong>In\u00eas de Lima Serrano<\/strong>, CEMAVE, Brasil<\/li>\n<li>2008: <strong>Asociaci\u00f3n Calidris<\/strong>, Cali, Colombia<\/li>\n<li>2010: <strong>Chile&#8217;s National Petroleum Company&#8217;s &#8220;Program for the Sustainable Use of Wetlands&#8221;<\/strong><\/li>\n<\/ul>\n[\/mk_custom_list][\/vc_column_inner][vc_column_inner width=&#8221;5\/12&#8243; css=&#8221;.vc_custom_1535740230487{padding-left: 25px !important;}&#8221;][mk_custom_list style=&#8221;mk-icon-angle-double-right&#8221; margin_bottom=&#8221;35&#8243; align=&#8221;left&#8221;]\n<ul>\n<li>2012: <strong>Victor Pulido Capurro<\/strong>, Per\u00fa<\/li>\n<li>2014: <strong>Mirta Carbajal<\/strong>, Fundaci\u00f3n Inalafquen, Argentina<\/li>\n<li>2015: <strong>Dr. Eduardo Palacios Castro<\/strong>, CICESE, Mexico<\/li>\n<li>2017: \u00a0<strong>Wayne Burke<\/strong>, Barbados Shorebird Conservation Trust, Barbados<\/li>\n<li>2019:\u00a0<a href=\"https:\/\/whsrn.org\/es\/ben-haase-de-ecuador-es-el-ganador-del-premio-pablo-canevari-2019\/\" target=\"_blank\" rel=\"noopener\"><strong>Ben Haase<\/strong><\/a>, Ecuador<\/li>\n<li>2022: <strong><a href=\"https:\/\/whsrn.org\/es\/luis-benegas-ganador-del-premio-pablo-canevari-2022\/\" target=\"_blank\" rel=\"noopener\">Luis Benegas<\/a>,\u00a0<\/strong>Argentina<\/li>\n<li><span class=\"TextRun SCXW81408817 BCX0\" lang=\"EN-US\" xml:lang=\"EN-US\" data-contrast=\"none\"><span class=\"NormalTextRun SCXW81408817 BCX0\">2024:\u00a0<\/span><\/span><span class=\"TextRun SCXW81408817 BCX0\" lang=\"EN-US\" xml:lang=\"EN-US\" data-contrast=\"none\"><span class=\"NormalTextRun SCXW81408817 BCX0\">Dr. Sandra Giner, Venezuela<\/span><\/span><\/li>\n<\/ul>\n[\/mk_custom_list][\/vc_column_inner][vc_column_inner width=&#8221;1\/12&#8243;][\/vc_column_inner][\/vc_row_inner][\/vc_column][\/mk_page_section][mk_page_section padding_top=&#8221;50&#8243; padding_bottom=&#8221;0&#8243; sidebar=&#8221;sidebar-1&#8243;][vc_column][mk_fancy_title tag_name=&#8221;span&#8221; color=&#8221;#3d4045&#8243; size=&#8221;12&#8243; font_weight=&#8221;400&#8243; font_family=&#8221;none&#8221;]<strong>Foto de portada: Calidris alba en vuelo. <em>Foto: Monica Iglecia.<\/em><\/strong>[\/mk_fancy_title][\/vc_column][\/mk_page_section]\n","protected":false},"excerpt":{"rendered":"<p>[mk_page_section bg_image=&#8221;https:\/\/whsrn.org\/wp-content\/uploads\/2018\/08\/willapa-bay.jpg&#8221; bg_color=&#8221;#5e5e5e&#8221; bg_position=&#8221;center center&#8221; bg_repeat=&#8221;no-repeat&#8221; bg_stretch=&#8221;true&#8221; video_color_mask=&#8221;#cccccc&#8221; video_opacity=&#8221;.3&#8243; min_height=&#8221;325&#8243; sidebar=&#8221;sidebar-1&#8243;][vc_column][mk_padding_divider size=&#8221;120&#8243;][mk_padding_divider size=&#8221;30&#8243; visibility=&#8221;visible-sm&#8221;][mk_fancy_title tag_name=&#8221;h1&#8243; color=&#8221;#ffffff&#8221; size=&#8221;75&#8243; force_font_size=&#8221;true&#8221; size_phone=&#8221;42&#8243; line_height=&#8221;95&#8243; font_weight=&#8221;900&#8243; font_family=&#8221;Roboto+Condensed&#8221; font_type=&#8221;google&#8221; align=&#8221;center&#8221;]Premio Pablo Canevari[\/mk_fancy_title][\/vc_column][\/mk_page_section][mk_page_section bg_color=&#8221;#f2f2f2&#8243; padding_top=&#8221;45&#8243; padding_bottom=&#8221;35&#8243; sidebar=&#8221;sidebar-1&#8243;][vc_column width=&#8221;1\/6&#8243; css=&#8221;.vc_custom_1534796504266{padding-right: 35px !important;}&#8221;][\/vc_column][vc_column width=&#8221;2\/3&#8243;][mk_fancy_title color=&#8221;#005695&#8243; size=&#8221;26&#8243; force_font_size=&#8221;true&#8221; size_phone=&#8221;22&#8243; font_weight=&#8221;300&#8243; txt_transform=&#8221;none&#8221; margin_bottom=&#8221;0&#8243; font_family=&#8221;none&#8221; responsive_align=&#8221;left&#8221;] Pablo Canevari fue el primer director de la Oficina Ejecutiva de [&hellip;]<\/p>\n","protected":false},"author":2,"featured_media":0,"parent":9690,"menu_order":0,"comment_status":"closed","ping_status":"closed","template":"","meta":{"nf_dc_page":"","footnotes":""},"class_list":["post-1225","page","type-page","status-publish","hentry"],"yoast_head":"<!-- This site is optimized with the Yoast SEO plugin v27.2 - https:\/\/yoast.com\/product\/yoast-seo-wordpress\/ -->\n<title>Pablo Canevari &#8211; WHSRN<\/title>\n<meta name=\"robots\" content=\"index, follow, max-snippet:-1, max-image-preview:large, max-video-preview:-1\" \/>\n<link rel=\"canonical\" href=\"https:\/\/whsrn.org\/es\/acerca-de-whsrn\/pablo-canevari\/\" \/>\n<meta property=\"og:locale\" content=\"es_ES\" \/>\n<meta property=\"og:type\" content=\"article\" \/>\n<meta property=\"og:title\" content=\"Pablo Canevari &#8211; WHSRN\" \/>\n<meta property=\"og:description\" content=\"[mk_page_section bg_image=&#8221;https:\/\/whsrn.org\/wp-content\/uploads\/2018\/08\/willapa-bay.jpg&#8221; bg_color=&#8221;#5e5e5e&#8221; bg_position=&#8221;center center&#8221; bg_repeat=&#8221;no-repeat&#8221; bg_stretch=&#8221;true&#8221; video_color_mask=&#8221;#cccccc&#8221; video_opacity=&#8221;.3&#8243; min_height=&#8221;325&#8243; sidebar=&#8221;sidebar-1&#8243;][vc_column][mk_padding_divider size=&#8221;120&#8243;][mk_padding_divider size=&#8221;30&#8243; visibility=&#8221;visible-sm&#8221;][mk_fancy_title tag_name=&#8221;h1&#8243; color=&#8221;#ffffff&#8221; size=&#8221;75&#8243; force_font_size=&#8221;true&#8221; size_phone=&#8221;42&#8243; line_height=&#8221;95&#8243; font_weight=&#8221;900&#8243; font_family=&#8221;Roboto+Condensed&#8221; font_type=&#8221;google&#8221; align=&#8221;center&#8221;]Premio Pablo Canevari[\/mk_fancy_title][\/vc_column][\/mk_page_section][mk_page_section bg_color=&#8221;#f2f2f2&#8243; padding_top=&#8221;45&#8243; padding_bottom=&#8221;35&#8243; sidebar=&#8221;sidebar-1&#8243;][vc_column width=&#8221;1\/6&#8243; css=&#8221;.vc_custom_1534796504266{padding-right: 35px !important;}&#8221;][\/vc_column][vc_column width=&#8221;2\/3&#8243;][mk_fancy_title color=&#8221;#005695&#8243; size=&#8221;26&#8243; force_font_size=&#8221;true&#8221; size_phone=&#8221;22&#8243; font_weight=&#8221;300&#8243; txt_transform=&#8221;none&#8221; margin_bottom=&#8221;0&#8243; font_family=&#8221;none&#8221; responsive_align=&#8221;left&#8221;] Pablo Canevari fue el primer director de la Oficina Ejecutiva de [&hellip;]\" \/>\n<meta property=\"og:url\" content=\"https:\/\/whsrn.org\/es\/acerca-de-whsrn\/pablo-canevari\/\" \/>\n<meta property=\"og:site_name\" content=\"WHSRN\" \/>\n<meta property=\"article:publisher\" content=\"https:\/\/www.facebook.com\/WHSRN\" \/>\n<meta property=\"article:modified_time\" content=\"2026-03-04T12:21:06+00:00\" \/>\n<meta name=\"twitter:card\" content=\"summary_large_image\" \/>\n<meta name=\"twitter:site\" content=\"@WHSRN\" \/>\n<meta name=\"twitter:label1\" content=\"Tiempo de lectura\" \/>\n\t<meta name=\"twitter:data1\" content=\"3 minutos\" \/>\n<script type=\"application\/ld+json\" class=\"yoast-schema-graph\">{\"@context\":\"https:\/\/schema.org\",\"@graph\":[{\"@type\":\"WebPage\",\"@id\":\"https:\/\/whsrn.org\/es\/acerca-de-whsrn\/pablo-canevari\/\",\"url\":\"https:\/\/whsrn.org\/es\/acerca-de-whsrn\/pablo-canevari\/\",\"name\":\"Pablo Canevari &#8211; WHSRN\",\"isPartOf\":{\"@id\":\"https:\/\/whsrn.org\/es\/#website\"},\"primaryImageOfPage\":{\"@id\":\"https:\/\/whsrn.org\/es\/acerca-de-whsrn\/pablo-canevari\/#primaryimage\"},\"image\":{\"@id\":\"https:\/\/whsrn.org\/es\/acerca-de-whsrn\/pablo-canevari\/#primaryimage\"},\"thumbnailUrl\":\"https:\/\/whsrn.org\/wp-content\/uploads\/2018\/08\/pablo-canevari.jpg\",\"datePublished\":\"2018-10-26T14:43:06+00:00\",\"dateModified\":\"2026-03-04T12:21:06+00:00\",\"breadcrumb\":{\"@id\":\"https:\/\/whsrn.org\/es\/acerca-de-whsrn\/pablo-canevari\/#breadcrumb\"},\"inLanguage\":\"es\",\"potentialAction\":[{\"@type\":\"ReadAction\",\"target\":[\"https:\/\/whsrn.org\/es\/acerca-de-whsrn\/pablo-canevari\/\"]}]},{\"@type\":\"ImageObject\",\"inLanguage\":\"es\",\"@id\":\"https:\/\/whsrn.org\/es\/acerca-de-whsrn\/pablo-canevari\/#primaryimage\",\"url\":\"https:\/\/whsrn.org\/wp-content\/uploads\/2018\/08\/pablo-canevari.jpg\",\"contentUrl\":\"https:\/\/whsrn.org\/wp-content\/uploads\/2018\/08\/pablo-canevari.jpg\"},{\"@type\":\"BreadcrumbList\",\"@id\":\"https:\/\/whsrn.org\/es\/acerca-de-whsrn\/pablo-canevari\/#breadcrumb\",\"itemListElement\":[{\"@type\":\"ListItem\",\"position\":1,\"name\":\"Home\",\"item\":\"https:\/\/whsrn.org\/es\/\"},{\"@type\":\"ListItem\",\"position\":2,\"name\":\"Acerca de WHSRN\",\"item\":\"https:\/\/whsrn.org\/es\/acerca-de-whsrn\/\"},{\"@type\":\"ListItem\",\"position\":3,\"name\":\"Pablo Canevari\"}]},{\"@type\":\"WebSite\",\"@id\":\"https:\/\/whsrn.org\/es\/#website\",\"url\":\"https:\/\/whsrn.org\/es\/\",\"name\":\"WHSRN\",\"description\":\"Western Hemisphere Shorebird Reserve Network\",\"publisher\":{\"@id\":\"https:\/\/whsrn.org\/es\/#organization\"},\"potentialAction\":[{\"@type\":\"SearchAction\",\"target\":{\"@type\":\"EntryPoint\",\"urlTemplate\":\"https:\/\/whsrn.org\/es\/?s={search_term_string}\"},\"query-input\":{\"@type\":\"PropertyValueSpecification\",\"valueRequired\":true,\"valueName\":\"search_term_string\"}}],\"inLanguage\":\"es\"},{\"@type\":\"Organization\",\"@id\":\"https:\/\/whsrn.org\/es\/#organization\",\"name\":\"Western Hemisphere Shorebird Reserve Network\",\"url\":\"https:\/\/whsrn.org\/es\/\",\"logo\":{\"@type\":\"ImageObject\",\"inLanguage\":\"es\",\"@id\":\"https:\/\/whsrn.org\/es\/#\/schema\/logo\/image\/\",\"url\":\"https:\/\/whsrn.org\/wp-content\/uploads\/2021\/01\/whsrn_nostrapline_square.png\",\"contentUrl\":\"https:\/\/whsrn.org\/wp-content\/uploads\/2021\/01\/whsrn_nostrapline_square.png\",\"width\":800,\"height\":800,\"caption\":\"Western Hemisphere Shorebird Reserve Network\"},\"image\":{\"@id\":\"https:\/\/whsrn.org\/es\/#\/schema\/logo\/image\/\"},\"sameAs\":[\"https:\/\/www.facebook.com\/WHSRN\",\"https:\/\/x.com\/WHSRN\",\"https:\/\/www.youtube.com\/channel\/UCDMz2oCsiK8e03UxFhHhdEA\"]}]}<\/script>\n<!-- \/ Yoast SEO plugin. -->","yoast_head_json":{"title":"Pablo Canevari &#8211; WHSRN","robots":{"index":"index","follow":"follow","max-snippet":"max-snippet:-1","max-image-preview":"max-image-preview:large","max-video-preview":"max-video-preview:-1"},"canonical":"https:\/\/whsrn.org\/es\/acerca-de-whsrn\/pablo-canevari\/","og_locale":"es_ES","og_type":"article","og_title":"Pablo Canevari &#8211; WHSRN","og_description":"[mk_page_section bg_image=&#8221;https:\/\/whsrn.org\/wp-content\/uploads\/2018\/08\/willapa-bay.jpg&#8221; bg_color=&#8221;#5e5e5e&#8221; bg_position=&#8221;center center&#8221; bg_repeat=&#8221;no-repeat&#8221; bg_stretch=&#8221;true&#8221; video_color_mask=&#8221;#cccccc&#8221; video_opacity=&#8221;.3&#8243; min_height=&#8221;325&#8243; sidebar=&#8221;sidebar-1&#8243;][vc_column][mk_padding_divider size=&#8221;120&#8243;][mk_padding_divider size=&#8221;30&#8243; visibility=&#8221;visible-sm&#8221;][mk_fancy_title tag_name=&#8221;h1&#8243; color=&#8221;#ffffff&#8221; size=&#8221;75&#8243; force_font_size=&#8221;true&#8221; size_phone=&#8221;42&#8243; line_height=&#8221;95&#8243; font_weight=&#8221;900&#8243; font_family=&#8221;Roboto+Condensed&#8221; font_type=&#8221;google&#8221; align=&#8221;center&#8221;]Premio Pablo Canevari[\/mk_fancy_title][\/vc_column][\/mk_page_section][mk_page_section bg_color=&#8221;#f2f2f2&#8243; padding_top=&#8221;45&#8243; padding_bottom=&#8221;35&#8243; sidebar=&#8221;sidebar-1&#8243;][vc_column width=&#8221;1\/6&#8243; css=&#8221;.vc_custom_1534796504266{padding-right: 35px !important;}&#8221;][\/vc_column][vc_column width=&#8221;2\/3&#8243;][mk_fancy_title color=&#8221;#005695&#8243; size=&#8221;26&#8243; force_font_size=&#8221;true&#8221; size_phone=&#8221;22&#8243; font_weight=&#8221;300&#8243; txt_transform=&#8221;none&#8221; margin_bottom=&#8221;0&#8243; font_family=&#8221;none&#8221; responsive_align=&#8221;left&#8221;] Pablo Canevari fue el primer director de la Oficina Ejecutiva de [&hellip;]","og_url":"https:\/\/whsrn.org\/es\/acerca-de-whsrn\/pablo-canevari\/","og_site_name":"WHSRN","article_publisher":"https:\/\/www.facebook.com\/WHSRN","article_modified_time":"2026-03-04T12:21:06+00:00","twitter_card":"summary_large_image","twitter_site":"@WHSRN","twitter_misc":{"Tiempo de lectura":"3 minutos"},"schema":{"@context":"https:\/\/schema.org","@graph":[{"@type":"WebPage","@id":"https:\/\/whsrn.org\/es\/acerca-de-whsrn\/pablo-canevari\/","url":"https:\/\/whsrn.org\/es\/acerca-de-whsrn\/pablo-canevari\/","name":"Pablo Canevari &#8211; WHSRN","isPartOf":{"@id":"https:\/\/whsrn.org\/es\/#website"},"primaryImageOfPage":{"@id":"https:\/\/whsrn.org\/es\/acerca-de-whsrn\/pablo-canevari\/#primaryimage"},"image":{"@id":"https:\/\/whsrn.org\/es\/acerca-de-whsrn\/pablo-canevari\/#primaryimage"},"thumbnailUrl":"https:\/\/whsrn.org\/wp-content\/uploads\/2018\/08\/pablo-canevari.jpg","datePublished":"2018-10-26T14:43:06+00:00","dateModified":"2026-03-04T12:21:06+00:00","breadcrumb":{"@id":"https:\/\/whsrn.org\/es\/acerca-de-whsrn\/pablo-canevari\/#breadcrumb"},"inLanguage":"es","potentialAction":[{"@type":"ReadAction","target":["https:\/\/whsrn.org\/es\/acerca-de-whsrn\/pablo-canevari\/"]}]},{"@type":"ImageObject","inLanguage":"es","@id":"https:\/\/whsrn.org\/es\/acerca-de-whsrn\/pablo-canevari\/#primaryimage","url":"https:\/\/whsrn.org\/wp-content\/uploads\/2018\/08\/pablo-canevari.jpg","contentUrl":"https:\/\/whsrn.org\/wp-content\/uploads\/2018\/08\/pablo-canevari.jpg"},{"@type":"BreadcrumbList","@id":"https:\/\/whsrn.org\/es\/acerca-de-whsrn\/pablo-canevari\/#breadcrumb","itemListElement":[{"@type":"ListItem","position":1,"name":"Home","item":"https:\/\/whsrn.org\/es\/"},{"@type":"ListItem","position":2,"name":"Acerca de WHSRN","item":"https:\/\/whsrn.org\/es\/acerca-de-whsrn\/"},{"@type":"ListItem","position":3,"name":"Pablo Canevari"}]},{"@type":"WebSite","@id":"https:\/\/whsrn.org\/es\/#website","url":"https:\/\/whsrn.org\/es\/","name":"WHSRN","description":"Western Hemisphere Shorebird Reserve Network","publisher":{"@id":"https:\/\/whsrn.org\/es\/#organization"},"potentialAction":[{"@type":"SearchAction","target":{"@type":"EntryPoint","urlTemplate":"https:\/\/whsrn.org\/es\/?s={search_term_string}"},"query-input":{"@type":"PropertyValueSpecification","valueRequired":true,"valueName":"search_term_string"}}],"inLanguage":"es"},{"@type":"Organization","@id":"https:\/\/whsrn.org\/es\/#organization","name":"Western Hemisphere Shorebird Reserve Network","url":"https:\/\/whsrn.org\/es\/","logo":{"@type":"ImageObject","inLanguage":"es","@id":"https:\/\/whsrn.org\/es\/#\/schema\/logo\/image\/","url":"https:\/\/whsrn.org\/wp-content\/uploads\/2021\/01\/whsrn_nostrapline_square.png","contentUrl":"https:\/\/whsrn.org\/wp-content\/uploads\/2021\/01\/whsrn_nostrapline_square.png","width":800,"height":800,"caption":"Western Hemisphere Shorebird Reserve Network"},"image":{"@id":"https:\/\/whsrn.org\/es\/#\/schema\/logo\/image\/"},"sameAs":["https:\/\/www.facebook.com\/WHSRN","https:\/\/x.com\/WHSRN","https:\/\/www.youtube.com\/channel\/UCDMz2oCsiK8e03UxFhHhdEA"]}]}},"_links":{"self":[{"href":"https:\/\/whsrn.org\/es\/wp-json\/wp\/v2\/pages\/1225","targetHints":{"allow":["GET"]}}],"collection":[{"href":"https:\/\/whsrn.org\/es\/wp-json\/wp\/v2\/pages"}],"about":[{"href":"https:\/\/whsrn.org\/es\/wp-json\/wp\/v2\/types\/page"}],"author":[{"embeddable":true,"href":"https:\/\/whsrn.org\/es\/wp-json\/wp\/v2\/users\/2"}],"replies":[{"embeddable":true,"href":"https:\/\/whsrn.org\/es\/wp-json\/wp\/v2\/comments?post=1225"}],"version-history":[{"count":6,"href":"https:\/\/whsrn.org\/es\/wp-json\/wp\/v2\/pages\/1225\/revisions"}],"predecessor-version":[{"id":30585,"href":"https:\/\/whsrn.org\/es\/wp-json\/wp\/v2\/pages\/1225\/revisions\/30585"}],"up":[{"embeddable":true,"href":"https:\/\/whsrn.org\/es\/wp-json\/wp\/v2\/pages\/9690"}],"wp:attachment":[{"href":"https:\/\/whsrn.org\/es\/wp-json\/wp\/v2\/media?parent=1225"}],"curies":[{"name":"wp","href":"https:\/\/api.w.org\/{rel}","templated":true}]}}