{"id":12141,"date":"2019-12-17T01:52:15","date_gmt":"2019-12-17T01:52:15","guid":{"rendered":"https:\/\/whsrn.org\/?page_id=12141"},"modified":"2019-12-21T12:18:43","modified_gmt":"2019-12-21T12:18:43","slug":"oleo-espalha-se-por-mais-de-4-000-km-ao-longo-da-costa-do-brasil","status":"publish","type":"page","link":"https:\/\/whsrn.org\/es\/oleo-espalha-se-por-mais-de-4-000-km-ao-longo-da-costa-do-brasil\/","title":{"rendered":"\u00d3leo espalha-se por mais de 4.000 km ao longo da Costa do Brasil"},"content":{"rendered":"[mk_page_section bg_image=&#8221;https:\/\/whsrn.org\/wp-content\/uploads\/2019\/12\/portuguese_translation_oilspillheader.jpg&#8221; bg_color=&#8221;#5e5e5e&#8221; bg_position=&#8221;center center&#8221; bg_repeat=&#8221;no-repeat&#8221; bg_stretch=&#8221;true&#8221; video_color_mask=&#8221;#cccccc&#8221; video_opacity=&#8221;.4&#8243; min_height=&#8221;325&#8243; sidebar=&#8221;sidebar-1&#8243;][vc_column][mk_padding_divider size=&#8221;120&#8243;][mk_fancy_title tag_name=&#8221;h1&#8243; color=&#8221;#ffffff&#8221; size=&#8221;75&#8243; force_font_size=&#8221;true&#8221; size_phone=&#8221;42&#8243; font_weight=&#8221;900&#8243; font_family=&#8221;Roboto+Condensed&#8221; font_type=&#8221;google&#8221; align=&#8221;center&#8221;]\u00d3leo espalha-se por mais de 4.000 km ao longo da Costa do Brasil[\/mk_fancy_title][\/vc_column][\/mk_page_section][vc_row][vc_column width=&#8221;1\/6&#8243;][\/vc_column][vc_column width=&#8221;2\/3&#8243;][mk_padding_divider][vc_column_text css=&#8221;.vc_custom_1576681193679{margin-bottom: 0px !important;}&#8221;]As primeiras manchas de \u00f3leo (petr\u00f3leo cru) apareceram nas praias do Nordeste do Brasil h\u00e1 mais de 3 meses. Ainda assim, a origem do \u00f3leo continua sendo investigada e a dimens\u00e3o dos impactos \u00e9 uma inc\u00f3gnita.<\/p>\n<p>Nossos parceiros no Brasil nos ajudaram a compilar as \u00faltimas informa\u00e7\u00f5es e n\u00fameros sobre esse desastre ambiental devastador.<\/p>\n<p>Desde o final de agosto, quando as primeiras manchas de \u00f3leo atingiram as praias do nordeste,<a href=\"https:\/\/www.marinha.mil.br\/manchasdeoleo\/sobre\" target=\"_blank\" rel=\"noopener noreferrer\">\u00a0mais de 4.000 km de costa<\/a> foram contaminadas por petr\u00f3leo cru \u2013 uma extens\u00e3o maior do que toda a costa Atl\u00e2ntica dos Estados Unidos. O Instituto Brasileiro do Meio Ambiente e dos Recursos Naturais Renov\u00e1veis (IBAMA) <a href=\"http:\/\/www.ibama.gov.br\/manchasdeoleo-localidades-atingidas\" target=\"_blank\" rel=\"noopener noreferrer\">tem publicado diariamente atualiza\u00e7\u00f5es no mapa de localidades afetadas<\/a>. Em 15 de dezembro de 2019, o petr\u00f3leo cru j\u00e1 havia sido identificado em um total de 959 localidades, distribu\u00eddos desde o Maranh\u00e3o at\u00e9 o estado do Rio de Janeiro. De acordo com declara\u00e7\u00f5es oficiais da Marinha brasileira, 5.000 toneladas de \u00f3leo j\u00e1 foram recolhidas de localidades afetadas, mas n\u00e3o se sabe quanto \u00f3leo ainda est\u00e1 \u00e0 deriva.[\/vc_column_text][\/vc_column][vc_column width=&#8221;1\/6&#8243;][\/vc_column][\/vc_row][vc_row][vc_column width=&#8221;1\/6&#8243;][\/vc_column][vc_column width=&#8221;2\/3&#8243;][mk_padding_divider size=&#8221;20&#8243;][mk_image src=&#8221;https:\/\/whsrn.org\/wp-content\/uploads\/2019\/12\/finalmap_oilspill_portuguese.jpg&#8221; image_size=&#8221;full&#8221; lightbox=&#8221;true&#8221; hover_image_overlay=&#8221;false&#8221; align=&#8221;center&#8221;][mk_fancy_title tag_name=&#8221;span&#8221; color=&#8221;#53565a&#8221; size=&#8221;12&#8243; font_weight=&#8221;400&#8243; margin_bottom=&#8221;0&#8243; font_family=&#8221;none&#8221; align=&#8221;center&#8221;]Localidades atingidas por \u00f3leo desde 30 agosto 2019 e sua sobreposi\u00e7\u00e3o com s\u00edtios e \u00e1reas importantes para aves lim\u00edcolas. Em fun\u00e7\u00e3o da remo\u00e7\u00e3o do \u00f3leo e de nova contamina\u00e7\u00e3o, o status dessas localidades \u00e9 atualizado diariamente sendo classificado como &#8220;limpo&#8221;, com &#8220;vest\u00edgios&#8221; ou &#8220;manchas&#8221;. Novas localidades atingidas pelo \u00f3leo tamb\u00e9m s\u00e3o adicionadas diariamente. Atualmente existem 441 localidades limpas, 507 com vest\u00edgios (menos de 10% de contamina\u00e7\u00e3o) e 11 com manchas (mais de 10% de contamina\u00e7\u00e3o). Cada localidade representa 1km de extens\u00e3o. S\u00edtios e \u00e1reas importantes para aves lim\u00edcolas foram identificados pela Iniciativa Pr\u00f3-Aves Lim\u00edcolas Migrat\u00f3rias na Rota Atl\u00e2ntica.[\/mk_fancy_title][\/vc_column][vc_column width=&#8221;1\/6&#8243;][\/vc_column][\/vc_row][vc_row][vc_column width=&#8221;1\/6&#8243;][\/vc_column][vc_column width=&#8221;2\/3&#8243;][mk_padding_divider size=&#8221;30&#8243;][mk_image src=&#8221;https:\/\/whsrn.org\/wp-content\/uploads\/2019\/12\/finalmap_oilspill_zoom_portuguese2.jpg&#8221; image_size=&#8221;full&#8221; lightbox=&#8221;true&#8221; hover_image_overlay=&#8221;false&#8221; align=&#8221;center&#8221;][mk_fancy_title tag_name=&#8221;span&#8221; color=&#8221;#53565a&#8221; size=&#8221;12&#8243; font_weight=&#8221;400&#8243; margin_bottom=&#8221;0&#8243; font_family=&#8221;none&#8221; align=&#8221;center&#8221;]Essa \u00e1rea no noroeste do Brasil, que inclui o s\u00edtio WHSRN Reentr\u00e2ncias Maranhenses, \u00e9 uma das \u00e1reas mais importantes para aves lim\u00edcolas ao longo de toda a costa norte da Am\u00e9rica do Sul. O \u00f3leo foi detectado em v\u00e1rias localidades dentro dessa \u00e1rea, mas o impacto dessa contamina\u00e7\u00e3o continua indeterminado pois a \u00e1rea \u00e9 remota e de dif\u00edcil acesso.[\/mk_fancy_title][\/vc_column][vc_column width=&#8221;1\/6&#8243;][\/vc_column][\/vc_row][vc_row][vc_column width=&#8221;1\/6&#8243;][\/vc_column][vc_column width=&#8221;2\/3&#8243;][mk_padding_divider size=&#8221;30&#8243;][vc_column_text css=&#8221;.vc_custom_1576681211140{margin-bottom: 0px !important;}&#8221;]O ponto mais ao norte no mapa de localidades afetadas pelo \u00f3leo encontra-se dentro das <a href=\"https:\/\/whsrn.org\/es\/whsrn_sites\/reentrancias-maranhenses\/\" target=\"_blank\" rel=\"noopener noreferrer\">Reentr\u00e2ncias Maranhenses<\/a>, um s\u00edtio WHSRN de Import\u00e2ncia Hemisf\u00e9rica no estado do Maranh\u00e3o. Esse s\u00edtio possui mais de 2,68 milh\u00f5es de hectares de ba\u00edas, estu\u00e1rios e praias. \u201cO \u00f3leo foi detectado em v\u00e1rias localidades dentro do s\u00edtio\u201d, comentou Juliana Bosi de Almeida da SAVE Brasil, organiza\u00e7\u00e3o parceira da WHSRN, \u201cmas \u00e9 um local remoto e de dif\u00edcil acesso, portanto pouco se sabe sobre os impactos do \u00f3leo em um dos s\u00edtios mais cr\u00edticos para aves lim\u00edcolas ao longo da costa do Brasil\u201d.<\/p>\n<p>Um pouco mais ao sul, na costa do Cear\u00e1, \u201cparece que o impacto do derramamento de \u00f3leo no <a href=\"https:\/\/whsrn.org\/es\/whsrn_sites\/banco-dos-cajuais\/\" target=\"_blank\" rel=\"noopener noreferrer\">Banco dos Cajuais<\/a> ser\u00e1 m\u00ednimo\u201d, explica Jason Mobley da organiza\u00e7\u00e3o Aquasis, parceira da WHSRN, referindo-se a um s\u00edtio WHSRN de Import\u00e2ncia Regional. Nesse s\u00edtio, \u201cos res\u00edduos vis\u00edveis [de \u00f3leo] est\u00e3o limitados a manchas do tamanho de uma bola de beisebol, e dep\u00f3sitos menores de petr\u00f3leo cru em algumas praias e bancos de areia. O mais preocupante e dif\u00edcil de quantificar \u00e9 o impacto em bivalves, bancos de algas, pesca e outros importantes recursos marinhos\u201d.[\/vc_column_text][mk_padding_divider size=&#8221;25&#8243;][mk_image src=&#8221;https:\/\/whsrn.org\/wp-content\/uploads\/2019\/12\/bcocajuais-oil-spill_wp.jpg&#8221; image_size=&#8221;full&#8221;][mk_fancy_title tag_name=&#8221;span&#8221; color=&#8221;#53565a&#8221; size=&#8221;12&#8243; font_weight=&#8221;400&#8243; margin_bottom=&#8221;0&#8243; font_family=&#8221;none&#8221; align=&#8221;center&#8221;]Petr\u00f3leo cru nas praias do s\u00edtio WHSRN Banco dos Cajuais. <em>Foto: Programa de Conserva\u00e7\u00e3o de Aves Migrat\u00f3rias Aquasis.<\/em>[\/mk_fancy_title][mk_padding_divider size=&#8221;25&#8243;][vc_column_text css=&#8221;.vc_custom_1576548320511{margin-bottom: 0px !important;}&#8221;]Essa contamina\u00e7\u00e3o traz grande preocupa\u00e7\u00e3o para milh\u00f5es de aves lim\u00edcolas que passam o inverno [do hemisf\u00e9rio norte] na costa do Brasil, e que foi recentemente <a href=\"https:\/\/www.manomet.org\/publication\/oiled-coasts-mean-oiled-shorebirds\/\" target=\"_blank\" rel=\"noopener noreferrer\">comentada por nossos colegas do Programa de Recupera\u00e7\u00e3o de Aves Lim\u00edcolas da Manomet<\/a>. \u201cConsiderando nosso trabalho no Golfo do M\u00e9xico depois do derramamento de \u00f3leo <em>Deepwater Horizon<\/em> em 2010, sabemos que mesmo pequenas quantidades de \u00f3leo nas penas das aves alteram sua termorregula\u00e7\u00e3o e aerodin\u00e2mica de voo\u201d escreveu o especialista em aves lim\u00edcolas Shiloh Schulte. \u201cA ingest\u00e3o de \u00f3leo durante a pr\u00e1tica de limpar as penas [com o bico] resulta em um aumento na concentra\u00e7\u00e3o de hidrocarboneto na corrente sangu\u00ednea, provocando uma diminui\u00e7\u00e3o do sucesso reprodutivo da ave\u201d.[\/vc_column_text][\/vc_column][vc_column width=&#8221;1\/6&#8243;][\/vc_column][\/vc_row][mk_page_section full_width=&#8221;true&#8221; padding_top=&#8221;25&#8243; padding_bottom=&#8221;0&#8243; sidebar=&#8221;sidebar-1&#8243;][vc_column width=&#8221;1\/2&#8243; css=&#8221;.vc_custom_1542646325399{margin-right: 0px !important;margin-left: 0px !important;padding-right: 3px !important;padding-left: 0px !important;}&#8221;][mk_image src=&#8221;https:\/\/whsrn.org\/wp-content\/uploads\/2019\/12\/almeida_sand_preening_oil.jpg&#8221; image_size=&#8221;full&#8221;][\/vc_column][vc_column width=&#8221;1\/2&#8243; css=&#8221;.vc_custom_1542646333769{margin-right: 0px !important;margin-left: 0px !important;padding-right: 0px !important;padding-left: 3px !important;}&#8221;][mk_image src=&#8221;https:\/\/whsrn.org\/wp-content\/uploads\/2019\/12\/gaban-lima_sepl_oil.jpg&#8221; image_size=&#8221;full&#8221;][\/vc_column][\/mk_page_section][vc_row][vc_column width=&#8221;1\/6&#8243;][\/vc_column][vc_column width=&#8221;2\/3&#8243;][mk_fancy_title tag_name=&#8221;span&#8221; color=&#8221;#53565a&#8221; size=&#8221;12&#8243; font_weight=&#8221;400&#8243; margin_bottom=&#8221;0&#8243; font_family=&#8221;none&#8221; align=&#8221;center&#8221;]Esquerda: Um ma\u00e7arico-branco (Calidris alba) limpando o \u00f3leo das penas com o bico (comportamento chamado &#8220;preening&#8221;). <em>Foto: Bruno Jackson Melo de Almeida.<\/em> Direita: Uma batu\u00edra-de-bando (Charadrius semipalmatus) com o ventre sujo de \u00f3leo. <em>Foto: Renato Gaban-Lima.<\/em>[\/mk_fancy_title][\/vc_column][vc_column width=&#8221;1\/6&#8243;][\/vc_column][\/vc_row][vc_row][vc_column width=&#8221;1\/6&#8243;][\/vc_column][vc_column width=&#8221;2\/3&#8243;][mk_padding_divider size=&#8221;30&#8243;][vc_column_text css=&#8221;.vc_custom_1576548401884{margin-bottom: 0px !important;}&#8221;]Estamos apenas no in\u00edcio de um trabalho de longo prazo para entender os impactos desse misterioso derramamento de \u00f3leo. Os parceiros da WHSRN no Brasil est\u00e3o trabalhando incansavelmente para dar apoio aos esfor\u00e7os de limpeza de praias e de monitoramento dos impactos nas aves lim\u00edcolas e seus habitats. O Escrit\u00f3rio Executivo da WHSRN continuar\u00e1 publicando atualiza\u00e7\u00f5es na medida que elas estiverem dispon\u00edveis.[\/vc_column_text][mk_padding_divider size=&#8221;25&#8243;][vc_column_text css=&#8221;.vc_custom_1576548417004{margin-bottom: 0px !important;}&#8221;]\n<h4>Estamos em um momento cr\u00edtico para as aves lim\u00edcolas.<\/h4>\n[\/vc_column_text][vc_column_text css=&#8221;.vc_custom_1576930720016{margin-bottom: 0px !important;}&#8221;]Se voc\u00ea quiser apoiar os esfor\u00e7os para diminuir os efeitos do derramamento de \u00f3leo nas aves lim\u00edcolas voc\u00ea pode doar <a href=\"https:\/\/my.manomet.org\/give\/190027\/#!\/donation\/checkout\" target=\"_blank\" rel=\"noopener noreferrer\">aqui<\/a> e especificar \u201cDerramamento de \u00f3leo no Brasil\u201d na caixa de coment\u00e1rios. A WHSRN ir\u00e1 trabalhar com parceiros locais para que sua doa\u00e7\u00e3o apoie a\u00e7\u00f5es de limpeza e de monitoramento do impacto nas aves lim\u00edcolas e seus habitats, e ajude a restaurar suas popula\u00e7\u00f5es.[\/vc_column_text][mk_padding_divider size=&#8221;80&#8243;][\/vc_column][vc_column width=&#8221;1\/6&#8243;][\/vc_column][\/vc_row][vc_row][vc_column][vc_column_text css=&#8221;.vc_custom_1576548475403{margin-bottom: 0px !important;}&#8221;]\n<h6>Foto da capa: Ma\u00e7aricos-brancos com penas sujas de \u00f3leo. <em>Foto: Bruno Jackson Melo de Almeida.<\/em><\/h6>\n[\/vc_column_text][mk_padding_divider size=&#8221;50&#8243;][\/vc_column][\/vc_row]\n","protected":false},"excerpt":{"rendered":"<p>[mk_page_section bg_image=&#8221;https:\/\/whsrn.org\/wp-content\/uploads\/2019\/12\/portuguese_translation_oilspillheader.jpg&#8221; bg_color=&#8221;#5e5e5e&#8221; bg_position=&#8221;center center&#8221; bg_repeat=&#8221;no-repeat&#8221; bg_stretch=&#8221;true&#8221; video_color_mask=&#8221;#cccccc&#8221; video_opacity=&#8221;.4&#8243; min_height=&#8221;325&#8243; sidebar=&#8221;sidebar-1&#8243;][vc_column][mk_padding_divider size=&#8221;120&#8243;][mk_fancy_title tag_name=&#8221;h1&#8243; color=&#8221;#ffffff&#8221; size=&#8221;75&#8243; force_font_size=&#8221;true&#8221; size_phone=&#8221;42&#8243; font_weight=&#8221;900&#8243; font_family=&#8221;Roboto+Condensed&#8221; font_type=&#8221;google&#8221; align=&#8221;center&#8221;]\u00d3leo espalha-se por mais de 4.000 km ao longo da Costa do Brasil[\/mk_fancy_title][\/vc_column][\/mk_page_section][vc_row][vc_column width=&#8221;1\/6&#8243;][\/vc_column][vc_column width=&#8221;2\/3&#8243;][mk_padding_divider][vc_column_text css=&#8221;.vc_custom_1576681193679{margin-bottom: 0px !important;}&#8221;]As primeiras manchas de \u00f3leo (petr\u00f3leo cru) apareceram nas praias do Nordeste do Brasil h\u00e1 mais de 3 [&hellip;]<\/p>\n","protected":false},"author":3,"featured_media":0,"parent":0,"menu_order":0,"comment_status":"closed","ping_status":"closed","template":"","meta":{"nf_dc_page":"","footnotes":""},"class_list":["post-12141","page","type-page","status-publish","hentry"],"yoast_head":"<!-- This site is optimized with the Yoast SEO plugin v27.2 - https:\/\/yoast.com\/product\/yoast-seo-wordpress\/ -->\n<title>\u00d3leo espalha-se por mais de 4.000 km ao longo da Costa do Brasil &#8211; WHSRN<\/title>\n<meta name=\"robots\" content=\"index, follow, max-snippet:-1, max-image-preview:large, max-video-preview:-1\" \/>\n<link rel=\"canonical\" href=\"https:\/\/whsrn.org\/es\/oleo-espalha-se-por-mais-de-4-000-km-ao-longo-da-costa-do-brasil\/\" \/>\n<meta property=\"og:locale\" content=\"es_ES\" \/>\n<meta property=\"og:type\" content=\"article\" \/>\n<meta property=\"og:title\" content=\"\u00d3leo espalha-se por mais de 4.000 km ao longo da Costa do Brasil &#8211; WHSRN\" \/>\n<meta property=\"og:description\" content=\"[mk_page_section bg_image=&#8221;https:\/\/whsrn.org\/wp-content\/uploads\/2019\/12\/portuguese_translation_oilspillheader.jpg&#8221; bg_color=&#8221;#5e5e5e&#8221; bg_position=&#8221;center center&#8221; bg_repeat=&#8221;no-repeat&#8221; bg_stretch=&#8221;true&#8221; video_color_mask=&#8221;#cccccc&#8221; video_opacity=&#8221;.4&#8243; min_height=&#8221;325&#8243; sidebar=&#8221;sidebar-1&#8243;][vc_column][mk_padding_divider size=&#8221;120&#8243;][mk_fancy_title tag_name=&#8221;h1&#8243; color=&#8221;#ffffff&#8221; size=&#8221;75&#8243; force_font_size=&#8221;true&#8221; size_phone=&#8221;42&#8243; font_weight=&#8221;900&#8243; font_family=&#8221;Roboto+Condensed&#8221; font_type=&#8221;google&#8221; align=&#8221;center&#8221;]\u00d3leo espalha-se por mais de 4.000 km ao longo da Costa do Brasil[\/mk_fancy_title][\/vc_column][\/mk_page_section][vc_row][vc_column width=&#8221;1\/6&#8243;][\/vc_column][vc_column width=&#8221;2\/3&#8243;][mk_padding_divider][vc_column_text css=&#8221;.vc_custom_1576681193679{margin-bottom: 0px !important;}&#8221;]As primeiras manchas de \u00f3leo (petr\u00f3leo cru) apareceram nas praias do Nordeste do Brasil h\u00e1 mais de 3 [&hellip;]\" \/>\n<meta property=\"og:url\" content=\"https:\/\/whsrn.org\/es\/oleo-espalha-se-por-mais-de-4-000-km-ao-longo-da-costa-do-brasil\/\" \/>\n<meta property=\"og:site_name\" content=\"WHSRN\" \/>\n<meta property=\"article:publisher\" content=\"https:\/\/www.facebook.com\/WHSRN\" \/>\n<meta property=\"article:modified_time\" content=\"2019-12-21T12:18:43+00:00\" \/>\n<meta name=\"twitter:card\" content=\"summary_large_image\" \/>\n<meta name=\"twitter:site\" content=\"@WHSRN\" \/>\n<meta name=\"twitter:label1\" content=\"Tiempo de lectura\" \/>\n\t<meta name=\"twitter:data1\" content=\"7 minutos\" \/>\n<script type=\"application\/ld+json\" class=\"yoast-schema-graph\">{\"@context\":\"https:\/\/schema.org\",\"@graph\":[{\"@type\":\"WebPage\",\"@id\":\"https:\/\/whsrn.org\/es\/oleo-espalha-se-por-mais-de-4-000-km-ao-longo-da-costa-do-brasil\/\",\"url\":\"https:\/\/whsrn.org\/es\/oleo-espalha-se-por-mais-de-4-000-km-ao-longo-da-costa-do-brasil\/\",\"name\":\"\u00d3leo espalha-se por mais de 4.000 km ao longo da Costa do Brasil &#8211; WHSRN\",\"isPartOf\":{\"@id\":\"https:\/\/whsrn.org\/es\/#website\"},\"datePublished\":\"2019-12-17T01:52:15+00:00\",\"dateModified\":\"2019-12-21T12:18:43+00:00\",\"breadcrumb\":{\"@id\":\"https:\/\/whsrn.org\/es\/oleo-espalha-se-por-mais-de-4-000-km-ao-longo-da-costa-do-brasil\/#breadcrumb\"},\"inLanguage\":\"es\",\"potentialAction\":[{\"@type\":\"ReadAction\",\"target\":[\"https:\/\/whsrn.org\/es\/oleo-espalha-se-por-mais-de-4-000-km-ao-longo-da-costa-do-brasil\/\"]}]},{\"@type\":\"BreadcrumbList\",\"@id\":\"https:\/\/whsrn.org\/es\/oleo-espalha-se-por-mais-de-4-000-km-ao-longo-da-costa-do-brasil\/#breadcrumb\",\"itemListElement\":[{\"@type\":\"ListItem\",\"position\":1,\"name\":\"Home\",\"item\":\"https:\/\/whsrn.org\/es\/\"},{\"@type\":\"ListItem\",\"position\":2,\"name\":\"\u00d3leo espalha-se por mais de 4.000 km ao longo da Costa do Brasil\"}]},{\"@type\":\"WebSite\",\"@id\":\"https:\/\/whsrn.org\/es\/#website\",\"url\":\"https:\/\/whsrn.org\/es\/\",\"name\":\"WHSRN\",\"description\":\"Western Hemisphere Shorebird Reserve Network\",\"publisher\":{\"@id\":\"https:\/\/whsrn.org\/es\/#organization\"},\"potentialAction\":[{\"@type\":\"SearchAction\",\"target\":{\"@type\":\"EntryPoint\",\"urlTemplate\":\"https:\/\/whsrn.org\/es\/?s={search_term_string}\"},\"query-input\":{\"@type\":\"PropertyValueSpecification\",\"valueRequired\":true,\"valueName\":\"search_term_string\"}}],\"inLanguage\":\"es\"},{\"@type\":\"Organization\",\"@id\":\"https:\/\/whsrn.org\/es\/#organization\",\"name\":\"Western Hemisphere Shorebird Reserve Network\",\"url\":\"https:\/\/whsrn.org\/es\/\",\"logo\":{\"@type\":\"ImageObject\",\"inLanguage\":\"es\",\"@id\":\"https:\/\/whsrn.org\/es\/#\/schema\/logo\/image\/\",\"url\":\"https:\/\/whsrn.org\/wp-content\/uploads\/2021\/01\/whsrn_nostrapline_square.png\",\"contentUrl\":\"https:\/\/whsrn.org\/wp-content\/uploads\/2021\/01\/whsrn_nostrapline_square.png\",\"width\":800,\"height\":800,\"caption\":\"Western Hemisphere Shorebird Reserve Network\"},\"image\":{\"@id\":\"https:\/\/whsrn.org\/es\/#\/schema\/logo\/image\/\"},\"sameAs\":[\"https:\/\/www.facebook.com\/WHSRN\",\"https:\/\/x.com\/WHSRN\",\"https:\/\/www.youtube.com\/channel\/UCDMz2oCsiK8e03UxFhHhdEA\"]}]}<\/script>\n<!-- \/ Yoast SEO plugin. -->","yoast_head_json":{"title":"\u00d3leo espalha-se por mais de 4.000 km ao longo da Costa do Brasil &#8211; WHSRN","robots":{"index":"index","follow":"follow","max-snippet":"max-snippet:-1","max-image-preview":"max-image-preview:large","max-video-preview":"max-video-preview:-1"},"canonical":"https:\/\/whsrn.org\/es\/oleo-espalha-se-por-mais-de-4-000-km-ao-longo-da-costa-do-brasil\/","og_locale":"es_ES","og_type":"article","og_title":"\u00d3leo espalha-se por mais de 4.000 km ao longo da Costa do Brasil &#8211; WHSRN","og_description":"[mk_page_section bg_image=&#8221;https:\/\/whsrn.org\/wp-content\/uploads\/2019\/12\/portuguese_translation_oilspillheader.jpg&#8221; bg_color=&#8221;#5e5e5e&#8221; bg_position=&#8221;center center&#8221; bg_repeat=&#8221;no-repeat&#8221; bg_stretch=&#8221;true&#8221; video_color_mask=&#8221;#cccccc&#8221; video_opacity=&#8221;.4&#8243; min_height=&#8221;325&#8243; sidebar=&#8221;sidebar-1&#8243;][vc_column][mk_padding_divider size=&#8221;120&#8243;][mk_fancy_title tag_name=&#8221;h1&#8243; color=&#8221;#ffffff&#8221; size=&#8221;75&#8243; force_font_size=&#8221;true&#8221; size_phone=&#8221;42&#8243; font_weight=&#8221;900&#8243; font_family=&#8221;Roboto+Condensed&#8221; font_type=&#8221;google&#8221; align=&#8221;center&#8221;]\u00d3leo espalha-se por mais de 4.000 km ao longo da Costa do Brasil[\/mk_fancy_title][\/vc_column][\/mk_page_section][vc_row][vc_column width=&#8221;1\/6&#8243;][\/vc_column][vc_column width=&#8221;2\/3&#8243;][mk_padding_divider][vc_column_text css=&#8221;.vc_custom_1576681193679{margin-bottom: 0px !important;}&#8221;]As primeiras manchas de \u00f3leo (petr\u00f3leo cru) apareceram nas praias do Nordeste do Brasil h\u00e1 mais de 3 [&hellip;]","og_url":"https:\/\/whsrn.org\/es\/oleo-espalha-se-por-mais-de-4-000-km-ao-longo-da-costa-do-brasil\/","og_site_name":"WHSRN","article_publisher":"https:\/\/www.facebook.com\/WHSRN","article_modified_time":"2019-12-21T12:18:43+00:00","twitter_card":"summary_large_image","twitter_site":"@WHSRN","twitter_misc":{"Tiempo de lectura":"7 minutos"},"schema":{"@context":"https:\/\/schema.org","@graph":[{"@type":"WebPage","@id":"https:\/\/whsrn.org\/es\/oleo-espalha-se-por-mais-de-4-000-km-ao-longo-da-costa-do-brasil\/","url":"https:\/\/whsrn.org\/es\/oleo-espalha-se-por-mais-de-4-000-km-ao-longo-da-costa-do-brasil\/","name":"\u00d3leo espalha-se por mais de 4.000 km ao longo da Costa do Brasil &#8211; WHSRN","isPartOf":{"@id":"https:\/\/whsrn.org\/es\/#website"},"datePublished":"2019-12-17T01:52:15+00:00","dateModified":"2019-12-21T12:18:43+00:00","breadcrumb":{"@id":"https:\/\/whsrn.org\/es\/oleo-espalha-se-por-mais-de-4-000-km-ao-longo-da-costa-do-brasil\/#breadcrumb"},"inLanguage":"es","potentialAction":[{"@type":"ReadAction","target":["https:\/\/whsrn.org\/es\/oleo-espalha-se-por-mais-de-4-000-km-ao-longo-da-costa-do-brasil\/"]}]},{"@type":"BreadcrumbList","@id":"https:\/\/whsrn.org\/es\/oleo-espalha-se-por-mais-de-4-000-km-ao-longo-da-costa-do-brasil\/#breadcrumb","itemListElement":[{"@type":"ListItem","position":1,"name":"Home","item":"https:\/\/whsrn.org\/es\/"},{"@type":"ListItem","position":2,"name":"\u00d3leo espalha-se por mais de 4.000 km ao longo da Costa do Brasil"}]},{"@type":"WebSite","@id":"https:\/\/whsrn.org\/es\/#website","url":"https:\/\/whsrn.org\/es\/","name":"WHSRN","description":"Western Hemisphere Shorebird Reserve Network","publisher":{"@id":"https:\/\/whsrn.org\/es\/#organization"},"potentialAction":[{"@type":"SearchAction","target":{"@type":"EntryPoint","urlTemplate":"https:\/\/whsrn.org\/es\/?s={search_term_string}"},"query-input":{"@type":"PropertyValueSpecification","valueRequired":true,"valueName":"search_term_string"}}],"inLanguage":"es"},{"@type":"Organization","@id":"https:\/\/whsrn.org\/es\/#organization","name":"Western Hemisphere Shorebird Reserve Network","url":"https:\/\/whsrn.org\/es\/","logo":{"@type":"ImageObject","inLanguage":"es","@id":"https:\/\/whsrn.org\/es\/#\/schema\/logo\/image\/","url":"https:\/\/whsrn.org\/wp-content\/uploads\/2021\/01\/whsrn_nostrapline_square.png","contentUrl":"https:\/\/whsrn.org\/wp-content\/uploads\/2021\/01\/whsrn_nostrapline_square.png","width":800,"height":800,"caption":"Western Hemisphere Shorebird Reserve Network"},"image":{"@id":"https:\/\/whsrn.org\/es\/#\/schema\/logo\/image\/"},"sameAs":["https:\/\/www.facebook.com\/WHSRN","https:\/\/x.com\/WHSRN","https:\/\/www.youtube.com\/channel\/UCDMz2oCsiK8e03UxFhHhdEA"]}]}},"_links":{"self":[{"href":"https:\/\/whsrn.org\/es\/wp-json\/wp\/v2\/pages\/12141","targetHints":{"allow":["GET"]}}],"collection":[{"href":"https:\/\/whsrn.org\/es\/wp-json\/wp\/v2\/pages"}],"about":[{"href":"https:\/\/whsrn.org\/es\/wp-json\/wp\/v2\/types\/page"}],"author":[{"embeddable":true,"href":"https:\/\/whsrn.org\/es\/wp-json\/wp\/v2\/users\/3"}],"replies":[{"embeddable":true,"href":"https:\/\/whsrn.org\/es\/wp-json\/wp\/v2\/comments?post=12141"}],"version-history":[{"count":9,"href":"https:\/\/whsrn.org\/es\/wp-json\/wp\/v2\/pages\/12141\/revisions"}],"predecessor-version":[{"id":12214,"href":"https:\/\/whsrn.org\/es\/wp-json\/wp\/v2\/pages\/12141\/revisions\/12214"}],"wp:attachment":[{"href":"https:\/\/whsrn.org\/es\/wp-json\/wp\/v2\/media?parent=12141"}],"curies":[{"name":"wp","href":"https:\/\/api.w.org\/{rel}","templated":true}]}}