{"id":11399,"date":"2019-12-02T20:53:22","date_gmt":"2019-12-02T20:53:22","guid":{"rendered":"https:\/\/whsrn.org\/?page_id=11399"},"modified":"2020-03-30T21:22:59","modified_gmt":"2020-03-30T21:22:59","slug":"recursos-para-festivales","status":"publish","type":"page","link":"https:\/\/whsrn.org\/es\/recursos-de-divulgacion\/recursos-para-festivales\/","title":{"rendered":"Recursos para Festivales"},"content":{"rendered":"[mk_page_section bg_image=&#8221;https:\/\/whsrn.org\/wp-content\/uploads\/2019\/11\/festivals_header.jpg&#8221; bg_image_portrait=&#8221;https:\/\/whsrn.org\/wp-content\/uploads\/2019\/11\/festivals_header_mobile.jpg&#8221; bg_color=&#8221;#5e5e5e&#8221; bg_position=&#8221;center center&#8221; bg_repeat=&#8221;no-repeat&#8221; bg_stretch=&#8221;true&#8221; video_color_mask=&#8221;#cccccc&#8221; video_opacity=&#8221;.4&#8243; min_height=&#8221;325&#8243; sidebar=&#8221;sidebar-1&#8243;][vc_column][mk_padding_divider size=&#8221;120&#8243;][mk_fancy_title tag_name=&#8221;h1&#8243; color=&#8221;#ffffff&#8221; size=&#8221;75&#8243; force_font_size=&#8221;true&#8221; size_phone=&#8221;42&#8243; font_weight=&#8221;900&#8243; font_family=&#8221;Roboto+Condensed&#8221; font_type=&#8221;google&#8221; align=&#8221;center&#8221;]Festivales de Aves Playeras[\/mk_fancy_title][\/vc_column][\/mk_page_section][mk_page_section bg_color=&#8221;#f2f2f2&#8243; padding_top=&#8221;25&#8243; sidebar=&#8221;sidebar-1&#8243;][vc_column css=&#8221;.vc_custom_1534796504266{padding-right: 35px !important;}&#8221;][mk_fancy_title color=&#8221;#53565a&#8221; size=&#8221;38&#8243; force_font_size=&#8221;true&#8221; size_phone=&#8221;36&#8243; line_height=&#8221;120&#8243; font_weight=&#8221;300&#8243; txt_transform=&#8221;none&#8221; margin_bottom=&#8221;0&#8243; font_family=&#8221;Roboto&#8221; font_type=&#8221;google&#8221; responsive_align=&#8221;left&#8221;]Recursos para Festivales[\/mk_fancy_title][\/vc_column][\/mk_page_section][mk_page_section section_layout=&#8221;right&#8221; padding_top=&#8221;15&#8243; padding_bottom=&#8221;0&#8243; margin_bottom=&#8221;30&#8243; sidebar=&#8221;sidebar-20&#8243;][vc_column border_color=&#8221;#ffffff&#8221; css=&#8221;.vc_custom_1542639941640{margin-right: 0px !important;margin-left: 0px !important;border-top-width: 0px !important;border-right-width: 0px !important;border-bottom-width: 0px !important;border-left-width: 0px !important;padding-right: 4px !important;padding-left: 0px !important;border-left-color: #ffffff !important;border-right-color: #ffffff !important;border-top-color: #ffffff !important;border-bottom-color: #ffffff !important;}&#8221;][mk_fancy_title color=&#8221;#005695&#8243; size=&#8221;34&#8243; font_weight=&#8221;300&#8243; txt_transform=&#8221;none&#8221; margin_bottom=&#8221;0&#8243; font_family=&#8221;Roboto+Slab&#8221; font_type=&#8221;google&#8221; responsive_align=&#8221;left&#8221;]Los festivales de aves playeras se han convertido en verdaderos \u00edconos locales a lo largo y ancho del hemisferio, siendo portadores de mensajes de conservaci\u00f3n.[\/mk_fancy_title][vc_column_text css=&#8221;.vc_custom_1574263952352{margin-bottom: 0px !important;}&#8221;]Est\u00e1n inspirando la conservaci\u00f3n y el orgullo de las comunidades por recibir a las aves playeras en sus grandes migraciones. Son adem\u00e1s un atractivo tur\u00edstico, de gran inter\u00e9s que suma cada d\u00eda m\u00e1s visitantes nacionales e internacionales, que buscan conocer nuevos valores culturales, formas de vida tradicional local, ciencia y conservaci\u00f3n.[\/vc_column_text][mk_image src=&#8221;https:\/\/whsrn.org\/wp-content\/uploads\/2019\/11\/shorebird_image_1.jpg&#8221; image_size=&#8221;full&#8221; align=&#8221;center&#8221;][mk_padding_divider size=&#8221;15&#8243;][mk_fancy_title color=&#8221;#005695&#8243; size=&#8221;34&#8243; font_weight=&#8221;300&#8243; txt_transform=&#8221;none&#8221; margin_bottom=&#8221;0&#8243; font_family=&#8221;Roboto+Slab&#8221; font_type=&#8221;google&#8221; responsive_align=&#8221;left&#8221;]Conectando Festivales[\/mk_fancy_title][vc_column_text css=&#8221;.vc_custom_1574282224881{margin-bottom: 0px !important;}&#8221;]Para anunciar su festival, con\u00e9ctese con otros festivales de aves playeras en todo el Hemisferio Occidental y comparta inspiraci\u00f3n y estrategias para planificar, organizar y promover festivales, visite el <strong>grupo de Facebook Conectando Festivales de Aves Playeras<\/strong> o <strong><a href=\"http:\/\/shorebirdforum.org\/forums\/forum\/shorebird-festivals\/\">\u00fanase a la conversaci\u00f3n sobre Festivales de Aves Playeras en el Foro de Aves Playeras<\/a><\/strong>.[\/vc_column_text][mk_padding_divider size=&#8221;30&#8243;][mk_image_slideshow images=&#8221;11455,11457,11459,11461,11463&#8243; image_width=&#8221;800&#8243;][mk_padding_divider size=&#8221;30&#8243;][mk_fancy_title color=&#8221;#005695&#8243; size=&#8221;34&#8243; font_weight=&#8221;300&#8243; txt_transform=&#8221;none&#8221; margin_bottom=&#8221;0&#8243; font_family=&#8221;Roboto+Slab&#8221; font_type=&#8221;google&#8221; responsive_align=&#8221;left&#8221;]Descargables[\/mk_fancy_title][vc_column_text css=&#8221;.vc_custom_1574266660198{margin-bottom: 0px !important;}&#8221;]Aqu\u00ed encontrar\u00e1 materiales descargables, inspirados en las aves playeras, para sumar a su festival, generando actividades recreativas en base a ellos o como inspiraci\u00f3n para crear su propio material.[\/vc_column_text][vc_column_text css=&#8221;.vc_custom_1574272283441{margin-bottom: 0px !important;}&#8221;]\n<p>Tambi\u00e9n puede visitar la p\u00e1gina de <a href=\"https:\/\/www.migratorybirdday.org\/resources\/\">recursos del D\u00eda Mundial de las Aves Migratorias<\/a> en donde podr\u00e1 descargar materiales educativos, infograf\u00edas, p\u00f3sters e informaci\u00f3n sobre el <a href=\"https:\/\/www.worldmigratorybirdday.org\/\"><b>D\u00eda Mundial de las Aves Migratorias<\/b><\/a> que promueven nuestros amigos de Environment for the Americas.[\/vc_column_text][mk_padding_divider size=&#8221;20&#8243;][vc_row_inner][vc_column_inner width=&#8221;1\/3&#8243;][mk_image src=&#8221;https:\/\/whsrn.org\/wp-content\/uploads\/2019\/11\/shorebird-pinwheel-thumbnail.jpg&#8221; image_size=&#8221;full&#8221; link=&#8221;https:\/\/whsrn.org\/wp-content\/uploads\/2019\/12\/molinete-playero_es-1.pdf&#8221; align=&#8221;center&#8221;][vc_column_text css=&#8221;.vc_custom_1574274107487{padding-top: 5px !important;}&#8221;]\n<p style=\"text-align: center;\"><strong>Molinete playero<\/strong><\/p>\n[\/vc_column_text][\/vc_column_inner][vc_column_inner width=&#8221;1\/3&#8243;][mk_image src=&#8221;https:\/\/whsrn.org\/wp-content\/uploads\/2019\/11\/animator_thumbnail.jpg&#8221; image_size=&#8221;full&#8221; link=&#8221;https:\/\/whsrn.org\/wp-content\/uploads\/2019\/12\/vuelo-optico_es.pdf&#8221; align=&#8221;center&#8221;][vc_column_text css=&#8221;.vc_custom_1574274142223{padding-top: 5px !important;}&#8221;]\n<p style=\"text-align: center;\"><b>Vuelo \u00f3ptico<\/b><\/p>\n[\/vc_column_text][\/vc_column_inner][vc_column_inner width=&#8221;1\/3&#8243;][mk_image src=&#8221;https:\/\/whsrn.org\/wp-content\/uploads\/2019\/11\/paperpuppet_thumbnail.jpg&#8221; image_size=&#8221;full&#8221; link=&#8221;https:\/\/whsrn.org\/wp-content\/uploads\/2019\/12\/marioneta-de-papel_es.pdf&#8221; align=&#8221;center&#8221;][vc_column_text css=&#8221;.vc_custom_1574274159316{padding-top: 5px !important;}&#8221;]\n<p style=\"text-align: center;\"><b>Marioneta de papel<\/b><\/p>\n[\/vc_column_text][\/vc_column_inner][\/vc_row_inner][mk_padding_divider size=&#8221;10&#8243;][vc_row_inner][vc_column_inner width=&#8221;1\/3&#8243;][mk_image src=&#8221;https:\/\/whsrn.org\/wp-content\/uploads\/2019\/11\/mask_thumbnail.jpg&#8221; image_size=&#8221;full&#8221; link=&#8221;https:\/\/whsrn.org\/wp-content\/uploads\/2019\/12\/mascara-de-ave_es.pdf&#8221; align=&#8221;center&#8221;][vc_column_text css=&#8221;.vc_custom_1574274176040{padding-top: 5px !important;}&#8221;]\n<p style=\"text-align: center;\"><b>M\u00e1scara de ave<\/b><\/p>\n[\/vc_column_text][\/vc_column_inner][vc_column_inner width=&#8221;1\/3&#8243;][mk_image src=&#8221;https:\/\/whsrn.org\/wp-content\/uploads\/2019\/11\/fingerpuppet_thumbnail.jpg&#8221; image_size=&#8221;full&#8221; link=&#8221;https:\/\/whsrn.org\/wp-content\/uploads\/2019\/12\/titeres-de-dedo_es.pdf&#8221; align=&#8221;center&#8221;][vc_column_text css=&#8221;.vc_custom_1574274190716{padding-top: 5px !important;}&#8221;]\n<p style=\"text-align: center;\"><b>T\u00edteres de dedo<\/b><\/p>\n[\/vc_column_text][\/vc_column_inner][\/vc_row_inner][mk_padding_divider size=&#8221;24&#8243; visibility=&#8221;hidden-sm&#8221;][mk_fancy_title color=&#8221;#005695&#8243; size=&#8221;34&#8243; font_weight=&#8221;300&#8243; txt_transform=&#8221;none&#8221; margin_bottom=&#8221;0&#8243; font_family=&#8221;Roboto+Slab&#8221; font_type=&#8221;google&#8221; responsive_align=&#8221;left&#8221;]Colaboradores[\/mk_fancy_title][vc_column_text css=&#8221;.vc_custom_1582555620700{margin-bottom: 0px !important;}&#8221;]Esta iniciativa es un proyecto conjunto con la Red Hemisf\u00e9rica de Reservas para Aves Playeras (RHRAP\/WHSRN por sus siglas en ingl\u00e9s), la Iniciativa Internacional para la Conservaci\u00f3n de Aves Migratorias del Delta del R\u00edo Copper (<a href=\"https:\/\/www.fs.fed.us\/global\/wings\/birds\/crimbi\/welcome.htm\" target=\"_blank\" rel=\"noopener noreferrer\">CRIMBI<\/a>) y sus socios, que cuenta con el apoyo del Servicio Forestal de los Estados Unidos.[\/vc_column_text][mk_padding_divider size=&#8221;25&#8243;][mk_image src=&#8221;https:\/\/whsrn.org\/wp-content\/uploads\/2019\/11\/shorebird_image_2.jpg&#8221; image_size=&#8221;full&#8221; link=&#8221;https:\/\/whsrn.org\/wp-content\/uploads\/2019\/03\/whsrn_english.png&#8221; align=&#8221;center&#8221;][mk_padding_divider size=&#8221;50&#8243;][\/vc_column][\/mk_page_section]\n","protected":false},"excerpt":{"rendered":"<p>[mk_page_section bg_image=&#8221;https:\/\/whsrn.org\/wp-content\/uploads\/2019\/11\/festivals_header.jpg&#8221; bg_image_portrait=&#8221;https:\/\/whsrn.org\/wp-content\/uploads\/2019\/11\/festivals_header_mobile.jpg&#8221; bg_color=&#8221;#5e5e5e&#8221; bg_position=&#8221;center center&#8221; bg_repeat=&#8221;no-repeat&#8221; bg_stretch=&#8221;true&#8221; video_color_mask=&#8221;#cccccc&#8221; video_opacity=&#8221;.4&#8243; min_height=&#8221;325&#8243; sidebar=&#8221;sidebar-1&#8243;][vc_column][mk_padding_divider size=&#8221;120&#8243;][mk_fancy_title tag_name=&#8221;h1&#8243; color=&#8221;#ffffff&#8221; size=&#8221;75&#8243; force_font_size=&#8221;true&#8221; size_phone=&#8221;42&#8243; font_weight=&#8221;900&#8243; font_family=&#8221;Roboto+Condensed&#8221; font_type=&#8221;google&#8221; align=&#8221;center&#8221;]Festivales de Aves Playeras[\/mk_fancy_title][\/vc_column][\/mk_page_section][mk_page_section bg_color=&#8221;#f2f2f2&#8243; padding_top=&#8221;25&#8243; sidebar=&#8221;sidebar-1&#8243;][vc_column css=&#8221;.vc_custom_1534796504266{padding-right: 35px !important;}&#8221;][mk_fancy_title color=&#8221;#53565a&#8221; size=&#8221;38&#8243; force_font_size=&#8221;true&#8221; size_phone=&#8221;36&#8243; line_height=&#8221;120&#8243; font_weight=&#8221;300&#8243; txt_transform=&#8221;none&#8221; margin_bottom=&#8221;0&#8243; font_family=&#8221;Roboto&#8221; font_type=&#8221;google&#8221; responsive_align=&#8221;left&#8221;]Recursos para Festivales[\/mk_fancy_title][\/vc_column][\/mk_page_section][mk_page_section section_layout=&#8221;right&#8221; padding_top=&#8221;15&#8243; padding_bottom=&#8221;0&#8243; margin_bottom=&#8221;30&#8243; sidebar=&#8221;sidebar-20&#8243;][vc_column border_color=&#8221;#ffffff&#8221; css=&#8221;.vc_custom_1542639941640{margin-right: 0px !important;margin-left: 0px !important;border-top-width: [&hellip;]<\/p>\n","protected":false},"author":3,"featured_media":0,"parent":9472,"menu_order":0,"comment_status":"closed","ping_status":"closed","template":"","meta":{"nf_dc_page":"","footnotes":""},"class_list":["post-11399","page","type-page","status-publish","hentry"],"yoast_head":"<!-- This site is optimized with the Yoast SEO plugin v27.2 - https:\/\/yoast.com\/product\/yoast-seo-wordpress\/ -->\n<title>Recursos para Festivales &#8211; WHSRN<\/title>\n<meta name=\"robots\" content=\"index, follow, max-snippet:-1, max-image-preview:large, max-video-preview:-1\" \/>\n<link rel=\"canonical\" href=\"https:\/\/whsrn.org\/es\/recursos-de-divulgacion\/recursos-para-festivales\/\" \/>\n<meta property=\"og:locale\" content=\"es_ES\" \/>\n<meta property=\"og:type\" content=\"article\" \/>\n<meta property=\"og:title\" content=\"Recursos para Festivales &#8211; WHSRN\" \/>\n<meta property=\"og:description\" content=\"[mk_page_section bg_image=&#8221;https:\/\/whsrn.org\/wp-content\/uploads\/2019\/11\/festivals_header.jpg&#8221; bg_image_portrait=&#8221;https:\/\/whsrn.org\/wp-content\/uploads\/2019\/11\/festivals_header_mobile.jpg&#8221; bg_color=&#8221;#5e5e5e&#8221; bg_position=&#8221;center center&#8221; bg_repeat=&#8221;no-repeat&#8221; bg_stretch=&#8221;true&#8221; video_color_mask=&#8221;#cccccc&#8221; video_opacity=&#8221;.4&#8243; min_height=&#8221;325&#8243; sidebar=&#8221;sidebar-1&#8243;][vc_column][mk_padding_divider size=&#8221;120&#8243;][mk_fancy_title tag_name=&#8221;h1&#8243; color=&#8221;#ffffff&#8221; size=&#8221;75&#8243; force_font_size=&#8221;true&#8221; size_phone=&#8221;42&#8243; font_weight=&#8221;900&#8243; font_family=&#8221;Roboto+Condensed&#8221; font_type=&#8221;google&#8221; align=&#8221;center&#8221;]Festivales de Aves Playeras[\/mk_fancy_title][\/vc_column][\/mk_page_section][mk_page_section bg_color=&#8221;#f2f2f2&#8243; padding_top=&#8221;25&#8243; sidebar=&#8221;sidebar-1&#8243;][vc_column css=&#8221;.vc_custom_1534796504266{padding-right: 35px !important;}&#8221;][mk_fancy_title color=&#8221;#53565a&#8221; size=&#8221;38&#8243; force_font_size=&#8221;true&#8221; size_phone=&#8221;36&#8243; line_height=&#8221;120&#8243; font_weight=&#8221;300&#8243; txt_transform=&#8221;none&#8221; margin_bottom=&#8221;0&#8243; font_family=&#8221;Roboto&#8221; font_type=&#8221;google&#8221; responsive_align=&#8221;left&#8221;]Recursos para Festivales[\/mk_fancy_title][\/vc_column][\/mk_page_section][mk_page_section section_layout=&#8221;right&#8221; padding_top=&#8221;15&#8243; padding_bottom=&#8221;0&#8243; margin_bottom=&#8221;30&#8243; sidebar=&#8221;sidebar-20&#8243;][vc_column border_color=&#8221;#ffffff&#8221; css=&#8221;.vc_custom_1542639941640{margin-right: 0px !important;margin-left: 0px !important;border-top-width: [&hellip;]\" \/>\n<meta property=\"og:url\" content=\"https:\/\/whsrn.org\/es\/recursos-de-divulgacion\/recursos-para-festivales\/\" \/>\n<meta property=\"og:site_name\" content=\"WHSRN\" \/>\n<meta property=\"article:publisher\" content=\"https:\/\/www.facebook.com\/WHSRN\" \/>\n<meta property=\"article:modified_time\" content=\"2020-03-30T21:22:59+00:00\" \/>\n<meta name=\"twitter:card\" content=\"summary_large_image\" \/>\n<meta name=\"twitter:site\" content=\"@WHSRN\" \/>\n<meta name=\"twitter:label1\" content=\"Tiempo de lectura\" \/>\n\t<meta name=\"twitter:data1\" content=\"5 minutos\" \/>\n<script type=\"application\/ld+json\" class=\"yoast-schema-graph\">{\"@context\":\"https:\/\/schema.org\",\"@graph\":[{\"@type\":\"WebPage\",\"@id\":\"https:\/\/whsrn.org\/es\/recursos-de-divulgacion\/recursos-para-festivales\/\",\"url\":\"https:\/\/whsrn.org\/es\/recursos-de-divulgacion\/recursos-para-festivales\/\",\"name\":\"Recursos para Festivales &#8211; WHSRN\",\"isPartOf\":{\"@id\":\"https:\/\/whsrn.org\/es\/#website\"},\"datePublished\":\"2019-12-02T20:53:22+00:00\",\"dateModified\":\"2020-03-30T21:22:59+00:00\",\"breadcrumb\":{\"@id\":\"https:\/\/whsrn.org\/es\/recursos-de-divulgacion\/recursos-para-festivales\/#breadcrumb\"},\"inLanguage\":\"es\",\"potentialAction\":[{\"@type\":\"ReadAction\",\"target\":[\"https:\/\/whsrn.org\/es\/recursos-de-divulgacion\/recursos-para-festivales\/\"]}]},{\"@type\":\"BreadcrumbList\",\"@id\":\"https:\/\/whsrn.org\/es\/recursos-de-divulgacion\/recursos-para-festivales\/#breadcrumb\",\"itemListElement\":[{\"@type\":\"ListItem\",\"position\":1,\"name\":\"Home\",\"item\":\"https:\/\/whsrn.org\/es\/\"},{\"@type\":\"ListItem\",\"position\":2,\"name\":\"Recursos de Divulgaci\u00f3n\",\"item\":\"https:\/\/whsrn.org\/es\/recursos-de-divulgacion\/\"},{\"@type\":\"ListItem\",\"position\":3,\"name\":\"Recursos para Festivales\"}]},{\"@type\":\"WebSite\",\"@id\":\"https:\/\/whsrn.org\/es\/#website\",\"url\":\"https:\/\/whsrn.org\/es\/\",\"name\":\"WHSRN\",\"description\":\"Western Hemisphere Shorebird Reserve Network\",\"publisher\":{\"@id\":\"https:\/\/whsrn.org\/es\/#organization\"},\"potentialAction\":[{\"@type\":\"SearchAction\",\"target\":{\"@type\":\"EntryPoint\",\"urlTemplate\":\"https:\/\/whsrn.org\/es\/?s={search_term_string}\"},\"query-input\":{\"@type\":\"PropertyValueSpecification\",\"valueRequired\":true,\"valueName\":\"search_term_string\"}}],\"inLanguage\":\"es\"},{\"@type\":\"Organization\",\"@id\":\"https:\/\/whsrn.org\/es\/#organization\",\"name\":\"Western Hemisphere Shorebird Reserve Network\",\"url\":\"https:\/\/whsrn.org\/es\/\",\"logo\":{\"@type\":\"ImageObject\",\"inLanguage\":\"es\",\"@id\":\"https:\/\/whsrn.org\/es\/#\/schema\/logo\/image\/\",\"url\":\"https:\/\/whsrn.org\/wp-content\/uploads\/2021\/01\/whsrn_nostrapline_square.png\",\"contentUrl\":\"https:\/\/whsrn.org\/wp-content\/uploads\/2021\/01\/whsrn_nostrapline_square.png\",\"width\":800,\"height\":800,\"caption\":\"Western Hemisphere Shorebird Reserve Network\"},\"image\":{\"@id\":\"https:\/\/whsrn.org\/es\/#\/schema\/logo\/image\/\"},\"sameAs\":[\"https:\/\/www.facebook.com\/WHSRN\",\"https:\/\/x.com\/WHSRN\",\"https:\/\/www.youtube.com\/channel\/UCDMz2oCsiK8e03UxFhHhdEA\"]}]}<\/script>\n<!-- \/ Yoast SEO plugin. -->","yoast_head_json":{"title":"Recursos para Festivales &#8211; WHSRN","robots":{"index":"index","follow":"follow","max-snippet":"max-snippet:-1","max-image-preview":"max-image-preview:large","max-video-preview":"max-video-preview:-1"},"canonical":"https:\/\/whsrn.org\/es\/recursos-de-divulgacion\/recursos-para-festivales\/","og_locale":"es_ES","og_type":"article","og_title":"Recursos para Festivales &#8211; WHSRN","og_description":"[mk_page_section bg_image=&#8221;https:\/\/whsrn.org\/wp-content\/uploads\/2019\/11\/festivals_header.jpg&#8221; bg_image_portrait=&#8221;https:\/\/whsrn.org\/wp-content\/uploads\/2019\/11\/festivals_header_mobile.jpg&#8221; bg_color=&#8221;#5e5e5e&#8221; bg_position=&#8221;center center&#8221; bg_repeat=&#8221;no-repeat&#8221; bg_stretch=&#8221;true&#8221; video_color_mask=&#8221;#cccccc&#8221; video_opacity=&#8221;.4&#8243; min_height=&#8221;325&#8243; sidebar=&#8221;sidebar-1&#8243;][vc_column][mk_padding_divider size=&#8221;120&#8243;][mk_fancy_title tag_name=&#8221;h1&#8243; color=&#8221;#ffffff&#8221; size=&#8221;75&#8243; force_font_size=&#8221;true&#8221; size_phone=&#8221;42&#8243; font_weight=&#8221;900&#8243; font_family=&#8221;Roboto+Condensed&#8221; font_type=&#8221;google&#8221; align=&#8221;center&#8221;]Festivales de Aves Playeras[\/mk_fancy_title][\/vc_column][\/mk_page_section][mk_page_section bg_color=&#8221;#f2f2f2&#8243; padding_top=&#8221;25&#8243; sidebar=&#8221;sidebar-1&#8243;][vc_column css=&#8221;.vc_custom_1534796504266{padding-right: 35px !important;}&#8221;][mk_fancy_title color=&#8221;#53565a&#8221; size=&#8221;38&#8243; force_font_size=&#8221;true&#8221; size_phone=&#8221;36&#8243; line_height=&#8221;120&#8243; font_weight=&#8221;300&#8243; txt_transform=&#8221;none&#8221; margin_bottom=&#8221;0&#8243; font_family=&#8221;Roboto&#8221; font_type=&#8221;google&#8221; responsive_align=&#8221;left&#8221;]Recursos para Festivales[\/mk_fancy_title][\/vc_column][\/mk_page_section][mk_page_section section_layout=&#8221;right&#8221; padding_top=&#8221;15&#8243; padding_bottom=&#8221;0&#8243; margin_bottom=&#8221;30&#8243; sidebar=&#8221;sidebar-20&#8243;][vc_column border_color=&#8221;#ffffff&#8221; css=&#8221;.vc_custom_1542639941640{margin-right: 0px !important;margin-left: 0px !important;border-top-width: [&hellip;]","og_url":"https:\/\/whsrn.org\/es\/recursos-de-divulgacion\/recursos-para-festivales\/","og_site_name":"WHSRN","article_publisher":"https:\/\/www.facebook.com\/WHSRN","article_modified_time":"2020-03-30T21:22:59+00:00","twitter_card":"summary_large_image","twitter_site":"@WHSRN","twitter_misc":{"Tiempo de lectura":"5 minutos"},"schema":{"@context":"https:\/\/schema.org","@graph":[{"@type":"WebPage","@id":"https:\/\/whsrn.org\/es\/recursos-de-divulgacion\/recursos-para-festivales\/","url":"https:\/\/whsrn.org\/es\/recursos-de-divulgacion\/recursos-para-festivales\/","name":"Recursos para Festivales &#8211; WHSRN","isPartOf":{"@id":"https:\/\/whsrn.org\/es\/#website"},"datePublished":"2019-12-02T20:53:22+00:00","dateModified":"2020-03-30T21:22:59+00:00","breadcrumb":{"@id":"https:\/\/whsrn.org\/es\/recursos-de-divulgacion\/recursos-para-festivales\/#breadcrumb"},"inLanguage":"es","potentialAction":[{"@type":"ReadAction","target":["https:\/\/whsrn.org\/es\/recursos-de-divulgacion\/recursos-para-festivales\/"]}]},{"@type":"BreadcrumbList","@id":"https:\/\/whsrn.org\/es\/recursos-de-divulgacion\/recursos-para-festivales\/#breadcrumb","itemListElement":[{"@type":"ListItem","position":1,"name":"Home","item":"https:\/\/whsrn.org\/es\/"},{"@type":"ListItem","position":2,"name":"Recursos de Divulgaci\u00f3n","item":"https:\/\/whsrn.org\/es\/recursos-de-divulgacion\/"},{"@type":"ListItem","position":3,"name":"Recursos para Festivales"}]},{"@type":"WebSite","@id":"https:\/\/whsrn.org\/es\/#website","url":"https:\/\/whsrn.org\/es\/","name":"WHSRN","description":"Western Hemisphere Shorebird Reserve Network","publisher":{"@id":"https:\/\/whsrn.org\/es\/#organization"},"potentialAction":[{"@type":"SearchAction","target":{"@type":"EntryPoint","urlTemplate":"https:\/\/whsrn.org\/es\/?s={search_term_string}"},"query-input":{"@type":"PropertyValueSpecification","valueRequired":true,"valueName":"search_term_string"}}],"inLanguage":"es"},{"@type":"Organization","@id":"https:\/\/whsrn.org\/es\/#organization","name":"Western Hemisphere Shorebird Reserve Network","url":"https:\/\/whsrn.org\/es\/","logo":{"@type":"ImageObject","inLanguage":"es","@id":"https:\/\/whsrn.org\/es\/#\/schema\/logo\/image\/","url":"https:\/\/whsrn.org\/wp-content\/uploads\/2021\/01\/whsrn_nostrapline_square.png","contentUrl":"https:\/\/whsrn.org\/wp-content\/uploads\/2021\/01\/whsrn_nostrapline_square.png","width":800,"height":800,"caption":"Western Hemisphere Shorebird Reserve Network"},"image":{"@id":"https:\/\/whsrn.org\/es\/#\/schema\/logo\/image\/"},"sameAs":["https:\/\/www.facebook.com\/WHSRN","https:\/\/x.com\/WHSRN","https:\/\/www.youtube.com\/channel\/UCDMz2oCsiK8e03UxFhHhdEA"]}]}},"_links":{"self":[{"href":"https:\/\/whsrn.org\/es\/wp-json\/wp\/v2\/pages\/11399","targetHints":{"allow":["GET"]}}],"collection":[{"href":"https:\/\/whsrn.org\/es\/wp-json\/wp\/v2\/pages"}],"about":[{"href":"https:\/\/whsrn.org\/es\/wp-json\/wp\/v2\/types\/page"}],"author":[{"embeddable":true,"href":"https:\/\/whsrn.org\/es\/wp-json\/wp\/v2\/users\/3"}],"replies":[{"embeddable":true,"href":"https:\/\/whsrn.org\/es\/wp-json\/wp\/v2\/comments?post=11399"}],"version-history":[{"count":9,"href":"https:\/\/whsrn.org\/es\/wp-json\/wp\/v2\/pages\/11399\/revisions"}],"predecessor-version":[{"id":12851,"href":"https:\/\/whsrn.org\/es\/wp-json\/wp\/v2\/pages\/11399\/revisions\/12851"}],"up":[{"embeddable":true,"href":"https:\/\/whsrn.org\/es\/wp-json\/wp\/v2\/pages\/9472"}],"wp:attachment":[{"href":"https:\/\/whsrn.org\/es\/wp-json\/wp\/v2\/media?parent=11399"}],"curies":[{"name":"wp","href":"https:\/\/api.w.org\/{rel}","templated":true}]}}