{"id":10056,"date":"2019-06-03T17:03:24","date_gmt":"2019-06-03T17:03:24","guid":{"rendered":"https:\/\/whsrn.org\/?page_id=10056"},"modified":"2019-06-03T17:03:24","modified_gmt":"2019-06-03T17:03:24","slug":"cawc2019-francais","status":"publish","type":"page","link":"https:\/\/whsrn.org\/es\/cawc2019-francais\/","title":{"rendered":"Nombre record d\u2019oiseaux de rivage n\u00e9arctiques compt\u00e9s lors du recensement des oiseaux aquatiques d\u2019Am\u00e9rique centrale de 2019"},"content":{"rendered":"[vc_row css=&#8221;.vc_custom_1537359740219{margin-top: 0px !important;padding-top: 0px !important;}&#8221;][vc_column css=&#8221;.vc_custom_1537371217000{margin-top: 0px !important;padding-top: 0px !important;}&#8221;][mk_fancy_title color=&#8221;#005695&#8243; size=&#8221;38&#8243; force_font_size=&#8221;true&#8221; size_phone=&#8221;36&#8243; font_weight=&#8221;300&#8243; txt_transform=&#8221;none&#8221; margin_bottom=&#8221;0&#8243; font_family=&#8221;Roboto+Slab&#8221; font_type=&#8221;google&#8221; responsive_align=&#8221;left&#8221;]\n<h2>Nombre record d\u2019oiseaux de rivage n\u00e9arctiques compt\u00e9s lors du recensement des oiseaux aquatiques d\u2019Am\u00e9rique centrale de 2019<\/h2>\n[\/mk_fancy_title][mk_padding_divider size=&#8221;25&#8243;][\/vc_column][\/vc_row][vc_row css=&#8221;.vc_custom_1537359740219{margin-top: 0px !important;padding-top: 0px !important;}&#8221;][vc_column css=&#8221;.vc_custom_1537371217000{margin-top: 0px !important;padding-top: 0px !important;}&#8221;][vc_column_text css=&#8221;.vc_custom_1559581273841{margin-top: 0px !important;margin-bottom: 0px !important;padding-top: 0px !important;}&#8221;]Lors du recensement des oiseaux aquatiques d\u2019Am\u00e9rique centrale (ROAAC) de 2019, coordonn\u00e9 pour une troisi\u00e8me ann\u00e9e par le bureau ex\u00e9cutif du R\u00e9seau de r\u00e9serves pour les oiseaux de rivage de l\u2019h\u00e9misph\u00e8re occidental (RRORHO), le nombre de sites couverts et le nombre d\u2019oiseaux aquatiques d\u00e9nombr\u00e9s \u00e9taient plus \u00e9lev\u00e9s que ceux de toute autre ann\u00e9e depuis le premier recensement en 2011, et, surtout, le nombre d\u2019oiseaux de rivage n\u00e9arctiques observ\u00e9s \u00e9tait plus \u00e9lev\u00e9 que jamais! Du 15\u00a0janvier au 15\u00a0f\u00e9vrier\u00a02019, 142\u00a0b\u00e9n\u00e9voles provenant de toute l\u2019Am\u00e9rique centrale et du sud du Mexique ont visit\u00e9 un total impressionnant de 230\u00a0sites et ont compt\u00e9, en tout, 355\u2009260\u00a0oiseaux aquatiques. Pr\u00e8s de la moiti\u00e9 de ces oiseaux, soit 175\u2009760\u00a0individus, \u00e9taient des oiseaux de rivage n\u00e9arctiques.<\/p>\n<p>Parmi ce nombre record d\u2019oiseaux de rivage n\u00e9arctiques, on comptait un total de 28\u00a0esp\u00e8ces, dont trois sont consid\u00e9r\u00e9es \u00e0 la fois comme migratrices n\u00e9arctiques et r\u00e9sidentes en Am\u00e9rique centrale (Hu\u00eetrier d\u2019Am\u00e9rique [<em>Haematopus palliatus<\/em>], \u00c9chasse d\u2019Am\u00e9rique [<em>Himantopus mexicanus<\/em>] et Pluvier de Wilson [<em>Charadrius wilsonia<\/em>]). Certains individus se sont d\u00e9marqu\u00e9s, notamment quatre Hu\u00eetriers d\u2019Am\u00e9rique bagu\u00e9s et un Pluvier de Wilson bagu\u00e9. Deux de ces hu\u00eetriers ont \u00e9t\u00e9 observ\u00e9s au Salvador; l\u2019un a \u00e9t\u00e9 bagu\u00e9 en 2010 en Caroline du Sud, et l\u2019autre, en 2018 en G\u00e9orgie. Il est int\u00e9ressant de noter que l\u2019oiseau provenant de la Caroline du Sud a aussi \u00e9t\u00e9 observ\u00e9 au Salvador en 2017. Les deux autres hu\u00eetriers ont \u00e9t\u00e9 observ\u00e9s au Honduras; l\u2019un a \u00e9t\u00e9 bagu\u00e9 en 2017 en Caroline du Nord, et l\u2019autre, en 2015 en Floride. Pour ce qui est du Pluvier de Wilson observ\u00e9 au Salvador, on ignore o\u00f9 il a \u00e9t\u00e9 bagu\u00e9, mais il pourrait provenir de la c\u00f4te am\u00e9ricaine du golfe du Mexique. Parmi toutes les esp\u00e8ces d\u2019oiseaux de rivage n\u00e9arctiques recens\u00e9es, les plus communes \u00e9taient le B\u00e9casseau d\u2019Alaska (<em>Calidris\u00a0mauri<\/em>), le B\u00e9casseau semipalm\u00e9 (<em>C.\u00a0pusilla<\/em>), le B\u00e9casseau minuscule (<em>C.\u00a0minutilla<\/em>) et le Pluvier de Wilson. Ensemble, elles repr\u00e9sentaient 140\u2009994\u00a0oiseaux, ce qui correspond \u00e0 80\u00a0% du nombre total de tous les oiseaux de rivage n\u00e9arctiques d\u00e9nombr\u00e9s dans le cadre du ROAAC de cette ann\u00e9e!<\/p>\n<p>Le nombre important de Pluviers de Wilson a permis de r\u00e9v\u00e9ler dix sites qui pourraient \u00eatre qualifi\u00e9s de sites du RRORHO, dont huit serait d\u2019importance r\u00e9gionale, un serait d\u2019importance internationale et le dernier serait possiblement d\u2019importance h\u00e9misph\u00e9rique. L\u2019un de ces sites, soit El\u00a0Agallito, au Panama, semble \u00eatre un site d\u2019hivernage important pour l\u2019esp\u00e8ce, qui y a \u00e9t\u00e9 observ\u00e9e en nombre consid\u00e9rable lors du ROAAC de 2018. Les autres sites o\u00f9 se trouve le Pluvier de Wilson et qui pourraient \u00eatre class\u00e9s comme sites du RRORHO sont situ\u00e9s au Costa Rica\u00a0(2), au Salvador\u00a0(3), au Honduras\u00a0(3) et au Nicaragua\u00a0(1). Une autre esp\u00e8ce observ\u00e9e en nombre suffisamment grand pour qu\u2019un site soit qualifi\u00e9 de site RRORHO \u00e9tait le B\u00e9cassin roux (<em>Limnodromus griseus<\/em> ssp. <em>caurinus<\/em>), dont les effectifs ont atteint le seuil de 1\u00a0% pour un site d\u2019importance r\u00e9gionale \u00e0 Laguna de Tisma, au Nicaragua, et \u00e0 Punta Morales-Cocorocas Salinas, au Costa Rica.<\/p>\n<p>Le ROOAC constitue un outil important pour trouver les principaux sites occup\u00e9s par les oiseaux de rivage n\u00e9arctiques en Am\u00e9rique centrale. Il permet non seulement de rep\u00e9rer ces sites, mais aussi d\u2019am\u00e9liorer les connaissances sur la r\u00e9partition des oiseaux de rivage, en plus de cr\u00e9er un vaste r\u00e9seau de partenaires de la conservation des oiseaux aquatiques partout en Am\u00e9rique centrale.<\/p>\n<p>Le bureau ex\u00e9cutif du RRORHO est tr\u00e8s reconnaissant envers Environnement et Changement climatique Canada, qui a non seulement fourni les fonds pour effectuer les recensements des trois derni\u00e8res ann\u00e9es, mais \u00e9galement appuyer le ROAAC lorsque celui-ci \u00e9tait coordonn\u00e9 par BirdLife International (2011\u20112015) et la Fundaci\u00f3n SalvaNATURA (2016). Les versions d\u00e9finitives des rapports de tous les ROAAC (2011\u20112019) sont accessibles sur le site Web de <a href=\"https:\/\/lac.wetlands.org\/nuestro-enfoque\/humedales-y-naturaleza-saludables\/censo-centroamericano-de-aves-acuaticas\/\" target=\"_blank\" rel=\"noopener noreferrer\">Wetlands International<\/a>. Jusqu\u2019\u00e0 r\u00e9cemment, la r\u00e9partition et l\u2019abondance des oiseaux de rivage en Am\u00e9rique centrale \u00e9taient peu connues, mais, gr\u00e2ce au ROAAC, cela est en train de changer. Un r\u00e9sum\u00e9 des activit\u00e9s de coordination du ROAAC par le RRORHO ainsi que des r\u00e9sultats des trois derni\u00e8res ann\u00e9es se trouve dans cet article publi\u00e9 en avril dans le bulletin d\u2019information de <a href=\"https:\/\/www.manomet.org\/publication\/monitoring-waterbirds-and-wetlands-in-central-america\/\" target=\"_blank\" rel=\"noopener noreferrer\">Manomet<\/a>.<\/p>\n<p>Les b\u00e9n\u00e9voles sont encourag\u00e9s \u00e0 retourner compter les oiseaux en juillet\u00a02019 et \u00e0 continuer de le faire en\u00a02020. Si vous souhaitez contribuer aux efforts de relev\u00e9 du ROAAC, veuillez \u00e9crire \u00e0 Arne Lesterhuis, sp\u00e9cialiste de la conservation au bureau ex\u00e9cutif du RRORHO, puis nous vous dirigerons vers les coordonnateurs nationaux de votre pays! Vous pouvez communiquer avec Arne \u00e0 partir de l\u2019adresse suivante\u00a0: <a href=\"mailto:alesterhuis@manomet.org\">alesterhuis@manomet.org<\/a>.[\/vc_column_text][\/vc_column][\/vc_row][mk_page_section min_height=&#8221;1&#8243; padding_bottom=&#8221;0&#8243; sidebar=&#8221;sidebar-1&#8243;][vc_column][mk_padding_divider size=&#8221;30&#8243;][vc_column_text margin_bottom=&#8221;20&#8243; css=&#8221;.vc_custom_1559581326798{margin-bottom: 0px !important;}&#8221;]\n<div id=\"comp-jivjchmc\" class=\"txtNew\" data-packed=\"false\">\n<p><strong>Ce projet a \u00e9t\u00e9 r\u00e9alis\u00e9 avec l\u2019appui financier de:<br \/>\n<\/strong><strong>This project was undertaken with the financial support of: <\/strong><\/p>\n<\/div>\n[\/vc_column_text][mk_image src=&#8221;https:\/\/whsrn.org\/wp-content\/uploads\/2019\/06\/eccc_logo.jpg&#8221; image_size=&#8221;full&#8221;][mk_padding_divider size=&#8221;30&#8243;][\/vc_column][\/mk_page_section]\n","protected":false},"excerpt":{"rendered":"<p>[vc_row css=&#8221;.vc_custom_1537359740219{margin-top: 0px !important;padding-top: 0px !important;}&#8221;][vc_column css=&#8221;.vc_custom_1537371217000{margin-top: 0px !important;padding-top: 0px !important;}&#8221;][mk_fancy_title color=&#8221;#005695&#8243; size=&#8221;38&#8243; force_font_size=&#8221;true&#8221; size_phone=&#8221;36&#8243; font_weight=&#8221;300&#8243; txt_transform=&#8221;none&#8221; margin_bottom=&#8221;0&#8243; font_family=&#8221;Roboto+Slab&#8221; font_type=&#8221;google&#8221; responsive_align=&#8221;left&#8221;] Nombre record d\u2019oiseaux de rivage n\u00e9arctiques compt\u00e9s lors du recensement des oiseaux aquatiques d\u2019Am\u00e9rique centrale de 2019 [\/mk_fancy_title][mk_padding_divider size=&#8221;25&#8243;][\/vc_column][\/vc_row][vc_row css=&#8221;.vc_custom_1537359740219{margin-top: 0px !important;padding-top: 0px !important;}&#8221;][vc_column css=&#8221;.vc_custom_1537371217000{margin-top: 0px !important;padding-top: 0px !important;}&#8221;][vc_column_text css=&#8221;.vc_custom_1559581273841{margin-top: 0px !important;margin-bottom: 0px !important;padding-top: [&hellip;]<\/p>\n","protected":false},"author":3,"featured_media":0,"parent":0,"menu_order":0,"comment_status":"closed","ping_status":"closed","template":"","meta":{"nf_dc_page":"","footnotes":""},"class_list":["post-10056","page","type-page","status-publish","hentry"],"yoast_head":"<!-- This site is optimized with the Yoast SEO plugin v27.2 - https:\/\/yoast.com\/product\/yoast-seo-wordpress\/ -->\n<title>Nombre record d\u2019oiseaux de rivage n\u00e9arctiques compt\u00e9s lors du recensement des oiseaux aquatiques d\u2019Am\u00e9rique centrale de 2019 &#8211; WHSRN<\/title>\n<meta name=\"robots\" content=\"index, follow, max-snippet:-1, max-image-preview:large, max-video-preview:-1\" \/>\n<link rel=\"canonical\" href=\"https:\/\/whsrn.org\/es\/cawc2019-francais\/\" \/>\n<meta property=\"og:locale\" content=\"es_ES\" \/>\n<meta property=\"og:type\" content=\"article\" \/>\n<meta property=\"og:title\" content=\"Nombre record d\u2019oiseaux de rivage n\u00e9arctiques compt\u00e9s lors du recensement des oiseaux aquatiques d\u2019Am\u00e9rique centrale de 2019 &#8211; WHSRN\" \/>\n<meta property=\"og:description\" content=\"[vc_row css=&#8221;.vc_custom_1537359740219{margin-top: 0px !important;padding-top: 0px !important;}&#8221;][vc_column css=&#8221;.vc_custom_1537371217000{margin-top: 0px !important;padding-top: 0px !important;}&#8221;][mk_fancy_title color=&#8221;#005695&#8243; size=&#8221;38&#8243; force_font_size=&#8221;true&#8221; size_phone=&#8221;36&#8243; font_weight=&#8221;300&#8243; txt_transform=&#8221;none&#8221; margin_bottom=&#8221;0&#8243; font_family=&#8221;Roboto+Slab&#8221; font_type=&#8221;google&#8221; responsive_align=&#8221;left&#8221;] Nombre record d\u2019oiseaux de rivage n\u00e9arctiques compt\u00e9s lors du recensement des oiseaux aquatiques d\u2019Am\u00e9rique centrale de 2019 [\/mk_fancy_title][mk_padding_divider size=&#8221;25&#8243;][\/vc_column][\/vc_row][vc_row css=&#8221;.vc_custom_1537359740219{margin-top: 0px !important;padding-top: 0px !important;}&#8221;][vc_column css=&#8221;.vc_custom_1537371217000{margin-top: 0px !important;padding-top: 0px !important;}&#8221;][vc_column_text css=&#8221;.vc_custom_1559581273841{margin-top: 0px !important;margin-bottom: 0px !important;padding-top: [&hellip;]\" \/>\n<meta property=\"og:url\" content=\"https:\/\/whsrn.org\/es\/cawc2019-francais\/\" \/>\n<meta property=\"og:site_name\" content=\"WHSRN\" \/>\n<meta property=\"article:publisher\" content=\"https:\/\/www.facebook.com\/WHSRN\" \/>\n<meta name=\"twitter:card\" content=\"summary_large_image\" \/>\n<meta name=\"twitter:site\" content=\"@WHSRN\" \/>\n<meta name=\"twitter:label1\" content=\"Tiempo de lectura\" \/>\n\t<meta name=\"twitter:data1\" content=\"5 minutos\" \/>\n<script type=\"application\/ld+json\" class=\"yoast-schema-graph\">{\"@context\":\"https:\/\/schema.org\",\"@graph\":[{\"@type\":\"WebPage\",\"@id\":\"https:\/\/whsrn.org\/es\/cawc2019-francais\/\",\"url\":\"https:\/\/whsrn.org\/es\/cawc2019-francais\/\",\"name\":\"Nombre record d\u2019oiseaux de rivage n\u00e9arctiques compt\u00e9s lors du recensement des oiseaux aquatiques d\u2019Am\u00e9rique centrale de 2019 &#8211; WHSRN\",\"isPartOf\":{\"@id\":\"https:\/\/whsrn.org\/es\/#website\"},\"datePublished\":\"2019-06-03T17:03:24+00:00\",\"breadcrumb\":{\"@id\":\"https:\/\/whsrn.org\/es\/cawc2019-francais\/#breadcrumb\"},\"inLanguage\":\"es\",\"potentialAction\":[{\"@type\":\"ReadAction\",\"target\":[\"https:\/\/whsrn.org\/es\/cawc2019-francais\/\"]}]},{\"@type\":\"BreadcrumbList\",\"@id\":\"https:\/\/whsrn.org\/es\/cawc2019-francais\/#breadcrumb\",\"itemListElement\":[{\"@type\":\"ListItem\",\"position\":1,\"name\":\"Home\",\"item\":\"https:\/\/whsrn.org\/es\/\"},{\"@type\":\"ListItem\",\"position\":2,\"name\":\"Nombre record d\u2019oiseaux de rivage n\u00e9arctiques compt\u00e9s lors du recensement des oiseaux aquatiques d\u2019Am\u00e9rique centrale de 2019\"}]},{\"@type\":\"WebSite\",\"@id\":\"https:\/\/whsrn.org\/es\/#website\",\"url\":\"https:\/\/whsrn.org\/es\/\",\"name\":\"WHSRN\",\"description\":\"Western Hemisphere Shorebird Reserve Network\",\"publisher\":{\"@id\":\"https:\/\/whsrn.org\/es\/#organization\"},\"potentialAction\":[{\"@type\":\"SearchAction\",\"target\":{\"@type\":\"EntryPoint\",\"urlTemplate\":\"https:\/\/whsrn.org\/es\/?s={search_term_string}\"},\"query-input\":{\"@type\":\"PropertyValueSpecification\",\"valueRequired\":true,\"valueName\":\"search_term_string\"}}],\"inLanguage\":\"es\"},{\"@type\":\"Organization\",\"@id\":\"https:\/\/whsrn.org\/es\/#organization\",\"name\":\"Western Hemisphere Shorebird Reserve Network\",\"url\":\"https:\/\/whsrn.org\/es\/\",\"logo\":{\"@type\":\"ImageObject\",\"inLanguage\":\"es\",\"@id\":\"https:\/\/whsrn.org\/es\/#\/schema\/logo\/image\/\",\"url\":\"https:\/\/whsrn.org\/wp-content\/uploads\/2021\/01\/whsrn_nostrapline_square.png\",\"contentUrl\":\"https:\/\/whsrn.org\/wp-content\/uploads\/2021\/01\/whsrn_nostrapline_square.png\",\"width\":800,\"height\":800,\"caption\":\"Western Hemisphere Shorebird Reserve Network\"},\"image\":{\"@id\":\"https:\/\/whsrn.org\/es\/#\/schema\/logo\/image\/\"},\"sameAs\":[\"https:\/\/www.facebook.com\/WHSRN\",\"https:\/\/x.com\/WHSRN\",\"https:\/\/www.youtube.com\/channel\/UCDMz2oCsiK8e03UxFhHhdEA\"]}]}<\/script>\n<!-- \/ Yoast SEO plugin. -->","yoast_head_json":{"title":"Nombre record d\u2019oiseaux de rivage n\u00e9arctiques compt\u00e9s lors du recensement des oiseaux aquatiques d\u2019Am\u00e9rique centrale de 2019 &#8211; WHSRN","robots":{"index":"index","follow":"follow","max-snippet":"max-snippet:-1","max-image-preview":"max-image-preview:large","max-video-preview":"max-video-preview:-1"},"canonical":"https:\/\/whsrn.org\/es\/cawc2019-francais\/","og_locale":"es_ES","og_type":"article","og_title":"Nombre record d\u2019oiseaux de rivage n\u00e9arctiques compt\u00e9s lors du recensement des oiseaux aquatiques d\u2019Am\u00e9rique centrale de 2019 &#8211; WHSRN","og_description":"[vc_row css=&#8221;.vc_custom_1537359740219{margin-top: 0px !important;padding-top: 0px !important;}&#8221;][vc_column css=&#8221;.vc_custom_1537371217000{margin-top: 0px !important;padding-top: 0px !important;}&#8221;][mk_fancy_title color=&#8221;#005695&#8243; size=&#8221;38&#8243; force_font_size=&#8221;true&#8221; size_phone=&#8221;36&#8243; font_weight=&#8221;300&#8243; txt_transform=&#8221;none&#8221; margin_bottom=&#8221;0&#8243; font_family=&#8221;Roboto+Slab&#8221; font_type=&#8221;google&#8221; responsive_align=&#8221;left&#8221;] Nombre record d\u2019oiseaux de rivage n\u00e9arctiques compt\u00e9s lors du recensement des oiseaux aquatiques d\u2019Am\u00e9rique centrale de 2019 [\/mk_fancy_title][mk_padding_divider size=&#8221;25&#8243;][\/vc_column][\/vc_row][vc_row css=&#8221;.vc_custom_1537359740219{margin-top: 0px !important;padding-top: 0px !important;}&#8221;][vc_column css=&#8221;.vc_custom_1537371217000{margin-top: 0px !important;padding-top: 0px !important;}&#8221;][vc_column_text css=&#8221;.vc_custom_1559581273841{margin-top: 0px !important;margin-bottom: 0px !important;padding-top: [&hellip;]","og_url":"https:\/\/whsrn.org\/es\/cawc2019-francais\/","og_site_name":"WHSRN","article_publisher":"https:\/\/www.facebook.com\/WHSRN","twitter_card":"summary_large_image","twitter_site":"@WHSRN","twitter_misc":{"Tiempo de lectura":"5 minutos"},"schema":{"@context":"https:\/\/schema.org","@graph":[{"@type":"WebPage","@id":"https:\/\/whsrn.org\/es\/cawc2019-francais\/","url":"https:\/\/whsrn.org\/es\/cawc2019-francais\/","name":"Nombre record d\u2019oiseaux de rivage n\u00e9arctiques compt\u00e9s lors du recensement des oiseaux aquatiques d\u2019Am\u00e9rique centrale de 2019 &#8211; WHSRN","isPartOf":{"@id":"https:\/\/whsrn.org\/es\/#website"},"datePublished":"2019-06-03T17:03:24+00:00","breadcrumb":{"@id":"https:\/\/whsrn.org\/es\/cawc2019-francais\/#breadcrumb"},"inLanguage":"es","potentialAction":[{"@type":"ReadAction","target":["https:\/\/whsrn.org\/es\/cawc2019-francais\/"]}]},{"@type":"BreadcrumbList","@id":"https:\/\/whsrn.org\/es\/cawc2019-francais\/#breadcrumb","itemListElement":[{"@type":"ListItem","position":1,"name":"Home","item":"https:\/\/whsrn.org\/es\/"},{"@type":"ListItem","position":2,"name":"Nombre record d\u2019oiseaux de rivage n\u00e9arctiques compt\u00e9s lors du recensement des oiseaux aquatiques d\u2019Am\u00e9rique centrale de 2019"}]},{"@type":"WebSite","@id":"https:\/\/whsrn.org\/es\/#website","url":"https:\/\/whsrn.org\/es\/","name":"WHSRN","description":"Western Hemisphere Shorebird Reserve Network","publisher":{"@id":"https:\/\/whsrn.org\/es\/#organization"},"potentialAction":[{"@type":"SearchAction","target":{"@type":"EntryPoint","urlTemplate":"https:\/\/whsrn.org\/es\/?s={search_term_string}"},"query-input":{"@type":"PropertyValueSpecification","valueRequired":true,"valueName":"search_term_string"}}],"inLanguage":"es"},{"@type":"Organization","@id":"https:\/\/whsrn.org\/es\/#organization","name":"Western Hemisphere Shorebird Reserve Network","url":"https:\/\/whsrn.org\/es\/","logo":{"@type":"ImageObject","inLanguage":"es","@id":"https:\/\/whsrn.org\/es\/#\/schema\/logo\/image\/","url":"https:\/\/whsrn.org\/wp-content\/uploads\/2021\/01\/whsrn_nostrapline_square.png","contentUrl":"https:\/\/whsrn.org\/wp-content\/uploads\/2021\/01\/whsrn_nostrapline_square.png","width":800,"height":800,"caption":"Western Hemisphere Shorebird Reserve Network"},"image":{"@id":"https:\/\/whsrn.org\/es\/#\/schema\/logo\/image\/"},"sameAs":["https:\/\/www.facebook.com\/WHSRN","https:\/\/x.com\/WHSRN","https:\/\/www.youtube.com\/channel\/UCDMz2oCsiK8e03UxFhHhdEA"]}]}},"_links":{"self":[{"href":"https:\/\/whsrn.org\/es\/wp-json\/wp\/v2\/pages\/10056","targetHints":{"allow":["GET"]}}],"collection":[{"href":"https:\/\/whsrn.org\/es\/wp-json\/wp\/v2\/pages"}],"about":[{"href":"https:\/\/whsrn.org\/es\/wp-json\/wp\/v2\/types\/page"}],"author":[{"embeddable":true,"href":"https:\/\/whsrn.org\/es\/wp-json\/wp\/v2\/users\/3"}],"replies":[{"embeddable":true,"href":"https:\/\/whsrn.org\/es\/wp-json\/wp\/v2\/comments?post=10056"}],"version-history":[{"count":3,"href":"https:\/\/whsrn.org\/es\/wp-json\/wp\/v2\/pages\/10056\/revisions"}],"predecessor-version":[{"id":10059,"href":"https:\/\/whsrn.org\/es\/wp-json\/wp\/v2\/pages\/10056\/revisions\/10059"}],"wp:attachment":[{"href":"https:\/\/whsrn.org\/es\/wp-json\/wp\/v2\/media?parent=10056"}],"curies":[{"name":"wp","href":"https:\/\/api.w.org\/{rel}","templated":true}]}}